{"id":1050,"date":"2018-11-23T08:51:28","date_gmt":"2018-11-23T08:51:28","guid":{"rendered":"http:\/\/www.related.dk\/macao-tradekit\/bilder-och-filmer\/"},"modified":"2018-11-23T10:48:57","modified_gmt":"2018-11-23T10:48:57","slug":"bilder-och-filmer","status":"publish","type":"page","link":"https:\/\/www.related.dk\/macao-tradekit\/bilder-och-filmer\/?lang=sv","title":{"rendered":"Bilder och filmer"},"content":{"rendered":"<div class=\"vce-row-container\"><div class=\"vce-row vce-row--col-gap-30 vce-row-columns--top vce-row-content--top\" id=\"el-84a289d0\" data-vce-do-apply=\"all el-84a289d0\"><div class=\"vce-row-content\" data-vce-element-content=\"true\"><div class=\"vce-col vce-col--md-auto vce-col--xs-1 vce-col--xs-last vce-col--xs-first vce-col--sm-last vce-col--sm-first vce-col--md-last vce-col--lg-last vce-col--xl-last vce-col--md-first vce-col--lg-first vce-col--xl-first\" id=\"el-d3850be4\" data-vce-do-apply=\"background border el-d3850be4\"><div class=\"vce-col-inner\" data-vce-element-content=\"true\" data-vce-do-apply=\"padding margin  el-d3850be4\"><section class=\"vce-hero-section-container vce-hero-section-media--xs vce-hero-section-media--sm vce-hero-section-media--md vce-hero-section-media--lg\"><div class=\"vce vce-hero-section vce-hero-section--alignment-start\" id=\"el-ea15fb53\" data-vce-do-apply=\"margin background border  el-ea15fb53\"><div class=\"vce-hero-section--wrap-row vce-hero-section--background-position-center-center\" style=\"background-image: url('https:\/\/www.related.dk\/macao-tradekit\/wp-content\/uploads\/2018\/11\/Banner_MTB_Jacob_Photo-0024_Billeder.jpg');\"><div class=\"vce-hero-section--wrap\"><div class=\"vce-hero-section--content\" data-vce-do-apply=\"padding el-ea15fb53\"><div class=\"vce-hero-section--content-container\"><h1><strong>BILDER OCH FILMER<\/strong><\/h1><\/div><\/div><\/div><\/div><\/div><\/section><\/div><\/div><\/div><\/div><\/div><div class=\"vce-row-container\"><div class=\"vce-row vce-row--col-gap-30 vce-row-columns--top vce-row-content--top\" id=\"el-d4ae4c3b\" data-vce-do-apply=\"all el-d4ae4c3b\"><div class=\"vce-row-content\" data-vce-element-content=\"true\"><div class=\"vce-col vce-col--md-100p vce-col--xs-1 vce-col--xs-last vce-col--xs-first vce-col--sm-last vce-col--sm-first vce-col--md-last vce-col--lg-last vce-col--xl-last vce-col--md-first vce-col--lg-first vce-col--xl-first\" id=\"el-a9696005\" data-vce-do-apply=\"background border el-a9696005\"><div class=\"vce-col-inner\" data-vce-element-content=\"true\" data-vce-do-apply=\"padding margin  el-a9696005\"><div class=\"vce-text-block\"><div class=\"vce-text-block-wrapper vce\" id=\"el-d9c0db20\" data-vce-do-apply=\"all el-d9c0db20\"><h2>Bilder<\/h2><p>Inneh\u00e5llet i detta trade kit (text, bilder och filmer) \u00e4r fritt att anv\u00e4nda f\u00f6r svenska resebyr\u00e5er, turoperat\u00f6rer och andra akt\u00f6rer inom resebranschen, som \u00f6nskar att marknadsf\u00f6ra Macao som resm\u00e5l. Som till exempel i sociala medier, webbsidor, broschyrer och andra typer av marknadsf\u00f6ringsmaterial.<\/p><p>Copyright bilder: vid anv\u00e4ndning\/publicering av bilder ska Macao Goverment Tourism Office anges i byline.<\/p><p>Vid eventuella fr\u00e5gor ang\u00e5ende exempelvis upphovsr\u00e4tt, v\u00e4nligen kontakta Related.<\/p><\/div><\/div><\/div><\/div><\/div><\/div><\/div><div class=\"vce-row-container\"><div class=\"vce-row vce-row--col-gap-30 vce-row-columns--top vce-row-content--top\" id=\"el-6eb8f14d\" data-vce-do-apply=\"all el-6eb8f14d\"><div class=\"vce-row-content\" data-vce-element-content=\"true\"><div class=\"vce-col vce-col--md-100p vce-col--xs-1 vce-col--xs-last vce-col--xs-first vce-col--sm-last vce-col--sm-first vce-col--md-last vce-col--lg-last vce-col--xl-last vce-col--md-first vce-col--lg-first vce-col--xl-first\" id=\"el-2aa07747\" data-vce-do-apply=\"background border el-2aa07747\"><div class=\"vce-col-inner\" data-vce-element-content=\"true\" data-vce-do-apply=\"padding margin  el-2aa07747\"><div class=\"vce-image-gallery vce-image-gallery--gap-10 vce-image-gallery--columns-3\" data-photoswipe-gallery=\"ec7370dc\"><div class=\"vce-image-gallery-wrapper vce\" id=\"el-ec7370dc\" data-vce-do-apply=\"all el-ec7370dc\"><div class=\"vce-image-gallery-list\"><div class=\"vce-image-gallery-item\" data-photoswipe-item=\"photoswipe-ec7370dc\"><figure class=\"vce-image-gallery-item-inner-wrapper\"><a href=\"https:\/\/www.related.dk\/macao-tradekit\/wp-content\/uploads\/2018\/11\/Senado-Square.jpg\" class=\"vce-image-gallery-item-inner\" data-photoswipe-image=\"ec7370dc\" data-photoswipe-index=\"0\" data-pswp-uid=\"1\" data-photoswipe-caption=\"\"><img decoding=\"async\" class=\"vce-image-gallery-img\" src=\"https:\/\/www.related.dk\/macao-tradekit\/wp-content\/uploads\/2018\/11\/Senado-Square-1024x683.jpg\" alt=\"\" title=\"Senado Square\"><\/a><\/figure><\/div><div class=\"vce-image-gallery-item\" data-photoswipe-item=\"photoswipe-ec7370dc\"><figure class=\"vce-image-gallery-item-inner-wrapper\"><a href=\"https:\/\/www.related.dk\/macao-tradekit\/wp-content\/uploads\/2018\/11\/Guia-Fortress-from-above.jpg\" class=\"vce-image-gallery-item-inner\" data-photoswipe-image=\"ec7370dc\" data-photoswipe-index=\"1\" data-pswp-uid=\"2\" data-photoswipe-caption=\"\"><img decoding=\"async\" class=\"vce-image-gallery-img\" src=\"https:\/\/www.related.dk\/macao-tradekit\/wp-content\/uploads\/2018\/11\/Guia-Fortress-from-above-1024x590.jpg\" alt=\"\" title=\"Guia Fortress from above\"><\/a><\/figure><\/div><div class=\"vce-image-gallery-item\" data-photoswipe-item=\"photoswipe-ec7370dc\"><figure class=\"vce-image-gallery-item-inner-wrapper\"><a href=\"https:\/\/www.related.dk\/macao-tradekit\/wp-content\/uploads\/2018\/11\/Macao_busy-street-1.jpg\" class=\"vce-image-gallery-item-inner\" data-photoswipe-image=\"ec7370dc\" data-photoswipe-index=\"2\" data-pswp-uid=\"3\" data-photoswipe-caption=\"\"><img decoding=\"async\" class=\"vce-image-gallery-img\" src=\"https:\/\/www.related.dk\/macao-tradekit\/wp-content\/uploads\/2018\/11\/Macao_busy-street-1-1024x683.jpg\" alt=\"\" title=\"Macao_busy street\"><\/a><\/figure><\/div><div class=\"vce-image-gallery-item\" data-photoswipe-item=\"photoswipe-ec7370dc\"><figure class=\"vce-image-gallery-item-inner-wrapper\"><a href=\"https:\/\/www.related.dk\/macao-tradekit\/wp-content\/uploads\/2018\/11\/A-Ma-Temple_inside.jpg\" class=\"vce-image-gallery-item-inner\" data-photoswipe-image=\"ec7370dc\" data-photoswipe-index=\"3\" data-pswp-uid=\"4\" data-photoswipe-caption=\"\"><img decoding=\"async\" class=\"vce-image-gallery-img vce-image-gallery-img--orientation-portrait\" src=\"https:\/\/www.related.dk\/macao-tradekit\/wp-content\/uploads\/2018\/11\/A-Ma-Temple_inside-683x1024.jpg\" alt=\"\" title=\"A-Ma Temple_inside\"><\/a><\/figure><\/div><div class=\"vce-image-gallery-item\" data-photoswipe-item=\"photoswipe-ec7370dc\"><figure class=\"vce-image-gallery-item-inner-wrapper\"><a href=\"https:\/\/www.related.dk\/macao-tradekit\/wp-content\/uploads\/2018\/11\/The-strip.jpg\" class=\"vce-image-gallery-item-inner\" data-photoswipe-image=\"ec7370dc\" data-photoswipe-index=\"4\" data-pswp-uid=\"5\" data-photoswipe-caption=\"\"><img decoding=\"async\" class=\"vce-image-gallery-img\" src=\"https:\/\/www.related.dk\/macao-tradekit\/wp-content\/uploads\/2018\/11\/The-strip-1024x683.jpg\" alt=\"\" title=\"The strip\"><\/a><\/figure><\/div><div class=\"vce-image-gallery-item\" data-photoswipe-item=\"photoswipe-ec7370dc\"><figure class=\"vce-image-gallery-item-inner-wrapper\"><a href=\"https:\/\/www.related.dk\/macao-tradekit\/wp-content\/uploads\/2018\/11\/A-Ma-Temple.jpg\" class=\"vce-image-gallery-item-inner\" data-photoswipe-image=\"ec7370dc\" data-photoswipe-index=\"5\" data-pswp-uid=\"6\" data-photoswipe-caption=\"\"><img decoding=\"async\" class=\"vce-image-gallery-img\" src=\"https:\/\/www.related.dk\/macao-tradekit\/wp-content\/uploads\/2018\/11\/A-Ma-Temple-1024x683.jpg\" alt=\"\" title=\"A-Ma Temple\"><\/a><\/figure><\/div><div class=\"vce-image-gallery-item\" data-photoswipe-item=\"photoswipe-ec7370dc\"><figure class=\"vce-image-gallery-item-inner-wrapper\"><a href=\"https:\/\/www.related.dk\/macao-tradekit\/wp-content\/uploads\/2018\/11\/Chapel-of-Our-Lady-of-Penha.jpg\" class=\"vce-image-gallery-item-inner\" data-photoswipe-image=\"ec7370dc\" data-photoswipe-index=\"6\" data-pswp-uid=\"7\" data-photoswipe-caption=\"\"><img decoding=\"async\" class=\"vce-image-gallery-img\" src=\"https:\/\/www.related.dk\/macao-tradekit\/wp-content\/uploads\/2018\/11\/Chapel-of-Our-Lady-of-Penha-1024x520.jpg\" alt=\"\" title=\"Chapel of Our Lady of Penha\"><\/a><\/figure><\/div><div class=\"vce-image-gallery-item\" data-photoswipe-item=\"photoswipe-ec7370dc\"><figure class=\"vce-image-gallery-item-inner-wrapper\"><a href=\"https:\/\/www.related.dk\/macao-tradekit\/wp-content\/uploads\/2018\/11\/Cotai_Parisian.jpg\" class=\"vce-image-gallery-item-inner\" data-photoswipe-image=\"ec7370dc\" data-photoswipe-index=\"7\" data-pswp-uid=\"8\" data-photoswipe-caption=\"\"><img decoding=\"async\" class=\"vce-image-gallery-img\" src=\"https:\/\/www.related.dk\/macao-tradekit\/wp-content\/uploads\/2018\/11\/Cotai_Parisian-1024x683.jpg\" alt=\"\" title=\"Cotai_Parisian\"><\/a><\/figure><\/div><div class=\"vce-image-gallery-item\" data-photoswipe-item=\"photoswipe-ec7370dc\"><figure class=\"vce-image-gallery-item-inner-wrapper\"><a href=\"https:\/\/www.related.dk\/macao-tradekit\/wp-content\/uploads\/2018\/11\/Macao_Skyline.jpg\" class=\"vce-image-gallery-item-inner\" data-photoswipe-image=\"ec7370dc\" data-photoswipe-index=\"8\" data-pswp-uid=\"9\" data-photoswipe-caption=\"\"><img decoding=\"async\" class=\"vce-image-gallery-img\" src=\"https:\/\/www.related.dk\/macao-tradekit\/wp-content\/uploads\/2018\/11\/Macao_Skyline-1024x683.jpg\" alt=\"\" title=\"Macao_Skyline\"><\/a><\/figure><\/div><div class=\"vce-image-gallery-item\" data-photoswipe-item=\"photoswipe-ec7370dc\"><figure class=\"vce-image-gallery-item-inner-wrapper\"><a href=\"https:\/\/www.related.dk\/macao-tradekit\/wp-content\/uploads\/2018\/11\/Food.jpg\" class=\"vce-image-gallery-item-inner\" data-photoswipe-image=\"ec7370dc\" data-photoswipe-index=\"9\" data-pswp-uid=\"10\" data-photoswipe-caption=\"\"><img decoding=\"async\" class=\"vce-image-gallery-img\" src=\"https:\/\/www.related.dk\/macao-tradekit\/wp-content\/uploads\/2018\/11\/Food-1024x683.jpg\" alt=\"\" title=\"Food\"><\/a><\/figure><\/div><div class=\"vce-image-gallery-item\" data-photoswipe-item=\"photoswipe-ec7370dc\"><figure class=\"vce-image-gallery-item-inner-wrapper\"><a href=\"https:\/\/www.related.dk\/macao-tradekit\/wp-content\/uploads\/2018\/11\/Guia-Fortress.jpg\" class=\"vce-image-gallery-item-inner\" data-photoswipe-image=\"ec7370dc\" data-photoswipe-index=\"10\" data-pswp-uid=\"11\" data-photoswipe-caption=\"\"><img decoding=\"async\" class=\"vce-image-gallery-img vce-image-gallery-img--orientation-portrait\" src=\"https:\/\/www.related.dk\/macao-tradekit\/wp-content\/uploads\/2018\/11\/Guia-Fortress-683x1024.jpg\" alt=\"\" title=\"Guia Fortress\"><\/a><\/figure><\/div><div class=\"vce-image-gallery-item\" data-photoswipe-item=\"photoswipe-ec7370dc\"><figure class=\"vce-image-gallery-item-inner-wrapper\"><a href=\"https:\/\/www.related.dk\/macao-tradekit\/wp-content\/uploads\/2018\/11\/Lou-Lim-Ieoc-Garden.jpg\" class=\"vce-image-gallery-item-inner\" data-photoswipe-image=\"ec7370dc\" data-photoswipe-index=\"11\" data-pswp-uid=\"12\" data-photoswipe-caption=\"\"><img decoding=\"async\" class=\"vce-image-gallery-img\" src=\"https:\/\/www.related.dk\/macao-tradekit\/wp-content\/uploads\/2018\/11\/Lou-Lim-Ieoc-Garden-1024x575.jpg\" alt=\"\" title=\"Lou Lim Ieoc Garden\"><\/a><\/figure><\/div><div class=\"vce-image-gallery-item\" data-photoswipe-item=\"photoswipe-ec7370dc\"><figure class=\"vce-image-gallery-item-inner-wrapper\"><a href=\"https:\/\/www.related.dk\/macao-tradekit\/wp-content\/uploads\/2018\/11\/Macao-International-Parade_1.jpg\" class=\"vce-image-gallery-item-inner\" data-photoswipe-image=\"ec7370dc\" data-photoswipe-index=\"12\" data-pswp-uid=\"13\" data-photoswipe-caption=\"\"><img decoding=\"async\" class=\"vce-image-gallery-img\" src=\"https:\/\/www.related.dk\/macao-tradekit\/wp-content\/uploads\/2018\/11\/Macao-International-Parade_1-1024x683.jpg\" alt=\"\" title=\"Macao International Parade_1\"><\/a><\/figure><\/div><div class=\"vce-image-gallery-item\" data-photoswipe-item=\"photoswipe-ec7370dc\"><figure class=\"vce-image-gallery-item-inner-wrapper\"><a href=\"https:\/\/www.related.dk\/macao-tradekit\/wp-content\/uploads\/2018\/11\/Macao-International-Parade_2.jpg\" class=\"vce-image-gallery-item-inner\" data-photoswipe-image=\"ec7370dc\" data-photoswipe-index=\"13\" data-pswp-uid=\"14\" data-photoswipe-caption=\"\"><img decoding=\"async\" class=\"vce-image-gallery-img\" src=\"https:\/\/www.related.dk\/macao-tradekit\/wp-content\/uploads\/2018\/11\/Macao-International-Parade_2-1024x683.jpg\" alt=\"\" title=\"Macao International Parade_2\"><\/a><\/figure><\/div><div class=\"vce-image-gallery-item\" data-photoswipe-item=\"photoswipe-ec7370dc\"><figure class=\"vce-image-gallery-item-inner-wrapper\"><a href=\"https:\/\/www.related.dk\/macao-tradekit\/wp-content\/uploads\/2018\/11\/Taipa-Houses.jpg\" class=\"vce-image-gallery-item-inner\" data-photoswipe-image=\"ec7370dc\" data-photoswipe-index=\"14\" data-pswp-uid=\"15\" data-photoswipe-caption=\"\"><img decoding=\"async\" class=\"vce-image-gallery-img\" src=\"https:\/\/www.related.dk\/macao-tradekit\/wp-content\/uploads\/2018\/11\/Taipa-Houses-1024x683.jpg\" alt=\"\" title=\"Taipa Houses\"><\/a><\/figure><\/div><div class=\"vce-image-gallery-item\" data-photoswipe-item=\"photoswipe-ec7370dc\"><figure class=\"vce-image-gallery-item-inner-wrapper\"><a href=\"https:\/\/www.related.dk\/macao-tradekit\/wp-content\/uploads\/2018\/11\/The-Chapel-of-St.-Francis-Xavier-Coloane.jpg\" class=\"vce-image-gallery-item-inner\" data-photoswipe-image=\"ec7370dc\" data-photoswipe-index=\"15\" data-pswp-uid=\"16\" data-photoswipe-caption=\"\"><img decoding=\"async\" class=\"vce-image-gallery-img vce-image-gallery-img--orientation-portrait\" src=\"https:\/\/www.related.dk\/macao-tradekit\/wp-content\/uploads\/2018\/11\/The-Chapel-of-St.-Francis-Xavier-Coloane-683x1024.jpg\" alt=\"\" title=\"The Chapel of St. Francis Xavier, Coloane\"><\/a><\/figure><\/div><div class=\"vce-image-gallery-item\" data-photoswipe-item=\"photoswipe-ec7370dc\"><figure class=\"vce-image-gallery-item-inner-wrapper\"><a href=\"https:\/\/www.related.dk\/macao-tradekit\/wp-content\/uploads\/2018\/11\/The-House-of-Dancing-Water.jpg\" class=\"vce-image-gallery-item-inner\" data-photoswipe-image=\"ec7370dc\" data-photoswipe-index=\"16\" data-pswp-uid=\"17\" data-photoswipe-caption=\"\"><img decoding=\"async\" class=\"vce-image-gallery-img\" src=\"https:\/\/www.related.dk\/macao-tradekit\/wp-content\/uploads\/2018\/11\/The-House-of-Dancing-Water-1024x683.jpg\" alt=\"\" title=\"The House of Dancing Water\"><\/a><\/figure><\/div><div class=\"vce-image-gallery-item\" data-photoswipe-item=\"photoswipe-ec7370dc\"><figure class=\"vce-image-gallery-item-inner-wrapper\"><a href=\"https:\/\/www.related.dk\/macao-tradekit\/wp-content\/uploads\/2018\/11\/Macao_Streetfood.jpg\" class=\"vce-image-gallery-item-inner\" data-photoswipe-image=\"ec7370dc\" data-photoswipe-index=\"17\" data-pswp-uid=\"18\" data-photoswipe-caption=\"\"><img decoding=\"async\" class=\"vce-image-gallery-img\" src=\"https:\/\/www.related.dk\/macao-tradekit\/wp-content\/uploads\/2018\/11\/Macao_Streetfood-1024x683.jpg\" alt=\"\" title=\"Macao_Streetfood\"><\/a><\/figure><\/div><div class=\"vce-image-gallery-item\" data-photoswipe-item=\"photoswipe-ec7370dc\"><figure class=\"vce-image-gallery-item-inner-wrapper\"><a href=\"https:\/\/www.related.dk\/macao-tradekit\/wp-content\/uploads\/2018\/11\/Macao_Bakery.jpg\" class=\"vce-image-gallery-item-inner\" data-photoswipe-image=\"ec7370dc\" data-photoswipe-index=\"18\" data-pswp-uid=\"19\" data-photoswipe-caption=\"\"><img decoding=\"async\" class=\"vce-image-gallery-img\" src=\"https:\/\/www.related.dk\/macao-tradekit\/wp-content\/uploads\/2018\/11\/Macao_Bakery-1024x683.jpg\" alt=\"\" title=\"Macao_Bakery\"><\/a><\/figure><\/div><div class=\"vce-image-gallery-item\" data-photoswipe-item=\"photoswipe-ec7370dc\"><figure class=\"vce-image-gallery-item-inner-wrapper\"><a href=\"https:\/\/www.related.dk\/macao-tradekit\/wp-content\/uploads\/2018\/11\/Cotai.jpg\" class=\"vce-image-gallery-item-inner\" data-photoswipe-image=\"ec7370dc\" data-photoswipe-index=\"19\" data-pswp-uid=\"20\" data-photoswipe-caption=\"\"><img decoding=\"async\" class=\"vce-image-gallery-img vce-image-gallery-img--orientation-portrait\" src=\"https:\/\/www.related.dk\/macao-tradekit\/wp-content\/uploads\/2018\/11\/Cotai-819x1024.jpg\" alt=\"\" title=\"Cotai\"><\/a><\/figure><\/div><div class=\"vce-image-gallery-item\" data-photoswipe-item=\"photoswipe-ec7370dc\"><figure class=\"vce-image-gallery-item-inner-wrapper\"><a href=\"https:\/\/www.related.dk\/macao-tradekit\/wp-content\/uploads\/2018\/11\/Temple-experience.jpg\" class=\"vce-image-gallery-item-inner\" data-photoswipe-image=\"ec7370dc\" data-photoswipe-index=\"20\" data-pswp-uid=\"21\" data-photoswipe-caption=\"\"><img decoding=\"async\" class=\"vce-image-gallery-img vce-image-gallery-img--orientation-portrait\" src=\"https:\/\/www.related.dk\/macao-tradekit\/wp-content\/uploads\/2018\/11\/Temple-experience-683x1024.jpg\" alt=\"\" title=\"Temple experience\"><\/a><\/figure><\/div><\/div><\/div><\/div><\/div><\/div><\/div><\/div><\/div><div class=\"vce-row-container\"><div class=\"vce-row vce-row--col-gap-30 vce-row-columns--top vce-row-content--top\" id=\"el-76b6e7c8\" data-vce-do-apply=\"all el-76b6e7c8\"><div class=\"vce-row-content\" data-vce-element-content=\"true\"><div class=\"vce-col vce-col--md-100p vce-col--xs-1 vce-col--xs-last vce-col--xs-first vce-col--sm-last vce-col--sm-first vce-col--md-last vce-col--lg-last vce-col--xl-last vce-col--md-first vce-col--lg-first vce-col--xl-first\" id=\"el-77db7169\" data-vce-do-apply=\"background border el-77db7169\"><div class=\"vce-col-inner\" data-vce-element-content=\"true\" data-vce-do-apply=\"padding margin  el-77db7169\"><div class=\"vce-text-block\"><div class=\"vce-text-block-wrapper vce\" id=\"el-ce10a720\" data-vce-do-apply=\"all el-ce10a720\"><h2>Filmer<\/h2><\/div><\/div><\/div><\/div><\/div><\/div><\/div><div class=\"vce-row-container\"><div class=\"vce-row vce-row--col-gap-30 vce-row-columns--top vce-row-content--top\" id=\"el-6f1c5581\" data-vce-do-apply=\"all el-6f1c5581\"><div class=\"vce-row-content\" data-vce-element-content=\"true\"><div class=\"vce-col vce-col--md-50p vce-col--xs-1 vce-col--xs-last vce-col--xs-first vce-col--sm-last vce-col--sm-first vce-col--md-first vce-col--lg-first vce-col--xl-first\" id=\"el-f43fbf2f\" data-vce-do-apply=\"background border el-f43fbf2f\"><div class=\"vce-col-inner\" data-vce-element-content=\"true\" data-vce-do-apply=\"padding margin  el-f43fbf2f\"><div class=\"vce-text-block\"><div class=\"vce-text-block-wrapper vce\" id=\"el-b441417d\" data-vce-do-apply=\"all el-b441417d\"><p>1 min. video<\/p><\/div><\/div><div class=\"vce-yt-video-player vce-yt-video-player--align-left vce-yt-video-player--size-560x315\"><div class=\"vce vce-yt-video-player-wrapper\" id=\"el-a83b734b\" data-vce-do-apply=\"all el-a83b734b\" style=\"width: 560px;\"><div class=\"vce-yt-video-player-inner\"><iframe loading=\"lazy\" class=\"vce-yt-video-player-iframe\" src=\"https:\/\/www.youtube.com\/embed\/QiaTS7hUSKU?autoplay=0&amp;color=red&amp;controls=2&amp;loop=0&amp;rel=0&amp;start=0&amp;cc_load_policy=0&amp;iv_load_policy=3\" width=\"640\" height=\"390\" frameborder=\"0\" allowfullscreen=\"\"><\/iframe><\/div><\/div><\/div><\/div><\/div><div class=\"vce-col vce-col--md-50p vce-col--xs-1 vce-col--xs-last vce-col--xs-first vce-col--sm-last vce-col--sm-first vce-col--md-last vce-col--lg-last vce-col--xl-last\" id=\"el-333ec14e\" data-vce-do-apply=\"background border el-333ec14e\"><div class=\"vce-col-inner\" data-vce-element-content=\"true\" data-vce-do-apply=\"padding margin  el-333ec14e\"><div class=\"vce-text-block\"><div class=\"vce-text-block-wrapper vce\" id=\"el-743377dc\" data-vce-do-apply=\"all el-743377dc\"><p>3 min. video<\/p><\/div><\/div><div class=\"vce-yt-video-player vce-yt-video-player--align-left vce-yt-video-player--size-560x315\"><div class=\"vce vce-yt-video-player-wrapper\" id=\"el-7eb27d34\" data-vce-do-apply=\"all el-7eb27d34\" style=\"width: 560px;\"><div class=\"vce-yt-video-player-inner\"><iframe loading=\"lazy\" class=\"vce-yt-video-player-iframe\" src=\"https:\/\/www.youtube.com\/embed\/J7BUEx8_cqM?autoplay=0&amp;color=red&amp;controls=2&amp;loop=0&amp;rel=0&amp;start=0&amp;cc_load_policy=0&amp;iv_load_policy=3\" width=\"640\" height=\"390\" frameborder=\"0\" allowfullscreen=\"\"><\/iframe><\/div><\/div><\/div><\/div><\/div><\/div><\/div><\/div>\n","protected":false},"excerpt":{"rendered":"<p>BILDER OCH FILMERBilderInneh\u00e5llet i detta trade kit (text, bilder och filmer) \u00e4r fritt att anv\u00e4nda f\u00f6r svenska resebyr\u00e5er, turoperat\u00f6rer och andra akt\u00f6rer inom resebranschen, som \u00f6nskar att marknadsf\u00f6ra Macao som resm\u00e5l. Som till exempel i sociala medier, webbsidor, broschyrer och andra typer av marknadsf\u00f6ringsmaterial.Copyright bilder: vid anv\u00e4ndning\/publicering av bilder ska Macao Goverment Tourism Office anges &hellip; <\/p>\n<p class=\"link-more\"><a href=\"https:\/\/www.related.dk\/macao-tradekit\/bilder-och-filmer\/?lang=sv\" class=\"more-link\">L\u00e6s videre<span class=\"screen-reader-text\"> &#8220;Bilder och filmer&#8221;<\/span><\/a><\/p>\n","protected":false},"author":2,"featured_media":0,"parent":0,"menu_order":0,"comment_status":"closed","ping_status":"closed","template":"","meta":[],"_links":{"self":[{"href":"https:\/\/www.related.dk\/macao-tradekit\/wp-json\/wp\/v2\/pages\/1050"}],"collection":[{"href":"https:\/\/www.related.dk\/macao-tradekit\/wp-json\/wp\/v2\/pages"}],"about":[{"href":"https:\/\/www.related.dk\/macao-tradekit\/wp-json\/wp\/v2\/types\/page"}],"author":[{"embeddable":true,"href":"https:\/\/www.related.dk\/macao-tradekit\/wp-json\/wp\/v2\/users\/2"}],"replies":[{"embeddable":true,"href":"https:\/\/www.related.dk\/macao-tradekit\/wp-json\/wp\/v2\/comments?post=1050"}],"version-history":[{"count":5,"href":"https:\/\/www.related.dk\/macao-tradekit\/wp-json\/wp\/v2\/pages\/1050\/revisions"}],"predecessor-version":[{"id":1246,"href":"https:\/\/www.related.dk\/macao-tradekit\/wp-json\/wp\/v2\/pages\/1050\/revisions\/1246"}],"wp:attachment":[{"href":"https:\/\/www.related.dk\/macao-tradekit\/wp-json\/wp\/v2\/media?parent=1050"}],"curies":[{"name":"wp","href":"https:\/\/api.w.org\/{rel}","templated":true}]}}