{"id":1038,"date":"2018-11-23T08:35:39","date_gmt":"2018-11-23T08:35:39","guid":{"rendered":"http:\/\/www.related.dk\/macao-tradekit\/yoepyminen\/uudet-hotellit\/"},"modified":"2018-11-23T14:07:01","modified_gmt":"2018-11-23T14:07:01","slug":"uudet-hotellit","status":"publish","type":"page","link":"https:\/\/www.related.dk\/macao-tradekit\/yoepyminen\/uudet-hotellit\/?lang=fi","title":{"rendered":""},"content":{"rendered":"<div class=\"vce-row-container\"><div class=\"vce-row vce-row--col-gap-30 vce-row-columns--top vce-row-content--top\" id=\"el-2379e4a7\" data-vce-do-apply=\"all el-2379e4a7\"><div class=\"vce-row-content\" data-vce-element-content=\"true\"><div class=\"vce-col vce-col--md-100p vce-col--xs-1 vce-col--xs-last vce-col--xs-first vce-col--sm-last vce-col--sm-first vce-col--md-last vce-col--lg-last vce-col--xl-last vce-col--md-first vce-col--lg-first vce-col--xl-first\" id=\"el-e47ad757\" data-vce-do-apply=\"background border el-e47ad757\"><div class=\"vce-col-inner\" data-vce-do-apply=\"padding margin  el-e47ad757\" data-vce-element-content=\"true\"><div class=\"vce-text-block\"><div class=\"vce-text-block-wrapper vce\" id=\"el-e849c4d9\" data-vce-do-apply=\"all el-e849c4d9\"><\/div><\/div><section class=\"vce-hero-section-container vce-hero-section-media--xs vce-hero-section-media--sm vce-hero-section-media--md vce-hero-section-media--lg\"><div class=\"vce vce-hero-section vce-hero-section--alignment-start\" id=\"el-85c81863\" data-vce-do-apply=\"margin background border  el-85c81863\"><div class=\"vce-hero-section--wrap-row vce-hero-section--background-position-center-center\" style='background-image: url(\"https:\/\/www.related.dk\/macao-tradekit\/wp-content\/uploads\/2018\/11\/Banner_MGM-1_nye.jpg\");'><div class=\"vce-hero-section--wrap\"><div class=\"vce-hero-section--content\" data-vce-do-apply=\"padding el-85c81863\"><div class=\"vce-hero-section--content-container\"><h1><strong>UUDET HOTELLIT<\/strong><\/h1><p>Macaoon avataan tasaisin v\u00e4liajoin uusia innovatiivisia luksushotelleja.<\/p><\/div><\/div><\/div><\/div><\/div><\/section><\/div><\/div><\/div><\/div><\/div><div class=\"vce-row-container\"><div class=\"vce-row vce-row--col-gap-30 vce-row-columns--top vce-row-content--top\" id=\"el-0f77a6ba\" data-vce-do-apply=\"all el-0f77a6ba\"><div class=\"vce-row-content\" data-vce-element-content=\"true\"><div class=\"vce-col vce-col--md-auto vce-col--xs-1 vce-col--xs-last vce-col--xs-first vce-col--sm-last vce-col--sm-first vce-col--md-last vce-col--lg-last vce-col--xl-last vce-col--md-first vce-col--lg-first vce-col--xl-first\" id=\"el-f35f9531\" data-vce-do-apply=\"background border el-f35f9531\"><div class=\"vce-col-inner\" data-vce-do-apply=\"padding margin  el-f35f9531\" data-vce-element-content=\"true\"><div class=\"vce-text-block\"><div class=\"vce-text-block-wrapper vce\" id=\"el-fd189488\" data-vce-do-apply=\"all el-fd189488\"><h4>Avattu vuonna 2018<\/h4><ul><li><a href=\"https:\/\/www.mgm.mo\/en\/cotai\" target=\"_blank\" rel=\"noopener\">MGM Cotai<\/a> (5 t\u00e4hte\u00e4 \u2013 1 322 huonetta)<\/li><li><a href=\"https:\/\/www.cityofdreamsmacau.com\/en\/stay\/morpheus\/index.html\" target=\"_blank\" rel=\"noopener\">City of Dreams \u201dMorpheus\u201d<\/a> (5 t\u00e4hte\u00e4 \u2013 772 huonetta)<\/li><li><a href=\"http:\/\/www.the13.com\/\" target=\"_blank\" rel=\"noopener\">The 13<\/a> (5 t\u00e4hte\u00e4 \u2013 200 huonetta)<\/li><\/ul><h4>Avautuu vuonna 2019<\/h4><ul><li>Palazzo Versace Hotel<\/li><li>Karl Lagerfeld Hotel<\/li><li>Lisboa Palace<\/li><\/ul><\/div><\/div><\/div><\/div><\/div><\/div><\/div>\n","protected":false},"excerpt":{"rendered":"<p>UUDET HOTELLITMacaoon avataan tasaisin v\u00e4liajoin uusia innovatiivisia luksushotelleja.Avattu vuonna 2018MGM Cotai (5 t\u00e4hte\u00e4 \u2013 1 322 huonetta)City of Dreams \u201dMorpheus\u201d (5 t\u00e4hte\u00e4 \u2013 772 huonetta)The 13 (5 t\u00e4hte\u00e4 \u2013 200 huonetta)Avautuu vuonna 2019Palazzo Versace HotelKarl Lagerfeld HotelLisboa Palace<\/p>\n","protected":false},"author":2,"featured_media":0,"parent":1013,"menu_order":0,"comment_status":"closed","ping_status":"closed","template":"","meta":[],"_links":{"self":[{"href":"https:\/\/www.related.dk\/macao-tradekit\/wp-json\/wp\/v2\/pages\/1038"}],"collection":[{"href":"https:\/\/www.related.dk\/macao-tradekit\/wp-json\/wp\/v2\/pages"}],"about":[{"href":"https:\/\/www.related.dk\/macao-tradekit\/wp-json\/wp\/v2\/types\/page"}],"author":[{"embeddable":true,"href":"https:\/\/www.related.dk\/macao-tradekit\/wp-json\/wp\/v2\/users\/2"}],"replies":[{"embeddable":true,"href":"https:\/\/www.related.dk\/macao-tradekit\/wp-json\/wp\/v2\/comments?post=1038"}],"version-history":[{"count":8,"href":"https:\/\/www.related.dk\/macao-tradekit\/wp-json\/wp\/v2\/pages\/1038\/revisions"}],"predecessor-version":[{"id":1420,"href":"https:\/\/www.related.dk\/macao-tradekit\/wp-json\/wp\/v2\/pages\/1038\/revisions\/1420"}],"up":[{"embeddable":true,"href":"https:\/\/www.related.dk\/macao-tradekit\/wp-json\/wp\/v2\/pages\/1013"}],"wp:attachment":[{"href":"https:\/\/www.related.dk\/macao-tradekit\/wp-json\/wp\/v2\/media?parent=1038"}],"curies":[{"name":"wp","href":"https:\/\/api.w.org\/{rel}","templated":true}]}}