{"id":1019,"date":"2018-11-23T08:11:09","date_gmt":"2018-11-23T08:11:09","guid":{"rendered":"http:\/\/www.related.dk\/macao-tradekit\/boende\/"},"modified":"2018-11-23T11:09:55","modified_gmt":"2018-11-23T11:09:55","slug":"boende","status":"publish","type":"page","link":"https:\/\/www.related.dk\/macao-tradekit\/boende\/?lang=sv","title":{"rendered":""},"content":{"rendered":"<div class=\"vce-row-container\"><div class=\"vce-row vce-row--col-gap-30 vce-row-columns--top vce-row-content--top\" id=\"el-3ebc7b6b\" data-vce-do-apply=\"all el-3ebc7b6b\"><div class=\"vce-row-content\" data-vce-element-content=\"true\"><div class=\"vce-col vce-col--md-100p vce-col--xs-1 vce-col--xs-last vce-col--xs-first vce-col--sm-last vce-col--sm-first vce-col--md-last vce-col--lg-last vce-col--xl-last vce-col--md-first vce-col--lg-first vce-col--xl-first\" id=\"el-7ca61e44\" data-vce-do-apply=\"background border el-7ca61e44\"><div class=\"vce-col-inner\" data-vce-element-content=\"true\" data-vce-do-apply=\"padding margin  el-7ca61e44\"><section class=\"vce-hero-section-container vce-hero-section-media--xs vce-hero-section-media--sm vce-hero-section-media--md vce-hero-section-media--lg\"><div class=\"vce vce-hero-section vce-hero-section--alignment-start\" id=\"el-325f88a8\" data-vce-do-apply=\"margin background border  el-325f88a8\"><div class=\"vce-hero-section--wrap-row vce-hero-section--background-position-center-center\" style=\"background-image: url('https:\/\/www.related.dk\/macao-tradekit\/wp-content\/uploads\/2018\/11\/Banner_12609_4_overnatning.jpg');\"><div class=\"vce-hero-section--wrap\"><div class=\"vce-hero-section--content\" data-vce-do-apply=\"padding el-325f88a8\"><div class=\"vce-hero-section--content-container\"><h1><strong>BOENDE<\/strong><\/h1><\/div><\/div><\/div><\/div><\/div><\/section><\/div><\/div><\/div><\/div><\/div><div class=\"vce-row-container\"><div class=\"vce-row vce-row--col-gap-30 vce-row-columns--top vce-row-content--top\" id=\"el-62667961\" data-vce-do-apply=\"all el-62667961\"><div class=\"vce-row-content\" data-vce-element-content=\"true\"><div class=\"vce-col vce-col--md-auto vce-col--xs-1 vce-col--xs-last vce-col--xs-first vce-col--sm-last vce-col--sm-first vce-col--md-last vce-col--lg-last vce-col--xl-last vce-col--md-first vce-col--lg-first vce-col--xl-first\" id=\"el-1447008e\" data-vce-do-apply=\"background border el-1447008e\"><div class=\"vce-col-inner\" data-vce-element-content=\"true\" data-vce-do-apply=\"padding margin  el-1447008e\"><div class=\"vce-text-block\"><div class=\"vce-text-block-wrapper vce\" id=\"el-0fe1e212\" data-vce-do-apply=\"all el-0fe1e212\"><p>I Macao finns ett stort urval av <a href=\"http:\/\/www.related.dk\/macao-tradekit\/overnatning\/internationale-hotelbrands\/\">internationellt erk\u00e4nda resort- och hotellkedjor<\/a> och \u00e4ven flera <a href=\"http:\/\/www.related.dk\/macao-tradekit\/boende\/hotell-unika-foer-macao\/?lang=sv\">lyxhotell, som \u00e4r unika f\u00f6r Macao.<\/a><\/p><h4>Fakta om hotellen i Macao<\/h4><ul><li>Standarden p\u00e5 hotellen i Macao \u00e4r generellt v\u00e4ldigt bra.<\/li><li>Det finns flera fina hotell b\u00e5de i den historiska stadsdelen, i Cotai, Coloane och Taipa.<\/li><li>Genomsnittspriset f\u00f6r ett hotellrum (3\u20135*) \u00e4r 168 USD per natt (statistik fr\u00e5n perioden jan-sep 2018).<\/li><\/ul><h4>\u00d6verblick<\/h4><ul><li>5*: 37 hotell \u2013 24,899 rum<\/li><li>4*: 17 hotell \u2013 7,862 rum<\/li><li>3*: 15 hotell \u2013 5,472 rum<\/li><\/ul><p><em>(siffror fr\u00e5n september 2018)<\/em><\/p><\/div><\/div><\/div><\/div><\/div><\/div><\/div><div class=\"vce-row-container\"><div class=\"vce-row vce-row--col-gap-30 vce-row-columns--top vce-row-content--top\" id=\"el-a2a97edf\" data-vce-do-apply=\"all el-a2a97edf\"><div class=\"vce-row-content\" data-vce-element-content=\"true\"><div class=\"vce-col vce-col--md-50p vce-col--xs-1 vce-col--xs-last vce-col--xs-first vce-col--sm-last vce-col--sm-first vce-col--md-first vce-col--lg-first vce-col--xl-first\" id=\"el-2fa33553\" data-vce-do-apply=\"background border el-2fa33553\"><div class=\"vce-col-inner\" data-vce-element-content=\"true\" data-vce-do-apply=\"padding margin  el-2fa33553\"><div class=\"vce-single-image-container vce-single-image--align-left\"><div class=\"vce vce-single-image-wrapper\" id=\"el-ba119d02\" data-vce-do-apply=\"all el-ba119d02\"><figure><div class=\"vce-single-image-inner\"><img class=\"vce-single-image\" data-width=\"600\" data-height=\"400\"src=\"https:\/\/www.related.dk\/macao-tradekit\/wp-content\/uploads\/2018\/11\/eiffel_hori-600x400.jpg\" data-img-src=\"https:\/\/www.related.dk\/macao-tradekit\/wp-content\/uploads\/2018\/11\/eiffel_hori.jpg\" alt=\"\" title=\"eiffel_hori\"\/><\/div><\/figure><\/div><\/div><\/div><\/div><div class=\"vce-col vce-col--md-50p vce-col--xs-1 vce-col--xs-last vce-col--xs-first vce-col--sm-last vce-col--sm-first vce-col--md-last vce-col--lg-last vce-col--xl-last\" id=\"el-4b4350cc\" data-vce-do-apply=\"background border el-4b4350cc\"><div class=\"vce-col-inner\" data-vce-element-content=\"true\" data-vce-do-apply=\"padding margin  el-4b4350cc\"><div class=\"vce-single-image-container vce-single-image--align-left\"><div class=\"vce vce-single-image-wrapper\" id=\"el-dfa37066\" data-vce-do-apply=\"all el-dfa37066\"><figure><div class=\"vce-single-image-inner\"><img class=\"vce-single-image\" data-width=\"600\" data-height=\"400\"src=\"https:\/\/www.related.dk\/macao-tradekit\/wp-content\/uploads\/2018\/11\/hotel-view-600x400.jpg\" data-img-src=\"https:\/\/www.related.dk\/macao-tradekit\/wp-content\/uploads\/2018\/11\/hotel-view.jpg\" alt=\"\" title=\"hotel view\"\/><\/div><\/figure><\/div><\/div><\/div><\/div><\/div><\/div><\/div>\n","protected":false},"excerpt":{"rendered":"<p>BOENDEI Macao finns ett stort urval av internationellt erk\u00e4nda resort- och hotellkedjor och \u00e4ven flera lyxhotell, som \u00e4r unika f\u00f6r Macao.Fakta om hotellen i MacaoStandarden p\u00e5 hotellen i Macao \u00e4r generellt v\u00e4ldigt bra.Det finns flera fina hotell b\u00e5de i den historiska stadsdelen, i Cotai, Coloane och Taipa.Genomsnittspriset f\u00f6r ett hotellrum (3\u20135*) \u00e4r 168 USD per &hellip; <\/p>\n<p class=\"link-more\"><a href=\"https:\/\/www.related.dk\/macao-tradekit\/boende\/?lang=sv\" class=\"more-link\">L\u00e6s videre<span class=\"screen-reader-text\"> &#8220;&#8221;<\/span><\/a><\/p>\n","protected":false},"author":2,"featured_media":0,"parent":0,"menu_order":0,"comment_status":"closed","ping_status":"closed","template":"","meta":[],"_links":{"self":[{"href":"https:\/\/www.related.dk\/macao-tradekit\/wp-json\/wp\/v2\/pages\/1019"}],"collection":[{"href":"https:\/\/www.related.dk\/macao-tradekit\/wp-json\/wp\/v2\/pages"}],"about":[{"href":"https:\/\/www.related.dk\/macao-tradekit\/wp-json\/wp\/v2\/types\/page"}],"author":[{"embeddable":true,"href":"https:\/\/www.related.dk\/macao-tradekit\/wp-json\/wp\/v2\/users\/2"}],"replies":[{"embeddable":true,"href":"https:\/\/www.related.dk\/macao-tradekit\/wp-json\/wp\/v2\/comments?post=1019"}],"version-history":[{"count":7,"href":"https:\/\/www.related.dk\/macao-tradekit\/wp-json\/wp\/v2\/pages\/1019\/revisions"}],"predecessor-version":[{"id":1271,"href":"https:\/\/www.related.dk\/macao-tradekit\/wp-json\/wp\/v2\/pages\/1019\/revisions\/1271"}],"wp:attachment":[{"href":"https:\/\/www.related.dk\/macao-tradekit\/wp-json\/wp\/v2\/media?parent=1019"}],"curies":[{"name":"wp","href":"https:\/\/api.w.org\/{rel}","templated":true}]}}