{"id":999,"date":"2020-02-12T12:10:07","date_gmt":"2020-02-12T12:10:07","guid":{"rendered":"http:\/\/www.related.dk\/active-tenerife-tradekit\/?page_id=999"},"modified":"2020-02-12T12:12:28","modified_gmt":"2020-02-12T12:12:28","slug":"godt-aa-vite","status":"publish","type":"page","link":"https:\/\/www.related.dk\/active-tenerife-tradekit\/om-tenerife\/godt-aa-vite\/","title":{"rendered":"Godt \u00e5 vite"},"content":{"rendered":"<div class=\"vce-row-container\"><div class=\"vce-row vce-row--col-gap-30 vce-row-columns--top vce-row-content--top\" id=\"el-424e2c9a\" data-vce-do-apply=\"all el-424e2c9a\"><div class=\"vce-row-content\" data-vce-element-content=\"true\"><div class=\"vce-col\" id=\"el-1aad1e19\"><div class=\"vce-col-inner\" data-vce-do-apply=\"border margin background  el-1aad1e19\"><div class=\"vce-col-content\" data-vce-element-content=\"true\" data-vce-do-apply=\"padding el-1aad1e19\"><section class=\"vce-hero-section-container vce-hero-section-media--xs vce-hero-section-media--sm vce-hero-section-media--md vce-hero-section-media--lg\"><div class=\"vce vce-hero-section vce-hero-section--alignment-start\" id=\"el-66cd0e01\" data-vce-do-apply=\"margin background border  el-66cd0e01\"><div class=\"vce-hero-section--wrap-row vce-hero-section--background-position-center-center\" style=\"background-image: url('https:\/\/www.related.dk\/active-tenerife-tradekit\/wp-content\/uploads\/2020\/02\/About-Tenerife-Good-to-know-5-VS2.jpg');\"><div class=\"vce-hero-section--wrap\"><div class=\"vce-hero-section--content\" data-vce-do-apply=\"padding el-66cd0e01\"><div class=\"vce-hero-section--content-container\"><h1><strong>GODT \u00c4 VITE<\/strong><\/h1><\/div><\/div><\/div><\/div><\/div><\/section><\/div><\/div><\/div><\/div><\/div><\/div><div class=\"vce-row-container\"><div class=\"vce-row vce-row--col-gap-30 vce-row-columns--top vce-row-content--top\" id=\"el-931a4008\" data-vce-do-apply=\"all el-931a4008\"><div class=\"vce-row-content\" data-vce-element-content=\"true\"><div class=\"vce-col\" id=\"el-cdbf9187\"><div class=\"vce-col-inner\" data-vce-do-apply=\"border margin background  el-cdbf9187\"><div class=\"vce-col-content\" data-vce-element-content=\"true\" data-vce-do-apply=\"padding el-cdbf9187\"><div class=\"vce-text-block\"><div class=\"vce-text-block-wrapper vce\" id=\"el-b1462d85\" data-vce-do-apply=\"all el-b1462d85\"><p><strong>Betaling<\/strong><br>Valutaen som brukes p\u00e5 Tenerife, er euro. De fleste butikker og restauranter godtar forskjellige typer kredittkort, vanligvis med en nedre grense p\u00e5 6 euro.<\/p><p><strong>Helse<\/strong><br>P\u00e5 Tenerife har norske statsborgere som er medlem av folketrygden, de samme rettighetene til helsetjenester som EU-innbyggere, noe som betyr at de har rett til gratis medisinsk hjelp og behandling ved Tenerifes offentlige helsestasjon i l\u00f8pet av ferien.<\/p><p><strong>Moms<\/strong><br>Som p\u00e5 resten av Kanari\u00f8yene gjelder ikke moms p\u00e5 Tenerife, noe som betyr at du kan f\u00e5 den tilbakebetalt.<\/p><p><strong>Tidsforskjell<\/strong><br>Hvis du kommer fra Sverige, Danmark eller Norge, m\u00e5 du stille klokken en time tilbake. Hvis du kommer fra Finland, m\u00e5 du stille klokken to timer.<\/p><p><strong>Temperatur<\/strong><br>Gjennomsnittstemperaturen p\u00e5 \u00f8ya er 23 grader (varierer mellom 17 og 25 grader), men temperaturene kan endre seg i l\u00f8pet av bare noen kilometer, noe du absolutt b\u00f8r ta hensyn til n\u00e5r du bes\u00f8ker \u00f8ya. De br\u00e5 endringene skyldes det milde mikroklimaet, som p\u00e5virkes av passatvindene og \u00f8yas fjell.<\/p><p><strong>Tips<\/strong><br>P\u00e5 Tenerife er det ikke ansett som frekt \u00e5 ikke legge igjen tips. Tips er noe man gir frivillig, n\u00e5r servicen har v\u00e6rt bra. Det vanlige p\u00e5 barer og restauranter er \u00e5 tipse 5\u201310 % av regningen. I drosjer avrunder man vanligvis prisen for turen til n\u00e6rmeste hele tall. <\/p><\/div><\/div><\/div><\/div><\/div><\/div><\/div><\/div>\n","protected":false},"excerpt":{"rendered":"<p>GODT \u00c4 VITEBetalingValutaen som brukes p\u00e5 Tenerife, er euro. De fleste butikker og restauranter godtar forskjellige typer kredittkort, vanligvis med en nedre grense p\u00e5 6 euro.HelseP\u00e5 Tenerife har norske statsborgere som er medlem av folketrygden, de samme rettighetene til helsetjenester som EU-innbyggere, noe som betyr at de har rett til gratis medisinsk hjelp og behandling &hellip; <\/p>\n<p class=\"link-more\"><a href=\"https:\/\/www.related.dk\/active-tenerife-tradekit\/om-tenerife\/godt-aa-vite\/\" class=\"more-link\">L\u00e6s videre<span class=\"screen-reader-text\"> &#8220;Godt \u00e5 vite&#8221;<\/span><\/a><\/p>\n","protected":false},"author":2,"featured_media":0,"parent":979,"menu_order":0,"comment_status":"closed","ping_status":"closed","template":"","meta":[],"yoast_head":"<!-- This site is optimized with the Yoast SEO plugin v20.7 - https:\/\/yoast.com\/wordpress\/plugins\/seo\/ -->\n<title>Godt \u00e5 vite - Active Tenerife - Tradekit<\/title>\n<meta name=\"robots\" content=\"index, follow, max-snippet:-1, max-image-preview:large, max-video-preview:-1\" \/>\n<link rel=\"canonical\" href=\"https:\/\/www.related.dk\/active-tenerife-tradekit\/om-tenerife\/godt-aa-vite\/\" \/>\n<meta property=\"og:locale\" content=\"da_DK\" \/>\n<meta property=\"og:type\" content=\"article\" \/>\n<meta property=\"og:title\" content=\"Godt \u00e5 vite - Active Tenerife - Tradekit\" \/>\n<meta property=\"og:description\" content=\"GODT \u00c4 VITEBetalingValutaen som brukes p\u00e5 Tenerife, er euro. De fleste butikker og restauranter godtar forskjellige typer kredittkort, vanligvis med en nedre grense p\u00e5 6 euro.HelseP\u00e5 Tenerife har norske statsborgere som er medlem av folketrygden, de samme rettighetene til helsetjenester som EU-innbyggere, noe som betyr at de har rett til gratis medisinsk hjelp og behandling &hellip; L\u00e6s videre &quot;Godt \u00e5 vite&quot;\" \/>\n<meta property=\"og:url\" content=\"https:\/\/www.related.dk\/active-tenerife-tradekit\/om-tenerife\/godt-aa-vite\/\" \/>\n<meta property=\"og:site_name\" content=\"Active Tenerife - Tradekit\" \/>\n<meta property=\"article:modified_time\" content=\"2020-02-12T12:12:28+00:00\" \/>\n<meta name=\"twitter:card\" content=\"summary_large_image\" \/>\n<meta name=\"twitter:label1\" content=\"Estimeret l\u00e6setid\" \/>\n\t<meta name=\"twitter:data1\" content=\"1 minut\" \/>\n<script type=\"application\/ld+json\" class=\"yoast-schema-graph\">{\"@context\":\"https:\/\/schema.org\",\"@graph\":[{\"@type\":\"WebPage\",\"@id\":\"https:\/\/www.related.dk\/active-tenerife-tradekit\/om-tenerife\/godt-aa-vite\/\",\"url\":\"https:\/\/www.related.dk\/active-tenerife-tradekit\/om-tenerife\/godt-aa-vite\/\",\"name\":\"Godt \u00e5 vite - Active Tenerife - Tradekit\",\"isPartOf\":{\"@id\":\"https:\/\/www.related.dk\/active-tenerife-tradekit\/#website\"},\"datePublished\":\"2020-02-12T12:10:07+00:00\",\"dateModified\":\"2020-02-12T12:12:28+00:00\",\"breadcrumb\":{\"@id\":\"https:\/\/www.related.dk\/active-tenerife-tradekit\/om-tenerife\/godt-aa-vite\/#breadcrumb\"},\"inLanguage\":\"da-DK\",\"potentialAction\":[{\"@type\":\"ReadAction\",\"target\":[\"https:\/\/www.related.dk\/active-tenerife-tradekit\/om-tenerife\/godt-aa-vite\/\"]}]},{\"@type\":\"BreadcrumbList\",\"@id\":\"https:\/\/www.related.dk\/active-tenerife-tradekit\/om-tenerife\/godt-aa-vite\/#breadcrumb\",\"itemListElement\":[{\"@type\":\"ListItem\",\"position\":1,\"name\":\"Home\",\"item\":\"https:\/\/www.related.dk\/active-tenerife-tradekit\/\"},{\"@type\":\"ListItem\",\"position\":2,\"name\":\"Om Tenerife\",\"item\":\"https:\/\/www.related.dk\/active-tenerife-tradekit\/om-tenerife\/\"},{\"@type\":\"ListItem\",\"position\":3,\"name\":\"Godt \u00e5 vite\"}]},{\"@type\":\"WebSite\",\"@id\":\"https:\/\/www.related.dk\/active-tenerife-tradekit\/#website\",\"url\":\"https:\/\/www.related.dk\/active-tenerife-tradekit\/\",\"name\":\"Active Tenerife - Tradekit\",\"description\":\"\",\"potentialAction\":[{\"@type\":\"SearchAction\",\"target\":{\"@type\":\"EntryPoint\",\"urlTemplate\":\"https:\/\/www.related.dk\/active-tenerife-tradekit\/?s={search_term_string}\"},\"query-input\":\"required name=search_term_string\"}],\"inLanguage\":\"da-DK\"}]}<\/script>\n<!-- \/ Yoast SEO plugin. -->","yoast_head_json":{"title":"Godt \u00e5 vite - Active Tenerife - Tradekit","robots":{"index":"index","follow":"follow","max-snippet":"max-snippet:-1","max-image-preview":"max-image-preview:large","max-video-preview":"max-video-preview:-1"},"canonical":"https:\/\/www.related.dk\/active-tenerife-tradekit\/om-tenerife\/godt-aa-vite\/","og_locale":"da_DK","og_type":"article","og_title":"Godt \u00e5 vite - Active Tenerife - Tradekit","og_description":"GODT \u00c4 VITEBetalingValutaen som brukes p\u00e5 Tenerife, er euro. De fleste butikker og restauranter godtar forskjellige typer kredittkort, vanligvis med en nedre grense p\u00e5 6 euro.HelseP\u00e5 Tenerife har norske statsborgere som er medlem av folketrygden, de samme rettighetene til helsetjenester som EU-innbyggere, noe som betyr at de har rett til gratis medisinsk hjelp og behandling &hellip; L\u00e6s videre \"Godt \u00e5 vite\"","og_url":"https:\/\/www.related.dk\/active-tenerife-tradekit\/om-tenerife\/godt-aa-vite\/","og_site_name":"Active Tenerife - Tradekit","article_modified_time":"2020-02-12T12:12:28+00:00","twitter_card":"summary_large_image","twitter_misc":{"Estimeret l\u00e6setid":"1 minut"},"schema":{"@context":"https:\/\/schema.org","@graph":[{"@type":"WebPage","@id":"https:\/\/www.related.dk\/active-tenerife-tradekit\/om-tenerife\/godt-aa-vite\/","url":"https:\/\/www.related.dk\/active-tenerife-tradekit\/om-tenerife\/godt-aa-vite\/","name":"Godt \u00e5 vite - Active Tenerife - Tradekit","isPartOf":{"@id":"https:\/\/www.related.dk\/active-tenerife-tradekit\/#website"},"datePublished":"2020-02-12T12:10:07+00:00","dateModified":"2020-02-12T12:12:28+00:00","breadcrumb":{"@id":"https:\/\/www.related.dk\/active-tenerife-tradekit\/om-tenerife\/godt-aa-vite\/#breadcrumb"},"inLanguage":"da-DK","potentialAction":[{"@type":"ReadAction","target":["https:\/\/www.related.dk\/active-tenerife-tradekit\/om-tenerife\/godt-aa-vite\/"]}]},{"@type":"BreadcrumbList","@id":"https:\/\/www.related.dk\/active-tenerife-tradekit\/om-tenerife\/godt-aa-vite\/#breadcrumb","itemListElement":[{"@type":"ListItem","position":1,"name":"Home","item":"https:\/\/www.related.dk\/active-tenerife-tradekit\/"},{"@type":"ListItem","position":2,"name":"Om Tenerife","item":"https:\/\/www.related.dk\/active-tenerife-tradekit\/om-tenerife\/"},{"@type":"ListItem","position":3,"name":"Godt \u00e5 vite"}]},{"@type":"WebSite","@id":"https:\/\/www.related.dk\/active-tenerife-tradekit\/#website","url":"https:\/\/www.related.dk\/active-tenerife-tradekit\/","name":"Active Tenerife - Tradekit","description":"","potentialAction":[{"@type":"SearchAction","target":{"@type":"EntryPoint","urlTemplate":"https:\/\/www.related.dk\/active-tenerife-tradekit\/?s={search_term_string}"},"query-input":"required name=search_term_string"}],"inLanguage":"da-DK"}]}},"_links":{"self":[{"href":"https:\/\/www.related.dk\/active-tenerife-tradekit\/wp-json\/wp\/v2\/pages\/999"}],"collection":[{"href":"https:\/\/www.related.dk\/active-tenerife-tradekit\/wp-json\/wp\/v2\/pages"}],"about":[{"href":"https:\/\/www.related.dk\/active-tenerife-tradekit\/wp-json\/wp\/v2\/types\/page"}],"author":[{"embeddable":true,"href":"https:\/\/www.related.dk\/active-tenerife-tradekit\/wp-json\/wp\/v2\/users\/2"}],"replies":[{"embeddable":true,"href":"https:\/\/www.related.dk\/active-tenerife-tradekit\/wp-json\/wp\/v2\/comments?post=999"}],"version-history":[{"count":3,"href":"https:\/\/www.related.dk\/active-tenerife-tradekit\/wp-json\/wp\/v2\/pages\/999\/revisions"}],"predecessor-version":[{"id":1002,"href":"https:\/\/www.related.dk\/active-tenerife-tradekit\/wp-json\/wp\/v2\/pages\/999\/revisions\/1002"}],"up":[{"embeddable":true,"href":"https:\/\/www.related.dk\/active-tenerife-tradekit\/wp-json\/wp\/v2\/pages\/979"}],"wp:attachment":[{"href":"https:\/\/www.related.dk\/active-tenerife-tradekit\/wp-json\/wp\/v2\/media?parent=999"}],"curies":[{"name":"wp","href":"https:\/\/api.w.org\/{rel}","templated":true}]}}