{"id":995,"date":"2020-02-12T12:06:31","date_gmt":"2020-02-12T12:06:31","guid":{"rendered":"http:\/\/www.related.dk\/active-tenerife-tradekit\/?page_id=995"},"modified":"2020-02-12T12:07:46","modified_gmt":"2020-02-12T12:07:46","slug":"flyforbindelser","status":"publish","type":"page","link":"https:\/\/www.related.dk\/active-tenerife-tradekit\/om-tenerife\/flyforbindelser\/","title":{"rendered":"Flyforbindelser"},"content":{"rendered":"<div class=\"vce-row-container\"><div class=\"vce-row vce-row--col-gap-30 vce-row-columns--top vce-row-content--top\" id=\"el-28917c33\" data-vce-do-apply=\"all el-28917c33\"><div class=\"vce-row-content\" data-vce-element-content=\"true\"><div class=\"vce-col\" id=\"el-5f4edea6\"><div class=\"vce-col-inner\" data-vce-do-apply=\"border margin background  el-5f4edea6\"><div class=\"vce-col-content\" data-vce-element-content=\"true\" data-vce-do-apply=\"padding el-5f4edea6\"><section class=\"vce-hero-section-container vce-hero-section-media--xs vce-hero-section-media--sm vce-hero-section-media--md vce-hero-section-media--lg\"><div class=\"vce vce-hero-section vce-hero-section--alignment-start\" id=\"el-8d39b593\" data-vce-do-apply=\"margin background border  el-8d39b593\"><div class=\"vce-hero-section--wrap-row vce-hero-section--background-position-center-center\" style=\"background-image: url('https:\/\/www.related.dk\/active-tenerife-tradekit\/wp-content\/uploads\/2020\/02\/About-Tenerife-Transportation-4.jpg');\"><div class=\"vce-hero-section--wrap\"><div class=\"vce-hero-section--content\" data-vce-do-apply=\"padding el-8d39b593\"><div class=\"vce-hero-section--content-container\"><h1><strong>FLYFORBINDELSER<\/strong><\/h1><\/div><\/div><\/div><\/div><\/div><\/section><\/div><\/div><\/div><\/div><\/div><\/div><div class=\"vce-row-container\"><div class=\"vce-row vce-row--col-gap-30 vce-row-columns--top vce-row-content--top\" id=\"el-f0fde5bf\" data-vce-do-apply=\"all el-f0fde5bf\"><div class=\"vce-row-content\" data-vce-element-content=\"true\"><div class=\"vce-col\" id=\"el-f8df2ae3\"><div class=\"vce-col-inner\" data-vce-do-apply=\"border margin background  el-f8df2ae3\"><div class=\"vce-col-content\" data-vce-element-content=\"true\" data-vce-do-apply=\"padding el-f8df2ae3\"><div class=\"vce-text-block\"><div class=\"vce-text-block-wrapper vce\" id=\"el-0c6eb2ec\" data-vce-do-apply=\"all el-0c6eb2ec\"><p>Fra Norge har Norwegian direkteruter fra Oslo og Bergen. Turen tar ca. 5,5\u20136 timer.<\/p><p>Tenerife South-Reina Sof\u00eda ligger i Granadilla de Abona p\u00e5 den s\u00f8rlige delen av \u00f8ya og er den st\u00f8rste av de to flyplassene p\u00e5 Tenerife. Dette er en av de travleste flyplassene i Spania med over 150 flyselskaper som flyr til utlandet, innenlands og mellom \u00f8yene. Nesten ni millioner passasjerer er innom der hvert \u00e5r. Flyplassen ligger i n\u00e6rheten av de st\u00f8rste turisthotellene p\u00e5 den s\u00f8rlige delen av \u00f8ya og kan n\u00e5s via motorveien TF-1.<\/p><p>Los Rodeos-Tenerife Nord har stort sett innenriksflyvninger og flyvninger mellom \u00f8yene, med totalt 15 nasjonale og internasjonale flyselskaper. Denne flyplassen ligger p\u00e5 nordsiden av \u00f8ya, i La Laguna-omr\u00e5det, som ligger omtrent ti kilometer fra hovedstaden Santa Cruz de Tenerife. Hvert \u00e5r bruker nesten fire millioner passasjerer denne flyplassen, som kan n\u00e5s via motorveien TF-5. <\/p><\/div><\/div><\/div><\/div><\/div><\/div><\/div><\/div>\n","protected":false},"excerpt":{"rendered":"<p>FLYFORBINDELSERFra Norge har Norwegian direkteruter fra Oslo og Bergen. Turen tar ca. 5,5\u20136 timer.Tenerife South-Reina Sof\u00eda ligger i Granadilla de Abona p\u00e5 den s\u00f8rlige delen av \u00f8ya og er den st\u00f8rste av de to flyplassene p\u00e5 Tenerife. Dette er en av de travleste flyplassene i Spania med over 150 flyselskaper som flyr til utlandet, innenlands &hellip; <\/p>\n<p class=\"link-more\"><a href=\"https:\/\/www.related.dk\/active-tenerife-tradekit\/om-tenerife\/flyforbindelser\/\" class=\"more-link\">L\u00e6s videre<span class=\"screen-reader-text\"> &#8220;Flyforbindelser&#8221;<\/span><\/a><\/p>\n","protected":false},"author":2,"featured_media":0,"parent":979,"menu_order":0,"comment_status":"closed","ping_status":"closed","template":"","meta":[],"yoast_head":"<!-- This site is optimized with the Yoast SEO plugin v20.7 - https:\/\/yoast.com\/wordpress\/plugins\/seo\/ -->\n<title>Flyforbindelser - Active Tenerife - Tradekit<\/title>\n<meta name=\"robots\" content=\"index, follow, max-snippet:-1, max-image-preview:large, max-video-preview:-1\" \/>\n<link rel=\"canonical\" href=\"https:\/\/www.related.dk\/active-tenerife-tradekit\/om-tenerife\/flyforbindelser\/\" \/>\n<meta property=\"og:locale\" content=\"da_DK\" \/>\n<meta property=\"og:type\" content=\"article\" \/>\n<meta property=\"og:title\" content=\"Flyforbindelser - Active Tenerife - Tradekit\" \/>\n<meta property=\"og:description\" content=\"FLYFORBINDELSERFra Norge har Norwegian direkteruter fra Oslo og Bergen. Turen tar ca. 5,5\u20136 timer.Tenerife South-Reina Sof\u00eda ligger i Granadilla de Abona p\u00e5 den s\u00f8rlige delen av \u00f8ya og er den st\u00f8rste av de to flyplassene p\u00e5 Tenerife. Dette er en av de travleste flyplassene i Spania med over 150 flyselskaper som flyr til utlandet, innenlands &hellip; L\u00e6s videre &quot;Flyforbindelser&quot;\" \/>\n<meta property=\"og:url\" content=\"https:\/\/www.related.dk\/active-tenerife-tradekit\/om-tenerife\/flyforbindelser\/\" \/>\n<meta property=\"og:site_name\" content=\"Active Tenerife - Tradekit\" \/>\n<meta property=\"article:modified_time\" content=\"2020-02-12T12:07:46+00:00\" \/>\n<meta name=\"twitter:card\" content=\"summary_large_image\" \/>\n<meta name=\"twitter:label1\" content=\"Estimeret l\u00e6setid\" \/>\n\t<meta name=\"twitter:data1\" content=\"1 minut\" \/>\n<script type=\"application\/ld+json\" class=\"yoast-schema-graph\">{\"@context\":\"https:\/\/schema.org\",\"@graph\":[{\"@type\":\"WebPage\",\"@id\":\"https:\/\/www.related.dk\/active-tenerife-tradekit\/om-tenerife\/flyforbindelser\/\",\"url\":\"https:\/\/www.related.dk\/active-tenerife-tradekit\/om-tenerife\/flyforbindelser\/\",\"name\":\"Flyforbindelser - Active Tenerife - Tradekit\",\"isPartOf\":{\"@id\":\"https:\/\/www.related.dk\/active-tenerife-tradekit\/#website\"},\"datePublished\":\"2020-02-12T12:06:31+00:00\",\"dateModified\":\"2020-02-12T12:07:46+00:00\",\"breadcrumb\":{\"@id\":\"https:\/\/www.related.dk\/active-tenerife-tradekit\/om-tenerife\/flyforbindelser\/#breadcrumb\"},\"inLanguage\":\"da-DK\",\"potentialAction\":[{\"@type\":\"ReadAction\",\"target\":[\"https:\/\/www.related.dk\/active-tenerife-tradekit\/om-tenerife\/flyforbindelser\/\"]}]},{\"@type\":\"BreadcrumbList\",\"@id\":\"https:\/\/www.related.dk\/active-tenerife-tradekit\/om-tenerife\/flyforbindelser\/#breadcrumb\",\"itemListElement\":[{\"@type\":\"ListItem\",\"position\":1,\"name\":\"Home\",\"item\":\"https:\/\/www.related.dk\/active-tenerife-tradekit\/\"},{\"@type\":\"ListItem\",\"position\":2,\"name\":\"Om Tenerife\",\"item\":\"https:\/\/www.related.dk\/active-tenerife-tradekit\/om-tenerife\/\"},{\"@type\":\"ListItem\",\"position\":3,\"name\":\"Flyforbindelser\"}]},{\"@type\":\"WebSite\",\"@id\":\"https:\/\/www.related.dk\/active-tenerife-tradekit\/#website\",\"url\":\"https:\/\/www.related.dk\/active-tenerife-tradekit\/\",\"name\":\"Active Tenerife - Tradekit\",\"description\":\"\",\"potentialAction\":[{\"@type\":\"SearchAction\",\"target\":{\"@type\":\"EntryPoint\",\"urlTemplate\":\"https:\/\/www.related.dk\/active-tenerife-tradekit\/?s={search_term_string}\"},\"query-input\":\"required name=search_term_string\"}],\"inLanguage\":\"da-DK\"}]}<\/script>\n<!-- \/ Yoast SEO plugin. -->","yoast_head_json":{"title":"Flyforbindelser - Active Tenerife - Tradekit","robots":{"index":"index","follow":"follow","max-snippet":"max-snippet:-1","max-image-preview":"max-image-preview:large","max-video-preview":"max-video-preview:-1"},"canonical":"https:\/\/www.related.dk\/active-tenerife-tradekit\/om-tenerife\/flyforbindelser\/","og_locale":"da_DK","og_type":"article","og_title":"Flyforbindelser - Active Tenerife - Tradekit","og_description":"FLYFORBINDELSERFra Norge har Norwegian direkteruter fra Oslo og Bergen. Turen tar ca. 5,5\u20136 timer.Tenerife South-Reina Sof\u00eda ligger i Granadilla de Abona p\u00e5 den s\u00f8rlige delen av \u00f8ya og er den st\u00f8rste av de to flyplassene p\u00e5 Tenerife. Dette er en av de travleste flyplassene i Spania med over 150 flyselskaper som flyr til utlandet, innenlands &hellip; L\u00e6s videre \"Flyforbindelser\"","og_url":"https:\/\/www.related.dk\/active-tenerife-tradekit\/om-tenerife\/flyforbindelser\/","og_site_name":"Active Tenerife - Tradekit","article_modified_time":"2020-02-12T12:07:46+00:00","twitter_card":"summary_large_image","twitter_misc":{"Estimeret l\u00e6setid":"1 minut"},"schema":{"@context":"https:\/\/schema.org","@graph":[{"@type":"WebPage","@id":"https:\/\/www.related.dk\/active-tenerife-tradekit\/om-tenerife\/flyforbindelser\/","url":"https:\/\/www.related.dk\/active-tenerife-tradekit\/om-tenerife\/flyforbindelser\/","name":"Flyforbindelser - Active Tenerife - Tradekit","isPartOf":{"@id":"https:\/\/www.related.dk\/active-tenerife-tradekit\/#website"},"datePublished":"2020-02-12T12:06:31+00:00","dateModified":"2020-02-12T12:07:46+00:00","breadcrumb":{"@id":"https:\/\/www.related.dk\/active-tenerife-tradekit\/om-tenerife\/flyforbindelser\/#breadcrumb"},"inLanguage":"da-DK","potentialAction":[{"@type":"ReadAction","target":["https:\/\/www.related.dk\/active-tenerife-tradekit\/om-tenerife\/flyforbindelser\/"]}]},{"@type":"BreadcrumbList","@id":"https:\/\/www.related.dk\/active-tenerife-tradekit\/om-tenerife\/flyforbindelser\/#breadcrumb","itemListElement":[{"@type":"ListItem","position":1,"name":"Home","item":"https:\/\/www.related.dk\/active-tenerife-tradekit\/"},{"@type":"ListItem","position":2,"name":"Om Tenerife","item":"https:\/\/www.related.dk\/active-tenerife-tradekit\/om-tenerife\/"},{"@type":"ListItem","position":3,"name":"Flyforbindelser"}]},{"@type":"WebSite","@id":"https:\/\/www.related.dk\/active-tenerife-tradekit\/#website","url":"https:\/\/www.related.dk\/active-tenerife-tradekit\/","name":"Active Tenerife - Tradekit","description":"","potentialAction":[{"@type":"SearchAction","target":{"@type":"EntryPoint","urlTemplate":"https:\/\/www.related.dk\/active-tenerife-tradekit\/?s={search_term_string}"},"query-input":"required name=search_term_string"}],"inLanguage":"da-DK"}]}},"_links":{"self":[{"href":"https:\/\/www.related.dk\/active-tenerife-tradekit\/wp-json\/wp\/v2\/pages\/995"}],"collection":[{"href":"https:\/\/www.related.dk\/active-tenerife-tradekit\/wp-json\/wp\/v2\/pages"}],"about":[{"href":"https:\/\/www.related.dk\/active-tenerife-tradekit\/wp-json\/wp\/v2\/types\/page"}],"author":[{"embeddable":true,"href":"https:\/\/www.related.dk\/active-tenerife-tradekit\/wp-json\/wp\/v2\/users\/2"}],"replies":[{"embeddable":true,"href":"https:\/\/www.related.dk\/active-tenerife-tradekit\/wp-json\/wp\/v2\/comments?post=995"}],"version-history":[{"count":3,"href":"https:\/\/www.related.dk\/active-tenerife-tradekit\/wp-json\/wp\/v2\/pages\/995\/revisions"}],"predecessor-version":[{"id":998,"href":"https:\/\/www.related.dk\/active-tenerife-tradekit\/wp-json\/wp\/v2\/pages\/995\/revisions\/998"}],"up":[{"embeddable":true,"href":"https:\/\/www.related.dk\/active-tenerife-tradekit\/wp-json\/wp\/v2\/pages\/979"}],"wp:attachment":[{"href":"https:\/\/www.related.dk\/active-tenerife-tradekit\/wp-json\/wp\/v2\/media?parent=995"}],"curies":[{"name":"wp","href":"https:\/\/api.w.org\/{rel}","templated":true}]}}