{"id":988,"date":"2020-02-12T12:04:37","date_gmt":"2020-02-12T12:04:37","guid":{"rendered":"http:\/\/www.related.dk\/active-tenerife-tradekit\/?page_id=988"},"modified":"2020-02-12T12:05:08","modified_gmt":"2020-02-12T12:05:08","slug":"klima","status":"publish","type":"page","link":"https:\/\/www.related.dk\/active-tenerife-tradekit\/om-tenerife\/klima\/","title":{"rendered":"Klima"},"content":{"rendered":"<div class=\"vce-row-container\"><div class=\"vce-row vce-row--col-gap-30 vce-row-columns--top vce-row-content--top\" id=\"el-88e2a182\" data-vce-do-apply=\"all el-88e2a182\"><div class=\"vce-row-content\" data-vce-element-content=\"true\"><div class=\"vce-col\" id=\"el-f0dde7db\"><div class=\"vce-col-inner\" data-vce-do-apply=\"border margin background  el-f0dde7db\"><div class=\"vce-col-content\" data-vce-element-content=\"true\" data-vce-do-apply=\"padding el-f0dde7db\"><section class=\"vce-hero-section-container vce-hero-section-media--xs vce-hero-section-media--sm vce-hero-section-media--md vce-hero-section-media--lg\"><div class=\"vce vce-hero-section vce-hero-section--alignment-start\" id=\"el-941d34d7\" data-vce-do-apply=\"margin background border  el-941d34d7\"><div class=\"vce-hero-section--wrap-row vce-hero-section--background-position-center-center\" style=\"background-image: url('https:\/\/www.related.dk\/active-tenerife-tradekit\/wp-content\/uploads\/2020\/02\/About-Tenerife-The-climate-2.jpg');\"><div class=\"vce-hero-section--wrap\"><div class=\"vce-hero-section--content\" data-vce-do-apply=\"padding el-941d34d7\"><div class=\"vce-hero-section--content-container\"><h1><strong>KLIMA<\/strong><\/h1><\/div><\/div><\/div><\/div><\/div><\/section><\/div><\/div><\/div><\/div><\/div><\/div><div class=\"vce-row-container\"><div class=\"vce-row vce-row--col-gap-30 vce-row-columns--top vce-row-content--top\" id=\"el-f80252b3\" data-vce-do-apply=\"all el-f80252b3\"><div class=\"vce-row-content\" data-vce-element-content=\"true\"><div class=\"vce-col\" id=\"el-56ca30bc\"><div class=\"vce-col-inner\" data-vce-do-apply=\"border margin background  el-56ca30bc\"><div class=\"vce-col-content\" data-vce-element-content=\"true\" data-vce-do-apply=\"padding el-56ca30bc\"><div class=\"vce-text-block\"><div class=\"vce-text-block-wrapper vce\" id=\"el-01688d35\" data-vce-do-apply=\"all el-01688d35\"><p>Tenerife er en \u00f8y der v\u00e5ren aldri slutter. \u00d8ya har en gjennomsnittstemperatur p\u00e5 23 grader og omtrent 300 soldager og 3000 timer med sollys per \u00e5r. Tenerife er kjent for milde somre og relativt varme vintre, samt for at solen stort sett er \u00e5 se \u00e5ret rundt. V\u00e6ret p\u00e5 Tenerife er et resultat av en kombinasjon av kalde havstr\u00f8mmer, varmen fra Krepsens vendekrets, passatvinder og \u00f8yas orografi \u2013 med temperaturer fra 17 grader om vinteren og 25 grader i l\u00f8pet av de varmeste m\u00e5nedene. \u00d8yas unike orografi skaper varierende v\u00e6rforhold i forskjellige omr\u00e5der, faktisk i s\u00e5 stor grad at du kan leke i sn\u00f8en i El Teides bakker om morgenen og sole deg eller bade p\u00e5 s\u00f8rkysten om ettermiddagen.<\/p><p>Det milde klimaet p\u00e5 Tenerife gj\u00f8r at folk kan nyte solen og havet n\u00e5r som helst p\u00e5 \u00e5ret, og det har skapt en fantastisk landsbygd, utrolige landskap og frodige, tette skoger. Den s\u00f8rlige delen av \u00f8ya er t\u00f8rrere og har mer timer med dagslys totalt, mens den nordlige delen har mer regn og fuktigere luft. Derfor er det viktig \u00e5 huske \u00e5 ta med forskjellige typer kl\u00e6r, avhengig av om du skal v\u00e6re i nord eller s\u00f8r, og om du har tenkt \u00e5 holde deg ved sj\u00f8en eller dra opp i fjellet.<\/p><p>I Las Ca\u00f1adas del Teide, 2700 meter over havet, finnes det spesielle plantearter som p\u00e5 grunn av det unike klimaet bare vokser p\u00e5 Tenerife. <\/p><\/div><\/div><\/div><\/div><\/div><\/div><\/div><\/div><div class=\"vce-row-container\"><div class=\"vce-row vce-row--col-gap-30 vce-row-columns--top vce-row-content--top\" id=\"el-4fa64f29\" data-vce-do-apply=\"all el-4fa64f29\"><div class=\"vce-row-content\" data-vce-element-content=\"true\"><div class=\"vce-col vce-col--md-auto vce-col--xs-1 vce-col--xs-last vce-col--xs-first vce-col--sm-last vce-col--sm-first vce-col--md-first vce-col--lg-first vce-col--xl-first\" id=\"el-50938f81\"><div class=\"vce-col-inner\" data-vce-do-apply=\"border margin background  el-50938f81\"><div class=\"vce-col-content\" data-vce-element-content=\"true\" data-vce-do-apply=\"padding el-50938f81\"><div class=\"vce-single-image-container vce-single-image--align-left\"><div class=\"vce vce-single-image-wrapper\" id=\"el-87356798\" data-vce-do-apply=\"all el-87356798\"><figure><div class=\"vce-single-image-inner vce-single-image--absolute\" style=\"padding-bottom: 58.3333%; width: 600px;\"><img class=\"vce-single-image\" width=\"600\" height=\"350\"src=\"https:\/\/www.related.dk\/active-tenerife-tradekit\/wp-content\/uploads\/2020\/02\/About-Tenerife-Climate-600x350.jpg\" srcset=\"https:\/\/www.related.dk\/active-tenerife-tradekit\/wp-content\/uploads\/2020\/02\/About-Tenerife-Climate-320x187.jpg 320w,https:\/\/www.related.dk\/active-tenerife-tradekit\/wp-content\/uploads\/2020\/02\/About-Tenerife-Climate-480x280.jpg 480w,https:\/\/www.related.dk\/active-tenerife-tradekit\/wp-content\/uploads\/2020\/02\/About-Tenerife-Climate-600x350.jpg 600w\" data-img-src=\"https:\/\/www.related.dk\/active-tenerife-tradekit\/wp-content\/uploads\/2020\/02\/About-Tenerife-Climate.jpg\" alt=\"\" title=\"About Tenerife - Climate\"\/><\/div><\/figure><\/div><\/div><\/div><\/div><\/div><div class=\"vce-col vce-col--md-auto vce-col--xs-1 vce-col--xs-last vce-col--xs-first vce-col--sm-last vce-col--sm-first vce-col--md-last vce-col--lg-last vce-col--xl-last\" id=\"el-27949289\"><div class=\"vce-col-inner\" data-vce-do-apply=\"border margin background  el-27949289\"><div class=\"vce-col-content\" data-vce-element-content=\"true\" data-vce-do-apply=\"padding el-27949289\"><div class=\"vce-single-image-container vce-single-image--align-left\"><div class=\"vce vce-single-image-wrapper\" id=\"el-16aed194\" data-vce-do-apply=\"all el-16aed194\"><figure><div class=\"vce-single-image-inner vce-single-image--absolute\" style=\"padding-bottom: 58.3333%; width: 600px;\"><img class=\"vce-single-image\" width=\"600\" height=\"350\"src=\"https:\/\/www.related.dk\/active-tenerife-tradekit\/wp-content\/uploads\/2020\/02\/About-Tenerife-Climate-3-600x350.jpg\" srcset=\"https:\/\/www.related.dk\/active-tenerife-tradekit\/wp-content\/uploads\/2020\/02\/About-Tenerife-Climate-3-320x187.jpg 320w,https:\/\/www.related.dk\/active-tenerife-tradekit\/wp-content\/uploads\/2020\/02\/About-Tenerife-Climate-3-480x280.jpg 480w,https:\/\/www.related.dk\/active-tenerife-tradekit\/wp-content\/uploads\/2020\/02\/About-Tenerife-Climate-3-600x350.jpg 600w\" data-img-src=\"https:\/\/www.related.dk\/active-tenerife-tradekit\/wp-content\/uploads\/2020\/02\/About-Tenerife-Climate-3.jpg\" alt=\"\" title=\"About Tenerife - Climate (3)\"\/><\/div><\/figure><\/div><\/div><\/div><\/div><\/div><\/div><\/div><\/div>\n","protected":false},"excerpt":{"rendered":"<p>KLIMATenerife er en \u00f8y der v\u00e5ren aldri slutter. \u00d8ya har en gjennomsnittstemperatur p\u00e5 23 grader og omtrent 300 soldager og 3000 timer med sollys per \u00e5r. Tenerife er kjent for milde somre og relativt varme vintre, samt for at solen stort sett er \u00e5 se \u00e5ret rundt. V\u00e6ret p\u00e5 Tenerife er et resultat av en &hellip; <\/p>\n<p class=\"link-more\"><a href=\"https:\/\/www.related.dk\/active-tenerife-tradekit\/om-tenerife\/klima\/\" class=\"more-link\">L\u00e6s videre<span class=\"screen-reader-text\"> &#8220;Klima&#8221;<\/span><\/a><\/p>\n","protected":false},"author":2,"featured_media":0,"parent":979,"menu_order":0,"comment_status":"closed","ping_status":"closed","template":"","meta":[],"yoast_head":"<!-- This site is optimized with the Yoast SEO plugin v20.7 - https:\/\/yoast.com\/wordpress\/plugins\/seo\/ -->\n<title>Klima - Active Tenerife - Tradekit<\/title>\n<meta name=\"robots\" content=\"index, follow, max-snippet:-1, max-image-preview:large, max-video-preview:-1\" \/>\n<link rel=\"canonical\" href=\"https:\/\/www.related.dk\/active-tenerife-tradekit\/om-tenerife\/klima\/\" \/>\n<meta property=\"og:locale\" content=\"da_DK\" \/>\n<meta property=\"og:type\" content=\"article\" \/>\n<meta property=\"og:title\" content=\"Klima - Active Tenerife - Tradekit\" \/>\n<meta property=\"og:description\" content=\"KLIMATenerife er en \u00f8y der v\u00e5ren aldri slutter. \u00d8ya har en gjennomsnittstemperatur p\u00e5 23 grader og omtrent 300 soldager og 3000 timer med sollys per \u00e5r. Tenerife er kjent for milde somre og relativt varme vintre, samt for at solen stort sett er \u00e5 se \u00e5ret rundt. V\u00e6ret p\u00e5 Tenerife er et resultat av en &hellip; L\u00e6s videre &quot;Klima&quot;\" \/>\n<meta property=\"og:url\" content=\"https:\/\/www.related.dk\/active-tenerife-tradekit\/om-tenerife\/klima\/\" \/>\n<meta property=\"og:site_name\" content=\"Active Tenerife - Tradekit\" \/>\n<meta property=\"article:modified_time\" content=\"2020-02-12T12:05:08+00:00\" \/>\n<meta name=\"twitter:card\" content=\"summary_large_image\" \/>\n<meta name=\"twitter:label1\" content=\"Estimeret l\u00e6setid\" \/>\n\t<meta name=\"twitter:data1\" content=\"1 minut\" \/>\n<script type=\"application\/ld+json\" class=\"yoast-schema-graph\">{\"@context\":\"https:\/\/schema.org\",\"@graph\":[{\"@type\":\"WebPage\",\"@id\":\"https:\/\/www.related.dk\/active-tenerife-tradekit\/om-tenerife\/klima\/\",\"url\":\"https:\/\/www.related.dk\/active-tenerife-tradekit\/om-tenerife\/klima\/\",\"name\":\"Klima - Active Tenerife - Tradekit\",\"isPartOf\":{\"@id\":\"https:\/\/www.related.dk\/active-tenerife-tradekit\/#website\"},\"datePublished\":\"2020-02-12T12:04:37+00:00\",\"dateModified\":\"2020-02-12T12:05:08+00:00\",\"breadcrumb\":{\"@id\":\"https:\/\/www.related.dk\/active-tenerife-tradekit\/om-tenerife\/klima\/#breadcrumb\"},\"inLanguage\":\"da-DK\",\"potentialAction\":[{\"@type\":\"ReadAction\",\"target\":[\"https:\/\/www.related.dk\/active-tenerife-tradekit\/om-tenerife\/klima\/\"]}]},{\"@type\":\"BreadcrumbList\",\"@id\":\"https:\/\/www.related.dk\/active-tenerife-tradekit\/om-tenerife\/klima\/#breadcrumb\",\"itemListElement\":[{\"@type\":\"ListItem\",\"position\":1,\"name\":\"Home\",\"item\":\"https:\/\/www.related.dk\/active-tenerife-tradekit\/\"},{\"@type\":\"ListItem\",\"position\":2,\"name\":\"Om Tenerife\",\"item\":\"https:\/\/www.related.dk\/active-tenerife-tradekit\/om-tenerife\/\"},{\"@type\":\"ListItem\",\"position\":3,\"name\":\"Klima\"}]},{\"@type\":\"WebSite\",\"@id\":\"https:\/\/www.related.dk\/active-tenerife-tradekit\/#website\",\"url\":\"https:\/\/www.related.dk\/active-tenerife-tradekit\/\",\"name\":\"Active Tenerife - Tradekit\",\"description\":\"\",\"potentialAction\":[{\"@type\":\"SearchAction\",\"target\":{\"@type\":\"EntryPoint\",\"urlTemplate\":\"https:\/\/www.related.dk\/active-tenerife-tradekit\/?s={search_term_string}\"},\"query-input\":\"required name=search_term_string\"}],\"inLanguage\":\"da-DK\"}]}<\/script>\n<!-- \/ Yoast SEO plugin. -->","yoast_head_json":{"title":"Klima - Active Tenerife - Tradekit","robots":{"index":"index","follow":"follow","max-snippet":"max-snippet:-1","max-image-preview":"max-image-preview:large","max-video-preview":"max-video-preview:-1"},"canonical":"https:\/\/www.related.dk\/active-tenerife-tradekit\/om-tenerife\/klima\/","og_locale":"da_DK","og_type":"article","og_title":"Klima - Active Tenerife - Tradekit","og_description":"KLIMATenerife er en \u00f8y der v\u00e5ren aldri slutter. \u00d8ya har en gjennomsnittstemperatur p\u00e5 23 grader og omtrent 300 soldager og 3000 timer med sollys per \u00e5r. Tenerife er kjent for milde somre og relativt varme vintre, samt for at solen stort sett er \u00e5 se \u00e5ret rundt. V\u00e6ret p\u00e5 Tenerife er et resultat av en &hellip; L\u00e6s videre \"Klima\"","og_url":"https:\/\/www.related.dk\/active-tenerife-tradekit\/om-tenerife\/klima\/","og_site_name":"Active Tenerife - Tradekit","article_modified_time":"2020-02-12T12:05:08+00:00","twitter_card":"summary_large_image","twitter_misc":{"Estimeret l\u00e6setid":"1 minut"},"schema":{"@context":"https:\/\/schema.org","@graph":[{"@type":"WebPage","@id":"https:\/\/www.related.dk\/active-tenerife-tradekit\/om-tenerife\/klima\/","url":"https:\/\/www.related.dk\/active-tenerife-tradekit\/om-tenerife\/klima\/","name":"Klima - Active Tenerife - Tradekit","isPartOf":{"@id":"https:\/\/www.related.dk\/active-tenerife-tradekit\/#website"},"datePublished":"2020-02-12T12:04:37+00:00","dateModified":"2020-02-12T12:05:08+00:00","breadcrumb":{"@id":"https:\/\/www.related.dk\/active-tenerife-tradekit\/om-tenerife\/klima\/#breadcrumb"},"inLanguage":"da-DK","potentialAction":[{"@type":"ReadAction","target":["https:\/\/www.related.dk\/active-tenerife-tradekit\/om-tenerife\/klima\/"]}]},{"@type":"BreadcrumbList","@id":"https:\/\/www.related.dk\/active-tenerife-tradekit\/om-tenerife\/klima\/#breadcrumb","itemListElement":[{"@type":"ListItem","position":1,"name":"Home","item":"https:\/\/www.related.dk\/active-tenerife-tradekit\/"},{"@type":"ListItem","position":2,"name":"Om Tenerife","item":"https:\/\/www.related.dk\/active-tenerife-tradekit\/om-tenerife\/"},{"@type":"ListItem","position":3,"name":"Klima"}]},{"@type":"WebSite","@id":"https:\/\/www.related.dk\/active-tenerife-tradekit\/#website","url":"https:\/\/www.related.dk\/active-tenerife-tradekit\/","name":"Active Tenerife - Tradekit","description":"","potentialAction":[{"@type":"SearchAction","target":{"@type":"EntryPoint","urlTemplate":"https:\/\/www.related.dk\/active-tenerife-tradekit\/?s={search_term_string}"},"query-input":"required name=search_term_string"}],"inLanguage":"da-DK"}]}},"_links":{"self":[{"href":"https:\/\/www.related.dk\/active-tenerife-tradekit\/wp-json\/wp\/v2\/pages\/988"}],"collection":[{"href":"https:\/\/www.related.dk\/active-tenerife-tradekit\/wp-json\/wp\/v2\/pages"}],"about":[{"href":"https:\/\/www.related.dk\/active-tenerife-tradekit\/wp-json\/wp\/v2\/types\/page"}],"author":[{"embeddable":true,"href":"https:\/\/www.related.dk\/active-tenerife-tradekit\/wp-json\/wp\/v2\/users\/2"}],"replies":[{"embeddable":true,"href":"https:\/\/www.related.dk\/active-tenerife-tradekit\/wp-json\/wp\/v2\/comments?post=988"}],"version-history":[{"count":2,"href":"https:\/\/www.related.dk\/active-tenerife-tradekit\/wp-json\/wp\/v2\/pages\/988\/revisions"}],"predecessor-version":[{"id":991,"href":"https:\/\/www.related.dk\/active-tenerife-tradekit\/wp-json\/wp\/v2\/pages\/988\/revisions\/991"}],"up":[{"embeddable":true,"href":"https:\/\/www.related.dk\/active-tenerife-tradekit\/wp-json\/wp\/v2\/pages\/979"}],"wp:attachment":[{"href":"https:\/\/www.related.dk\/active-tenerife-tradekit\/wp-json\/wp\/v2\/media?parent=988"}],"curies":[{"name":"wp","href":"https:\/\/api.w.org\/{rel}","templated":true}]}}