{"id":984,"date":"2020-02-12T12:01:33","date_gmt":"2020-02-12T12:01:33","guid":{"rendered":"http:\/\/www.related.dk\/active-tenerife-tradekit\/?page_id=984"},"modified":"2020-02-12T12:03:13","modified_gmt":"2020-02-12T12:03:13","slug":"oeya","status":"publish","type":"page","link":"https:\/\/www.related.dk\/active-tenerife-tradekit\/om-tenerife\/oeya\/","title":{"rendered":"\u00d8ya"},"content":{"rendered":"<div class=\"vce-row-container\"><div class=\"vce-row vce-row--col-gap-30 vce-row-columns--top vce-row-content--top\" id=\"el-dba0474a\" data-vce-do-apply=\"all el-dba0474a\"><div class=\"vce-row-content\" data-vce-element-content=\"true\"><div class=\"vce-col\" id=\"el-adb4499e\"><div class=\"vce-col-inner\" data-vce-do-apply=\"border margin background  el-adb4499e\"><div class=\"vce-col-content\" data-vce-element-content=\"true\" data-vce-do-apply=\"padding el-adb4499e\"><section class=\"vce-hero-section-container vce-hero-section-media--xs vce-hero-section-media--sm vce-hero-section-media--md vce-hero-section-media--lg\"><div class=\"vce vce-hero-section vce-hero-section--alignment-start\" id=\"el-6c9b7b65\" data-vce-do-apply=\"margin background border  el-6c9b7b65\"><div class=\"vce-hero-section--wrap-row vce-hero-section--background-position-center-center\" style=\"background-image: url('https:\/\/www.related.dk\/active-tenerife-tradekit\/wp-content\/uploads\/2020\/02\/About-Tenerife-the-island-1..jpg');\"><div class=\"vce-hero-section--wrap\"><div class=\"vce-hero-section--content\" data-vce-do-apply=\"padding el-6c9b7b65\"><div class=\"vce-hero-section--content-container\"><h1><strong>\u00d8YA<\/strong><\/h1><\/div><\/div><\/div><\/div><\/div><\/section><\/div><\/div><\/div><\/div><\/div><\/div><div class=\"vce-row-container\"><div class=\"vce-row vce-row--col-gap-30 vce-row-columns--top vce-row-content--top\" id=\"el-42dfe053\" data-vce-do-apply=\"all el-42dfe053\"><div class=\"vce-row-content\" data-vce-element-content=\"true\"><div class=\"vce-col\" id=\"el-1400fba9\"><div class=\"vce-col-inner\" data-vce-do-apply=\"border margin background  el-1400fba9\"><div class=\"vce-col-content\" data-vce-element-content=\"true\" data-vce-do-apply=\"padding el-1400fba9\"><div class=\"vce-text-block\"><div class=\"vce-text-block-wrapper vce\" id=\"el-9e006030\" data-vce-do-apply=\"all el-9e006030\"><p>De siste \u00e5rene er det blitt mer vanlig \u00e5 fokusere p\u00e5 en sunn livsstil, og \u00f8ya Tenerife er n\u00e5 anerkjent som et sted hvor man kan kombinere en avslappende ferie med idrett og friluftsliv. \u00d8ya har en \u00e5rlig gjennomsnittstemperatur p\u00e5 23 grader, noe som skaper et klima som kan minne om uavbrutt v\u00e5r. \u00d8yas br\u00e5 typografi p\u00e5virker de lokale v\u00e6rforholdene, noe som gir en stor variasjon av mikroklima. Dette skaper perfekte steder for aktiviteter med ulike krav. For eksempel kan du g\u00e5 tur p\u00e5 den sn\u00f8dekte toppen av vulkanen El Teide om morgenen og tilbringe ettermiddagen med \u00e5 slappe av p\u00e5 stranden. Eller s\u00e5 kan du tilbringe morgenen med \u00e5 padle kajakk i solen ved de imponerende fjellveggene Los Gigantes, og bedrive terrengsykling i den tette skogen p\u00e5 ettermiddagen. Det unike landskapet p\u00e5 Tenerife er et resultat av den vulkanske aktiviteten som har formet \u00f8ya over flere millioner \u00e5r. Dette har gitt \u00f8ya mange ulike typer omgivelser \u00e5 glede seg over n\u00e5r man er ute p\u00e5 ulike aktiviteter.<\/p><p>Det behagelige klimaet og de milde temperaturene i vannet gjorde Tenerife til et popul\u00e6rt turistm\u00e5l i l\u00f8pet av de siste ti\u00e5rene av 1900-tallet. P\u00e5 den tiden str\u00f8mmet tusenvis av europeere med helseproblemer til \u00f8ya for \u00e5 bli bedre av revmatisme, hudproblemer og pustevansker. Den rene atlanterhavsluften og det klare vannet p\u00e5 Kanari\u00f8yene ble sett p\u00e5 som bra for helsen.<\/p><p><strong>St\u00f8rrelse og bes\u00f8kende<\/strong> <br>Tenerife er den st\u00f8rste av Kanari\u00f8yene med et areal p\u00e5 2034 km\u00b2. Det er 904 713 fastboende p\u00e5 \u00f8ya, som ble bes\u00f8kt av 5 801 954 personer i 2018, hvorav 404 660 fra Norden. Mer enn halvparten av de bes\u00f8kende (60 %) vender tilbake. Selv om Tenerife er en liten \u00f8y, er den takket v\u00e6re de spesielle milj\u00f8forholdene hjem til et forbl\u00f8ffende \u00f8kologisk mangfold. Overfloden av mikroklima har resultert i mange ulike naturlige habitat, noe som er lett \u00e5 se i \u00f8yas vegetasjon. Det er stor vitenskapelig interesse i Tenerife, p\u00e5 grunn av \u00f8yas mange s\u00e6regenheter og uavklarte mysterier n\u00e5r det gjelder dens opprinnelse og geologiske utvikling. <\/p><\/div><\/div><\/div><\/div><\/div><\/div><\/div><\/div><div class=\"vce-row-container\"><div class=\"vce-row vce-row--col-gap-30 vce-row-columns--top vce-row-content--top\" id=\"el-fb14b61d\" data-vce-do-apply=\"all el-fb14b61d\"><div class=\"vce-row-content\" data-vce-element-content=\"true\"><div class=\"vce-col vce-col--md-auto vce-col--xs-1 vce-col--xs-last vce-col--xs-first vce-col--sm-last vce-col--sm-first vce-col--md-first vce-col--lg-first vce-col--xl-first\" id=\"el-fa4554ff\"><div class=\"vce-col-inner\" data-vce-do-apply=\"border margin background  el-fa4554ff\"><div class=\"vce-col-content\" data-vce-element-content=\"true\" data-vce-do-apply=\"padding el-fa4554ff\"><div class=\"vce-single-image-container vce-single-image--align-left\"><div class=\"vce vce-single-image-wrapper\" id=\"el-94ad95f0\" data-vce-do-apply=\"all el-94ad95f0\"><figure><div class=\"vce-single-image-inner vce-single-image--absolute\" style=\"padding-bottom: 58.3333%; width: 600px;\"><img class=\"vce-single-image\" width=\"600\" height=\"350\"src=\"https:\/\/www.related.dk\/active-tenerife-tradekit\/wp-content\/uploads\/2020\/02\/About-Tenerife-the-island-1-600x350.jpg\" srcset=\"https:\/\/www.related.dk\/active-tenerife-tradekit\/wp-content\/uploads\/2020\/02\/About-Tenerife-the-island-1-320x187.jpg 320w,https:\/\/www.related.dk\/active-tenerife-tradekit\/wp-content\/uploads\/2020\/02\/About-Tenerife-the-island-1-480x280.jpg 480w,https:\/\/www.related.dk\/active-tenerife-tradekit\/wp-content\/uploads\/2020\/02\/About-Tenerife-the-island-1-600x350.jpg 600w\" data-img-src=\"https:\/\/www.related.dk\/active-tenerife-tradekit\/wp-content\/uploads\/2020\/02\/About-Tenerife-the-island-1.jpg\" alt=\"\" title=\"About Tenerife - the island - 1\"\/><\/div><\/figure><\/div><\/div><\/div><\/div><\/div><div class=\"vce-col vce-col--md-auto vce-col--xs-1 vce-col--xs-last vce-col--xs-first vce-col--sm-last vce-col--sm-first vce-col--md-last vce-col--lg-last vce-col--xl-last\" id=\"el-4ac0a430\"><div class=\"vce-col-inner\" data-vce-do-apply=\"border margin background  el-4ac0a430\"><div class=\"vce-col-content\" data-vce-element-content=\"true\" data-vce-do-apply=\"padding el-4ac0a430\"><div class=\"vce-single-image-container vce-single-image--align-left\"><div class=\"vce vce-single-image-wrapper\" id=\"el-66b42790\" data-vce-do-apply=\"all el-66b42790\"><figure><div class=\"vce-single-image-inner vce-single-image--absolute\" style=\"padding-bottom: 58.3333%; width: 600px;\"><img class=\"vce-single-image\" width=\"600\" height=\"350\"src=\"https:\/\/www.related.dk\/active-tenerife-tradekit\/wp-content\/uploads\/2020\/02\/kayak-los-gigantes-04-600x350.jpg\" srcset=\"https:\/\/www.related.dk\/active-tenerife-tradekit\/wp-content\/uploads\/2020\/02\/kayak-los-gigantes-04-320x187.jpg 320w,https:\/\/www.related.dk\/active-tenerife-tradekit\/wp-content\/uploads\/2020\/02\/kayak-los-gigantes-04-480x280.jpg 480w,https:\/\/www.related.dk\/active-tenerife-tradekit\/wp-content\/uploads\/2020\/02\/kayak-los-gigantes-04-600x350.jpg 600w\" data-img-src=\"https:\/\/www.related.dk\/active-tenerife-tradekit\/wp-content\/uploads\/2020\/02\/kayak-los-gigantes-04.jpg\" alt=\"\" title=\"kayak-los-gigantes-04\"\/><\/div><\/figure><\/div><\/div><\/div><\/div><\/div><\/div><\/div><\/div>\n","protected":false},"excerpt":{"rendered":"<p>\u00d8YADe siste \u00e5rene er det blitt mer vanlig \u00e5 fokusere p\u00e5 en sunn livsstil, og \u00f8ya Tenerife er n\u00e5 anerkjent som et sted hvor man kan kombinere en avslappende ferie med idrett og friluftsliv. \u00d8ya har en \u00e5rlig gjennomsnittstemperatur p\u00e5 23 grader, noe som skaper et klima som kan minne om uavbrutt v\u00e5r. \u00d8yas br\u00e5 &hellip; <\/p>\n<p class=\"link-more\"><a href=\"https:\/\/www.related.dk\/active-tenerife-tradekit\/om-tenerife\/oeya\/\" class=\"more-link\">L\u00e6s videre<span class=\"screen-reader-text\"> &#8220;\u00d8ya&#8221;<\/span><\/a><\/p>\n","protected":false},"author":2,"featured_media":0,"parent":979,"menu_order":0,"comment_status":"closed","ping_status":"closed","template":"","meta":[],"yoast_head":"<!-- This site is optimized with the Yoast SEO plugin v20.7 - https:\/\/yoast.com\/wordpress\/plugins\/seo\/ -->\n<title>\u00d8ya - Active Tenerife - Tradekit<\/title>\n<meta name=\"robots\" content=\"index, follow, max-snippet:-1, max-image-preview:large, max-video-preview:-1\" \/>\n<link rel=\"canonical\" href=\"https:\/\/www.related.dk\/active-tenerife-tradekit\/om-tenerife\/oeya\/\" \/>\n<meta property=\"og:locale\" content=\"da_DK\" \/>\n<meta property=\"og:type\" content=\"article\" \/>\n<meta property=\"og:title\" content=\"\u00d8ya - Active Tenerife - Tradekit\" \/>\n<meta property=\"og:description\" content=\"\u00d8YADe siste \u00e5rene er det blitt mer vanlig \u00e5 fokusere p\u00e5 en sunn livsstil, og \u00f8ya Tenerife er n\u00e5 anerkjent som et sted hvor man kan kombinere en avslappende ferie med idrett og friluftsliv. \u00d8ya har en \u00e5rlig gjennomsnittstemperatur p\u00e5 23 grader, noe som skaper et klima som kan minne om uavbrutt v\u00e5r. \u00d8yas br\u00e5 &hellip; L\u00e6s videre &quot;\u00d8ya&quot;\" \/>\n<meta property=\"og:url\" content=\"https:\/\/www.related.dk\/active-tenerife-tradekit\/om-tenerife\/oeya\/\" \/>\n<meta property=\"og:site_name\" content=\"Active Tenerife - Tradekit\" \/>\n<meta property=\"article:modified_time\" content=\"2020-02-12T12:03:13+00:00\" \/>\n<meta name=\"twitter:card\" content=\"summary_large_image\" \/>\n<meta name=\"twitter:label1\" content=\"Estimeret l\u00e6setid\" \/>\n\t<meta name=\"twitter:data1\" content=\"2 minutter\" \/>\n<script type=\"application\/ld+json\" class=\"yoast-schema-graph\">{\"@context\":\"https:\/\/schema.org\",\"@graph\":[{\"@type\":\"WebPage\",\"@id\":\"https:\/\/www.related.dk\/active-tenerife-tradekit\/om-tenerife\/oeya\/\",\"url\":\"https:\/\/www.related.dk\/active-tenerife-tradekit\/om-tenerife\/oeya\/\",\"name\":\"\u00d8ya - Active Tenerife - Tradekit\",\"isPartOf\":{\"@id\":\"https:\/\/www.related.dk\/active-tenerife-tradekit\/#website\"},\"datePublished\":\"2020-02-12T12:01:33+00:00\",\"dateModified\":\"2020-02-12T12:03:13+00:00\",\"breadcrumb\":{\"@id\":\"https:\/\/www.related.dk\/active-tenerife-tradekit\/om-tenerife\/oeya\/#breadcrumb\"},\"inLanguage\":\"da-DK\",\"potentialAction\":[{\"@type\":\"ReadAction\",\"target\":[\"https:\/\/www.related.dk\/active-tenerife-tradekit\/om-tenerife\/oeya\/\"]}]},{\"@type\":\"BreadcrumbList\",\"@id\":\"https:\/\/www.related.dk\/active-tenerife-tradekit\/om-tenerife\/oeya\/#breadcrumb\",\"itemListElement\":[{\"@type\":\"ListItem\",\"position\":1,\"name\":\"Home\",\"item\":\"https:\/\/www.related.dk\/active-tenerife-tradekit\/\"},{\"@type\":\"ListItem\",\"position\":2,\"name\":\"Om Tenerife\",\"item\":\"https:\/\/www.related.dk\/active-tenerife-tradekit\/om-tenerife\/\"},{\"@type\":\"ListItem\",\"position\":3,\"name\":\"\u00d8ya\"}]},{\"@type\":\"WebSite\",\"@id\":\"https:\/\/www.related.dk\/active-tenerife-tradekit\/#website\",\"url\":\"https:\/\/www.related.dk\/active-tenerife-tradekit\/\",\"name\":\"Active Tenerife - Tradekit\",\"description\":\"\",\"potentialAction\":[{\"@type\":\"SearchAction\",\"target\":{\"@type\":\"EntryPoint\",\"urlTemplate\":\"https:\/\/www.related.dk\/active-tenerife-tradekit\/?s={search_term_string}\"},\"query-input\":\"required name=search_term_string\"}],\"inLanguage\":\"da-DK\"}]}<\/script>\n<!-- \/ Yoast SEO plugin. -->","yoast_head_json":{"title":"\u00d8ya - Active Tenerife - Tradekit","robots":{"index":"index","follow":"follow","max-snippet":"max-snippet:-1","max-image-preview":"max-image-preview:large","max-video-preview":"max-video-preview:-1"},"canonical":"https:\/\/www.related.dk\/active-tenerife-tradekit\/om-tenerife\/oeya\/","og_locale":"da_DK","og_type":"article","og_title":"\u00d8ya - Active Tenerife - Tradekit","og_description":"\u00d8YADe siste \u00e5rene er det blitt mer vanlig \u00e5 fokusere p\u00e5 en sunn livsstil, og \u00f8ya Tenerife er n\u00e5 anerkjent som et sted hvor man kan kombinere en avslappende ferie med idrett og friluftsliv. \u00d8ya har en \u00e5rlig gjennomsnittstemperatur p\u00e5 23 grader, noe som skaper et klima som kan minne om uavbrutt v\u00e5r. \u00d8yas br\u00e5 &hellip; L\u00e6s videre \"\u00d8ya\"","og_url":"https:\/\/www.related.dk\/active-tenerife-tradekit\/om-tenerife\/oeya\/","og_site_name":"Active Tenerife - Tradekit","article_modified_time":"2020-02-12T12:03:13+00:00","twitter_card":"summary_large_image","twitter_misc":{"Estimeret l\u00e6setid":"2 minutter"},"schema":{"@context":"https:\/\/schema.org","@graph":[{"@type":"WebPage","@id":"https:\/\/www.related.dk\/active-tenerife-tradekit\/om-tenerife\/oeya\/","url":"https:\/\/www.related.dk\/active-tenerife-tradekit\/om-tenerife\/oeya\/","name":"\u00d8ya - Active Tenerife - Tradekit","isPartOf":{"@id":"https:\/\/www.related.dk\/active-tenerife-tradekit\/#website"},"datePublished":"2020-02-12T12:01:33+00:00","dateModified":"2020-02-12T12:03:13+00:00","breadcrumb":{"@id":"https:\/\/www.related.dk\/active-tenerife-tradekit\/om-tenerife\/oeya\/#breadcrumb"},"inLanguage":"da-DK","potentialAction":[{"@type":"ReadAction","target":["https:\/\/www.related.dk\/active-tenerife-tradekit\/om-tenerife\/oeya\/"]}]},{"@type":"BreadcrumbList","@id":"https:\/\/www.related.dk\/active-tenerife-tradekit\/om-tenerife\/oeya\/#breadcrumb","itemListElement":[{"@type":"ListItem","position":1,"name":"Home","item":"https:\/\/www.related.dk\/active-tenerife-tradekit\/"},{"@type":"ListItem","position":2,"name":"Om Tenerife","item":"https:\/\/www.related.dk\/active-tenerife-tradekit\/om-tenerife\/"},{"@type":"ListItem","position":3,"name":"\u00d8ya"}]},{"@type":"WebSite","@id":"https:\/\/www.related.dk\/active-tenerife-tradekit\/#website","url":"https:\/\/www.related.dk\/active-tenerife-tradekit\/","name":"Active Tenerife - Tradekit","description":"","potentialAction":[{"@type":"SearchAction","target":{"@type":"EntryPoint","urlTemplate":"https:\/\/www.related.dk\/active-tenerife-tradekit\/?s={search_term_string}"},"query-input":"required name=search_term_string"}],"inLanguage":"da-DK"}]}},"_links":{"self":[{"href":"https:\/\/www.related.dk\/active-tenerife-tradekit\/wp-json\/wp\/v2\/pages\/984"}],"collection":[{"href":"https:\/\/www.related.dk\/active-tenerife-tradekit\/wp-json\/wp\/v2\/pages"}],"about":[{"href":"https:\/\/www.related.dk\/active-tenerife-tradekit\/wp-json\/wp\/v2\/types\/page"}],"author":[{"embeddable":true,"href":"https:\/\/www.related.dk\/active-tenerife-tradekit\/wp-json\/wp\/v2\/users\/2"}],"replies":[{"embeddable":true,"href":"https:\/\/www.related.dk\/active-tenerife-tradekit\/wp-json\/wp\/v2\/comments?post=984"}],"version-history":[{"count":2,"href":"https:\/\/www.related.dk\/active-tenerife-tradekit\/wp-json\/wp\/v2\/pages\/984\/revisions"}],"predecessor-version":[{"id":986,"href":"https:\/\/www.related.dk\/active-tenerife-tradekit\/wp-json\/wp\/v2\/pages\/984\/revisions\/986"}],"up":[{"embeddable":true,"href":"https:\/\/www.related.dk\/active-tenerife-tradekit\/wp-json\/wp\/v2\/pages\/979"}],"wp:attachment":[{"href":"https:\/\/www.related.dk\/active-tenerife-tradekit\/wp-json\/wp\/v2\/media?parent=984"}],"curies":[{"name":"wp","href":"https:\/\/api.w.org\/{rel}","templated":true}]}}