{"id":973,"date":"2020-02-12T11:55:59","date_gmt":"2020-02-12T11:55:59","guid":{"rendered":"http:\/\/www.related.dk\/active-tenerife-tradekit\/?page_id=973"},"modified":"2020-02-12T13:05:42","modified_gmt":"2020-02-12T13:05:42","slug":"overnatting","status":"publish","type":"page","link":"https:\/\/www.related.dk\/active-tenerife-tradekit\/overnatting\/","title":{"rendered":"Overnatting"},"content":{"rendered":"<div class=\"vce-row-container\"><div class=\"vce-row vce-row--col-gap-30 vce-row-columns--top vce-row-content--top\" id=\"el-642ed150\" data-vce-do-apply=\"all el-642ed150\"><div class=\"vce-row-content\" data-vce-element-content=\"true\"><div class=\"vce-col\" id=\"el-65fe7608\"><div class=\"vce-col-inner\" data-vce-do-apply=\"border margin background  el-65fe7608\"><div class=\"vce-col-content\" data-vce-element-content=\"true\" data-vce-do-apply=\"padding el-65fe7608\"><section class=\"vce-hero-section-container vce-hero-section-media--xs vce-hero-section-media--sm vce-hero-section-media--md vce-hero-section-media--lg\"><div class=\"vce vce-hero-section vce-hero-section--alignment-start\" id=\"el-bb3bbb00\" data-vce-do-apply=\"margin background border  el-bb3bbb00\"><div class=\"vce-hero-section--wrap-row vce-hero-section--background-position-center-center\" style=\"background-image: url('https:\/\/www.related.dk\/active-tenerife-tradekit\/wp-content\/uploads\/2020\/02\/Accommodation-VS2.jpg');\"><div class=\"vce-hero-section--wrap\"><div class=\"vce-hero-section--content\" data-vce-do-apply=\"padding el-bb3bbb00\"><div class=\"vce-hero-section--content-container\"><h1><strong>OVERNATTNING<\/strong><\/h1><\/div><\/div><\/div><\/div><\/div><\/section><\/div><\/div><\/div><\/div><\/div><\/div><div class=\"vce-row-container\"><div class=\"vce-row vce-row--col-gap-30 vce-row-columns--top vce-row-content--top\" id=\"el-040fa257\" data-vce-do-apply=\"all el-040fa257\"><div class=\"vce-row-content\" data-vce-element-content=\"true\"><div class=\"vce-col\" id=\"el-c86db62f\"><div class=\"vce-col-inner\" data-vce-do-apply=\"border margin background  el-c86db62f\"><div class=\"vce-col-content\" data-vce-element-content=\"true\" data-vce-do-apply=\"padding el-c86db62f\"><div class=\"vce-text-block\"><div class=\"vce-text-block-wrapper vce\" id=\"el-0450b49e\" data-vce-do-apply=\"all el-0450b49e\"><p>Det er mange overnattingsmuligheter p\u00e5 Tenerife: hoteller, leiligheter, milj\u00f8vennlige hus, feriehus, herberger, gjestehus og overnatting i landlige omgivelser. Her finnes det noe som passer til alle preferanser og budsjett.<\/p>\n<p><a href=\"https:\/\/www.webtenerife.co.uk\/where-stay\/\" target=\"_blank\" rel=\"noopener noreferrer\">Les mer om overnattingsmuligheter her<\/a><\/p>\n<p>\u00d8ya har mange overnattingsmuligheter: moderne, klassisk, landlig, ved sj\u00f8en eller i byen \u2013 alt du m\u00e5tte \u00f8nske deg for en uforglemmelig tid p\u00e5 Tenerife.<\/p>\n<p><a href=\"https:\/\/www.webtenerife.co.uk\/where-stay\/hotels\/\" target=\"_blank\" rel=\"noopener noreferrer\">Les mer om aktuelle hoteller her<\/a><\/p>\n<p>Hvis form\u00e5let med turen er sykling, <a href=\"https:\/\/www.webtenerife.co.uk\/where-stay\/hotels\/?filter-filtrocaracteristicasalojamientos=d128b796-cf7a-4fc1-99ff-fb35fe164e08\" target=\"_blank\" rel=\"noopener noreferrer\">er disse hotellene perfekte<\/a><\/p><\/div><\/div><\/div><\/div><\/div><\/div><\/div><\/div><div class=\"vce-row-container\"><div class=\"vce-row vce-row--col-gap-30 vce-row-columns--top vce-row-content--top\" id=\"el-6d544892\" data-vce-do-apply=\"all el-6d544892\"><div class=\"vce-row-content\" data-vce-element-content=\"true\"><div class=\"vce-col vce-col--md-auto vce-col--xs-1 vce-col--xs-last vce-col--xs-first vce-col--sm-last vce-col--sm-first vce-col--md-first vce-col--lg-first vce-col--xl-first\" id=\"el-7d8b175a\"><div class=\"vce-col-inner\" data-vce-do-apply=\"border margin background  el-7d8b175a\"><div class=\"vce-col-content\" data-vce-element-content=\"true\" data-vce-do-apply=\"padding el-7d8b175a\"><div class=\"vce-single-image-container vce-single-image--align-left\"><div class=\"vce vce-single-image-wrapper\" id=\"el-5e17e001\" data-vce-do-apply=\"all el-5e17e001\"><figure><div class=\"vce-single-image-inner vce-single-image--absolute\" style=\"padding-bottom: 58.3333%; width: 600px;\"><img class=\"vce-single-image\" width=\"600\" height=\"350\"src=\"https:\/\/www.related.dk\/active-tenerife-tradekit\/wp-content\/uploads\/2020\/02\/Accommodation-2-600x350.jpg\" srcset=\"https:\/\/www.related.dk\/active-tenerife-tradekit\/wp-content\/uploads\/2020\/02\/Accommodation-2-320x187.jpg 320w,https:\/\/www.related.dk\/active-tenerife-tradekit\/wp-content\/uploads\/2020\/02\/Accommodation-2-480x280.jpg 480w,https:\/\/www.related.dk\/active-tenerife-tradekit\/wp-content\/uploads\/2020\/02\/Accommodation-2-600x350.jpg 600w\" data-img-src=\"https:\/\/www.related.dk\/active-tenerife-tradekit\/wp-content\/uploads\/2020\/02\/Accommodation-2.jpg\" alt=\"\" title=\"Accommodation (2)\"\/><\/div><\/figure><\/div><\/div><\/div><\/div><\/div><div class=\"vce-col vce-col--md-auto vce-col--xs-1 vce-col--xs-last vce-col--xs-first vce-col--sm-last vce-col--sm-first vce-col--md-last vce-col--lg-last vce-col--xl-last\" id=\"el-9ed4b21f\"><div class=\"vce-col-inner\" data-vce-do-apply=\"border margin background  el-9ed4b21f\"><div class=\"vce-col-content\" data-vce-element-content=\"true\" data-vce-do-apply=\"padding el-9ed4b21f\"><div class=\"vce-single-image-container vce-single-image--align-left\"><div class=\"vce vce-single-image-wrapper\" id=\"el-7ea013cc\" data-vce-do-apply=\"all el-7ea013cc\"><figure><div class=\"vce-single-image-inner vce-single-image--absolute\" style=\"padding-bottom: 58.3333%; width: 600px;\"><img class=\"vce-single-image\" width=\"600\" height=\"350\"src=\"https:\/\/www.related.dk\/active-tenerife-tradekit\/wp-content\/uploads\/2020\/02\/Accommodation-3-600x350.jpg\" srcset=\"https:\/\/www.related.dk\/active-tenerife-tradekit\/wp-content\/uploads\/2020\/02\/Accommodation-3-320x187.jpg 320w,https:\/\/www.related.dk\/active-tenerife-tradekit\/wp-content\/uploads\/2020\/02\/Accommodation-3-480x280.jpg 480w,https:\/\/www.related.dk\/active-tenerife-tradekit\/wp-content\/uploads\/2020\/02\/Accommodation-3-600x350.jpg 600w\" data-img-src=\"https:\/\/www.related.dk\/active-tenerife-tradekit\/wp-content\/uploads\/2020\/02\/Accommodation-3.jpg\" alt=\"\" title=\"Accommodation (3)\"\/><\/div><\/figure><\/div><\/div><\/div><\/div><\/div><\/div><\/div><\/div>\n","protected":false},"excerpt":{"rendered":"<p>OVERNATTNINGDet er mange overnattingsmuligheter p\u00e5 Tenerife: hoteller, leiligheter, milj\u00f8vennlige hus, feriehus, herberger, gjestehus og overnatting i landlige omgivelser. Her finnes det noe som passer til alle preferanser og budsjett. Les mer om overnattingsmuligheter her \u00d8ya har mange overnattingsmuligheter: moderne, klassisk, landlig, ved sj\u00f8en eller i byen \u2013 alt du m\u00e5tte \u00f8nske deg for en uforglemmelig &hellip; <\/p>\n<p class=\"link-more\"><a href=\"https:\/\/www.related.dk\/active-tenerife-tradekit\/overnatting\/\" class=\"more-link\">L\u00e6s videre<span class=\"screen-reader-text\"> &#8220;Overnatting&#8221;<\/span><\/a><\/p>\n","protected":false},"author":2,"featured_media":0,"parent":0,"menu_order":0,"comment_status":"closed","ping_status":"closed","template":"","meta":[],"yoast_head":"<!-- This site is optimized with the Yoast SEO plugin v20.7 - https:\/\/yoast.com\/wordpress\/plugins\/seo\/ -->\n<title>Overnatting - Active Tenerife - Tradekit<\/title>\n<meta name=\"robots\" content=\"index, follow, max-snippet:-1, max-image-preview:large, max-video-preview:-1\" \/>\n<link rel=\"canonical\" href=\"https:\/\/www.related.dk\/active-tenerife-tradekit\/overnatting\/\" \/>\n<meta property=\"og:locale\" content=\"da_DK\" \/>\n<meta property=\"og:type\" content=\"article\" \/>\n<meta property=\"og:title\" content=\"Overnatting - Active Tenerife - Tradekit\" \/>\n<meta property=\"og:description\" content=\"OVERNATTNINGDet er mange overnattingsmuligheter p\u00e5 Tenerife: hoteller, leiligheter, milj\u00f8vennlige hus, feriehus, herberger, gjestehus og overnatting i landlige omgivelser. Her finnes det noe som passer til alle preferanser og budsjett. Les mer om overnattingsmuligheter her \u00d8ya har mange overnattingsmuligheter: moderne, klassisk, landlig, ved sj\u00f8en eller i byen \u2013 alt du m\u00e5tte \u00f8nske deg for en uforglemmelig &hellip; L\u00e6s videre &quot;Overnatting&quot;\" \/>\n<meta property=\"og:url\" content=\"https:\/\/www.related.dk\/active-tenerife-tradekit\/overnatting\/\" \/>\n<meta property=\"og:site_name\" content=\"Active Tenerife - Tradekit\" \/>\n<meta property=\"article:modified_time\" content=\"2020-02-12T13:05:42+00:00\" \/>\n<meta name=\"twitter:card\" content=\"summary_large_image\" \/>\n<script type=\"application\/ld+json\" class=\"yoast-schema-graph\">{\"@context\":\"https:\/\/schema.org\",\"@graph\":[{\"@type\":\"WebPage\",\"@id\":\"https:\/\/www.related.dk\/active-tenerife-tradekit\/overnatting\/\",\"url\":\"https:\/\/www.related.dk\/active-tenerife-tradekit\/overnatting\/\",\"name\":\"Overnatting - Active Tenerife - Tradekit\",\"isPartOf\":{\"@id\":\"https:\/\/www.related.dk\/active-tenerife-tradekit\/#website\"},\"datePublished\":\"2020-02-12T11:55:59+00:00\",\"dateModified\":\"2020-02-12T13:05:42+00:00\",\"breadcrumb\":{\"@id\":\"https:\/\/www.related.dk\/active-tenerife-tradekit\/overnatting\/#breadcrumb\"},\"inLanguage\":\"da-DK\",\"potentialAction\":[{\"@type\":\"ReadAction\",\"target\":[\"https:\/\/www.related.dk\/active-tenerife-tradekit\/overnatting\/\"]}]},{\"@type\":\"BreadcrumbList\",\"@id\":\"https:\/\/www.related.dk\/active-tenerife-tradekit\/overnatting\/#breadcrumb\",\"itemListElement\":[{\"@type\":\"ListItem\",\"position\":1,\"name\":\"Home\",\"item\":\"https:\/\/www.related.dk\/active-tenerife-tradekit\/\"},{\"@type\":\"ListItem\",\"position\":2,\"name\":\"Overnatting\"}]},{\"@type\":\"WebSite\",\"@id\":\"https:\/\/www.related.dk\/active-tenerife-tradekit\/#website\",\"url\":\"https:\/\/www.related.dk\/active-tenerife-tradekit\/\",\"name\":\"Active Tenerife - Tradekit\",\"description\":\"\",\"potentialAction\":[{\"@type\":\"SearchAction\",\"target\":{\"@type\":\"EntryPoint\",\"urlTemplate\":\"https:\/\/www.related.dk\/active-tenerife-tradekit\/?s={search_term_string}\"},\"query-input\":\"required name=search_term_string\"}],\"inLanguage\":\"da-DK\"}]}<\/script>\n<!-- \/ Yoast SEO plugin. -->","yoast_head_json":{"title":"Overnatting - Active Tenerife - Tradekit","robots":{"index":"index","follow":"follow","max-snippet":"max-snippet:-1","max-image-preview":"max-image-preview:large","max-video-preview":"max-video-preview:-1"},"canonical":"https:\/\/www.related.dk\/active-tenerife-tradekit\/overnatting\/","og_locale":"da_DK","og_type":"article","og_title":"Overnatting - Active Tenerife - Tradekit","og_description":"OVERNATTNINGDet er mange overnattingsmuligheter p\u00e5 Tenerife: hoteller, leiligheter, milj\u00f8vennlige hus, feriehus, herberger, gjestehus og overnatting i landlige omgivelser. Her finnes det noe som passer til alle preferanser og budsjett. Les mer om overnattingsmuligheter her \u00d8ya har mange overnattingsmuligheter: moderne, klassisk, landlig, ved sj\u00f8en eller i byen \u2013 alt du m\u00e5tte \u00f8nske deg for en uforglemmelig &hellip; L\u00e6s videre \"Overnatting\"","og_url":"https:\/\/www.related.dk\/active-tenerife-tradekit\/overnatting\/","og_site_name":"Active Tenerife - Tradekit","article_modified_time":"2020-02-12T13:05:42+00:00","twitter_card":"summary_large_image","schema":{"@context":"https:\/\/schema.org","@graph":[{"@type":"WebPage","@id":"https:\/\/www.related.dk\/active-tenerife-tradekit\/overnatting\/","url":"https:\/\/www.related.dk\/active-tenerife-tradekit\/overnatting\/","name":"Overnatting - Active Tenerife - Tradekit","isPartOf":{"@id":"https:\/\/www.related.dk\/active-tenerife-tradekit\/#website"},"datePublished":"2020-02-12T11:55:59+00:00","dateModified":"2020-02-12T13:05:42+00:00","breadcrumb":{"@id":"https:\/\/www.related.dk\/active-tenerife-tradekit\/overnatting\/#breadcrumb"},"inLanguage":"da-DK","potentialAction":[{"@type":"ReadAction","target":["https:\/\/www.related.dk\/active-tenerife-tradekit\/overnatting\/"]}]},{"@type":"BreadcrumbList","@id":"https:\/\/www.related.dk\/active-tenerife-tradekit\/overnatting\/#breadcrumb","itemListElement":[{"@type":"ListItem","position":1,"name":"Home","item":"https:\/\/www.related.dk\/active-tenerife-tradekit\/"},{"@type":"ListItem","position":2,"name":"Overnatting"}]},{"@type":"WebSite","@id":"https:\/\/www.related.dk\/active-tenerife-tradekit\/#website","url":"https:\/\/www.related.dk\/active-tenerife-tradekit\/","name":"Active Tenerife - Tradekit","description":"","potentialAction":[{"@type":"SearchAction","target":{"@type":"EntryPoint","urlTemplate":"https:\/\/www.related.dk\/active-tenerife-tradekit\/?s={search_term_string}"},"query-input":"required name=search_term_string"}],"inLanguage":"da-DK"}]}},"_links":{"self":[{"href":"https:\/\/www.related.dk\/active-tenerife-tradekit\/wp-json\/wp\/v2\/pages\/973"}],"collection":[{"href":"https:\/\/www.related.dk\/active-tenerife-tradekit\/wp-json\/wp\/v2\/pages"}],"about":[{"href":"https:\/\/www.related.dk\/active-tenerife-tradekit\/wp-json\/wp\/v2\/types\/page"}],"author":[{"embeddable":true,"href":"https:\/\/www.related.dk\/active-tenerife-tradekit\/wp-json\/wp\/v2\/users\/2"}],"replies":[{"embeddable":true,"href":"https:\/\/www.related.dk\/active-tenerife-tradekit\/wp-json\/wp\/v2\/comments?post=973"}],"version-history":[{"count":3,"href":"https:\/\/www.related.dk\/active-tenerife-tradekit\/wp-json\/wp\/v2\/pages\/973\/revisions"}],"predecessor-version":[{"id":1084,"href":"https:\/\/www.related.dk\/active-tenerife-tradekit\/wp-json\/wp\/v2\/pages\/973\/revisions\/1084"}],"wp:attachment":[{"href":"https:\/\/www.related.dk\/active-tenerife-tradekit\/wp-json\/wp\/v2\/media?parent=973"}],"curies":[{"name":"wp","href":"https:\/\/api.w.org\/{rel}","templated":true}]}}