{"id":964,"date":"2020-02-12T11:53:42","date_gmt":"2020-02-12T11:53:42","guid":{"rendered":"http:\/\/www.related.dk\/active-tenerife-tradekit\/?page_id=964"},"modified":"2020-02-12T13:07:29","modified_gmt":"2020-02-12T13:07:29","slug":"teide-nasjonalpark","status":"publish","type":"page","link":"https:\/\/www.related.dk\/active-tenerife-tradekit\/naturopplevelser\/teide-nasjonalpark\/","title":{"rendered":"Teide nasjonalpark"},"content":{"rendered":"<div class=\"vce-row-container\"><div class=\"vce-row vce-row--col-gap-30 vce-row-columns--top vce-row-content--top\" id=\"el-e3359e68\" data-vce-do-apply=\"all el-e3359e68\"><div class=\"vce-row-content\" data-vce-element-content=\"true\"><div class=\"vce-col\" id=\"el-6dc87025\"><div class=\"vce-col-inner\" data-vce-do-apply=\"border margin background  el-6dc87025\"><div class=\"vce-col-content\" data-vce-element-content=\"true\" data-vce-do-apply=\"padding el-6dc87025\"><section class=\"vce-hero-section-container vce-hero-section-media--xs vce-hero-section-media--sm vce-hero-section-media--md vce-hero-section-media--lg\"><div class=\"vce vce-hero-section vce-hero-section--alignment-start\" id=\"el-12a884e4\" data-vce-do-apply=\"margin background border  el-12a884e4\"><div class=\"vce-hero-section--wrap-row vce-hero-section--background-position-center-center\" style=\"background-image: url('https:\/\/www.related.dk\/active-tenerife-tradekit\/wp-content\/uploads\/2020\/02\/Nature-Experiences-Teide-national-park-1-vs2.jpg');\"><div class=\"vce-hero-section--wrap\"><div class=\"vce-hero-section--content\" data-vce-do-apply=\"padding el-12a884e4\"><div class=\"vce-hero-section--content-container\"><h1><strong>TEIDE NASJONALPARK<\/strong><\/h1><\/div><\/div><\/div><\/div><\/div><\/section><\/div><\/div><\/div><\/div><\/div><\/div><div class=\"vce-row-container\"><div class=\"vce-row vce-row--col-gap-30 vce-row-columns--top vce-row-content--top\" id=\"el-95af8a3d\" data-vce-do-apply=\"all el-95af8a3d\"><div class=\"vce-row-content\" data-vce-element-content=\"true\"><div class=\"vce-col\" id=\"el-d3aa8ce9\"><div class=\"vce-col-inner\" data-vce-do-apply=\"border margin background  el-d3aa8ce9\"><div class=\"vce-col-content\" data-vce-element-content=\"true\" data-vce-do-apply=\"padding el-d3aa8ce9\"><div class=\"vce-text-block\"><div class=\"vce-text-block-wrapper vce\" id=\"el-e7557b0f\" data-vce-do-apply=\"all el-e7557b0f\"><p>Teide nasjonalpark, som ligger 2000 meter over havet midt p\u00e5 \u00f8ya, er den nest mest bes\u00f8kte nasjonalparken i verden med rundt tre millioner bes\u00f8kende per \u00e5r. Parken er Tenerifes ikon og kom med p\u00e5 UNESCOs verdensarvliste i 2007 under kategorien \u00abnaturlige underverker\u00bb. Nasjonalparken ble opprettet i 1954 for sin vulkanske og biologiske s\u00e6regenhet, og den dekker ca. 19&nbsp;000 hektar. Ca\u00f1adas del Teide er et gigantisk krater p\u00e5 17 kilometer, der toppene til Pico Viejo og Mount Teide n\u00e5r en h\u00f8yde p\u00e5 3718 meter \u2013 noe som gj\u00f8r det til Spanias h\u00f8yeste punkt og den tredje h\u00f8yeste vulkanen i verden. Om v\u00e5ren kan du i parken ogs\u00e5 se planten \u00abr\u00f8d oksetunge\u00bb, som kan bli opp til tre meter h\u00f8y og blomstre med tusenvis av sm\u00e5, r\u00f8de blomster.<\/p>\n<p><strong>N\u00e5 toppen av El Teide<br><\/strong>For \u00e5 komme h\u00f8yere opp p\u00e5 El Teide kan du hoppe p\u00e5 taubanen. Basestasjonen ligger p\u00e5 2356 meters h\u00f8yde og g\u00e5r opp til toppstasjonen p\u00e5 3555 meter. Turen opp tar ca. \u00e5tte minutter. For \u00e5 komme til det h\u00f8yeste punktet f\u00f8lger du en sti herfra til krateret. Denne utfordrende fotturen tar omtrent 40 minutter. Det er ogs\u00e5 mulig \u00e5 tilbringe natten p\u00e5 Altavista Refuge, men da m\u00e5 du fullf\u00f8re turen f\u00f8r klokken ni om morgenen.<\/p>\n<p><strong>Stjernetitting<br><\/strong>I parken er det ogs\u00e5 et observatorium kalt Observatorio del Teide, som ligger p\u00e5 Tenerife fordi \u00f8ya sammen med La Palma, Chile og Hawaii har de beste forholdene for stjernetitting. Astronomi har alltid v\u00e6rt n\u00e6rt knyttet til El Teide, og omr\u00e5dets fordeler som observasjonssted var kjent for naturvitere og astronomer allerede for flere hundre \u00e5r siden. Det finnes en regional lov med det ganske poetiske navnet \u00abHimmelloven\u00bb som kontrollerer niv\u00e5et av luftforurensning for \u00e5 hindre at lokalbefolkningen mister en av naturens enkleste gleder: \u00e5 titte p\u00e5 en stjernefylt himmel. Det finnes institusjoner og foretak som spesialiserer seg p\u00e5 stjerneturisme og gir informasjon og omvisninger.<\/p>\n<p><strong>Hva du ikke kan gj\u00f8re<br><\/strong>N\u00e5r du bes\u00f8ker Teide nasjonalpark, er det viktig \u00e5 v\u00e6re klar over at det ikke er lov \u00e5 ta med steiner tilbake. Det kan v\u00e6re fristende \u00e5 legge noen vulkanske steiner med interessante former i lommen, men det er \u00f8deleggende for landskapet og strengt forbudt.<\/p>\n<p><a href=\"https:\/\/www.webtenerife.co.uk\/what-see\/teide-national-park\/?tab=1\" target=\"_blank\" rel=\"noopener noreferrer\">Les mer om Teide nasjonalpark her<\/a><\/p><\/div><\/div><\/div><\/div><\/div><\/div><\/div><\/div><div class=\"vce-row-container\"><div class=\"vce-row vce-row--col-gap-30 vce-row-columns--top vce-row-content--top\" id=\"el-507ff1b2\" data-vce-do-apply=\"all el-507ff1b2\"><div class=\"vce-row-content\" data-vce-element-content=\"true\"><div class=\"vce-col vce-col--md-auto vce-col--xs-1 vce-col--xs-last vce-col--xs-first vce-col--sm-last vce-col--sm-first vce-col--md-first vce-col--lg-first vce-col--xl-first\" id=\"el-57d53c4a\"><div class=\"vce-col-inner\" data-vce-do-apply=\"border margin background  el-57d53c4a\"><div class=\"vce-col-content\" data-vce-element-content=\"true\" data-vce-do-apply=\"padding el-57d53c4a\"><div class=\"vce-single-image-container vce-single-image--align-left\"><div class=\"vce vce-single-image-wrapper\" id=\"el-1a9c13e2\" data-vce-do-apply=\"all el-1a9c13e2\"><figure><div class=\"vce-single-image-inner vce-single-image--absolute\" style=\"padding-bottom: 57.5%; width: 400px;\"><img class=\"vce-single-image\" width=\"400\" height=\"230\"src=\"https:\/\/www.related.dk\/active-tenerife-tradekit\/wp-content\/uploads\/2020\/02\/Nature-experiences-teide-national-park-1-2-400x230.jpg\" srcset=\"https:\/\/www.related.dk\/active-tenerife-tradekit\/wp-content\/uploads\/2020\/02\/Nature-experiences-teide-national-park-1-2-320x184.jpg 320w,https:\/\/www.related.dk\/active-tenerife-tradekit\/wp-content\/uploads\/2020\/02\/Nature-experiences-teide-national-park-1-2-400x230.jpg 400w\" data-img-src=\"https:\/\/www.related.dk\/active-tenerife-tradekit\/wp-content\/uploads\/2020\/02\/Nature-experiences-teide-national-park-1-2.jpg\" alt=\"\" title=\"Nature experiences - teide national park - 1 (2)\"\/><\/div><\/figure><\/div><\/div><\/div><\/div><\/div><div class=\"vce-col vce-col--md-auto vce-col--xs-1 vce-col--xs-last vce-col--xs-first vce-col--sm-last vce-col--sm-first\" id=\"el-c2ba3a60\"><div class=\"vce-col-inner\" data-vce-do-apply=\"border margin background  el-c2ba3a60\"><div class=\"vce-col-content\" data-vce-element-content=\"true\" data-vce-do-apply=\"padding el-c2ba3a60\"><div class=\"vce-single-image-container vce-single-image--align-left\"><div class=\"vce vce-single-image-wrapper\" id=\"el-0aa44a98\" data-vce-do-apply=\"all el-0aa44a98\"><figure><div class=\"vce-single-image-inner vce-single-image--absolute\" style=\"padding-bottom: 57.5%; width: 400px;\"><img class=\"vce-single-image\" width=\"400\" height=\"230\"src=\"https:\/\/www.related.dk\/active-tenerife-tradekit\/wp-content\/uploads\/2020\/02\/Nature-experiences-Teide-National-Park-1-400x230.jpg\" srcset=\"https:\/\/www.related.dk\/active-tenerife-tradekit\/wp-content\/uploads\/2020\/02\/Nature-experiences-Teide-National-Park-1-320x184.jpg 320w,https:\/\/www.related.dk\/active-tenerife-tradekit\/wp-content\/uploads\/2020\/02\/Nature-experiences-Teide-National-Park-1-400x230.jpg 400w\" data-img-src=\"https:\/\/www.related.dk\/active-tenerife-tradekit\/wp-content\/uploads\/2020\/02\/Nature-experiences-Teide-National-Park-1.jpg\" alt=\"\" title=\"Nature experiences - Teide National Park - 1\"\/><\/div><\/figure><\/div><\/div><\/div><\/div><\/div><div class=\"vce-col vce-col--md-auto vce-col--xs-1 vce-col--xs-last vce-col--xs-first vce-col--sm-last vce-col--sm-first vce-col--md-last vce-col--lg-last vce-col--xl-last\" id=\"el-693781ce\"><div class=\"vce-col-inner\" data-vce-do-apply=\"border margin background  el-693781ce\"><div class=\"vce-col-content\" data-vce-element-content=\"true\" data-vce-do-apply=\"padding el-693781ce\"><div class=\"vce-single-image-container vce-single-image--align-left\"><div class=\"vce vce-single-image-wrapper\" id=\"el-7b29c970\" data-vce-do-apply=\"all el-7b29c970\"><figure><div class=\"vce-single-image-inner vce-single-image--absolute\" style=\"padding-bottom: 57.5%; width: 400px;\"><img class=\"vce-single-image\" width=\"400\" height=\"230\"src=\"https:\/\/www.related.dk\/active-tenerife-tradekit\/wp-content\/uploads\/2020\/02\/Nature-experiences-teide-national-park-1-4-400x230.jpg\" srcset=\"https:\/\/www.related.dk\/active-tenerife-tradekit\/wp-content\/uploads\/2020\/02\/Nature-experiences-teide-national-park-1-4-320x184.jpg 320w,https:\/\/www.related.dk\/active-tenerife-tradekit\/wp-content\/uploads\/2020\/02\/Nature-experiences-teide-national-park-1-4-400x230.jpg 400w\" data-img-src=\"https:\/\/www.related.dk\/active-tenerife-tradekit\/wp-content\/uploads\/2020\/02\/Nature-experiences-teide-national-park-1-4.jpg\" alt=\"\" title=\"Nature experiences - teide national park - 1 (4)\"\/><\/div><\/figure><\/div><\/div><\/div><\/div><\/div><\/div><\/div><\/div>\n","protected":false},"excerpt":{"rendered":"<p>TEIDE NASJONALPARKTeide nasjonalpark, som ligger 2000 meter over havet midt p\u00e5 \u00f8ya, er den nest mest bes\u00f8kte nasjonalparken i verden med rundt tre millioner bes\u00f8kende per \u00e5r. Parken er Tenerifes ikon og kom med p\u00e5 UNESCOs verdensarvliste i 2007 under kategorien \u00abnaturlige underverker\u00bb. Nasjonalparken ble opprettet i 1954 for sin vulkanske og biologiske s\u00e6regenhet, og &hellip; <\/p>\n<p class=\"link-more\"><a href=\"https:\/\/www.related.dk\/active-tenerife-tradekit\/naturopplevelser\/teide-nasjonalpark\/\" class=\"more-link\">L\u00e6s videre<span class=\"screen-reader-text\"> &#8220;Teide nasjonalpark&#8221;<\/span><\/a><\/p>\n","protected":false},"author":2,"featured_media":0,"parent":968,"menu_order":0,"comment_status":"closed","ping_status":"closed","template":"","meta":[],"yoast_head":"<!-- This site is optimized with the Yoast SEO plugin v20.7 - https:\/\/yoast.com\/wordpress\/plugins\/seo\/ -->\n<title>Teide nasjonalpark - Active Tenerife - Tradekit<\/title>\n<meta name=\"robots\" content=\"index, follow, max-snippet:-1, max-image-preview:large, max-video-preview:-1\" \/>\n<link rel=\"canonical\" href=\"https:\/\/www.related.dk\/active-tenerife-tradekit\/naturopplevelser\/teide-nasjonalpark\/\" \/>\n<meta property=\"og:locale\" content=\"da_DK\" \/>\n<meta property=\"og:type\" content=\"article\" \/>\n<meta property=\"og:title\" content=\"Teide nasjonalpark - Active Tenerife - Tradekit\" \/>\n<meta property=\"og:description\" content=\"TEIDE NASJONALPARKTeide nasjonalpark, som ligger 2000 meter over havet midt p\u00e5 \u00f8ya, er den nest mest bes\u00f8kte nasjonalparken i verden med rundt tre millioner bes\u00f8kende per \u00e5r. Parken er Tenerifes ikon og kom med p\u00e5 UNESCOs verdensarvliste i 2007 under kategorien \u00abnaturlige underverker\u00bb. Nasjonalparken ble opprettet i 1954 for sin vulkanske og biologiske s\u00e6regenhet, og &hellip; L\u00e6s videre &quot;Teide nasjonalpark&quot;\" \/>\n<meta property=\"og:url\" content=\"https:\/\/www.related.dk\/active-tenerife-tradekit\/naturopplevelser\/teide-nasjonalpark\/\" \/>\n<meta property=\"og:site_name\" content=\"Active Tenerife - Tradekit\" \/>\n<meta property=\"article:modified_time\" content=\"2020-02-12T13:07:29+00:00\" \/>\n<meta name=\"twitter:card\" content=\"summary_large_image\" \/>\n<meta name=\"twitter:label1\" content=\"Estimeret l\u00e6setid\" \/>\n\t<meta name=\"twitter:data1\" content=\"2 minutter\" \/>\n<script type=\"application\/ld+json\" class=\"yoast-schema-graph\">{\"@context\":\"https:\/\/schema.org\",\"@graph\":[{\"@type\":\"WebPage\",\"@id\":\"https:\/\/www.related.dk\/active-tenerife-tradekit\/naturopplevelser\/teide-nasjonalpark\/\",\"url\":\"https:\/\/www.related.dk\/active-tenerife-tradekit\/naturopplevelser\/teide-nasjonalpark\/\",\"name\":\"Teide nasjonalpark - Active Tenerife - Tradekit\",\"isPartOf\":{\"@id\":\"https:\/\/www.related.dk\/active-tenerife-tradekit\/#website\"},\"datePublished\":\"2020-02-12T11:53:42+00:00\",\"dateModified\":\"2020-02-12T13:07:29+00:00\",\"breadcrumb\":{\"@id\":\"https:\/\/www.related.dk\/active-tenerife-tradekit\/naturopplevelser\/teide-nasjonalpark\/#breadcrumb\"},\"inLanguage\":\"da-DK\",\"potentialAction\":[{\"@type\":\"ReadAction\",\"target\":[\"https:\/\/www.related.dk\/active-tenerife-tradekit\/naturopplevelser\/teide-nasjonalpark\/\"]}]},{\"@type\":\"BreadcrumbList\",\"@id\":\"https:\/\/www.related.dk\/active-tenerife-tradekit\/naturopplevelser\/teide-nasjonalpark\/#breadcrumb\",\"itemListElement\":[{\"@type\":\"ListItem\",\"position\":1,\"name\":\"Home\",\"item\":\"https:\/\/www.related.dk\/active-tenerife-tradekit\/\"},{\"@type\":\"ListItem\",\"position\":2,\"name\":\"Naturopplevelser\",\"item\":\"https:\/\/www.related.dk\/active-tenerife-tradekit\/naturopplevelser\/\"},{\"@type\":\"ListItem\",\"position\":3,\"name\":\"Teide nasjonalpark\"}]},{\"@type\":\"WebSite\",\"@id\":\"https:\/\/www.related.dk\/active-tenerife-tradekit\/#website\",\"url\":\"https:\/\/www.related.dk\/active-tenerife-tradekit\/\",\"name\":\"Active Tenerife - Tradekit\",\"description\":\"\",\"potentialAction\":[{\"@type\":\"SearchAction\",\"target\":{\"@type\":\"EntryPoint\",\"urlTemplate\":\"https:\/\/www.related.dk\/active-tenerife-tradekit\/?s={search_term_string}\"},\"query-input\":\"required name=search_term_string\"}],\"inLanguage\":\"da-DK\"}]}<\/script>\n<!-- \/ Yoast SEO plugin. -->","yoast_head_json":{"title":"Teide nasjonalpark - Active Tenerife - Tradekit","robots":{"index":"index","follow":"follow","max-snippet":"max-snippet:-1","max-image-preview":"max-image-preview:large","max-video-preview":"max-video-preview:-1"},"canonical":"https:\/\/www.related.dk\/active-tenerife-tradekit\/naturopplevelser\/teide-nasjonalpark\/","og_locale":"da_DK","og_type":"article","og_title":"Teide nasjonalpark - Active Tenerife - Tradekit","og_description":"TEIDE NASJONALPARKTeide nasjonalpark, som ligger 2000 meter over havet midt p\u00e5 \u00f8ya, er den nest mest bes\u00f8kte nasjonalparken i verden med rundt tre millioner bes\u00f8kende per \u00e5r. Parken er Tenerifes ikon og kom med p\u00e5 UNESCOs verdensarvliste i 2007 under kategorien \u00abnaturlige underverker\u00bb. Nasjonalparken ble opprettet i 1954 for sin vulkanske og biologiske s\u00e6regenhet, og &hellip; L\u00e6s videre \"Teide nasjonalpark\"","og_url":"https:\/\/www.related.dk\/active-tenerife-tradekit\/naturopplevelser\/teide-nasjonalpark\/","og_site_name":"Active Tenerife - Tradekit","article_modified_time":"2020-02-12T13:07:29+00:00","twitter_card":"summary_large_image","twitter_misc":{"Estimeret l\u00e6setid":"2 minutter"},"schema":{"@context":"https:\/\/schema.org","@graph":[{"@type":"WebPage","@id":"https:\/\/www.related.dk\/active-tenerife-tradekit\/naturopplevelser\/teide-nasjonalpark\/","url":"https:\/\/www.related.dk\/active-tenerife-tradekit\/naturopplevelser\/teide-nasjonalpark\/","name":"Teide nasjonalpark - Active Tenerife - Tradekit","isPartOf":{"@id":"https:\/\/www.related.dk\/active-tenerife-tradekit\/#website"},"datePublished":"2020-02-12T11:53:42+00:00","dateModified":"2020-02-12T13:07:29+00:00","breadcrumb":{"@id":"https:\/\/www.related.dk\/active-tenerife-tradekit\/naturopplevelser\/teide-nasjonalpark\/#breadcrumb"},"inLanguage":"da-DK","potentialAction":[{"@type":"ReadAction","target":["https:\/\/www.related.dk\/active-tenerife-tradekit\/naturopplevelser\/teide-nasjonalpark\/"]}]},{"@type":"BreadcrumbList","@id":"https:\/\/www.related.dk\/active-tenerife-tradekit\/naturopplevelser\/teide-nasjonalpark\/#breadcrumb","itemListElement":[{"@type":"ListItem","position":1,"name":"Home","item":"https:\/\/www.related.dk\/active-tenerife-tradekit\/"},{"@type":"ListItem","position":2,"name":"Naturopplevelser","item":"https:\/\/www.related.dk\/active-tenerife-tradekit\/naturopplevelser\/"},{"@type":"ListItem","position":3,"name":"Teide nasjonalpark"}]},{"@type":"WebSite","@id":"https:\/\/www.related.dk\/active-tenerife-tradekit\/#website","url":"https:\/\/www.related.dk\/active-tenerife-tradekit\/","name":"Active Tenerife - Tradekit","description":"","potentialAction":[{"@type":"SearchAction","target":{"@type":"EntryPoint","urlTemplate":"https:\/\/www.related.dk\/active-tenerife-tradekit\/?s={search_term_string}"},"query-input":"required name=search_term_string"}],"inLanguage":"da-DK"}]}},"_links":{"self":[{"href":"https:\/\/www.related.dk\/active-tenerife-tradekit\/wp-json\/wp\/v2\/pages\/964"}],"collection":[{"href":"https:\/\/www.related.dk\/active-tenerife-tradekit\/wp-json\/wp\/v2\/pages"}],"about":[{"href":"https:\/\/www.related.dk\/active-tenerife-tradekit\/wp-json\/wp\/v2\/types\/page"}],"author":[{"embeddable":true,"href":"https:\/\/www.related.dk\/active-tenerife-tradekit\/wp-json\/wp\/v2\/users\/2"}],"replies":[{"embeddable":true,"href":"https:\/\/www.related.dk\/active-tenerife-tradekit\/wp-json\/wp\/v2\/comments?post=964"}],"version-history":[{"count":2,"href":"https:\/\/www.related.dk\/active-tenerife-tradekit\/wp-json\/wp\/v2\/pages\/964\/revisions"}],"predecessor-version":[{"id":1087,"href":"https:\/\/www.related.dk\/active-tenerife-tradekit\/wp-json\/wp\/v2\/pages\/964\/revisions\/1087"}],"up":[{"embeddable":true,"href":"https:\/\/www.related.dk\/active-tenerife-tradekit\/wp-json\/wp\/v2\/pages\/968"}],"wp:attachment":[{"href":"https:\/\/www.related.dk\/active-tenerife-tradekit\/wp-json\/wp\/v2\/media?parent=964"}],"curies":[{"name":"wp","href":"https:\/\/api.w.org\/{rel}","templated":true}]}}