{"id":958,"date":"2020-02-12T11:46:16","date_gmt":"2020-02-12T11:46:16","guid":{"rendered":"http:\/\/www.related.dk\/active-tenerife-tradekit\/?page_id=958"},"modified":"2020-02-12T13:07:51","modified_gmt":"2020-02-12T13:07:51","slug":"los-gigantes","status":"publish","type":"page","link":"https:\/\/www.related.dk\/active-tenerife-tradekit\/naturopplevelser\/los-gigantes\/","title":{"rendered":"Los Gigantes"},"content":{"rendered":"<div class=\"vce-row-container\"><div class=\"vce-row vce-row--col-gap-30 vce-row-columns--top vce-row-content--top\" id=\"el-23bb2af9\" data-vce-do-apply=\"all el-23bb2af9\"><div class=\"vce-row-content\" data-vce-element-content=\"true\"><div class=\"vce-col\" id=\"el-df761082\"><div class=\"vce-col-inner\" data-vce-do-apply=\"border margin background  el-df761082\"><div class=\"vce-col-content\" data-vce-element-content=\"true\" data-vce-do-apply=\"padding el-df761082\"><section class=\"vce-hero-section-container vce-hero-section-media--xs vce-hero-section-media--sm vce-hero-section-media--md vce-hero-section-media--lg\"><div class=\"vce vce-hero-section vce-hero-section--alignment-start\" id=\"el-bb706ffd\" data-vce-do-apply=\"margin background border  el-bb706ffd\"><div class=\"vce-hero-section--wrap-row vce-hero-section--background-position-center-center\" style=\"background-image: url('https:\/\/www.related.dk\/active-tenerife-tradekit\/wp-content\/uploads\/2020\/02\/Nature-experiences-los-gigantes-4-VS2.jpg');\"><div class=\"vce-hero-section--wrap\"><div class=\"vce-hero-section--content\" data-vce-do-apply=\"padding el-bb706ffd\"><div class=\"vce-hero-section--content-container\"><h1><strong>LOS GIGANTES<\/strong><\/h1><\/div><\/div><\/div><\/div><\/div><\/section><\/div><\/div><\/div><\/div><\/div><\/div><div class=\"vce-row-container\"><div class=\"vce-row vce-row--col-gap-30 vce-row-columns--top vce-row-content--top\" id=\"el-0b5ad55c\" data-vce-do-apply=\"all el-0b5ad55c\"><div class=\"vce-row-content\" data-vce-element-content=\"true\"><div class=\"vce-col\" id=\"el-77942a6f\"><div class=\"vce-col-inner\" data-vce-do-apply=\"border margin background  el-77942a6f\"><div class=\"vce-col-content\" data-vce-element-content=\"true\" data-vce-do-apply=\"padding el-77942a6f\"><div class=\"vce-text-block\"><div class=\"vce-text-block-wrapper vce\" id=\"el-2d1b8838\" data-vce-do-apply=\"all el-2d1b8838\"><p>Navnet Los Gigantes trenger ingen forklaring. Disse gigantiske klippeveggene i Santiago del Teide er en del av Teno Country Park og ruver 600 meter opp i luften fra sj\u00f8en. Her blir man svimmel av utsikten ogs\u00e5 nedenfra. Ved foten av stupene er havet omtrent 30 meter dypt og hjem til marint liv som tiltrekker seg b\u00e5de dykkere og fiskere.<\/p><p><a href=\"https:\/\/www.webtenerife.co.uk\/tenerife\/the-island\/municipalities\/santiago-teide\/places-interest\/acantilados-gigantes.htm\" target=\"_blank\" rel=\"noopener noreferrer\">Les mer om Los Gigantes her<\/a><\/p><\/div><\/div><\/div><\/div><\/div><\/div><\/div><\/div><div class=\"vce-row-container\"><div class=\"vce-row vce-row--col-gap-30 vce-row-columns--top vce-row-content--top\" id=\"el-ba54cc3f\" data-vce-do-apply=\"all el-ba54cc3f\"><div class=\"vce-row-content\" data-vce-element-content=\"true\"><div class=\"vce-col vce-col--md-auto vce-col--xs-1 vce-col--xs-last vce-col--xs-first vce-col--sm-last vce-col--sm-first vce-col--md-first vce-col--lg-first vce-col--xl-first\" id=\"el-9ec0e47c\"><div class=\"vce-col-inner\" data-vce-do-apply=\"border margin background  el-9ec0e47c\"><div class=\"vce-col-content\" data-vce-element-content=\"true\" data-vce-do-apply=\"padding el-9ec0e47c\"><div class=\"vce-single-image-container vce-single-image--align-left\"><div class=\"vce vce-single-image-wrapper\" id=\"el-3b720cc8\" data-vce-do-apply=\"all el-3b720cc8\"><figure><div class=\"vce-single-image-inner vce-single-image--absolute\" style=\"padding-bottom: 58.3333%; width: 600px;\"><img class=\"vce-single-image\" width=\"600\" height=\"350\"src=\"https:\/\/www.related.dk\/active-tenerife-tradekit\/wp-content\/uploads\/2020\/02\/Nature-experiences-Los-Gigantes-2-vs2-600x350.jpg\" srcset=\"https:\/\/www.related.dk\/active-tenerife-tradekit\/wp-content\/uploads\/2020\/02\/Nature-experiences-Los-Gigantes-2-vs2-320x187.jpg 320w,https:\/\/www.related.dk\/active-tenerife-tradekit\/wp-content\/uploads\/2020\/02\/Nature-experiences-Los-Gigantes-2-vs2-480x280.jpg 480w,https:\/\/www.related.dk\/active-tenerife-tradekit\/wp-content\/uploads\/2020\/02\/Nature-experiences-Los-Gigantes-2-vs2-600x350.jpg 600w\" data-img-src=\"https:\/\/www.related.dk\/active-tenerife-tradekit\/wp-content\/uploads\/2020\/02\/Nature-experiences-Los-Gigantes-2-vs2.jpg\" alt=\"\" title=\"Nature experiences - Los Gigantes (2) - vs2\"\/><\/div><\/figure><\/div><\/div><\/div><\/div><\/div><div class=\"vce-col vce-col--md-auto vce-col--xs-1 vce-col--xs-last vce-col--xs-first vce-col--sm-last vce-col--sm-first vce-col--md-last vce-col--lg-last vce-col--xl-last\" id=\"el-48586f67\"><div class=\"vce-col-inner\" data-vce-do-apply=\"border margin background  el-48586f67\"><div class=\"vce-col-content\" data-vce-element-content=\"true\" data-vce-do-apply=\"padding el-48586f67\"><div class=\"vce-single-image-container vce-single-image--align-left\"><div class=\"vce vce-single-image-wrapper\" id=\"el-f2bd536c\" data-vce-do-apply=\"all el-f2bd536c\"><figure><div class=\"vce-single-image-inner vce-single-image--absolute\" style=\"padding-bottom: 58.3333%; width: 600px;\"><img class=\"vce-single-image\" width=\"600\" height=\"350\"src=\"https:\/\/www.related.dk\/active-tenerife-tradekit\/wp-content\/uploads\/2020\/02\/Nature-experiences-Los-Gigantes-600x350.jpg\" srcset=\"https:\/\/www.related.dk\/active-tenerife-tradekit\/wp-content\/uploads\/2020\/02\/Nature-experiences-Los-Gigantes-320x187.jpg 320w,https:\/\/www.related.dk\/active-tenerife-tradekit\/wp-content\/uploads\/2020\/02\/Nature-experiences-Los-Gigantes-480x280.jpg 480w,https:\/\/www.related.dk\/active-tenerife-tradekit\/wp-content\/uploads\/2020\/02\/Nature-experiences-Los-Gigantes-600x350.jpg 600w\" data-img-src=\"https:\/\/www.related.dk\/active-tenerife-tradekit\/wp-content\/uploads\/2020\/02\/Nature-experiences-Los-Gigantes.jpg\" alt=\"\" title=\"Nature experiences - Los Gigantes\"\/><\/div><\/figure><\/div><\/div><\/div><\/div><\/div><\/div><\/div><\/div>\n","protected":false},"excerpt":{"rendered":"<p>LOS GIGANTESNavnet Los Gigantes trenger ingen forklaring. Disse gigantiske klippeveggene i Santiago del Teide er en del av Teno Country Park og ruver 600 meter opp i luften fra sj\u00f8en. Her blir man svimmel av utsikten ogs\u00e5 nedenfra. Ved foten av stupene er havet omtrent 30 meter dypt og hjem til marint liv som tiltrekker &hellip; <\/p>\n<p class=\"link-more\"><a href=\"https:\/\/www.related.dk\/active-tenerife-tradekit\/naturopplevelser\/los-gigantes\/\" class=\"more-link\">L\u00e6s videre<span class=\"screen-reader-text\"> &#8220;Los Gigantes&#8221;<\/span><\/a><\/p>\n","protected":false},"author":2,"featured_media":0,"parent":968,"menu_order":0,"comment_status":"closed","ping_status":"closed","template":"","meta":[],"yoast_head":"<!-- This site is optimized with the Yoast SEO plugin v20.7 - https:\/\/yoast.com\/wordpress\/plugins\/seo\/ -->\n<title>Los Gigantes - Active Tenerife - Tradekit<\/title>\n<meta name=\"robots\" content=\"index, follow, max-snippet:-1, max-image-preview:large, max-video-preview:-1\" \/>\n<link rel=\"canonical\" href=\"https:\/\/www.related.dk\/active-tenerife-tradekit\/naturopplevelser\/los-gigantes\/\" \/>\n<meta property=\"og:locale\" content=\"da_DK\" \/>\n<meta property=\"og:type\" content=\"article\" \/>\n<meta property=\"og:title\" content=\"Los Gigantes - Active Tenerife - Tradekit\" \/>\n<meta property=\"og:description\" content=\"LOS GIGANTESNavnet Los Gigantes trenger ingen forklaring. Disse gigantiske klippeveggene i Santiago del Teide er en del av Teno Country Park og ruver 600 meter opp i luften fra sj\u00f8en. Her blir man svimmel av utsikten ogs\u00e5 nedenfra. Ved foten av stupene er havet omtrent 30 meter dypt og hjem til marint liv som tiltrekker &hellip; L\u00e6s videre &quot;Los Gigantes&quot;\" \/>\n<meta property=\"og:url\" content=\"https:\/\/www.related.dk\/active-tenerife-tradekit\/naturopplevelser\/los-gigantes\/\" \/>\n<meta property=\"og:site_name\" content=\"Active Tenerife - Tradekit\" \/>\n<meta property=\"article:modified_time\" content=\"2020-02-12T13:07:51+00:00\" \/>\n<meta name=\"twitter:card\" content=\"summary_large_image\" \/>\n<script type=\"application\/ld+json\" class=\"yoast-schema-graph\">{\"@context\":\"https:\/\/schema.org\",\"@graph\":[{\"@type\":\"WebPage\",\"@id\":\"https:\/\/www.related.dk\/active-tenerife-tradekit\/naturopplevelser\/los-gigantes\/\",\"url\":\"https:\/\/www.related.dk\/active-tenerife-tradekit\/naturopplevelser\/los-gigantes\/\",\"name\":\"Los Gigantes - Active Tenerife - Tradekit\",\"isPartOf\":{\"@id\":\"https:\/\/www.related.dk\/active-tenerife-tradekit\/#website\"},\"datePublished\":\"2020-02-12T11:46:16+00:00\",\"dateModified\":\"2020-02-12T13:07:51+00:00\",\"breadcrumb\":{\"@id\":\"https:\/\/www.related.dk\/active-tenerife-tradekit\/naturopplevelser\/los-gigantes\/#breadcrumb\"},\"inLanguage\":\"da-DK\",\"potentialAction\":[{\"@type\":\"ReadAction\",\"target\":[\"https:\/\/www.related.dk\/active-tenerife-tradekit\/naturopplevelser\/los-gigantes\/\"]}]},{\"@type\":\"BreadcrumbList\",\"@id\":\"https:\/\/www.related.dk\/active-tenerife-tradekit\/naturopplevelser\/los-gigantes\/#breadcrumb\",\"itemListElement\":[{\"@type\":\"ListItem\",\"position\":1,\"name\":\"Home\",\"item\":\"https:\/\/www.related.dk\/active-tenerife-tradekit\/\"},{\"@type\":\"ListItem\",\"position\":2,\"name\":\"Naturopplevelser\",\"item\":\"https:\/\/www.related.dk\/active-tenerife-tradekit\/naturopplevelser\/\"},{\"@type\":\"ListItem\",\"position\":3,\"name\":\"Los Gigantes\"}]},{\"@type\":\"WebSite\",\"@id\":\"https:\/\/www.related.dk\/active-tenerife-tradekit\/#website\",\"url\":\"https:\/\/www.related.dk\/active-tenerife-tradekit\/\",\"name\":\"Active Tenerife - Tradekit\",\"description\":\"\",\"potentialAction\":[{\"@type\":\"SearchAction\",\"target\":{\"@type\":\"EntryPoint\",\"urlTemplate\":\"https:\/\/www.related.dk\/active-tenerife-tradekit\/?s={search_term_string}\"},\"query-input\":\"required name=search_term_string\"}],\"inLanguage\":\"da-DK\"}]}<\/script>\n<!-- \/ Yoast SEO plugin. -->","yoast_head_json":{"title":"Los Gigantes - Active Tenerife - Tradekit","robots":{"index":"index","follow":"follow","max-snippet":"max-snippet:-1","max-image-preview":"max-image-preview:large","max-video-preview":"max-video-preview:-1"},"canonical":"https:\/\/www.related.dk\/active-tenerife-tradekit\/naturopplevelser\/los-gigantes\/","og_locale":"da_DK","og_type":"article","og_title":"Los Gigantes - Active Tenerife - Tradekit","og_description":"LOS GIGANTESNavnet Los Gigantes trenger ingen forklaring. Disse gigantiske klippeveggene i Santiago del Teide er en del av Teno Country Park og ruver 600 meter opp i luften fra sj\u00f8en. Her blir man svimmel av utsikten ogs\u00e5 nedenfra. Ved foten av stupene er havet omtrent 30 meter dypt og hjem til marint liv som tiltrekker &hellip; L\u00e6s videre \"Los Gigantes\"","og_url":"https:\/\/www.related.dk\/active-tenerife-tradekit\/naturopplevelser\/los-gigantes\/","og_site_name":"Active Tenerife - Tradekit","article_modified_time":"2020-02-12T13:07:51+00:00","twitter_card":"summary_large_image","schema":{"@context":"https:\/\/schema.org","@graph":[{"@type":"WebPage","@id":"https:\/\/www.related.dk\/active-tenerife-tradekit\/naturopplevelser\/los-gigantes\/","url":"https:\/\/www.related.dk\/active-tenerife-tradekit\/naturopplevelser\/los-gigantes\/","name":"Los Gigantes - Active Tenerife - Tradekit","isPartOf":{"@id":"https:\/\/www.related.dk\/active-tenerife-tradekit\/#website"},"datePublished":"2020-02-12T11:46:16+00:00","dateModified":"2020-02-12T13:07:51+00:00","breadcrumb":{"@id":"https:\/\/www.related.dk\/active-tenerife-tradekit\/naturopplevelser\/los-gigantes\/#breadcrumb"},"inLanguage":"da-DK","potentialAction":[{"@type":"ReadAction","target":["https:\/\/www.related.dk\/active-tenerife-tradekit\/naturopplevelser\/los-gigantes\/"]}]},{"@type":"BreadcrumbList","@id":"https:\/\/www.related.dk\/active-tenerife-tradekit\/naturopplevelser\/los-gigantes\/#breadcrumb","itemListElement":[{"@type":"ListItem","position":1,"name":"Home","item":"https:\/\/www.related.dk\/active-tenerife-tradekit\/"},{"@type":"ListItem","position":2,"name":"Naturopplevelser","item":"https:\/\/www.related.dk\/active-tenerife-tradekit\/naturopplevelser\/"},{"@type":"ListItem","position":3,"name":"Los Gigantes"}]},{"@type":"WebSite","@id":"https:\/\/www.related.dk\/active-tenerife-tradekit\/#website","url":"https:\/\/www.related.dk\/active-tenerife-tradekit\/","name":"Active Tenerife - Tradekit","description":"","potentialAction":[{"@type":"SearchAction","target":{"@type":"EntryPoint","urlTemplate":"https:\/\/www.related.dk\/active-tenerife-tradekit\/?s={search_term_string}"},"query-input":"required name=search_term_string"}],"inLanguage":"da-DK"}]}},"_links":{"self":[{"href":"https:\/\/www.related.dk\/active-tenerife-tradekit\/wp-json\/wp\/v2\/pages\/958"}],"collection":[{"href":"https:\/\/www.related.dk\/active-tenerife-tradekit\/wp-json\/wp\/v2\/pages"}],"about":[{"href":"https:\/\/www.related.dk\/active-tenerife-tradekit\/wp-json\/wp\/v2\/types\/page"}],"author":[{"embeddable":true,"href":"https:\/\/www.related.dk\/active-tenerife-tradekit\/wp-json\/wp\/v2\/users\/2"}],"replies":[{"embeddable":true,"href":"https:\/\/www.related.dk\/active-tenerife-tradekit\/wp-json\/wp\/v2\/comments?post=958"}],"version-history":[{"count":3,"href":"https:\/\/www.related.dk\/active-tenerife-tradekit\/wp-json\/wp\/v2\/pages\/958\/revisions"}],"predecessor-version":[{"id":1088,"href":"https:\/\/www.related.dk\/active-tenerife-tradekit\/wp-json\/wp\/v2\/pages\/958\/revisions\/1088"}],"up":[{"embeddable":true,"href":"https:\/\/www.related.dk\/active-tenerife-tradekit\/wp-json\/wp\/v2\/pages\/968"}],"wp:attachment":[{"href":"https:\/\/www.related.dk\/active-tenerife-tradekit\/wp-json\/wp\/v2\/media?parent=958"}],"curies":[{"name":"wp","href":"https:\/\/api.w.org\/{rel}","templated":true}]}}