{"id":954,"date":"2020-02-12T11:38:42","date_gmt":"2020-02-12T11:38:42","guid":{"rendered":"http:\/\/www.related.dk\/active-tenerife-tradekit\/?page_id=954"},"modified":"2020-02-13T09:14:05","modified_gmt":"2020-02-13T09:14:05","slug":"anaga-naturpark","status":"publish","type":"page","link":"https:\/\/www.related.dk\/active-tenerife-tradekit\/naturopplevelser\/anaga-naturpark\/","title":{"rendered":"Anaga naturpark"},"content":{"rendered":"<div class=\"vce-row-container\"><div class=\"vce-row vce-row--col-gap-30 vce-row-columns--top vce-row-content--top\" id=\"el-fcb78c3f\" data-vce-do-apply=\"all el-fcb78c3f\"><div class=\"vce-row-content\" data-vce-element-content=\"true\"><div class=\"vce-col\" id=\"el-42279d8a\"><div class=\"vce-col-inner\" data-vce-do-apply=\"border margin background  el-42279d8a\"><div class=\"vce-col-content\" data-vce-element-content=\"true\" data-vce-do-apply=\"padding el-42279d8a\"><section class=\"vce-hero-section-container vce-hero-section-media--xs vce-hero-section-media--sm vce-hero-section-media--md vce-hero-section-media--lg\"><div class=\"vce vce-hero-section vce-hero-section--alignment-start\" id=\"el-aa7807ab\" data-vce-do-apply=\"margin background border  el-aa7807ab\"><div class=\"vce-hero-section--wrap-row vce-hero-section--background-position-center-center\" style=\"background-image: url('https:\/\/www.related.dk\/active-tenerife-tradekit\/wp-content\/uploads\/2020\/02\/Contact.jpg');\"><div class=\"vce-hero-section--wrap\"><div class=\"vce-hero-section--content\" data-vce-do-apply=\"padding el-aa7807ab\"><div class=\"vce-hero-section--content-container\"><h1><strong>ANAGA NATURPARK<\/strong><\/h1><\/div><\/div><\/div><\/div><\/div><\/section><\/div><\/div><\/div><\/div><\/div><\/div><div class=\"vce-row-container\"><div class=\"vce-row vce-row--col-gap-30 vce-row-columns--top vce-row-content--top\" id=\"el-66423626\" data-vce-do-apply=\"all el-66423626\"><div class=\"vce-row-content\" data-vce-element-content=\"true\"><div class=\"vce-col\" id=\"el-cc80c1b8\"><div class=\"vce-col-inner\" data-vce-do-apply=\"border margin background  el-cc80c1b8\"><div class=\"vce-col-content\" data-vce-element-content=\"true\" data-vce-do-apply=\"padding el-cc80c1b8\"><div class=\"vce-text-block\"><div class=\"vce-text-block-wrapper vce\" id=\"el-bcd34e0b\" data-vce-do-apply=\"all el-bcd34e0b\"><p>Bare noen f\u00e5 minutters kj\u00f8ring fra hovedstaden Santa Cruz de Tenerife ligger Anaga naturpark, som er blitt utnevnt til et biosf\u00e6reomr\u00e5de. Parken dekker nesten 14 500 hektar og mye av fjellkjeden som ligger p\u00e5 den nordvestlige delen av \u00f8ya. Turistattraksjonen krysser en stor del av Tenerife, over byene La Laguna, Santa Cruz de Tenerife og Tegueste, og utgj\u00f8r et av regionens viktigste fritidsomr\u00e5der. En av omr\u00e5dets flotteste attraksjoner er utvilsomt skyteppet. H\u00f8yt oppe blant fjelltoppene ligger \u00f8yas beste omr\u00e5de med laurb\u00e6rskog. Denne vegetasjonen kan klassifiseres som et levende fossil, siden den har overlevd i mer enn 40 millioner \u00e5r. Middelhavet pleide \u00e5 v\u00e6re dekket av dette gr\u00f8nne omr\u00e5det til isbreene feide det bort. Der planteriket er rikt og mangfoldig, er gjerne dyreriket det ogs\u00e5. I parken finnes det nesten hundre arter som er unike i verden, og overfloden av fugleliv har gjort Anaga naturpark til et spesielt fuglevernsomr\u00e5de. Livet i havet er ikke mindre fantastisk, noe som er godt nytt for dykkere. Med utrolige arter som chucho (en type rokke), den kanariske torsken, vieja og den utrydningstruede lokale \u00e5len.<\/p>\n<p>For \u00e5 f\u00e5 mest mulig ut av et bes\u00f8k anbefales det \u00e5 f\u00f8lge en av de mange turstiene som g\u00e5r ned til de sjarmerende sm\u00e5 strendene med fin, skinnende, svart sand (som Benijo). Landskapet i omr\u00e5det er prydet med geologiske formasjoner slik som \u00abroques\u00bb (gamle vulkanske skorsteiner), brudd fylt med st\u00f8rknet magma som har formet fjellplater som ser ut som vegger, og dessuten stup og dype juv. Omr\u00e5det har ogs\u00e5 rundt 26 sm\u00e5 landsbyer med til sammen omtrent 2000 innbyggere.<\/p>\n<p>Hvis du \u00f8nsker \u00e5 oppleve det parken har \u00e5 tilby, kan du velge mellom aktiviteter som fotturer, terrengsykling, ridning, seiling, dykking, surfing, kajakkpadling, vannski eller wakeboarding.<\/p>\n<p><a href=\"https:\/\/www.webtenerife.co.uk\/what-see\/outdoor-attractions\/parque+rural+de+anaga.htm\" target=\"_blank\" rel=\"noopener noreferrer\">Les mer om Anaga naturpark her<\/a><\/p><\/div><\/div><\/div><\/div><\/div><\/div><\/div><\/div><div class=\"vce-row-container\"><div class=\"vce-row vce-row--col-gap-30 vce-row-columns--top vce-row-content--top\" id=\"el-f207ba43\" data-vce-do-apply=\"all el-f207ba43\"><div class=\"vce-row-content\" data-vce-element-content=\"true\"><div class=\"vce-col vce-col--md-auto vce-col--xs-1 vce-col--xs-last vce-col--xs-first vce-col--sm-last vce-col--sm-first vce-col--md-first vce-col--lg-first vce-col--xl-first\" id=\"el-95f0b8d3\"><div class=\"vce-col-inner\" data-vce-do-apply=\"border margin background  el-95f0b8d3\"><div class=\"vce-col-content\" data-vce-element-content=\"true\" data-vce-do-apply=\"padding el-95f0b8d3\"><div class=\"vce-single-image-container vce-single-image--align-left\"><div class=\"vce vce-single-image-wrapper\" id=\"el-0af9ff38\" data-vce-do-apply=\"all el-0af9ff38\"><figure><div class=\"vce-single-image-inner vce-single-image--absolute\" style=\"padding-bottom: 58.25%; width: 400px;\"><img class=\"vce-single-image\" width=\"400\" height=\"233\"src=\"https:\/\/www.related.dk\/active-tenerife-tradekit\/wp-content\/uploads\/2020\/02\/Nature-experiences-anaga-2-400x233.jpg\" srcset=\"https:\/\/www.related.dk\/active-tenerife-tradekit\/wp-content\/uploads\/2020\/02\/Nature-experiences-anaga-2-320x186.jpg 320w,https:\/\/www.related.dk\/active-tenerife-tradekit\/wp-content\/uploads\/2020\/02\/Nature-experiences-anaga-2-400x233.jpg 400w\" data-img-src=\"https:\/\/www.related.dk\/active-tenerife-tradekit\/wp-content\/uploads\/2020\/02\/Nature-experiences-anaga-2.jpg\" alt=\"\" title=\"Nature experiences - anaga - 2\"\/><\/div><\/figure><\/div><\/div><\/div><\/div><\/div><div class=\"vce-col vce-col--md-auto vce-col--xs-1 vce-col--xs-last vce-col--xs-first vce-col--sm-last vce-col--sm-first\" id=\"el-a0e23683\"><div class=\"vce-col-inner\" data-vce-do-apply=\"border margin background  el-a0e23683\"><div class=\"vce-col-content\" data-vce-element-content=\"true\" data-vce-do-apply=\"padding el-a0e23683\"><div class=\"vce-single-image-container vce-single-image--align-left\"><div class=\"vce vce-single-image-wrapper\" id=\"el-bce5a715\" data-vce-do-apply=\"all el-bce5a715\"><figure><div class=\"vce-single-image-inner vce-single-image--absolute\" style=\"padding-bottom: 58.25%; width: 400px;\"><img class=\"vce-single-image\" width=\"400\" height=\"233\"src=\"https:\/\/www.related.dk\/active-tenerife-tradekit\/wp-content\/uploads\/2020\/02\/Nature-experiences-Anaga-Country-Park-2-vs2-400x233.jpg\" srcset=\"https:\/\/www.related.dk\/active-tenerife-tradekit\/wp-content\/uploads\/2020\/02\/Nature-experiences-Anaga-Country-Park-2-vs2-320x186.jpg 320w,https:\/\/www.related.dk\/active-tenerife-tradekit\/wp-content\/uploads\/2020\/02\/Nature-experiences-Anaga-Country-Park-2-vs2-400x233.jpg 400w\" data-img-src=\"https:\/\/www.related.dk\/active-tenerife-tradekit\/wp-content\/uploads\/2020\/02\/Nature-experiences-Anaga-Country-Park-2-vs2.jpg\" alt=\"\" title=\"Nature experiences - Anaga Country Park - 2 - vs2\"\/><\/div><\/figure><\/div><\/div><\/div><\/div><\/div><div class=\"vce-col vce-col--md-auto vce-col--xs-1 vce-col--xs-last vce-col--xs-first vce-col--sm-last vce-col--sm-first vce-col--md-last vce-col--lg-last vce-col--xl-last\" id=\"el-69d64104\"><div class=\"vce-col-inner\" data-vce-do-apply=\"border margin background  el-69d64104\"><div class=\"vce-col-content\" data-vce-element-content=\"true\" data-vce-do-apply=\"padding el-69d64104\"><div class=\"vce-single-image-container vce-single-image--align-left\"><div class=\"vce vce-single-image-wrapper\" id=\"el-873e134d\" data-vce-do-apply=\"all el-873e134d\"><figure><div class=\"vce-single-image-inner vce-single-image--absolute\" style=\"padding-bottom: 58.25%; width: 400px;\"><img class=\"vce-single-image\" width=\"400\" height=\"233\"src=\"https:\/\/www.related.dk\/active-tenerife-tradekit\/wp-content\/uploads\/2020\/02\/Nature-experiences-Anaga-2-1-400x233.jpg\" srcset=\"https:\/\/www.related.dk\/active-tenerife-tradekit\/wp-content\/uploads\/2020\/02\/Nature-experiences-Anaga-2-1-320x186.jpg 320w,https:\/\/www.related.dk\/active-tenerife-tradekit\/wp-content\/uploads\/2020\/02\/Nature-experiences-Anaga-2-1-400x233.jpg 400w\" data-img-src=\"https:\/\/www.related.dk\/active-tenerife-tradekit\/wp-content\/uploads\/2020\/02\/Nature-experiences-Anaga-2-1.jpg\" alt=\"\" title=\"Nature experiences - Anaga -2\"\/><\/div><\/figure><\/div><\/div><\/div><\/div><\/div><\/div><\/div><\/div>\n","protected":false},"excerpt":{"rendered":"<p>ANAGA NATURPARKBare noen f\u00e5 minutters kj\u00f8ring fra hovedstaden Santa Cruz de Tenerife ligger Anaga naturpark, som er blitt utnevnt til et biosf\u00e6reomr\u00e5de. Parken dekker nesten 14 500 hektar og mye av fjellkjeden som ligger p\u00e5 den nordvestlige delen av \u00f8ya. Turistattraksjonen krysser en stor del av Tenerife, over byene La Laguna, Santa Cruz de Tenerife &hellip; <\/p>\n<p class=\"link-more\"><a href=\"https:\/\/www.related.dk\/active-tenerife-tradekit\/naturopplevelser\/anaga-naturpark\/\" class=\"more-link\">L\u00e6s videre<span class=\"screen-reader-text\"> &#8220;Anaga naturpark&#8221;<\/span><\/a><\/p>\n","protected":false},"author":2,"featured_media":0,"parent":968,"menu_order":0,"comment_status":"closed","ping_status":"closed","template":"","meta":[],"yoast_head":"<!-- This site is optimized with the Yoast SEO plugin v20.7 - https:\/\/yoast.com\/wordpress\/plugins\/seo\/ -->\n<title>Anaga naturpark - Active Tenerife - Tradekit<\/title>\n<meta name=\"robots\" content=\"index, follow, max-snippet:-1, max-image-preview:large, max-video-preview:-1\" \/>\n<link rel=\"canonical\" href=\"https:\/\/www.related.dk\/active-tenerife-tradekit\/naturopplevelser\/anaga-naturpark\/\" \/>\n<meta property=\"og:locale\" content=\"da_DK\" \/>\n<meta property=\"og:type\" content=\"article\" \/>\n<meta property=\"og:title\" content=\"Anaga naturpark - Active Tenerife - Tradekit\" \/>\n<meta property=\"og:description\" content=\"ANAGA NATURPARKBare noen f\u00e5 minutters kj\u00f8ring fra hovedstaden Santa Cruz de Tenerife ligger Anaga naturpark, som er blitt utnevnt til et biosf\u00e6reomr\u00e5de. Parken dekker nesten 14 500 hektar og mye av fjellkjeden som ligger p\u00e5 den nordvestlige delen av \u00f8ya. Turistattraksjonen krysser en stor del av Tenerife, over byene La Laguna, Santa Cruz de Tenerife &hellip; L\u00e6s videre &quot;Anaga naturpark&quot;\" \/>\n<meta property=\"og:url\" content=\"https:\/\/www.related.dk\/active-tenerife-tradekit\/naturopplevelser\/anaga-naturpark\/\" \/>\n<meta property=\"og:site_name\" content=\"Active Tenerife - Tradekit\" \/>\n<meta property=\"article:modified_time\" content=\"2020-02-13T09:14:05+00:00\" \/>\n<meta name=\"twitter:card\" content=\"summary_large_image\" \/>\n<meta name=\"twitter:label1\" content=\"Estimeret l\u00e6setid\" \/>\n\t<meta name=\"twitter:data1\" content=\"2 minutter\" \/>\n<script type=\"application\/ld+json\" class=\"yoast-schema-graph\">{\"@context\":\"https:\/\/schema.org\",\"@graph\":[{\"@type\":\"WebPage\",\"@id\":\"https:\/\/www.related.dk\/active-tenerife-tradekit\/naturopplevelser\/anaga-naturpark\/\",\"url\":\"https:\/\/www.related.dk\/active-tenerife-tradekit\/naturopplevelser\/anaga-naturpark\/\",\"name\":\"Anaga naturpark - Active Tenerife - Tradekit\",\"isPartOf\":{\"@id\":\"https:\/\/www.related.dk\/active-tenerife-tradekit\/#website\"},\"datePublished\":\"2020-02-12T11:38:42+00:00\",\"dateModified\":\"2020-02-13T09:14:05+00:00\",\"breadcrumb\":{\"@id\":\"https:\/\/www.related.dk\/active-tenerife-tradekit\/naturopplevelser\/anaga-naturpark\/#breadcrumb\"},\"inLanguage\":\"da-DK\",\"potentialAction\":[{\"@type\":\"ReadAction\",\"target\":[\"https:\/\/www.related.dk\/active-tenerife-tradekit\/naturopplevelser\/anaga-naturpark\/\"]}]},{\"@type\":\"BreadcrumbList\",\"@id\":\"https:\/\/www.related.dk\/active-tenerife-tradekit\/naturopplevelser\/anaga-naturpark\/#breadcrumb\",\"itemListElement\":[{\"@type\":\"ListItem\",\"position\":1,\"name\":\"Home\",\"item\":\"https:\/\/www.related.dk\/active-tenerife-tradekit\/\"},{\"@type\":\"ListItem\",\"position\":2,\"name\":\"Naturopplevelser\",\"item\":\"https:\/\/www.related.dk\/active-tenerife-tradekit\/naturopplevelser\/\"},{\"@type\":\"ListItem\",\"position\":3,\"name\":\"Anaga naturpark\"}]},{\"@type\":\"WebSite\",\"@id\":\"https:\/\/www.related.dk\/active-tenerife-tradekit\/#website\",\"url\":\"https:\/\/www.related.dk\/active-tenerife-tradekit\/\",\"name\":\"Active Tenerife - Tradekit\",\"description\":\"\",\"potentialAction\":[{\"@type\":\"SearchAction\",\"target\":{\"@type\":\"EntryPoint\",\"urlTemplate\":\"https:\/\/www.related.dk\/active-tenerife-tradekit\/?s={search_term_string}\"},\"query-input\":\"required name=search_term_string\"}],\"inLanguage\":\"da-DK\"}]}<\/script>\n<!-- \/ Yoast SEO plugin. -->","yoast_head_json":{"title":"Anaga naturpark - Active Tenerife - Tradekit","robots":{"index":"index","follow":"follow","max-snippet":"max-snippet:-1","max-image-preview":"max-image-preview:large","max-video-preview":"max-video-preview:-1"},"canonical":"https:\/\/www.related.dk\/active-tenerife-tradekit\/naturopplevelser\/anaga-naturpark\/","og_locale":"da_DK","og_type":"article","og_title":"Anaga naturpark - Active Tenerife - Tradekit","og_description":"ANAGA NATURPARKBare noen f\u00e5 minutters kj\u00f8ring fra hovedstaden Santa Cruz de Tenerife ligger Anaga naturpark, som er blitt utnevnt til et biosf\u00e6reomr\u00e5de. Parken dekker nesten 14 500 hektar og mye av fjellkjeden som ligger p\u00e5 den nordvestlige delen av \u00f8ya. Turistattraksjonen krysser en stor del av Tenerife, over byene La Laguna, Santa Cruz de Tenerife &hellip; L\u00e6s videre \"Anaga naturpark\"","og_url":"https:\/\/www.related.dk\/active-tenerife-tradekit\/naturopplevelser\/anaga-naturpark\/","og_site_name":"Active Tenerife - Tradekit","article_modified_time":"2020-02-13T09:14:05+00:00","twitter_card":"summary_large_image","twitter_misc":{"Estimeret l\u00e6setid":"2 minutter"},"schema":{"@context":"https:\/\/schema.org","@graph":[{"@type":"WebPage","@id":"https:\/\/www.related.dk\/active-tenerife-tradekit\/naturopplevelser\/anaga-naturpark\/","url":"https:\/\/www.related.dk\/active-tenerife-tradekit\/naturopplevelser\/anaga-naturpark\/","name":"Anaga naturpark - Active Tenerife - Tradekit","isPartOf":{"@id":"https:\/\/www.related.dk\/active-tenerife-tradekit\/#website"},"datePublished":"2020-02-12T11:38:42+00:00","dateModified":"2020-02-13T09:14:05+00:00","breadcrumb":{"@id":"https:\/\/www.related.dk\/active-tenerife-tradekit\/naturopplevelser\/anaga-naturpark\/#breadcrumb"},"inLanguage":"da-DK","potentialAction":[{"@type":"ReadAction","target":["https:\/\/www.related.dk\/active-tenerife-tradekit\/naturopplevelser\/anaga-naturpark\/"]}]},{"@type":"BreadcrumbList","@id":"https:\/\/www.related.dk\/active-tenerife-tradekit\/naturopplevelser\/anaga-naturpark\/#breadcrumb","itemListElement":[{"@type":"ListItem","position":1,"name":"Home","item":"https:\/\/www.related.dk\/active-tenerife-tradekit\/"},{"@type":"ListItem","position":2,"name":"Naturopplevelser","item":"https:\/\/www.related.dk\/active-tenerife-tradekit\/naturopplevelser\/"},{"@type":"ListItem","position":3,"name":"Anaga naturpark"}]},{"@type":"WebSite","@id":"https:\/\/www.related.dk\/active-tenerife-tradekit\/#website","url":"https:\/\/www.related.dk\/active-tenerife-tradekit\/","name":"Active Tenerife - Tradekit","description":"","potentialAction":[{"@type":"SearchAction","target":{"@type":"EntryPoint","urlTemplate":"https:\/\/www.related.dk\/active-tenerife-tradekit\/?s={search_term_string}"},"query-input":"required name=search_term_string"}],"inLanguage":"da-DK"}]}},"_links":{"self":[{"href":"https:\/\/www.related.dk\/active-tenerife-tradekit\/wp-json\/wp\/v2\/pages\/954"}],"collection":[{"href":"https:\/\/www.related.dk\/active-tenerife-tradekit\/wp-json\/wp\/v2\/pages"}],"about":[{"href":"https:\/\/www.related.dk\/active-tenerife-tradekit\/wp-json\/wp\/v2\/types\/page"}],"author":[{"embeddable":true,"href":"https:\/\/www.related.dk\/active-tenerife-tradekit\/wp-json\/wp\/v2\/users\/2"}],"replies":[{"embeddable":true,"href":"https:\/\/www.related.dk\/active-tenerife-tradekit\/wp-json\/wp\/v2\/comments?post=954"}],"version-history":[{"count":7,"href":"https:\/\/www.related.dk\/active-tenerife-tradekit\/wp-json\/wp\/v2\/pages\/954\/revisions"}],"predecessor-version":[{"id":1308,"href":"https:\/\/www.related.dk\/active-tenerife-tradekit\/wp-json\/wp\/v2\/pages\/954\/revisions\/1308"}],"up":[{"embeddable":true,"href":"https:\/\/www.related.dk\/active-tenerife-tradekit\/wp-json\/wp\/v2\/pages\/968"}],"wp:attachment":[{"href":"https:\/\/www.related.dk\/active-tenerife-tradekit\/wp-json\/wp\/v2\/media?parent=954"}],"curies":[{"name":"wp","href":"https:\/\/api.w.org\/{rel}","templated":true}]}}