{"id":80,"date":"2020-02-07T09:23:27","date_gmt":"2020-02-07T09:23:27","guid":{"rendered":"http:\/\/www.related.dk\/active-tenerife-tradekit\/?page_id=80"},"modified":"2020-02-11T11:54:12","modified_gmt":"2020-02-11T11:54:12","slug":"oen","status":"publish","type":"page","link":"https:\/\/www.related.dk\/active-tenerife-tradekit\/om-tenerife\/oen\/","title":{"rendered":"\u00d8en"},"content":{"rendered":"<div class=\"vce-row-container\"><div class=\"vce-row vce-row--col-gap-30 vce-row-columns--top vce-row-content--top\" id=\"el-dba0474a\" data-vce-do-apply=\"all el-dba0474a\"><div class=\"vce-row-content\" data-vce-element-content=\"true\"><div class=\"vce-col\" id=\"el-adb4499e\"><div class=\"vce-col-inner\" data-vce-do-apply=\"border margin background  el-adb4499e\"><div class=\"vce-col-content\" data-vce-element-content=\"true\" data-vce-do-apply=\"padding el-adb4499e\"><section class=\"vce-hero-section-container vce-hero-section-media--xs vce-hero-section-media--sm vce-hero-section-media--md vce-hero-section-media--lg\"><div class=\"vce vce-hero-section vce-hero-section--alignment-start\" id=\"el-6c9b7b65\" data-vce-do-apply=\"margin background border  el-6c9b7b65\"><div class=\"vce-hero-section--wrap-row vce-hero-section--background-position-center-center\" style=\"background-image: url('https:\/\/www.related.dk\/active-tenerife-tradekit\/wp-content\/uploads\/2020\/02\/About-Tenerife-the-island-1..jpg');\"><div class=\"vce-hero-section--wrap\"><div class=\"vce-hero-section--content\" data-vce-do-apply=\"padding el-6c9b7b65\"><div class=\"vce-hero-section--content-container\"><h1><strong>\u00d8EN<\/strong><\/h1><\/div><\/div><\/div><\/div><\/div><\/section><\/div><\/div><\/div><\/div><\/div><\/div><div class=\"vce-row-container\"><div class=\"vce-row vce-row--col-gap-30 vce-row-columns--top vce-row-content--top\" id=\"el-42dfe053\" data-vce-do-apply=\"all el-42dfe053\"><div class=\"vce-row-content\" data-vce-element-content=\"true\"><div class=\"vce-col\" id=\"el-1400fba9\"><div class=\"vce-col-inner\" data-vce-do-apply=\"border margin background  el-1400fba9\"><div class=\"vce-col-content\" data-vce-element-content=\"true\" data-vce-do-apply=\"padding el-1400fba9\"><div class=\"vce-text-block\"><div class=\"vce-text-block-wrapper vce\" id=\"el-9e006030\" data-vce-do-apply=\"all el-9e006030\"><p>Igennem de seneste \u00e5r er sund livsstil blevet mere og mere popul\u00e6rt, og Tenerife har f\u00e5et ry som et sted, hvor man kan kombinere afslappende ferie med aktive sports- og udend\u00f8rsaktiviteter.<\/p>\n<p>\u00d8en har en \u00e5rlig gennemsnitstemperatur p\u00e5 23 grader, hvilket g\u00f8r, at det altid f\u00f8les som for\u00e5r. \u00d8ens varierede landskab p\u00e5virker de lokale vejrforhold og g\u00f8r, at der er mange forskellige mikroklimaer, som giver mulighed for mange forskellige aktiviteter, der hver kr\u00e6ver noget forskelligt \u2013 alt sammen p\u00e5 \u00e9n og samme \u00f8. Man kan vandre p\u00e5 den sned\u00e6kkede top p\u00e5 vulkanen El Teide om morgenen og bruge eftermiddagen p\u00e5 at slappe af p\u00e5 stranden. Eller man kan tilbringe en solrig morgen med at ro kajak ved de imponerende klippeformationer Los Gigantes \u2013 og cykle mountainbike i den t\u00e6tte skov efter frokost. Tenerifes unikke landskab er skabt af den vulkanske aktivitet, der har formet omr\u00e5det igennem millioner af \u00e5r.<\/p>\n<p>Det behagelige klima og havets milde temperaturer har gjort Tenerife til et popul\u00e6rt rejsem\u00e5l igennem de seneste \u00e5rtier. Oprindeligt kom folk hertil for at afhj\u00e6lpe diverse sygdomme som gigt, hudproblemer og vejrtr\u00e6kningsproblemer med Kanarie\u00f8ernes rene Atlanterhavsluft og klare vand.<\/p>\n<p><strong>St\u00f8rrelse og antal bes\u00f8gende<\/strong> <br>Tenerife er den st\u00f8rste af Kanarie\u00f8erne med et areal p\u00e5 2.034 km\u00b2. Her bor omkring 904.713 lokale, og \u00f8en blev i 2018 bes\u00f8gt af 5.801.954 turister \u2013 heraf 404.660 fra Norden. Mere end halvdelen af de bes\u00f8gende (60 %) vender tilbage til \u00f8en.<\/p>\n<p>Tenerife er ogs\u00e5 popul\u00e6r blandt forskere p\u00e5 grund af \u00f8ens mange forskellige s\u00e6regenheder. Selvom det er en lille \u00f8, har den en overraskende stor variation i vegetationen. Derfor er der stor videnskabelig interesse for Tenerife, der ogs\u00e5 stadig har mange ul\u00f8ste mysterier relateret til \u00f8ens oprindelse og geologiske evolution.<\/p><\/div><\/div><\/div><\/div><\/div><\/div><\/div><\/div><div class=\"vce-row-container\"><div class=\"vce-row vce-row--col-gap-30 vce-row-columns--top vce-row-content--top\" id=\"el-fb14b61d\" data-vce-do-apply=\"all el-fb14b61d\"><div class=\"vce-row-content\" data-vce-element-content=\"true\"><div class=\"vce-col vce-col--md-auto vce-col--xs-1 vce-col--xs-last vce-col--xs-first vce-col--sm-last vce-col--sm-first vce-col--md-first vce-col--lg-first vce-col--xl-first\" id=\"el-fa4554ff\"><div class=\"vce-col-inner\" data-vce-do-apply=\"border margin background  el-fa4554ff\"><div class=\"vce-col-content\" data-vce-element-content=\"true\" data-vce-do-apply=\"padding el-fa4554ff\"><div class=\"vce-single-image-container vce-single-image--align-left\"><div class=\"vce vce-single-image-wrapper\" id=\"el-94ad95f0\" data-vce-do-apply=\"all el-94ad95f0\"><figure><div class=\"vce-single-image-inner vce-single-image--absolute\" style=\"padding-bottom: 58.3333%; width: 600px;\"><img class=\"vce-single-image\" width=\"600\" height=\"350\"src=\"https:\/\/www.related.dk\/active-tenerife-tradekit\/wp-content\/uploads\/2020\/02\/About-Tenerife-the-island-1-600x350.jpg\" srcset=\"https:\/\/www.related.dk\/active-tenerife-tradekit\/wp-content\/uploads\/2020\/02\/About-Tenerife-the-island-1-320x187.jpg 320w,https:\/\/www.related.dk\/active-tenerife-tradekit\/wp-content\/uploads\/2020\/02\/About-Tenerife-the-island-1-480x280.jpg 480w,https:\/\/www.related.dk\/active-tenerife-tradekit\/wp-content\/uploads\/2020\/02\/About-Tenerife-the-island-1-600x350.jpg 600w\" data-img-src=\"https:\/\/www.related.dk\/active-tenerife-tradekit\/wp-content\/uploads\/2020\/02\/About-Tenerife-the-island-1.jpg\" alt=\"\" title=\"About Tenerife - the island - 1\"\/><\/div><\/figure><\/div><\/div><\/div><\/div><\/div><div class=\"vce-col vce-col--md-auto vce-col--xs-1 vce-col--xs-last vce-col--xs-first vce-col--sm-last vce-col--sm-first vce-col--md-last vce-col--lg-last vce-col--xl-last\" id=\"el-4ac0a430\"><div class=\"vce-col-inner\" data-vce-do-apply=\"border margin background  el-4ac0a430\"><div class=\"vce-col-content\" data-vce-element-content=\"true\" data-vce-do-apply=\"padding el-4ac0a430\"><div class=\"vce-single-image-container vce-single-image--align-left\"><div class=\"vce vce-single-image-wrapper\" id=\"el-66b42790\" data-vce-do-apply=\"all el-66b42790\"><figure><div class=\"vce-single-image-inner vce-single-image--absolute\" style=\"padding-bottom: 58.3333%; width: 600px;\"><img class=\"vce-single-image\" width=\"600\" height=\"350\"src=\"https:\/\/www.related.dk\/active-tenerife-tradekit\/wp-content\/uploads\/2020\/02\/kayak-los-gigantes-04-600x350.jpg\" srcset=\"https:\/\/www.related.dk\/active-tenerife-tradekit\/wp-content\/uploads\/2020\/02\/kayak-los-gigantes-04-320x187.jpg 320w,https:\/\/www.related.dk\/active-tenerife-tradekit\/wp-content\/uploads\/2020\/02\/kayak-los-gigantes-04-480x280.jpg 480w,https:\/\/www.related.dk\/active-tenerife-tradekit\/wp-content\/uploads\/2020\/02\/kayak-los-gigantes-04-600x350.jpg 600w\" data-img-src=\"https:\/\/www.related.dk\/active-tenerife-tradekit\/wp-content\/uploads\/2020\/02\/kayak-los-gigantes-04.jpg\" alt=\"\" title=\"kayak-los-gigantes-04\"\/><\/div><\/figure><\/div><\/div><\/div><\/div><\/div><\/div><\/div><\/div>\n","protected":false},"excerpt":{"rendered":"<p>\u00d8ENIgennem de seneste \u00e5r er sund livsstil blevet mere og mere popul\u00e6rt, og Tenerife har f\u00e5et ry som et sted, hvor man kan kombinere afslappende ferie med aktive sports- og udend\u00f8rsaktiviteter. \u00d8en har en \u00e5rlig gennemsnitstemperatur p\u00e5 23 grader, hvilket g\u00f8r, at det altid f\u00f8les som for\u00e5r. \u00d8ens varierede landskab p\u00e5virker de lokale vejrforhold og &hellip; <\/p>\n<p class=\"link-more\"><a href=\"https:\/\/www.related.dk\/active-tenerife-tradekit\/om-tenerife\/oen\/\" class=\"more-link\">L\u00e6s videre<span class=\"screen-reader-text\"> &#8220;\u00d8en&#8221;<\/span><\/a><\/p>\n","protected":false},"author":2,"featured_media":0,"parent":156,"menu_order":0,"comment_status":"closed","ping_status":"closed","template":"","meta":[],"yoast_head":"<!-- This site is optimized with the Yoast SEO plugin v20.7 - https:\/\/yoast.com\/wordpress\/plugins\/seo\/ -->\n<title>\u00d8en - Active Tenerife - Tradekit<\/title>\n<meta name=\"robots\" content=\"index, follow, max-snippet:-1, max-image-preview:large, max-video-preview:-1\" \/>\n<link rel=\"canonical\" href=\"https:\/\/www.related.dk\/active-tenerife-tradekit\/om-tenerife\/oen\/\" \/>\n<meta property=\"og:locale\" content=\"da_DK\" \/>\n<meta property=\"og:type\" content=\"article\" \/>\n<meta property=\"og:title\" content=\"\u00d8en - Active Tenerife - Tradekit\" \/>\n<meta property=\"og:description\" content=\"\u00d8ENIgennem de seneste \u00e5r er sund livsstil blevet mere og mere popul\u00e6rt, og Tenerife har f\u00e5et ry som et sted, hvor man kan kombinere afslappende ferie med aktive sports- og udend\u00f8rsaktiviteter. \u00d8en har en \u00e5rlig gennemsnitstemperatur p\u00e5 23 grader, hvilket g\u00f8r, at det altid f\u00f8les som for\u00e5r. \u00d8ens varierede landskab p\u00e5virker de lokale vejrforhold og &hellip; L\u00e6s videre &quot;\u00d8en&quot;\" \/>\n<meta property=\"og:url\" content=\"https:\/\/www.related.dk\/active-tenerife-tradekit\/om-tenerife\/oen\/\" \/>\n<meta property=\"og:site_name\" content=\"Active Tenerife - Tradekit\" \/>\n<meta property=\"article:modified_time\" content=\"2020-02-11T11:54:12+00:00\" \/>\n<meta name=\"twitter:card\" content=\"summary_large_image\" \/>\n<meta name=\"twitter:label1\" content=\"Estimeret l\u00e6setid\" \/>\n\t<meta name=\"twitter:data1\" content=\"1 minut\" \/>\n<script type=\"application\/ld+json\" class=\"yoast-schema-graph\">{\"@context\":\"https:\/\/schema.org\",\"@graph\":[{\"@type\":\"WebPage\",\"@id\":\"https:\/\/www.related.dk\/active-tenerife-tradekit\/om-tenerife\/oen\/\",\"url\":\"https:\/\/www.related.dk\/active-tenerife-tradekit\/om-tenerife\/oen\/\",\"name\":\"\u00d8en - Active Tenerife - Tradekit\",\"isPartOf\":{\"@id\":\"https:\/\/www.related.dk\/active-tenerife-tradekit\/#website\"},\"datePublished\":\"2020-02-07T09:23:27+00:00\",\"dateModified\":\"2020-02-11T11:54:12+00:00\",\"breadcrumb\":{\"@id\":\"https:\/\/www.related.dk\/active-tenerife-tradekit\/om-tenerife\/oen\/#breadcrumb\"},\"inLanguage\":\"da-DK\",\"potentialAction\":[{\"@type\":\"ReadAction\",\"target\":[\"https:\/\/www.related.dk\/active-tenerife-tradekit\/om-tenerife\/oen\/\"]}]},{\"@type\":\"BreadcrumbList\",\"@id\":\"https:\/\/www.related.dk\/active-tenerife-tradekit\/om-tenerife\/oen\/#breadcrumb\",\"itemListElement\":[{\"@type\":\"ListItem\",\"position\":1,\"name\":\"Home\",\"item\":\"https:\/\/www.related.dk\/active-tenerife-tradekit\/\"},{\"@type\":\"ListItem\",\"position\":2,\"name\":\"Om Tenerife\",\"item\":\"https:\/\/www.related.dk\/active-tenerife-tradekit\/om-tenerife\/\"},{\"@type\":\"ListItem\",\"position\":3,\"name\":\"\u00d8en\"}]},{\"@type\":\"WebSite\",\"@id\":\"https:\/\/www.related.dk\/active-tenerife-tradekit\/#website\",\"url\":\"https:\/\/www.related.dk\/active-tenerife-tradekit\/\",\"name\":\"Active Tenerife - Tradekit\",\"description\":\"\",\"potentialAction\":[{\"@type\":\"SearchAction\",\"target\":{\"@type\":\"EntryPoint\",\"urlTemplate\":\"https:\/\/www.related.dk\/active-tenerife-tradekit\/?s={search_term_string}\"},\"query-input\":\"required name=search_term_string\"}],\"inLanguage\":\"da-DK\"}]}<\/script>\n<!-- \/ Yoast SEO plugin. -->","yoast_head_json":{"title":"\u00d8en - Active Tenerife - Tradekit","robots":{"index":"index","follow":"follow","max-snippet":"max-snippet:-1","max-image-preview":"max-image-preview:large","max-video-preview":"max-video-preview:-1"},"canonical":"https:\/\/www.related.dk\/active-tenerife-tradekit\/om-tenerife\/oen\/","og_locale":"da_DK","og_type":"article","og_title":"\u00d8en - Active Tenerife - Tradekit","og_description":"\u00d8ENIgennem de seneste \u00e5r er sund livsstil blevet mere og mere popul\u00e6rt, og Tenerife har f\u00e5et ry som et sted, hvor man kan kombinere afslappende ferie med aktive sports- og udend\u00f8rsaktiviteter. \u00d8en har en \u00e5rlig gennemsnitstemperatur p\u00e5 23 grader, hvilket g\u00f8r, at det altid f\u00f8les som for\u00e5r. \u00d8ens varierede landskab p\u00e5virker de lokale vejrforhold og &hellip; L\u00e6s videre \"\u00d8en\"","og_url":"https:\/\/www.related.dk\/active-tenerife-tradekit\/om-tenerife\/oen\/","og_site_name":"Active Tenerife - Tradekit","article_modified_time":"2020-02-11T11:54:12+00:00","twitter_card":"summary_large_image","twitter_misc":{"Estimeret l\u00e6setid":"1 minut"},"schema":{"@context":"https:\/\/schema.org","@graph":[{"@type":"WebPage","@id":"https:\/\/www.related.dk\/active-tenerife-tradekit\/om-tenerife\/oen\/","url":"https:\/\/www.related.dk\/active-tenerife-tradekit\/om-tenerife\/oen\/","name":"\u00d8en - Active Tenerife - Tradekit","isPartOf":{"@id":"https:\/\/www.related.dk\/active-tenerife-tradekit\/#website"},"datePublished":"2020-02-07T09:23:27+00:00","dateModified":"2020-02-11T11:54:12+00:00","breadcrumb":{"@id":"https:\/\/www.related.dk\/active-tenerife-tradekit\/om-tenerife\/oen\/#breadcrumb"},"inLanguage":"da-DK","potentialAction":[{"@type":"ReadAction","target":["https:\/\/www.related.dk\/active-tenerife-tradekit\/om-tenerife\/oen\/"]}]},{"@type":"BreadcrumbList","@id":"https:\/\/www.related.dk\/active-tenerife-tradekit\/om-tenerife\/oen\/#breadcrumb","itemListElement":[{"@type":"ListItem","position":1,"name":"Home","item":"https:\/\/www.related.dk\/active-tenerife-tradekit\/"},{"@type":"ListItem","position":2,"name":"Om Tenerife","item":"https:\/\/www.related.dk\/active-tenerife-tradekit\/om-tenerife\/"},{"@type":"ListItem","position":3,"name":"\u00d8en"}]},{"@type":"WebSite","@id":"https:\/\/www.related.dk\/active-tenerife-tradekit\/#website","url":"https:\/\/www.related.dk\/active-tenerife-tradekit\/","name":"Active Tenerife - Tradekit","description":"","potentialAction":[{"@type":"SearchAction","target":{"@type":"EntryPoint","urlTemplate":"https:\/\/www.related.dk\/active-tenerife-tradekit\/?s={search_term_string}"},"query-input":"required name=search_term_string"}],"inLanguage":"da-DK"}]}},"_links":{"self":[{"href":"https:\/\/www.related.dk\/active-tenerife-tradekit\/wp-json\/wp\/v2\/pages\/80"}],"collection":[{"href":"https:\/\/www.related.dk\/active-tenerife-tradekit\/wp-json\/wp\/v2\/pages"}],"about":[{"href":"https:\/\/www.related.dk\/active-tenerife-tradekit\/wp-json\/wp\/v2\/types\/page"}],"author":[{"embeddable":true,"href":"https:\/\/www.related.dk\/active-tenerife-tradekit\/wp-json\/wp\/v2\/users\/2"}],"replies":[{"embeddable":true,"href":"https:\/\/www.related.dk\/active-tenerife-tradekit\/wp-json\/wp\/v2\/comments?post=80"}],"version-history":[{"count":5,"href":"https:\/\/www.related.dk\/active-tenerife-tradekit\/wp-json\/wp\/v2\/pages\/80\/revisions"}],"predecessor-version":[{"id":868,"href":"https:\/\/www.related.dk\/active-tenerife-tradekit\/wp-json\/wp\/v2\/pages\/80\/revisions\/868"}],"up":[{"embeddable":true,"href":"https:\/\/www.related.dk\/active-tenerife-tradekit\/wp-json\/wp\/v2\/pages\/156"}],"wp:attachment":[{"href":"https:\/\/www.related.dk\/active-tenerife-tradekit\/wp-json\/wp\/v2\/media?parent=80"}],"curies":[{"name":"wp","href":"https:\/\/api.w.org\/{rel}","templated":true}]}}