{"id":503,"date":"2020-02-10T08:56:48","date_gmt":"2020-02-10T08:56:48","guid":{"rendered":"http:\/\/www.related.dk\/active-tenerife-tradekit\/?page_id=503"},"modified":"2020-02-10T13:21:51","modified_gmt":"2020-02-10T13:21:51","slug":"los-gigantes","status":"publish","type":"page","link":"https:\/\/www.related.dk\/active-tenerife-tradekit\/naturoplevelser\/los-gigantes\/","title":{"rendered":"Los Gigantes"},"content":{"rendered":"<div class=\"vce-row-container\"><div class=\"vce-row vce-row--col-gap-30 vce-row-columns--top vce-row-content--top\" id=\"el-23bb2af9\" data-vce-do-apply=\"all el-23bb2af9\"><div class=\"vce-row-content\" data-vce-element-content=\"true\"><div class=\"vce-col\" id=\"el-df761082\"><div class=\"vce-col-inner\" data-vce-do-apply=\"border margin background  el-df761082\"><div class=\"vce-col-content\" data-vce-element-content=\"true\" data-vce-do-apply=\"padding el-df761082\"><section class=\"vce-hero-section-container vce-hero-section-media--xs vce-hero-section-media--sm vce-hero-section-media--md vce-hero-section-media--lg\"><div class=\"vce vce-hero-section vce-hero-section--alignment-start\" id=\"el-bb706ffd\" data-vce-do-apply=\"margin background border  el-bb706ffd\"><div class=\"vce-hero-section--wrap-row vce-hero-section--background-position-center-center\" style=\"background-image: url('https:\/\/www.related.dk\/active-tenerife-tradekit\/wp-content\/uploads\/2020\/02\/Nature-experiences-los-gigantes-4-VS2.jpg');\"><div class=\"vce-hero-section--wrap\"><div class=\"vce-hero-section--content\" data-vce-do-apply=\"padding el-bb706ffd\"><div class=\"vce-hero-section--content-container\"><h1><strong>LOS GIGANTES<\/strong><\/h1><\/div><\/div><\/div><\/div><\/div><\/section><\/div><\/div><\/div><\/div><\/div><\/div><div class=\"vce-row-container\"><div class=\"vce-row vce-row--col-gap-30 vce-row-columns--top vce-row-content--top\" id=\"el-0b5ad55c\" data-vce-do-apply=\"all el-0b5ad55c\"><div class=\"vce-row-content\" data-vce-element-content=\"true\"><div class=\"vce-col\" id=\"el-77942a6f\"><div class=\"vce-col-inner\" data-vce-do-apply=\"border margin background  el-77942a6f\"><div class=\"vce-col-content\" data-vce-element-content=\"true\" data-vce-do-apply=\"padding el-77942a6f\"><div class=\"vce-text-block\"><div class=\"vce-text-block-wrapper vce\" id=\"el-2d1b8838\" data-vce-do-apply=\"all el-2d1b8838\"><p>Navnet Los Gigantes (der betyder \u201dgiganterne\u201d) beh\u00f8ver n\u00e6rmest ingen forklaring. De enorme klipper i Santiago del Teide er en del af Teno Country Park og str\u00e6kker sig fra havet og 600 meter op. Man bliver n\u00e6sten svimmel, selv n\u00e5r man betragter dem nedefra. Ved foden af klipperne er havet cirka 30 meter dybt og hjemsted for et rigt undervandsliv \u2013 hvorfor stedet ogs\u00e5 er velbes\u00f8gt af dykkere.<\/p><p><a href=\"https:\/\/www.webtenerife.co.uk\/tenerife\/the-island\/municipalities\/santiago-teide\/places-interest\/acantilados-gigantes.htm\" target=\"_blank\" rel=\"noopener noreferrer\">L\u00e6s mere her<\/a><\/p><\/div><\/div><\/div><\/div><\/div><\/div><\/div><\/div><div class=\"vce-row-container\"><div class=\"vce-row vce-row--col-gap-30 vce-row-columns--top vce-row-content--top\" id=\"el-ba54cc3f\" data-vce-do-apply=\"all el-ba54cc3f\"><div class=\"vce-row-content\" data-vce-element-content=\"true\"><div class=\"vce-col vce-col--md-auto vce-col--xs-1 vce-col--xs-last vce-col--xs-first vce-col--sm-last vce-col--sm-first vce-col--md-first vce-col--lg-first vce-col--xl-first\" id=\"el-9ec0e47c\"><div class=\"vce-col-inner\" data-vce-do-apply=\"border margin background  el-9ec0e47c\"><div class=\"vce-col-content\" data-vce-element-content=\"true\" data-vce-do-apply=\"padding el-9ec0e47c\"><div class=\"vce-single-image-container vce-single-image--align-left\"><div class=\"vce vce-single-image-wrapper\" id=\"el-3b720cc8\" data-vce-do-apply=\"all el-3b720cc8\"><figure><div class=\"vce-single-image-inner vce-single-image--absolute\" style=\"padding-bottom: 58.3333%; width: 600px;\"><img class=\"vce-single-image\" width=\"600\" height=\"350\"src=\"https:\/\/www.related.dk\/active-tenerife-tradekit\/wp-content\/uploads\/2020\/02\/Nature-experiences-Los-Gigantes-2-vs2-600x350.jpg\" srcset=\"https:\/\/www.related.dk\/active-tenerife-tradekit\/wp-content\/uploads\/2020\/02\/Nature-experiences-Los-Gigantes-2-vs2-320x187.jpg 320w,https:\/\/www.related.dk\/active-tenerife-tradekit\/wp-content\/uploads\/2020\/02\/Nature-experiences-Los-Gigantes-2-vs2-480x280.jpg 480w,https:\/\/www.related.dk\/active-tenerife-tradekit\/wp-content\/uploads\/2020\/02\/Nature-experiences-Los-Gigantes-2-vs2-600x350.jpg 600w\" data-img-src=\"https:\/\/www.related.dk\/active-tenerife-tradekit\/wp-content\/uploads\/2020\/02\/Nature-experiences-Los-Gigantes-2-vs2.jpg\" alt=\"\" title=\"Nature experiences - Los Gigantes (2) - vs2\"\/><\/div><\/figure><\/div><\/div><\/div><\/div><\/div><div class=\"vce-col vce-col--md-auto vce-col--xs-1 vce-col--xs-last vce-col--xs-first vce-col--sm-last vce-col--sm-first vce-col--md-last vce-col--lg-last vce-col--xl-last\" id=\"el-48586f67\"><div class=\"vce-col-inner\" data-vce-do-apply=\"border margin background  el-48586f67\"><div class=\"vce-col-content\" data-vce-element-content=\"true\" data-vce-do-apply=\"padding el-48586f67\"><div class=\"vce-single-image-container vce-single-image--align-left\"><div class=\"vce vce-single-image-wrapper\" id=\"el-f2bd536c\" data-vce-do-apply=\"all el-f2bd536c\"><figure><div class=\"vce-single-image-inner vce-single-image--absolute\" style=\"padding-bottom: 58.3333%; width: 600px;\"><img class=\"vce-single-image\" width=\"600\" height=\"350\"src=\"https:\/\/www.related.dk\/active-tenerife-tradekit\/wp-content\/uploads\/2020\/02\/Nature-experiences-Los-Gigantes-600x350.jpg\" srcset=\"https:\/\/www.related.dk\/active-tenerife-tradekit\/wp-content\/uploads\/2020\/02\/Nature-experiences-Los-Gigantes-320x187.jpg 320w,https:\/\/www.related.dk\/active-tenerife-tradekit\/wp-content\/uploads\/2020\/02\/Nature-experiences-Los-Gigantes-480x280.jpg 480w,https:\/\/www.related.dk\/active-tenerife-tradekit\/wp-content\/uploads\/2020\/02\/Nature-experiences-Los-Gigantes-600x350.jpg 600w\" data-img-src=\"https:\/\/www.related.dk\/active-tenerife-tradekit\/wp-content\/uploads\/2020\/02\/Nature-experiences-Los-Gigantes.jpg\" alt=\"\" title=\"Nature experiences - Los Gigantes\"\/><\/div><\/figure><\/div><\/div><\/div><\/div><\/div><\/div><\/div><\/div>\n","protected":false},"excerpt":{"rendered":"<p>LOS GIGANTESNavnet Los Gigantes (der betyder \u201dgiganterne\u201d) beh\u00f8ver n\u00e6rmest ingen forklaring. De enorme klipper i Santiago del Teide er en del af Teno Country Park og str\u00e6kker sig fra havet og 600 meter op. Man bliver n\u00e6sten svimmel, selv n\u00e5r man betragter dem nedefra. Ved foden af klipperne er havet cirka 30 meter dybt og &hellip; <\/p>\n<p class=\"link-more\"><a href=\"https:\/\/www.related.dk\/active-tenerife-tradekit\/naturoplevelser\/los-gigantes\/\" class=\"more-link\">L\u00e6s videre<span class=\"screen-reader-text\"> &#8220;Los Gigantes&#8221;<\/span><\/a><\/p>\n","protected":false},"author":2,"featured_media":0,"parent":444,"menu_order":0,"comment_status":"closed","ping_status":"closed","template":"","meta":[],"yoast_head":"<!-- This site is optimized with the Yoast SEO plugin v20.7 - https:\/\/yoast.com\/wordpress\/plugins\/seo\/ -->\n<title>Los Gigantes - Active Tenerife - Tradekit<\/title>\n<meta name=\"robots\" content=\"index, follow, max-snippet:-1, max-image-preview:large, max-video-preview:-1\" \/>\n<link rel=\"canonical\" href=\"https:\/\/www.related.dk\/active-tenerife-tradekit\/naturoplevelser\/los-gigantes\/\" \/>\n<meta property=\"og:locale\" content=\"da_DK\" \/>\n<meta property=\"og:type\" content=\"article\" \/>\n<meta property=\"og:title\" content=\"Los Gigantes - Active Tenerife - Tradekit\" \/>\n<meta property=\"og:description\" content=\"LOS GIGANTESNavnet Los Gigantes (der betyder \u201dgiganterne\u201d) beh\u00f8ver n\u00e6rmest ingen forklaring. De enorme klipper i Santiago del Teide er en del af Teno Country Park og str\u00e6kker sig fra havet og 600 meter op. Man bliver n\u00e6sten svimmel, selv n\u00e5r man betragter dem nedefra. Ved foden af klipperne er havet cirka 30 meter dybt og &hellip; L\u00e6s videre &quot;Los Gigantes&quot;\" \/>\n<meta property=\"og:url\" content=\"https:\/\/www.related.dk\/active-tenerife-tradekit\/naturoplevelser\/los-gigantes\/\" \/>\n<meta property=\"og:site_name\" content=\"Active Tenerife - Tradekit\" \/>\n<meta property=\"article:modified_time\" content=\"2020-02-10T13:21:51+00:00\" \/>\n<meta name=\"twitter:card\" content=\"summary_large_image\" \/>\n<script type=\"application\/ld+json\" class=\"yoast-schema-graph\">{\"@context\":\"https:\/\/schema.org\",\"@graph\":[{\"@type\":\"WebPage\",\"@id\":\"https:\/\/www.related.dk\/active-tenerife-tradekit\/naturoplevelser\/los-gigantes\/\",\"url\":\"https:\/\/www.related.dk\/active-tenerife-tradekit\/naturoplevelser\/los-gigantes\/\",\"name\":\"Los Gigantes - Active Tenerife - Tradekit\",\"isPartOf\":{\"@id\":\"https:\/\/www.related.dk\/active-tenerife-tradekit\/#website\"},\"datePublished\":\"2020-02-10T08:56:48+00:00\",\"dateModified\":\"2020-02-10T13:21:51+00:00\",\"breadcrumb\":{\"@id\":\"https:\/\/www.related.dk\/active-tenerife-tradekit\/naturoplevelser\/los-gigantes\/#breadcrumb\"},\"inLanguage\":\"da-DK\",\"potentialAction\":[{\"@type\":\"ReadAction\",\"target\":[\"https:\/\/www.related.dk\/active-tenerife-tradekit\/naturoplevelser\/los-gigantes\/\"]}]},{\"@type\":\"BreadcrumbList\",\"@id\":\"https:\/\/www.related.dk\/active-tenerife-tradekit\/naturoplevelser\/los-gigantes\/#breadcrumb\",\"itemListElement\":[{\"@type\":\"ListItem\",\"position\":1,\"name\":\"Home\",\"item\":\"https:\/\/www.related.dk\/active-tenerife-tradekit\/\"},{\"@type\":\"ListItem\",\"position\":2,\"name\":\"Naturoplevelser\",\"item\":\"https:\/\/www.related.dk\/active-tenerife-tradekit\/naturoplevelser\/\"},{\"@type\":\"ListItem\",\"position\":3,\"name\":\"Los Gigantes\"}]},{\"@type\":\"WebSite\",\"@id\":\"https:\/\/www.related.dk\/active-tenerife-tradekit\/#website\",\"url\":\"https:\/\/www.related.dk\/active-tenerife-tradekit\/\",\"name\":\"Active Tenerife - Tradekit\",\"description\":\"\",\"potentialAction\":[{\"@type\":\"SearchAction\",\"target\":{\"@type\":\"EntryPoint\",\"urlTemplate\":\"https:\/\/www.related.dk\/active-tenerife-tradekit\/?s={search_term_string}\"},\"query-input\":\"required name=search_term_string\"}],\"inLanguage\":\"da-DK\"}]}<\/script>\n<!-- \/ Yoast SEO plugin. -->","yoast_head_json":{"title":"Los Gigantes - Active Tenerife - Tradekit","robots":{"index":"index","follow":"follow","max-snippet":"max-snippet:-1","max-image-preview":"max-image-preview:large","max-video-preview":"max-video-preview:-1"},"canonical":"https:\/\/www.related.dk\/active-tenerife-tradekit\/naturoplevelser\/los-gigantes\/","og_locale":"da_DK","og_type":"article","og_title":"Los Gigantes - Active Tenerife - Tradekit","og_description":"LOS GIGANTESNavnet Los Gigantes (der betyder \u201dgiganterne\u201d) beh\u00f8ver n\u00e6rmest ingen forklaring. De enorme klipper i Santiago del Teide er en del af Teno Country Park og str\u00e6kker sig fra havet og 600 meter op. Man bliver n\u00e6sten svimmel, selv n\u00e5r man betragter dem nedefra. Ved foden af klipperne er havet cirka 30 meter dybt og &hellip; L\u00e6s videre \"Los Gigantes\"","og_url":"https:\/\/www.related.dk\/active-tenerife-tradekit\/naturoplevelser\/los-gigantes\/","og_site_name":"Active Tenerife - Tradekit","article_modified_time":"2020-02-10T13:21:51+00:00","twitter_card":"summary_large_image","schema":{"@context":"https:\/\/schema.org","@graph":[{"@type":"WebPage","@id":"https:\/\/www.related.dk\/active-tenerife-tradekit\/naturoplevelser\/los-gigantes\/","url":"https:\/\/www.related.dk\/active-tenerife-tradekit\/naturoplevelser\/los-gigantes\/","name":"Los Gigantes - Active Tenerife - Tradekit","isPartOf":{"@id":"https:\/\/www.related.dk\/active-tenerife-tradekit\/#website"},"datePublished":"2020-02-10T08:56:48+00:00","dateModified":"2020-02-10T13:21:51+00:00","breadcrumb":{"@id":"https:\/\/www.related.dk\/active-tenerife-tradekit\/naturoplevelser\/los-gigantes\/#breadcrumb"},"inLanguage":"da-DK","potentialAction":[{"@type":"ReadAction","target":["https:\/\/www.related.dk\/active-tenerife-tradekit\/naturoplevelser\/los-gigantes\/"]}]},{"@type":"BreadcrumbList","@id":"https:\/\/www.related.dk\/active-tenerife-tradekit\/naturoplevelser\/los-gigantes\/#breadcrumb","itemListElement":[{"@type":"ListItem","position":1,"name":"Home","item":"https:\/\/www.related.dk\/active-tenerife-tradekit\/"},{"@type":"ListItem","position":2,"name":"Naturoplevelser","item":"https:\/\/www.related.dk\/active-tenerife-tradekit\/naturoplevelser\/"},{"@type":"ListItem","position":3,"name":"Los Gigantes"}]},{"@type":"WebSite","@id":"https:\/\/www.related.dk\/active-tenerife-tradekit\/#website","url":"https:\/\/www.related.dk\/active-tenerife-tradekit\/","name":"Active Tenerife - Tradekit","description":"","potentialAction":[{"@type":"SearchAction","target":{"@type":"EntryPoint","urlTemplate":"https:\/\/www.related.dk\/active-tenerife-tradekit\/?s={search_term_string}"},"query-input":"required name=search_term_string"}],"inLanguage":"da-DK"}]}},"_links":{"self":[{"href":"https:\/\/www.related.dk\/active-tenerife-tradekit\/wp-json\/wp\/v2\/pages\/503"}],"collection":[{"href":"https:\/\/www.related.dk\/active-tenerife-tradekit\/wp-json\/wp\/v2\/pages"}],"about":[{"href":"https:\/\/www.related.dk\/active-tenerife-tradekit\/wp-json\/wp\/v2\/types\/page"}],"author":[{"embeddable":true,"href":"https:\/\/www.related.dk\/active-tenerife-tradekit\/wp-json\/wp\/v2\/users\/2"}],"replies":[{"embeddable":true,"href":"https:\/\/www.related.dk\/active-tenerife-tradekit\/wp-json\/wp\/v2\/comments?post=503"}],"version-history":[{"count":5,"href":"https:\/\/www.related.dk\/active-tenerife-tradekit\/wp-json\/wp\/v2\/pages\/503\/revisions"}],"predecessor-version":[{"id":664,"href":"https:\/\/www.related.dk\/active-tenerife-tradekit\/wp-json\/wp\/v2\/pages\/503\/revisions\/664"}],"up":[{"embeddable":true,"href":"https:\/\/www.related.dk\/active-tenerife-tradekit\/wp-json\/wp\/v2\/pages\/444"}],"wp:attachment":[{"href":"https:\/\/www.related.dk\/active-tenerife-tradekit\/wp-json\/wp\/v2\/media?parent=503"}],"curies":[{"name":"wp","href":"https:\/\/api.w.org\/{rel}","templated":true}]}}