{"id":496,"date":"2020-02-10T08:54:42","date_gmt":"2020-02-10T08:54:42","guid":{"rendered":"http:\/\/www.related.dk\/active-tenerife-tradekit\/?page_id=496"},"modified":"2020-02-10T10:58:10","modified_gmt":"2020-02-10T10:58:10","slug":"oplev-hvaler-og-delfiner","status":"publish","type":"page","link":"https:\/\/www.related.dk\/active-tenerife-tradekit\/naturoplevelser\/oplev-hvaler-og-delfiner\/","title":{"rendered":"Oplev hvaler og delfiner"},"content":{"rendered":"<div class=\"vce-row-container\"><div class=\"vce-row vce-row--col-gap-30 vce-row-columns--top vce-row-content--top\" id=\"el-bb8e0a2f\" data-vce-do-apply=\"all el-bb8e0a2f\"><div class=\"vce-row-content\" data-vce-element-content=\"true\"><div class=\"vce-col\" id=\"el-5604e56e\"><div class=\"vce-col-inner\" data-vce-do-apply=\"border margin background  el-5604e56e\"><div class=\"vce-col-content\" data-vce-element-content=\"true\" data-vce-do-apply=\"padding el-5604e56e\"><section class=\"vce-hero-section-container vce-hero-section-media--xs vce-hero-section-media--sm vce-hero-section-media--md vce-hero-section-media--lg\"><div class=\"vce vce-hero-section vce-hero-section--alignment-start\" id=\"el-e40af94f\" data-vce-do-apply=\"margin background border  el-e40af94f\"><div class=\"vce-hero-section--wrap-row vce-hero-section--background-position-center-center\" style=\"background-image: url('https:\/\/www.related.dk\/active-tenerife-tradekit\/wp-content\/uploads\/2020\/02\/Nature-experiences-whale-and-dolphin-watching-3-2-vs2.jpg');\"><div class=\"vce-hero-section--wrap\"><div class=\"vce-hero-section--content\" data-vce-do-apply=\"padding el-e40af94f\"><div class=\"vce-hero-section--content-container\"><h1><strong>OPLEV HVALER OG DELFINER<\/strong><\/h1><\/div><\/div><\/div><\/div><\/div><\/section><\/div><\/div><\/div><\/div><\/div><\/div><div class=\"vce-row-container\"><div class=\"vce-row vce-row--col-gap-30 vce-row-columns--top vce-row-content--top\" id=\"el-48878e05\" data-vce-do-apply=\"all el-48878e05\"><div class=\"vce-row-content\" data-vce-element-content=\"true\"><div class=\"vce-col\" id=\"el-eb59bea6\"><div class=\"vce-col-inner\" data-vce-do-apply=\"border margin background  el-eb59bea6\"><div class=\"vce-col-content\" data-vce-element-content=\"true\" data-vce-do-apply=\"padding el-eb59bea6\"><div class=\"vce-text-block\"><div class=\"vce-text-block-wrapper vce\" id=\"el-689670b4\" data-vce-do-apply=\"all el-689670b4\"><p>Der er n\u00e6sten 100 % sandsynlighed for at se hvaler og delfiner i deres naturlige, frie habitat, n\u00e5r man udforsker Tenerife. Havet ud for \u00f8en er nemlig hjemsted for \u00f8resvin og kortfinnede grindehvaler, og de kan derfor opleves langs kysten hele \u00e5ret rundt. I l\u00f8bet af \u00e5ret kan man desuden v\u00e6re heldig at se andre arter \u2013 fra den store bl\u00e5hval til den formidable sp\u00e6khugger \u2013 afh\u00e6ngig af \u00e5rstid. Den sydvestlige kyst er s\u00e6rligt god, hvis man vil spotte hvaler og delfiner, og der er flere virksomheder, der har specialiseret sig i at lave guidede ture.<\/p><p>Vil man bare se dyrene, kan man tage p\u00e5 en kort b\u00e5dtur af cirka to timers varighed. Vil man forl\u00e6nge oplevelsen, kan man ogs\u00e5 komme p\u00e5 ture, der inkluderer et m\u00e5ltid og en sv\u00f8mmetur i en lokal bugt. Den komplette oplevelse f\u00e5r man p\u00e5 en tur p\u00e5 fem timer, hvor man samtidig kommer forbi nogle af de mest ikoniske omr\u00e5der langs kysten \u2013 og med flere badestop undervejs.<\/p><p>Der er b\u00e5dture fra havnene i Los Cristianos, Puerto Col\u00f3n og Los Gigantes. Generelt er der ture cirka 300 dage om \u00e5ret. Sandsynligheden for at se flere arter er bedst i maj og juni.<\/p><p><a href=\"https:\/\/www.webtenerife.co.uk\/what-to-do\/nature\/whale-and-dolphin-watching\/?tab=1\" target=\"_blank\" rel=\"noopener noreferrer\">L\u00e6s mere her<\/a><\/p><\/div><\/div><\/div><\/div><\/div><\/div><\/div><\/div><div class=\"vce-row-container\"><div class=\"vce-row vce-row--col-gap-30 vce-row-columns--top vce-row-content--top\" id=\"el-9f20f884\" data-vce-do-apply=\"all el-9f20f884\"><div class=\"vce-row-content\" data-vce-element-content=\"true\"><div class=\"vce-col vce-col--md-auto vce-col--xs-1 vce-col--xs-last vce-col--xs-first vce-col--sm-last vce-col--sm-first vce-col--md-first vce-col--lg-first vce-col--xl-first\" id=\"el-862ad7a2\"><div class=\"vce-col-inner\" data-vce-do-apply=\"border margin background  el-862ad7a2\"><div class=\"vce-col-content\" data-vce-element-content=\"true\" data-vce-do-apply=\"padding el-862ad7a2\"><div class=\"vce-single-image-container vce-single-image--align-left\"><div class=\"vce vce-single-image-wrapper\" id=\"el-fe2645c2\" data-vce-do-apply=\"all el-fe2645c2\"><figure><div class=\"vce-single-image-inner vce-single-image--absolute\" style=\"padding-bottom: 58.3333%; width: 600px;\"><img class=\"vce-single-image\" width=\"600\" height=\"350\"src=\"https:\/\/www.related.dk\/active-tenerife-tradekit\/wp-content\/uploads\/2020\/02\/Nature-experiences-Whale-and-Dolphin-watching-3-600x350.jpg\" srcset=\"https:\/\/www.related.dk\/active-tenerife-tradekit\/wp-content\/uploads\/2020\/02\/Nature-experiences-Whale-and-Dolphin-watching-3-320x187.jpg 320w,https:\/\/www.related.dk\/active-tenerife-tradekit\/wp-content\/uploads\/2020\/02\/Nature-experiences-Whale-and-Dolphin-watching-3-480x280.jpg 480w,https:\/\/www.related.dk\/active-tenerife-tradekit\/wp-content\/uploads\/2020\/02\/Nature-experiences-Whale-and-Dolphin-watching-3-600x350.jpg 600w\" data-img-src=\"https:\/\/www.related.dk\/active-tenerife-tradekit\/wp-content\/uploads\/2020\/02\/Nature-experiences-Whale-and-Dolphin-watching-3.jpg\" alt=\"\" title=\"Nature experiences - Whale and Dolphin watching - 3\"\/><\/div><\/figure><\/div><\/div><\/div><\/div><\/div><div class=\"vce-col vce-col--md-auto vce-col--xs-1 vce-col--xs-last vce-col--xs-first vce-col--sm-last vce-col--sm-first vce-col--md-last vce-col--lg-last vce-col--xl-last\" id=\"el-d9bd117a\"><div class=\"vce-col-inner\" data-vce-do-apply=\"border margin background  el-d9bd117a\"><div class=\"vce-col-content\" data-vce-element-content=\"true\" data-vce-do-apply=\"padding el-d9bd117a\"><div class=\"vce-single-image-container vce-single-image--align-left\"><div class=\"vce vce-single-image-wrapper\" id=\"el-e2ad0acc\" data-vce-do-apply=\"all el-e2ad0acc\"><figure><div class=\"vce-single-image-inner vce-single-image--absolute\" style=\"padding-bottom: 58.3333%; width: 600px;\"><img class=\"vce-single-image\" width=\"600\" height=\"350\"src=\"https:\/\/www.related.dk\/active-tenerife-tradekit\/wp-content\/uploads\/2020\/02\/Nature-experiences-Whale-and-dolphin-watching-3-1-600x350.jpg\" srcset=\"https:\/\/www.related.dk\/active-tenerife-tradekit\/wp-content\/uploads\/2020\/02\/Nature-experiences-Whale-and-dolphin-watching-3-1-320x187.jpg 320w,https:\/\/www.related.dk\/active-tenerife-tradekit\/wp-content\/uploads\/2020\/02\/Nature-experiences-Whale-and-dolphin-watching-3-1-480x280.jpg 480w,https:\/\/www.related.dk\/active-tenerife-tradekit\/wp-content\/uploads\/2020\/02\/Nature-experiences-Whale-and-dolphin-watching-3-1-600x350.jpg 600w\" data-img-src=\"https:\/\/www.related.dk\/active-tenerife-tradekit\/wp-content\/uploads\/2020\/02\/Nature-experiences-Whale-and-dolphin-watching-3-1.jpg\" alt=\"\" title=\"Nature experiences - Whale and dolphin watching - 3\"\/><\/div><\/figure><\/div><\/div><\/div><\/div><\/div><\/div><\/div><\/div>\n","protected":false},"excerpt":{"rendered":"<p>OPLEV HVALER OG DELFINERDer er n\u00e6sten 100 % sandsynlighed for at se hvaler og delfiner i deres naturlige, frie habitat, n\u00e5r man udforsker Tenerife. Havet ud for \u00f8en er nemlig hjemsted for \u00f8resvin og kortfinnede grindehvaler, og de kan derfor opleves langs kysten hele \u00e5ret rundt. I l\u00f8bet af \u00e5ret kan man desuden v\u00e6re heldig &hellip; <\/p>\n<p class=\"link-more\"><a href=\"https:\/\/www.related.dk\/active-tenerife-tradekit\/naturoplevelser\/oplev-hvaler-og-delfiner\/\" class=\"more-link\">L\u00e6s videre<span class=\"screen-reader-text\"> &#8220;Oplev hvaler og delfiner&#8221;<\/span><\/a><\/p>\n","protected":false},"author":2,"featured_media":0,"parent":444,"menu_order":0,"comment_status":"closed","ping_status":"closed","template":"","meta":[],"yoast_head":"<!-- This site is optimized with the Yoast SEO plugin v20.7 - https:\/\/yoast.com\/wordpress\/plugins\/seo\/ -->\n<title>Oplev hvaler og delfiner - Active Tenerife - Tradekit<\/title>\n<meta name=\"robots\" content=\"index, follow, max-snippet:-1, max-image-preview:large, max-video-preview:-1\" \/>\n<link rel=\"canonical\" href=\"https:\/\/www.related.dk\/active-tenerife-tradekit\/naturoplevelser\/oplev-hvaler-og-delfiner\/\" \/>\n<meta property=\"og:locale\" content=\"da_DK\" \/>\n<meta property=\"og:type\" content=\"article\" \/>\n<meta property=\"og:title\" content=\"Oplev hvaler og delfiner - Active Tenerife - Tradekit\" \/>\n<meta property=\"og:description\" content=\"OPLEV HVALER OG DELFINERDer er n\u00e6sten 100 % sandsynlighed for at se hvaler og delfiner i deres naturlige, frie habitat, n\u00e5r man udforsker Tenerife. Havet ud for \u00f8en er nemlig hjemsted for \u00f8resvin og kortfinnede grindehvaler, og de kan derfor opleves langs kysten hele \u00e5ret rundt. I l\u00f8bet af \u00e5ret kan man desuden v\u00e6re heldig &hellip; L\u00e6s videre &quot;Oplev hvaler og delfiner&quot;\" \/>\n<meta property=\"og:url\" content=\"https:\/\/www.related.dk\/active-tenerife-tradekit\/naturoplevelser\/oplev-hvaler-og-delfiner\/\" \/>\n<meta property=\"og:site_name\" content=\"Active Tenerife - Tradekit\" \/>\n<meta property=\"article:modified_time\" content=\"2020-02-10T10:58:10+00:00\" \/>\n<meta name=\"twitter:card\" content=\"summary_large_image\" \/>\n<meta name=\"twitter:label1\" content=\"Estimeret l\u00e6setid\" \/>\n\t<meta name=\"twitter:data1\" content=\"1 minut\" \/>\n<script type=\"application\/ld+json\" class=\"yoast-schema-graph\">{\"@context\":\"https:\/\/schema.org\",\"@graph\":[{\"@type\":\"WebPage\",\"@id\":\"https:\/\/www.related.dk\/active-tenerife-tradekit\/naturoplevelser\/oplev-hvaler-og-delfiner\/\",\"url\":\"https:\/\/www.related.dk\/active-tenerife-tradekit\/naturoplevelser\/oplev-hvaler-og-delfiner\/\",\"name\":\"Oplev hvaler og delfiner - Active Tenerife - Tradekit\",\"isPartOf\":{\"@id\":\"https:\/\/www.related.dk\/active-tenerife-tradekit\/#website\"},\"datePublished\":\"2020-02-10T08:54:42+00:00\",\"dateModified\":\"2020-02-10T10:58:10+00:00\",\"breadcrumb\":{\"@id\":\"https:\/\/www.related.dk\/active-tenerife-tradekit\/naturoplevelser\/oplev-hvaler-og-delfiner\/#breadcrumb\"},\"inLanguage\":\"da-DK\",\"potentialAction\":[{\"@type\":\"ReadAction\",\"target\":[\"https:\/\/www.related.dk\/active-tenerife-tradekit\/naturoplevelser\/oplev-hvaler-og-delfiner\/\"]}]},{\"@type\":\"BreadcrumbList\",\"@id\":\"https:\/\/www.related.dk\/active-tenerife-tradekit\/naturoplevelser\/oplev-hvaler-og-delfiner\/#breadcrumb\",\"itemListElement\":[{\"@type\":\"ListItem\",\"position\":1,\"name\":\"Home\",\"item\":\"https:\/\/www.related.dk\/active-tenerife-tradekit\/\"},{\"@type\":\"ListItem\",\"position\":2,\"name\":\"Naturoplevelser\",\"item\":\"https:\/\/www.related.dk\/active-tenerife-tradekit\/naturoplevelser\/\"},{\"@type\":\"ListItem\",\"position\":3,\"name\":\"Oplev hvaler og delfiner\"}]},{\"@type\":\"WebSite\",\"@id\":\"https:\/\/www.related.dk\/active-tenerife-tradekit\/#website\",\"url\":\"https:\/\/www.related.dk\/active-tenerife-tradekit\/\",\"name\":\"Active Tenerife - Tradekit\",\"description\":\"\",\"potentialAction\":[{\"@type\":\"SearchAction\",\"target\":{\"@type\":\"EntryPoint\",\"urlTemplate\":\"https:\/\/www.related.dk\/active-tenerife-tradekit\/?s={search_term_string}\"},\"query-input\":\"required name=search_term_string\"}],\"inLanguage\":\"da-DK\"}]}<\/script>\n<!-- \/ Yoast SEO plugin. -->","yoast_head_json":{"title":"Oplev hvaler og delfiner - Active Tenerife - Tradekit","robots":{"index":"index","follow":"follow","max-snippet":"max-snippet:-1","max-image-preview":"max-image-preview:large","max-video-preview":"max-video-preview:-1"},"canonical":"https:\/\/www.related.dk\/active-tenerife-tradekit\/naturoplevelser\/oplev-hvaler-og-delfiner\/","og_locale":"da_DK","og_type":"article","og_title":"Oplev hvaler og delfiner - Active Tenerife - Tradekit","og_description":"OPLEV HVALER OG DELFINERDer er n\u00e6sten 100 % sandsynlighed for at se hvaler og delfiner i deres naturlige, frie habitat, n\u00e5r man udforsker Tenerife. Havet ud for \u00f8en er nemlig hjemsted for \u00f8resvin og kortfinnede grindehvaler, og de kan derfor opleves langs kysten hele \u00e5ret rundt. I l\u00f8bet af \u00e5ret kan man desuden v\u00e6re heldig &hellip; L\u00e6s videre \"Oplev hvaler og delfiner\"","og_url":"https:\/\/www.related.dk\/active-tenerife-tradekit\/naturoplevelser\/oplev-hvaler-og-delfiner\/","og_site_name":"Active Tenerife - Tradekit","article_modified_time":"2020-02-10T10:58:10+00:00","twitter_card":"summary_large_image","twitter_misc":{"Estimeret l\u00e6setid":"1 minut"},"schema":{"@context":"https:\/\/schema.org","@graph":[{"@type":"WebPage","@id":"https:\/\/www.related.dk\/active-tenerife-tradekit\/naturoplevelser\/oplev-hvaler-og-delfiner\/","url":"https:\/\/www.related.dk\/active-tenerife-tradekit\/naturoplevelser\/oplev-hvaler-og-delfiner\/","name":"Oplev hvaler og delfiner - Active Tenerife - Tradekit","isPartOf":{"@id":"https:\/\/www.related.dk\/active-tenerife-tradekit\/#website"},"datePublished":"2020-02-10T08:54:42+00:00","dateModified":"2020-02-10T10:58:10+00:00","breadcrumb":{"@id":"https:\/\/www.related.dk\/active-tenerife-tradekit\/naturoplevelser\/oplev-hvaler-og-delfiner\/#breadcrumb"},"inLanguage":"da-DK","potentialAction":[{"@type":"ReadAction","target":["https:\/\/www.related.dk\/active-tenerife-tradekit\/naturoplevelser\/oplev-hvaler-og-delfiner\/"]}]},{"@type":"BreadcrumbList","@id":"https:\/\/www.related.dk\/active-tenerife-tradekit\/naturoplevelser\/oplev-hvaler-og-delfiner\/#breadcrumb","itemListElement":[{"@type":"ListItem","position":1,"name":"Home","item":"https:\/\/www.related.dk\/active-tenerife-tradekit\/"},{"@type":"ListItem","position":2,"name":"Naturoplevelser","item":"https:\/\/www.related.dk\/active-tenerife-tradekit\/naturoplevelser\/"},{"@type":"ListItem","position":3,"name":"Oplev hvaler og delfiner"}]},{"@type":"WebSite","@id":"https:\/\/www.related.dk\/active-tenerife-tradekit\/#website","url":"https:\/\/www.related.dk\/active-tenerife-tradekit\/","name":"Active Tenerife - Tradekit","description":"","potentialAction":[{"@type":"SearchAction","target":{"@type":"EntryPoint","urlTemplate":"https:\/\/www.related.dk\/active-tenerife-tradekit\/?s={search_term_string}"},"query-input":"required name=search_term_string"}],"inLanguage":"da-DK"}]}},"_links":{"self":[{"href":"https:\/\/www.related.dk\/active-tenerife-tradekit\/wp-json\/wp\/v2\/pages\/496"}],"collection":[{"href":"https:\/\/www.related.dk\/active-tenerife-tradekit\/wp-json\/wp\/v2\/pages"}],"about":[{"href":"https:\/\/www.related.dk\/active-tenerife-tradekit\/wp-json\/wp\/v2\/types\/page"}],"author":[{"embeddable":true,"href":"https:\/\/www.related.dk\/active-tenerife-tradekit\/wp-json\/wp\/v2\/users\/2"}],"replies":[{"embeddable":true,"href":"https:\/\/www.related.dk\/active-tenerife-tradekit\/wp-json\/wp\/v2\/comments?post=496"}],"version-history":[{"count":4,"href":"https:\/\/www.related.dk\/active-tenerife-tradekit\/wp-json\/wp\/v2\/pages\/496\/revisions"}],"predecessor-version":[{"id":582,"href":"https:\/\/www.related.dk\/active-tenerife-tradekit\/wp-json\/wp\/v2\/pages\/496\/revisions\/582"}],"up":[{"embeddable":true,"href":"https:\/\/www.related.dk\/active-tenerife-tradekit\/wp-json\/wp\/v2\/pages\/444"}],"wp:attachment":[{"href":"https:\/\/www.related.dk\/active-tenerife-tradekit\/wp-json\/wp\/v2\/media?parent=496"}],"curies":[{"name":"wp","href":"https:\/\/api.w.org\/{rel}","templated":true}]}}