{"id":470,"date":"2020-02-10T08:44:33","date_gmt":"2020-02-10T08:44:33","guid":{"rendered":"http:\/\/www.related.dk\/active-tenerife-tradekit\/?page_id=470"},"modified":"2020-02-10T13:12:04","modified_gmt":"2020-02-10T13:12:04","slug":"anaga-country-park","status":"publish","type":"page","link":"https:\/\/www.related.dk\/active-tenerife-tradekit\/naturoplevelser\/anaga-country-park\/","title":{"rendered":"Anaga Country Park"},"content":{"rendered":"<div class=\"vce-row-container\"><div class=\"vce-row vce-row--col-gap-30 vce-row-columns--top vce-row-content--top\" id=\"el-fcb78c3f\" data-vce-do-apply=\"all el-fcb78c3f\"><div class=\"vce-row-content\" data-vce-element-content=\"true\"><div class=\"vce-col\" id=\"el-42279d8a\"><div class=\"vce-col-inner\" data-vce-do-apply=\"border margin background  el-42279d8a\"><div class=\"vce-col-content\" data-vce-element-content=\"true\" data-vce-do-apply=\"padding el-42279d8a\"><section class=\"vce-hero-section-container vce-hero-section-media--xs vce-hero-section-media--sm vce-hero-section-media--md vce-hero-section-media--lg\"><div class=\"vce vce-hero-section vce-hero-section--alignment-start\" id=\"el-aa7807ab\" data-vce-do-apply=\"margin background border  el-aa7807ab\"><div class=\"vce-hero-section--wrap-row vce-hero-section--background-position-center-center\" style=\"background-image: url('https:\/\/www.related.dk\/active-tenerife-tradekit\/wp-content\/uploads\/2020\/02\/Contact.jpg');\"><div class=\"vce-hero-section--wrap\"><div class=\"vce-hero-section--content\" data-vce-do-apply=\"padding el-aa7807ab\"><div class=\"vce-hero-section--content-container\"><h1><strong>ANAGA COUNTRY PARK <\/strong><\/h1><\/div><\/div><\/div><\/div><\/div><\/section><\/div><\/div><\/div><\/div><\/div><\/div><div class=\"vce-row-container\"><div class=\"vce-row vce-row--col-gap-30 vce-row-columns--top vce-row-content--top\" id=\"el-66423626\" data-vce-do-apply=\"all el-66423626\"><div class=\"vce-row-content\" data-vce-element-content=\"true\"><div class=\"vce-col\" id=\"el-cc80c1b8\"><div class=\"vce-col-inner\" data-vce-do-apply=\"border margin background  el-cc80c1b8\"><div class=\"vce-col-content\" data-vce-element-content=\"true\" data-vce-do-apply=\"padding el-cc80c1b8\"><div class=\"vce-text-block\"><div class=\"vce-text-block-wrapper vce\" id=\"el-bcd34e0b\" data-vce-do-apply=\"all el-bcd34e0b\"><p>Kun nogle f\u00e5 minutters k\u00f8retur fra hovedstaden Santa Cruz de Tenerife ligger Anaga Country Park, der er k\u00e5ret som \u201dBiosphere Reserve\u201d. Omr\u00e5det d\u00e6kker n\u00e6sten 14.500 hektar \u2013 herunder meget af bjergk\u00e6den p\u00e5 den nordlige del af \u00f8en. En af de st\u00f8rste attraktioner i omr\u00e5det er uden tvivl t\u00e6ppet af skyer. Samtidig finder man her nogle af \u00f8ens bedste laurb\u00e6rskove. Disse skove kan klassificeres som levende fossiler, da de har overlevet mere end 40 millioner \u00e5r. Middelhavsomr\u00e5det var oprindeligt d\u00e6kket med disse planter, indtil gletsjerne fjernede dem.<\/p><p>Med det rige planteliv f\u00f8lger ogs\u00e5 et rigt dyreliv, og der lever n\u00e6sten 100 dyrearter her, som ikke findes andre steder i verden. Med sine mange forskellige fugle er Anaga desuden blevet et Special Bird Protection Area. Livet i havet er lige s\u00e5 unikt, s\u00e5 dykkere kommer her for at opleve bl.a. chucho (en slags rokke), kanarisk torsk, vieja og den udrydningstruede lokale \u00e5l.<\/p><p>Landskabet er desuden fyldt med geologiske formationer som s\u00e5kaldte \u201droques\u201d (gamle vulkan-skorstene), klippesider, dybe revner og magma-frakturer, der ligner v\u00e6gge. Der er omkring 26 sm\u00e5 byer i omr\u00e5det, som tilsammen huser omkring 2.000 mennesker. For at f\u00e5 mest muligt ud af sit bes\u00f8g, anbefales det ogs\u00e5 at man f\u00f8lger en af de mange vandrestier, der f\u00f8rer en forbi sm\u00e5 hyggelige strande med glinsende sort sand (fx Benijo).<\/p><p>Der er samtidig flere forskellige muligheder for vandring, mountainbiking, ridning, sejlads, dykning, surfing, kajak, vandski og wakeboard.<\/p><p><a href=\"https:\/\/www.webtenerife.co.uk\/what-see\/outdoor-attractions\/parque+rural+de+anaga.htm\" target=\"_blank\" rel=\"noopener noreferrer\">L\u00e6s mere om Anaga Country Park her<\/a><\/p><\/div><\/div><\/div><\/div><\/div><\/div><\/div><\/div><div class=\"vce-row-container\"><div class=\"vce-row vce-row--col-gap-30 vce-row-columns--top vce-row-content--top\" id=\"el-f207ba43\" data-vce-do-apply=\"all el-f207ba43\"><div class=\"vce-row-content\" data-vce-element-content=\"true\"><div class=\"vce-col vce-col--md-auto vce-col--xs-1 vce-col--xs-last vce-col--xs-first vce-col--sm-last vce-col--sm-first vce-col--md-first vce-col--lg-first vce-col--xl-first\" id=\"el-95f0b8d3\"><div class=\"vce-col-inner\" data-vce-do-apply=\"border margin background  el-95f0b8d3\"><div class=\"vce-col-content\" data-vce-element-content=\"true\" data-vce-do-apply=\"padding el-95f0b8d3\"><div class=\"vce-single-image-container vce-single-image--align-left\"><div class=\"vce vce-single-image-wrapper\" id=\"el-0af9ff38\" data-vce-do-apply=\"all el-0af9ff38\"><figure><div class=\"vce-single-image-inner vce-single-image--absolute\" style=\"padding-bottom: 58.25%; width: 400px;\"><img class=\"vce-single-image\" width=\"400\" height=\"233\"src=\"https:\/\/www.related.dk\/active-tenerife-tradekit\/wp-content\/uploads\/2020\/02\/Nature-experiences-anaga-2-400x233.jpg\" srcset=\"https:\/\/www.related.dk\/active-tenerife-tradekit\/wp-content\/uploads\/2020\/02\/Nature-experiences-anaga-2-320x186.jpg 320w,https:\/\/www.related.dk\/active-tenerife-tradekit\/wp-content\/uploads\/2020\/02\/Nature-experiences-anaga-2-400x233.jpg 400w\" data-img-src=\"https:\/\/www.related.dk\/active-tenerife-tradekit\/wp-content\/uploads\/2020\/02\/Nature-experiences-anaga-2.jpg\" alt=\"\" title=\"Nature experiences - anaga - 2\"\/><\/div><\/figure><\/div><\/div><\/div><\/div><\/div><div class=\"vce-col vce-col--md-auto vce-col--xs-1 vce-col--xs-last vce-col--xs-first vce-col--sm-last vce-col--sm-first\" id=\"el-a0e23683\"><div class=\"vce-col-inner\" data-vce-do-apply=\"border margin background  el-a0e23683\"><div class=\"vce-col-content\" data-vce-element-content=\"true\" data-vce-do-apply=\"padding el-a0e23683\"><div class=\"vce-single-image-container vce-single-image--align-left\"><div class=\"vce vce-single-image-wrapper\" id=\"el-bce5a715\" data-vce-do-apply=\"all el-bce5a715\"><figure><div class=\"vce-single-image-inner vce-single-image--absolute\" style=\"padding-bottom: 58.25%; width: 400px;\"><img class=\"vce-single-image\" width=\"400\" height=\"233\"src=\"https:\/\/www.related.dk\/active-tenerife-tradekit\/wp-content\/uploads\/2020\/02\/Nature-experiences-Anaga-Country-Park-2-vs2-400x233.jpg\" srcset=\"https:\/\/www.related.dk\/active-tenerife-tradekit\/wp-content\/uploads\/2020\/02\/Nature-experiences-Anaga-Country-Park-2-vs2-320x186.jpg 320w,https:\/\/www.related.dk\/active-tenerife-tradekit\/wp-content\/uploads\/2020\/02\/Nature-experiences-Anaga-Country-Park-2-vs2-400x233.jpg 400w\" data-img-src=\"https:\/\/www.related.dk\/active-tenerife-tradekit\/wp-content\/uploads\/2020\/02\/Nature-experiences-Anaga-Country-Park-2-vs2.jpg\" alt=\"\" title=\"Nature experiences - Anaga Country Park - 2 - vs2\"\/><\/div><\/figure><\/div><\/div><\/div><\/div><\/div><div class=\"vce-col vce-col--md-auto vce-col--xs-1 vce-col--xs-last vce-col--xs-first vce-col--sm-last vce-col--sm-first vce-col--md-last vce-col--lg-last vce-col--xl-last\" id=\"el-69d64104\"><div class=\"vce-col-inner\" data-vce-do-apply=\"border margin background  el-69d64104\"><div class=\"vce-col-content\" data-vce-element-content=\"true\" data-vce-do-apply=\"padding el-69d64104\"><div class=\"vce-single-image-container vce-single-image--align-left\"><div class=\"vce vce-single-image-wrapper\" id=\"el-873e134d\" data-vce-do-apply=\"all el-873e134d\"><figure><div class=\"vce-single-image-inner vce-single-image--absolute\" style=\"padding-bottom: 58.25%; width: 400px;\"><img class=\"vce-single-image\" width=\"400\" height=\"233\"src=\"https:\/\/www.related.dk\/active-tenerife-tradekit\/wp-content\/uploads\/2020\/02\/Nature-experiences-Anaga-2-1-400x233.jpg\" srcset=\"https:\/\/www.related.dk\/active-tenerife-tradekit\/wp-content\/uploads\/2020\/02\/Nature-experiences-Anaga-2-1-320x186.jpg 320w,https:\/\/www.related.dk\/active-tenerife-tradekit\/wp-content\/uploads\/2020\/02\/Nature-experiences-Anaga-2-1-400x233.jpg 400w\" data-img-src=\"https:\/\/www.related.dk\/active-tenerife-tradekit\/wp-content\/uploads\/2020\/02\/Nature-experiences-Anaga-2-1.jpg\" alt=\"\" title=\"Nature experiences - Anaga -2\"\/><\/div><\/figure><\/div><\/div><\/div><\/div><\/div><\/div><\/div><\/div>\n","protected":false},"excerpt":{"rendered":"<p>ANAGA COUNTRY PARK Kun nogle f\u00e5 minutters k\u00f8retur fra hovedstaden Santa Cruz de Tenerife ligger Anaga Country Park, der er k\u00e5ret som \u201dBiosphere Reserve\u201d. Omr\u00e5det d\u00e6kker n\u00e6sten 14.500 hektar \u2013 herunder meget af bjergk\u00e6den p\u00e5 den nordlige del af \u00f8en. En af de st\u00f8rste attraktioner i omr\u00e5det er uden tvivl t\u00e6ppet af skyer. Samtidig finder &hellip; <\/p>\n<p class=\"link-more\"><a href=\"https:\/\/www.related.dk\/active-tenerife-tradekit\/naturoplevelser\/anaga-country-park\/\" class=\"more-link\">L\u00e6s videre<span class=\"screen-reader-text\"> &#8220;Anaga Country Park&#8221;<\/span><\/a><\/p>\n","protected":false},"author":2,"featured_media":0,"parent":444,"menu_order":0,"comment_status":"closed","ping_status":"closed","template":"","meta":[],"yoast_head":"<!-- This site is optimized with the Yoast SEO plugin v20.7 - https:\/\/yoast.com\/wordpress\/plugins\/seo\/ -->\n<title>Anaga Country Park - Active Tenerife - Tradekit<\/title>\n<meta name=\"robots\" content=\"index, follow, max-snippet:-1, max-image-preview:large, max-video-preview:-1\" \/>\n<link rel=\"canonical\" href=\"https:\/\/www.related.dk\/active-tenerife-tradekit\/naturoplevelser\/anaga-country-park\/\" \/>\n<meta property=\"og:locale\" content=\"da_DK\" \/>\n<meta property=\"og:type\" content=\"article\" \/>\n<meta property=\"og:title\" content=\"Anaga Country Park - Active Tenerife - Tradekit\" \/>\n<meta property=\"og:description\" content=\"ANAGA COUNTRY PARK Kun nogle f\u00e5 minutters k\u00f8retur fra hovedstaden Santa Cruz de Tenerife ligger Anaga Country Park, der er k\u00e5ret som \u201dBiosphere Reserve\u201d. Omr\u00e5det d\u00e6kker n\u00e6sten 14.500 hektar \u2013 herunder meget af bjergk\u00e6den p\u00e5 den nordlige del af \u00f8en. En af de st\u00f8rste attraktioner i omr\u00e5det er uden tvivl t\u00e6ppet af skyer. Samtidig finder &hellip; L\u00e6s videre &quot;Anaga Country Park&quot;\" \/>\n<meta property=\"og:url\" content=\"https:\/\/www.related.dk\/active-tenerife-tradekit\/naturoplevelser\/anaga-country-park\/\" \/>\n<meta property=\"og:site_name\" content=\"Active Tenerife - Tradekit\" \/>\n<meta property=\"article:modified_time\" content=\"2020-02-10T13:12:04+00:00\" \/>\n<meta name=\"twitter:card\" content=\"summary_large_image\" \/>\n<meta name=\"twitter:label1\" content=\"Estimeret l\u00e6setid\" \/>\n\t<meta name=\"twitter:data1\" content=\"1 minut\" \/>\n<script type=\"application\/ld+json\" class=\"yoast-schema-graph\">{\"@context\":\"https:\/\/schema.org\",\"@graph\":[{\"@type\":\"WebPage\",\"@id\":\"https:\/\/www.related.dk\/active-tenerife-tradekit\/naturoplevelser\/anaga-country-park\/\",\"url\":\"https:\/\/www.related.dk\/active-tenerife-tradekit\/naturoplevelser\/anaga-country-park\/\",\"name\":\"Anaga Country Park - Active Tenerife - Tradekit\",\"isPartOf\":{\"@id\":\"https:\/\/www.related.dk\/active-tenerife-tradekit\/#website\"},\"datePublished\":\"2020-02-10T08:44:33+00:00\",\"dateModified\":\"2020-02-10T13:12:04+00:00\",\"breadcrumb\":{\"@id\":\"https:\/\/www.related.dk\/active-tenerife-tradekit\/naturoplevelser\/anaga-country-park\/#breadcrumb\"},\"inLanguage\":\"da-DK\",\"potentialAction\":[{\"@type\":\"ReadAction\",\"target\":[\"https:\/\/www.related.dk\/active-tenerife-tradekit\/naturoplevelser\/anaga-country-park\/\"]}]},{\"@type\":\"BreadcrumbList\",\"@id\":\"https:\/\/www.related.dk\/active-tenerife-tradekit\/naturoplevelser\/anaga-country-park\/#breadcrumb\",\"itemListElement\":[{\"@type\":\"ListItem\",\"position\":1,\"name\":\"Home\",\"item\":\"https:\/\/www.related.dk\/active-tenerife-tradekit\/\"},{\"@type\":\"ListItem\",\"position\":2,\"name\":\"Naturoplevelser\",\"item\":\"https:\/\/www.related.dk\/active-tenerife-tradekit\/naturoplevelser\/\"},{\"@type\":\"ListItem\",\"position\":3,\"name\":\"Anaga Country Park\"}]},{\"@type\":\"WebSite\",\"@id\":\"https:\/\/www.related.dk\/active-tenerife-tradekit\/#website\",\"url\":\"https:\/\/www.related.dk\/active-tenerife-tradekit\/\",\"name\":\"Active Tenerife - Tradekit\",\"description\":\"\",\"potentialAction\":[{\"@type\":\"SearchAction\",\"target\":{\"@type\":\"EntryPoint\",\"urlTemplate\":\"https:\/\/www.related.dk\/active-tenerife-tradekit\/?s={search_term_string}\"},\"query-input\":\"required name=search_term_string\"}],\"inLanguage\":\"da-DK\"}]}<\/script>\n<!-- \/ Yoast SEO plugin. -->","yoast_head_json":{"title":"Anaga Country Park - Active Tenerife - Tradekit","robots":{"index":"index","follow":"follow","max-snippet":"max-snippet:-1","max-image-preview":"max-image-preview:large","max-video-preview":"max-video-preview:-1"},"canonical":"https:\/\/www.related.dk\/active-tenerife-tradekit\/naturoplevelser\/anaga-country-park\/","og_locale":"da_DK","og_type":"article","og_title":"Anaga Country Park - Active Tenerife - Tradekit","og_description":"ANAGA COUNTRY PARK Kun nogle f\u00e5 minutters k\u00f8retur fra hovedstaden Santa Cruz de Tenerife ligger Anaga Country Park, der er k\u00e5ret som \u201dBiosphere Reserve\u201d. Omr\u00e5det d\u00e6kker n\u00e6sten 14.500 hektar \u2013 herunder meget af bjergk\u00e6den p\u00e5 den nordlige del af \u00f8en. En af de st\u00f8rste attraktioner i omr\u00e5det er uden tvivl t\u00e6ppet af skyer. Samtidig finder &hellip; L\u00e6s videre \"Anaga Country Park\"","og_url":"https:\/\/www.related.dk\/active-tenerife-tradekit\/naturoplevelser\/anaga-country-park\/","og_site_name":"Active Tenerife - Tradekit","article_modified_time":"2020-02-10T13:12:04+00:00","twitter_card":"summary_large_image","twitter_misc":{"Estimeret l\u00e6setid":"1 minut"},"schema":{"@context":"https:\/\/schema.org","@graph":[{"@type":"WebPage","@id":"https:\/\/www.related.dk\/active-tenerife-tradekit\/naturoplevelser\/anaga-country-park\/","url":"https:\/\/www.related.dk\/active-tenerife-tradekit\/naturoplevelser\/anaga-country-park\/","name":"Anaga Country Park - Active Tenerife - Tradekit","isPartOf":{"@id":"https:\/\/www.related.dk\/active-tenerife-tradekit\/#website"},"datePublished":"2020-02-10T08:44:33+00:00","dateModified":"2020-02-10T13:12:04+00:00","breadcrumb":{"@id":"https:\/\/www.related.dk\/active-tenerife-tradekit\/naturoplevelser\/anaga-country-park\/#breadcrumb"},"inLanguage":"da-DK","potentialAction":[{"@type":"ReadAction","target":["https:\/\/www.related.dk\/active-tenerife-tradekit\/naturoplevelser\/anaga-country-park\/"]}]},{"@type":"BreadcrumbList","@id":"https:\/\/www.related.dk\/active-tenerife-tradekit\/naturoplevelser\/anaga-country-park\/#breadcrumb","itemListElement":[{"@type":"ListItem","position":1,"name":"Home","item":"https:\/\/www.related.dk\/active-tenerife-tradekit\/"},{"@type":"ListItem","position":2,"name":"Naturoplevelser","item":"https:\/\/www.related.dk\/active-tenerife-tradekit\/naturoplevelser\/"},{"@type":"ListItem","position":3,"name":"Anaga Country Park"}]},{"@type":"WebSite","@id":"https:\/\/www.related.dk\/active-tenerife-tradekit\/#website","url":"https:\/\/www.related.dk\/active-tenerife-tradekit\/","name":"Active Tenerife - Tradekit","description":"","potentialAction":[{"@type":"SearchAction","target":{"@type":"EntryPoint","urlTemplate":"https:\/\/www.related.dk\/active-tenerife-tradekit\/?s={search_term_string}"},"query-input":"required name=search_term_string"}],"inLanguage":"da-DK"}]}},"_links":{"self":[{"href":"https:\/\/www.related.dk\/active-tenerife-tradekit\/wp-json\/wp\/v2\/pages\/470"}],"collection":[{"href":"https:\/\/www.related.dk\/active-tenerife-tradekit\/wp-json\/wp\/v2\/pages"}],"about":[{"href":"https:\/\/www.related.dk\/active-tenerife-tradekit\/wp-json\/wp\/v2\/types\/page"}],"author":[{"embeddable":true,"href":"https:\/\/www.related.dk\/active-tenerife-tradekit\/wp-json\/wp\/v2\/users\/2"}],"replies":[{"embeddable":true,"href":"https:\/\/www.related.dk\/active-tenerife-tradekit\/wp-json\/wp\/v2\/comments?post=470"}],"version-history":[{"count":5,"href":"https:\/\/www.related.dk\/active-tenerife-tradekit\/wp-json\/wp\/v2\/pages\/470\/revisions"}],"predecessor-version":[{"id":581,"href":"https:\/\/www.related.dk\/active-tenerife-tradekit\/wp-json\/wp\/v2\/pages\/470\/revisions\/581"}],"up":[{"embeddable":true,"href":"https:\/\/www.related.dk\/active-tenerife-tradekit\/wp-json\/wp\/v2\/pages\/444"}],"wp:attachment":[{"href":"https:\/\/www.related.dk\/active-tenerife-tradekit\/wp-json\/wp\/v2\/media?parent=470"}],"curies":[{"name":"wp","href":"https:\/\/api.w.org\/{rel}","templated":true}]}}