{"id":447,"date":"2020-02-10T08:42:09","date_gmt":"2020-02-10T08:42:09","guid":{"rendered":"http:\/\/www.related.dk\/active-tenerife-tradekit\/?page_id=447"},"modified":"2020-02-13T13:42:11","modified_gmt":"2020-02-13T13:42:11","slug":"teide-nationalpark","status":"publish","type":"page","link":"https:\/\/www.related.dk\/active-tenerife-tradekit\/naturoplevelser\/teide-nationalpark\/","title":{"rendered":"Teide nationalpark"},"content":{"rendered":"<div class=\"vce-row-container\"><div class=\"vce-row vce-row--col-gap-30 vce-row-columns--top vce-row-content--top\" id=\"el-e3359e68\" data-vce-do-apply=\"all el-e3359e68\"><div class=\"vce-row-content\" data-vce-element-content=\"true\"><div class=\"vce-col\" id=\"el-6dc87025\"><div class=\"vce-col-inner\" data-vce-do-apply=\"border margin background  el-6dc87025\"><div class=\"vce-col-content\" data-vce-element-content=\"true\" data-vce-do-apply=\"padding el-6dc87025\"><section class=\"vce-hero-section-container vce-hero-section-media--xs vce-hero-section-media--sm vce-hero-section-media--md vce-hero-section-media--lg\"><div class=\"vce vce-hero-section vce-hero-section--alignment-start\" id=\"el-12a884e4\" data-vce-do-apply=\"margin background border  el-12a884e4\"><div class=\"vce-hero-section--wrap-row vce-hero-section--background-position-center-center\" style=\"background-image: url('https:\/\/www.related.dk\/active-tenerife-tradekit\/wp-content\/uploads\/2020\/02\/Nature-Experiences-Teide-national-park-1-vs2.jpg');\"><div class=\"vce-hero-section--wrap\"><div class=\"vce-hero-section--content\" data-vce-do-apply=\"padding el-12a884e4\"><div class=\"vce-hero-section--content-container\"><h1><strong>TEIDE NATIONALPARK<\/strong><\/h1><\/div><\/div><\/div><\/div><\/div><\/section><\/div><\/div><\/div><\/div><\/div><\/div><div class=\"vce-row-container\"><div class=\"vce-row vce-row--col-gap-30 vce-row-columns--top vce-row-content--top\" id=\"el-95af8a3d\" data-vce-do-apply=\"all el-95af8a3d\"><div class=\"vce-row-content\" data-vce-element-content=\"true\"><div class=\"vce-col\" id=\"el-d3aa8ce9\"><div class=\"vce-col-inner\" data-vce-do-apply=\"border margin background  el-d3aa8ce9\"><div class=\"vce-col-content\" data-vce-element-content=\"true\" data-vce-do-apply=\"padding el-d3aa8ce9\"><div class=\"vce-text-block\"><div class=\"vce-text-block-wrapper vce\" id=\"el-e7557b0f\" data-vce-do-apply=\"all el-e7557b0f\"><p>Teide nationalpark er med sine tre millioner \u00e5rlige bes\u00f8gende den n\u00e6stmest bes\u00f8gte nationalpark i verden. Parken ligger i midten af \u00f8en \u2013 2.000 meter over havoverfladen. Den er et ikon p\u00e5 Tenerife og blev i 2007 udn\u00e6vnt som UNESCO-verdensnaturarv. Parken blev grundlagt i 1954 for at beskytte dens vulkanske og biologiske s\u00e6regenhed og d\u00e6kker omkring 19.000 hektar. Ca\u00f1adas del Teide er et gigantisk krater med en diameter p\u00e5 17 kilometer. Herfra rejser toppen af b\u00e5de Pico Viejo og Mount Teide sig op til 3.718 meter, hvilket g\u00f8r det til Spaniens h\u00f8jeste punkt og den tredje h\u00f8jeste vulkan i verden. I parken kan man ogs\u00e5 se den r\u00f8de blomst bugloss blomstre i for\u00e5ret. Den kan blive op til tre meter h\u00f8j og blomstrer med tusindvis af sm\u00e5 r\u00f8de blomster.<\/p>\n<p><strong>N\u00e5 toppen af El Teide<\/strong><br>Man kan ogs\u00e5 tage liftbanen op til toppen af El Teide. Turen, der tager cirka otte minutter, starter fra 2.356 meters h\u00f8jde og g\u00e5r op til 3.555 meters h\u00f8jde. Herfra skal man vandre i cirka 40 minutter op ad vulkanen for at komme til krateret \u2013 en ret sv\u00e6r tur. Man kan ogs\u00e5 overnatte p\u00e5 vulkanen, men s\u00e5 skal man have klaret vandreturen inden kl. 9 om morgenen.<\/p>\n<p><strong>Stjernekigning<\/strong><br>I parken er der ogs\u00e5 et observatorium ved navn Observatorio del Teide. Tenerife har nemlig sammen med La Palma, Chile og Hawaii nogle af de bedste muligheder for at kigge p\u00e5 stjerner. Faktisk har El Teide v\u00e6ret popul\u00e6rt blandt astronomer igennem flere hundrede \u00e5r. Der findes en lov ved navn \u201dSky Law\u201d, der kontrollerer niveauet af luftforurening og forhindrer, at udsynet til stjernehimlen \u00f8del\u00e6gges. Flere institutioner og firmaer laver guidede ture.<\/p>\n<p><strong>Tag ikke sten med dig<\/strong><br>Som bes\u00f8gende i nationalparken skal man huske, at det ikke er tilladt at tage sten med ud derfra. Det kan v\u00e6re fristende at tage vulkansten med interessante former i lommen, men det er skadende for landskabet og derfor forbudt.<\/p>\n<p><a href=\"https:\/\/www.webtenerife.co.uk\/what-see\/teide-national-park\/?tab=1\" target=\"_blank\" rel=\"noopener noreferrer\">L\u00e6s mere om Teide nationalpark her<\/a><\/p><\/div><\/div><\/div><\/div><\/div><\/div><\/div><\/div><div class=\"vce-row-container\"><div class=\"vce-row vce-row--col-gap-30 vce-row-columns--top vce-row-content--top\" id=\"el-507ff1b2\" data-vce-do-apply=\"all el-507ff1b2\"><div class=\"vce-row-content\" data-vce-element-content=\"true\"><div class=\"vce-col vce-col--md-auto vce-col--xs-1 vce-col--xs-last vce-col--xs-first vce-col--sm-last vce-col--sm-first vce-col--md-first vce-col--lg-first vce-col--xl-first\" id=\"el-57d53c4a\"><div class=\"vce-col-inner\" data-vce-do-apply=\"border margin background  el-57d53c4a\"><div class=\"vce-col-content\" data-vce-element-content=\"true\" data-vce-do-apply=\"padding el-57d53c4a\"><div class=\"vce-single-image-container vce-single-image--align-left\"><div class=\"vce vce-single-image-wrapper\" id=\"el-1a9c13e2\" data-vce-do-apply=\"all el-1a9c13e2\"><figure><div class=\"vce-single-image-inner vce-single-image--absolute\" style=\"padding-bottom: 57.5%; width: 400px;\"><img class=\"vce-single-image\" width=\"400\" height=\"230\"src=\"https:\/\/www.related.dk\/active-tenerife-tradekit\/wp-content\/uploads\/2020\/02\/Nature-experiences-teide-national-park-1-2-400x230.jpg\" srcset=\"https:\/\/www.related.dk\/active-tenerife-tradekit\/wp-content\/uploads\/2020\/02\/Nature-experiences-teide-national-park-1-2-320x184.jpg 320w,https:\/\/www.related.dk\/active-tenerife-tradekit\/wp-content\/uploads\/2020\/02\/Nature-experiences-teide-national-park-1-2-400x230.jpg 400w\" data-img-src=\"https:\/\/www.related.dk\/active-tenerife-tradekit\/wp-content\/uploads\/2020\/02\/Nature-experiences-teide-national-park-1-2.jpg\" alt=\"\" title=\"Nature experiences - teide national park - 1 (2)\"\/><\/div><\/figure><\/div><\/div><\/div><\/div><\/div><div class=\"vce-col vce-col--md-auto vce-col--xs-1 vce-col--xs-last vce-col--xs-first vce-col--sm-last vce-col--sm-first\" id=\"el-c2ba3a60\"><div class=\"vce-col-inner\" data-vce-do-apply=\"border margin background  el-c2ba3a60\"><div class=\"vce-col-content\" data-vce-element-content=\"true\" data-vce-do-apply=\"padding el-c2ba3a60\"><div class=\"vce-single-image-container vce-single-image--align-left\"><div class=\"vce vce-single-image-wrapper\" id=\"el-0aa44a98\" data-vce-do-apply=\"all el-0aa44a98\"><figure><div class=\"vce-single-image-inner vce-single-image--absolute\" style=\"padding-bottom: 57.5%; width: 400px;\"><img class=\"vce-single-image\" width=\"400\" height=\"230\"src=\"https:\/\/www.related.dk\/active-tenerife-tradekit\/wp-content\/uploads\/2020\/02\/Nature-experiences-Teide-National-Park-1-400x230.jpg\" srcset=\"https:\/\/www.related.dk\/active-tenerife-tradekit\/wp-content\/uploads\/2020\/02\/Nature-experiences-Teide-National-Park-1-320x184.jpg 320w,https:\/\/www.related.dk\/active-tenerife-tradekit\/wp-content\/uploads\/2020\/02\/Nature-experiences-Teide-National-Park-1-400x230.jpg 400w\" data-img-src=\"https:\/\/www.related.dk\/active-tenerife-tradekit\/wp-content\/uploads\/2020\/02\/Nature-experiences-Teide-National-Park-1.jpg\" alt=\"\" title=\"Nature experiences - Teide National Park - 1\"\/><\/div><\/figure><\/div><\/div><\/div><\/div><\/div><div class=\"vce-col vce-col--md-auto vce-col--xs-1 vce-col--xs-last vce-col--xs-first vce-col--sm-last vce-col--sm-first vce-col--md-last vce-col--lg-last vce-col--xl-last\" id=\"el-693781ce\"><div class=\"vce-col-inner\" data-vce-do-apply=\"border margin background  el-693781ce\"><div class=\"vce-col-content\" data-vce-element-content=\"true\" data-vce-do-apply=\"padding el-693781ce\"><div class=\"vce-single-image-container vce-single-image--align-left\"><div class=\"vce vce-single-image-wrapper\" id=\"el-7b29c970\" data-vce-do-apply=\"all el-7b29c970\"><figure><div class=\"vce-single-image-inner vce-single-image--absolute\" style=\"padding-bottom: 57.5%; width: 400px;\"><img class=\"vce-single-image\" width=\"400\" height=\"230\"src=\"https:\/\/www.related.dk\/active-tenerife-tradekit\/wp-content\/uploads\/2020\/02\/Nature-experiences-teide-national-park-1-4-400x230.jpg\" srcset=\"https:\/\/www.related.dk\/active-tenerife-tradekit\/wp-content\/uploads\/2020\/02\/Nature-experiences-teide-national-park-1-4-320x184.jpg 320w,https:\/\/www.related.dk\/active-tenerife-tradekit\/wp-content\/uploads\/2020\/02\/Nature-experiences-teide-national-park-1-4-400x230.jpg 400w\" data-img-src=\"https:\/\/www.related.dk\/active-tenerife-tradekit\/wp-content\/uploads\/2020\/02\/Nature-experiences-teide-national-park-1-4.jpg\" alt=\"\" title=\"Nature experiences - teide national park - 1 (4)\"\/><\/div><\/figure><\/div><\/div><\/div><\/div><\/div><\/div><\/div><\/div>\n","protected":false},"excerpt":{"rendered":"<p>TEIDE NATIONALPARKTeide nationalpark er med sine tre millioner \u00e5rlige bes\u00f8gende den n\u00e6stmest bes\u00f8gte nationalpark i verden. Parken ligger i midten af \u00f8en \u2013 2.000 meter over havoverfladen. Den er et ikon p\u00e5 Tenerife og blev i 2007 udn\u00e6vnt som UNESCO-verdensnaturarv. Parken blev grundlagt i 1954 for at beskytte dens vulkanske og biologiske s\u00e6regenhed og d\u00e6kker &hellip; <\/p>\n<p class=\"link-more\"><a href=\"https:\/\/www.related.dk\/active-tenerife-tradekit\/naturoplevelser\/teide-nationalpark\/\" class=\"more-link\">L\u00e6s videre<span class=\"screen-reader-text\"> &#8220;Teide nationalpark&#8221;<\/span><\/a><\/p>\n","protected":false},"author":2,"featured_media":0,"parent":444,"menu_order":0,"comment_status":"closed","ping_status":"closed","template":"","meta":[],"yoast_head":"<!-- This site is optimized with the Yoast SEO plugin v20.7 - https:\/\/yoast.com\/wordpress\/plugins\/seo\/ -->\n<title>Teide nationalpark - Active Tenerife - Tradekit<\/title>\n<meta name=\"robots\" content=\"index, follow, max-snippet:-1, max-image-preview:large, max-video-preview:-1\" \/>\n<link rel=\"canonical\" href=\"https:\/\/www.related.dk\/active-tenerife-tradekit\/naturoplevelser\/teide-nationalpark\/\" \/>\n<meta property=\"og:locale\" content=\"da_DK\" \/>\n<meta property=\"og:type\" content=\"article\" \/>\n<meta property=\"og:title\" content=\"Teide nationalpark - Active Tenerife - Tradekit\" \/>\n<meta property=\"og:description\" content=\"TEIDE NATIONALPARKTeide nationalpark er med sine tre millioner \u00e5rlige bes\u00f8gende den n\u00e6stmest bes\u00f8gte nationalpark i verden. Parken ligger i midten af \u00f8en \u2013 2.000 meter over havoverfladen. Den er et ikon p\u00e5 Tenerife og blev i 2007 udn\u00e6vnt som UNESCO-verdensnaturarv. Parken blev grundlagt i 1954 for at beskytte dens vulkanske og biologiske s\u00e6regenhed og d\u00e6kker &hellip; L\u00e6s videre &quot;Teide nationalpark&quot;\" \/>\n<meta property=\"og:url\" content=\"https:\/\/www.related.dk\/active-tenerife-tradekit\/naturoplevelser\/teide-nationalpark\/\" \/>\n<meta property=\"og:site_name\" content=\"Active Tenerife - Tradekit\" \/>\n<meta property=\"article:modified_time\" content=\"2020-02-13T13:42:11+00:00\" \/>\n<meta name=\"twitter:card\" content=\"summary_large_image\" \/>\n<meta name=\"twitter:label1\" content=\"Estimeret l\u00e6setid\" \/>\n\t<meta name=\"twitter:data1\" content=\"2 minutter\" \/>\n<script type=\"application\/ld+json\" class=\"yoast-schema-graph\">{\"@context\":\"https:\/\/schema.org\",\"@graph\":[{\"@type\":\"WebPage\",\"@id\":\"https:\/\/www.related.dk\/active-tenerife-tradekit\/naturoplevelser\/teide-nationalpark\/\",\"url\":\"https:\/\/www.related.dk\/active-tenerife-tradekit\/naturoplevelser\/teide-nationalpark\/\",\"name\":\"Teide nationalpark - Active Tenerife - Tradekit\",\"isPartOf\":{\"@id\":\"https:\/\/www.related.dk\/active-tenerife-tradekit\/#website\"},\"datePublished\":\"2020-02-10T08:42:09+00:00\",\"dateModified\":\"2020-02-13T13:42:11+00:00\",\"breadcrumb\":{\"@id\":\"https:\/\/www.related.dk\/active-tenerife-tradekit\/naturoplevelser\/teide-nationalpark\/#breadcrumb\"},\"inLanguage\":\"da-DK\",\"potentialAction\":[{\"@type\":\"ReadAction\",\"target\":[\"https:\/\/www.related.dk\/active-tenerife-tradekit\/naturoplevelser\/teide-nationalpark\/\"]}]},{\"@type\":\"BreadcrumbList\",\"@id\":\"https:\/\/www.related.dk\/active-tenerife-tradekit\/naturoplevelser\/teide-nationalpark\/#breadcrumb\",\"itemListElement\":[{\"@type\":\"ListItem\",\"position\":1,\"name\":\"Home\",\"item\":\"https:\/\/www.related.dk\/active-tenerife-tradekit\/\"},{\"@type\":\"ListItem\",\"position\":2,\"name\":\"Naturoplevelser\",\"item\":\"https:\/\/www.related.dk\/active-tenerife-tradekit\/naturoplevelser\/\"},{\"@type\":\"ListItem\",\"position\":3,\"name\":\"Teide nationalpark\"}]},{\"@type\":\"WebSite\",\"@id\":\"https:\/\/www.related.dk\/active-tenerife-tradekit\/#website\",\"url\":\"https:\/\/www.related.dk\/active-tenerife-tradekit\/\",\"name\":\"Active Tenerife - Tradekit\",\"description\":\"\",\"potentialAction\":[{\"@type\":\"SearchAction\",\"target\":{\"@type\":\"EntryPoint\",\"urlTemplate\":\"https:\/\/www.related.dk\/active-tenerife-tradekit\/?s={search_term_string}\"},\"query-input\":\"required name=search_term_string\"}],\"inLanguage\":\"da-DK\"}]}<\/script>\n<!-- \/ Yoast SEO plugin. -->","yoast_head_json":{"title":"Teide nationalpark - Active Tenerife - Tradekit","robots":{"index":"index","follow":"follow","max-snippet":"max-snippet:-1","max-image-preview":"max-image-preview:large","max-video-preview":"max-video-preview:-1"},"canonical":"https:\/\/www.related.dk\/active-tenerife-tradekit\/naturoplevelser\/teide-nationalpark\/","og_locale":"da_DK","og_type":"article","og_title":"Teide nationalpark - Active Tenerife - Tradekit","og_description":"TEIDE NATIONALPARKTeide nationalpark er med sine tre millioner \u00e5rlige bes\u00f8gende den n\u00e6stmest bes\u00f8gte nationalpark i verden. Parken ligger i midten af \u00f8en \u2013 2.000 meter over havoverfladen. Den er et ikon p\u00e5 Tenerife og blev i 2007 udn\u00e6vnt som UNESCO-verdensnaturarv. Parken blev grundlagt i 1954 for at beskytte dens vulkanske og biologiske s\u00e6regenhed og d\u00e6kker &hellip; L\u00e6s videre \"Teide nationalpark\"","og_url":"https:\/\/www.related.dk\/active-tenerife-tradekit\/naturoplevelser\/teide-nationalpark\/","og_site_name":"Active Tenerife - Tradekit","article_modified_time":"2020-02-13T13:42:11+00:00","twitter_card":"summary_large_image","twitter_misc":{"Estimeret l\u00e6setid":"2 minutter"},"schema":{"@context":"https:\/\/schema.org","@graph":[{"@type":"WebPage","@id":"https:\/\/www.related.dk\/active-tenerife-tradekit\/naturoplevelser\/teide-nationalpark\/","url":"https:\/\/www.related.dk\/active-tenerife-tradekit\/naturoplevelser\/teide-nationalpark\/","name":"Teide nationalpark - Active Tenerife - Tradekit","isPartOf":{"@id":"https:\/\/www.related.dk\/active-tenerife-tradekit\/#website"},"datePublished":"2020-02-10T08:42:09+00:00","dateModified":"2020-02-13T13:42:11+00:00","breadcrumb":{"@id":"https:\/\/www.related.dk\/active-tenerife-tradekit\/naturoplevelser\/teide-nationalpark\/#breadcrumb"},"inLanguage":"da-DK","potentialAction":[{"@type":"ReadAction","target":["https:\/\/www.related.dk\/active-tenerife-tradekit\/naturoplevelser\/teide-nationalpark\/"]}]},{"@type":"BreadcrumbList","@id":"https:\/\/www.related.dk\/active-tenerife-tradekit\/naturoplevelser\/teide-nationalpark\/#breadcrumb","itemListElement":[{"@type":"ListItem","position":1,"name":"Home","item":"https:\/\/www.related.dk\/active-tenerife-tradekit\/"},{"@type":"ListItem","position":2,"name":"Naturoplevelser","item":"https:\/\/www.related.dk\/active-tenerife-tradekit\/naturoplevelser\/"},{"@type":"ListItem","position":3,"name":"Teide nationalpark"}]},{"@type":"WebSite","@id":"https:\/\/www.related.dk\/active-tenerife-tradekit\/#website","url":"https:\/\/www.related.dk\/active-tenerife-tradekit\/","name":"Active Tenerife - Tradekit","description":"","potentialAction":[{"@type":"SearchAction","target":{"@type":"EntryPoint","urlTemplate":"https:\/\/www.related.dk\/active-tenerife-tradekit\/?s={search_term_string}"},"query-input":"required name=search_term_string"}],"inLanguage":"da-DK"}]}},"_links":{"self":[{"href":"https:\/\/www.related.dk\/active-tenerife-tradekit\/wp-json\/wp\/v2\/pages\/447"}],"collection":[{"href":"https:\/\/www.related.dk\/active-tenerife-tradekit\/wp-json\/wp\/v2\/pages"}],"about":[{"href":"https:\/\/www.related.dk\/active-tenerife-tradekit\/wp-json\/wp\/v2\/types\/page"}],"author":[{"embeddable":true,"href":"https:\/\/www.related.dk\/active-tenerife-tradekit\/wp-json\/wp\/v2\/users\/2"}],"replies":[{"embeddable":true,"href":"https:\/\/www.related.dk\/active-tenerife-tradekit\/wp-json\/wp\/v2\/comments?post=447"}],"version-history":[{"count":4,"href":"https:\/\/www.related.dk\/active-tenerife-tradekit\/wp-json\/wp\/v2\/pages\/447\/revisions"}],"predecessor-version":[{"id":1313,"href":"https:\/\/www.related.dk\/active-tenerife-tradekit\/wp-json\/wp\/v2\/pages\/447\/revisions\/1313"}],"up":[{"embeddable":true,"href":"https:\/\/www.related.dk\/active-tenerife-tradekit\/wp-json\/wp\/v2\/pages\/444"}],"wp:attachment":[{"href":"https:\/\/www.related.dk\/active-tenerife-tradekit\/wp-json\/wp\/v2\/media?parent=447"}],"curies":[{"name":"wp","href":"https:\/\/api.w.org\/{rel}","templated":true}]}}