{"id":440,"date":"2020-02-10T08:28:45","date_gmt":"2020-02-10T08:28:45","guid":{"rendered":"http:\/\/www.related.dk\/active-tenerife-tradekit\/?page_id=440"},"modified":"2020-02-10T10:38:53","modified_gmt":"2020-02-10T10:38:53","slug":"professionel-traening-og-traeningscentre","status":"publish","type":"page","link":"https:\/\/www.related.dk\/active-tenerife-tradekit\/aktive-oplevelser\/professionel-traening-og-traeningscentre\/","title":{"rendered":"Professionel tr\u00e6ning og tr\u00e6ningscentre"},"content":{"rendered":"<div class=\"vce-row-container\"><div class=\"vce-row vce-row--col-gap-30 vce-row-columns--top vce-row-content--top\" id=\"el-58f0e776\" data-vce-do-apply=\"all el-58f0e776\"><div class=\"vce-row-content\" data-vce-element-content=\"true\"><div class=\"vce-col\" id=\"el-9a4604c0\"><div class=\"vce-col-inner\" data-vce-do-apply=\"border margin background  el-9a4604c0\"><div class=\"vce-col-content\" data-vce-element-content=\"true\" data-vce-do-apply=\"padding el-9a4604c0\"><section class=\"vce-hero-section-container vce-hero-section-media--xs vce-hero-section-media--sm vce-hero-section-media--md vce-hero-section-media--lg\"><div class=\"vce vce-hero-section vce-hero-section--alignment-start\" id=\"el-25613d63\" data-vce-do-apply=\"margin background border  el-25613d63\"><div class=\"vce-hero-section--wrap-row vce-hero-section--background-position-center-center\" style=\"background-image: url('https:\/\/www.related.dk\/active-tenerife-tradekit\/wp-content\/uploads\/2020\/02\/Active-experiences-professional-training-page-2-vs3.jpg');\"><div class=\"vce-hero-section--wrap\"><div class=\"vce-hero-section--content\" data-vce-do-apply=\"padding el-25613d63\"><div class=\"vce-hero-section--content-container\"><h1><strong>PROFESSIONEL TR\u00c6NING&nbsp;<\/strong><\/h1><\/div><\/div><\/div><\/div><\/div><\/section><\/div><\/div><\/div><\/div><\/div><\/div><div class=\"vce-row-container\"><div class=\"vce-row vce-row--col-gap-30 vce-row-columns--top vce-row-content--top\" id=\"el-22b6f494\" data-vce-do-apply=\"all el-22b6f494\"><div class=\"vce-row-content\" data-vce-element-content=\"true\"><div class=\"vce-col\" id=\"el-fb0ee496\"><div class=\"vce-col-inner\" data-vce-do-apply=\"border margin background  el-fb0ee496\"><div class=\"vce-col-content\" data-vce-element-content=\"true\" data-vce-do-apply=\"padding el-fb0ee496\"><div class=\"vce-text-block\"><div class=\"vce-text-block-wrapper vce\" id=\"el-9e2d3453\" data-vce-do-apply=\"all el-9e2d3453\"><p>Mange professionelle atleter tager til Tenerife for at tr\u00e6ne, fordi her er en gennemsnitstemperatur p\u00e5 23 grader hele \u00e5ret rundt.<\/p><p>\u00d8en har to forskellige sportscentre:<\/p><p><strong>T3 Tenerife Top Training<\/strong><br>T3 Tenerife Top Training ligger i Caleta de Adeje p\u00e5 den sydlige del af \u00f8en og har nogle af de mest moderne faciliteter i Europa. Her findes et team af kvalificerede professionelle indenfor forskellige discipliner, som hj\u00e6lper de bes\u00f8gende med at n\u00e5 deres m\u00e5l. Her kan man fx tr\u00e6ne fodbold, sv\u00f8mning, tennis, squash og volleyball \u2013 ligesom der selvf\u00f8lgelig ogs\u00e5 tilbydes b\u00e5de tr\u00e6ningscenter, spa og fysioterapi.<\/p><p><a href=\"https:\/\/www.webtenerife.co.uk\/need-know\/tourist-service-companies\/sports-facilities\/sports-centres\/t3+tenerife+top+training.htm\" target=\"_blank\" rel=\"noopener noreferrer\">L\u00e6s mere her<\/a><\/p><p><strong>Activate Sports Club<\/strong><br>Activate er en af Tenerifes mest ikoniske sportsklubber. Her er filosofien at opmuntre til en aktiv og sund livsstil \u2013 samtidig med at man har det sjovt. Stedet er ogs\u00e5 popul\u00e6rt for familie- og vennegrupper. Her udbydes bl.a. yoga, pilates, sv\u00f8mmebassin, padeltennis-baner, tr\u00e6ningsstudie, fysioterapi og beach-volleyball.<\/p><p><a href=\"https:\/\/www.webtenerife.co.uk\/need-know\/tourist-service-companies\/sports-facilities\/sports-centres\/activate.htm\" target=\"_blank\" rel=\"noopener noreferrer\">L\u00e6s mere her<\/a><\/p><\/div><\/div><\/div><\/div><\/div><\/div><\/div><\/div><div class=\"vce-row-container\"><div class=\"vce-row vce-row--col-gap-30 vce-row-columns--top vce-row-content--top\" id=\"el-682224c8\" data-vce-do-apply=\"all el-682224c8\"><div class=\"vce-row-content\" data-vce-element-content=\"true\"><div class=\"vce-col vce-col--md-auto vce-col--xs-1 vce-col--xs-last vce-col--xs-first vce-col--sm-last vce-col--sm-first vce-col--md-first vce-col--lg-first vce-col--xl-first\" id=\"el-77834d5f\"><div class=\"vce-col-inner\" data-vce-do-apply=\"border margin background  el-77834d5f\"><div class=\"vce-col-content\" data-vce-element-content=\"true\" data-vce-do-apply=\"padding el-77834d5f\"><div class=\"vce-single-image-container vce-single-image--align-left\"><div class=\"vce vce-single-image-wrapper\" id=\"el-f7ee7b10\" data-vce-do-apply=\"all el-f7ee7b10\"><figure><div class=\"vce-single-image-inner vce-single-image--absolute\" style=\"padding-bottom: 66.6016%; width: 1024px;\"><img class=\"vce-single-image\" width=\"1024\" height=\"682\"src=\"https:\/\/www.related.dk\/active-tenerife-tradekit\/wp-content\/uploads\/2020\/02\/Active-experiences-professional-training-page-1024x682.jpg\" srcset=\"https:\/\/www.related.dk\/active-tenerife-tradekit\/wp-content\/uploads\/2020\/02\/Active-experiences-professional-training-page-320x213.jpg 320w,https:\/\/www.related.dk\/active-tenerife-tradekit\/wp-content\/uploads\/2020\/02\/Active-experiences-professional-training-page-480x320.jpg 480w,https:\/\/www.related.dk\/active-tenerife-tradekit\/wp-content\/uploads\/2020\/02\/Active-experiences-professional-training-page-800x533.jpg 800w,https:\/\/www.related.dk\/active-tenerife-tradekit\/wp-content\/uploads\/2020\/02\/Active-experiences-professional-training-page-1024x682.jpg 1024w\" data-img-src=\"https:\/\/www.related.dk\/active-tenerife-tradekit\/wp-content\/uploads\/2020\/02\/Active-experiences-professional-training-page.jpg\" alt=\"\" title=\"Active experiences - professional training - page\"\/><\/div><\/figure><\/div><\/div><\/div><\/div><\/div><div class=\"vce-col vce-col--md-auto vce-col--xs-1 vce-col--xs-last vce-col--xs-first vce-col--sm-last vce-col--sm-first vce-col--md-last vce-col--lg-last vce-col--xl-last\" id=\"el-dc0d2dce\"><div class=\"vce-col-inner\" data-vce-do-apply=\"border margin background  el-dc0d2dce\"><div class=\"vce-col-content\" data-vce-element-content=\"true\" data-vce-do-apply=\"padding el-dc0d2dce\"><div class=\"vce-single-image-container vce-single-image--align-left\"><div class=\"vce vce-single-image-wrapper\" id=\"el-e4306d74\" data-vce-do-apply=\"all el-e4306d74\"><figure><div class=\"vce-single-image-inner vce-single-image--absolute\" style=\"padding-bottom: 66.8945%; width: 1024px;\"><img class=\"vce-single-image\" width=\"1024\" height=\"685\"src=\"https:\/\/www.related.dk\/active-tenerife-tradekit\/wp-content\/uploads\/2020\/02\/Active-experiences-professional-training-page-2-1024x685.jpg\" srcset=\"https:\/\/www.related.dk\/active-tenerife-tradekit\/wp-content\/uploads\/2020\/02\/Active-experiences-professional-training-page-2-320x214.jpg 320w,https:\/\/www.related.dk\/active-tenerife-tradekit\/wp-content\/uploads\/2020\/02\/Active-experiences-professional-training-page-2-480x321.jpg 480w,https:\/\/www.related.dk\/active-tenerife-tradekit\/wp-content\/uploads\/2020\/02\/Active-experiences-professional-training-page-2-800x535.jpg 800w,https:\/\/www.related.dk\/active-tenerife-tradekit\/wp-content\/uploads\/2020\/02\/Active-experiences-professional-training-page-2-1024x685.jpg 1024w\" data-img-src=\"https:\/\/www.related.dk\/active-tenerife-tradekit\/wp-content\/uploads\/2020\/02\/Active-experiences-professional-training-page-2.jpg\" alt=\"\" title=\"Active experiences - professional training - page 2\"\/><\/div><\/figure><\/div><\/div><\/div><\/div><\/div><\/div><\/div><\/div>\n","protected":false},"excerpt":{"rendered":"<p>PROFESSIONEL TR\u00c6NING&nbsp;Mange professionelle atleter tager til Tenerife for at tr\u00e6ne, fordi her er en gennemsnitstemperatur p\u00e5 23 grader hele \u00e5ret rundt.\u00d8en har to forskellige sportscentre:T3 Tenerife Top TrainingT3 Tenerife Top Training ligger i Caleta de Adeje p\u00e5 den sydlige del af \u00f8en og har nogle af de mest moderne faciliteter i Europa. Her findes et &hellip; <\/p>\n<p class=\"link-more\"><a href=\"https:\/\/www.related.dk\/active-tenerife-tradekit\/aktive-oplevelser\/professionel-traening-og-traeningscentre\/\" class=\"more-link\">L\u00e6s videre<span class=\"screen-reader-text\"> &#8220;Professionel tr\u00e6ning og tr\u00e6ningscentre&#8221;<\/span><\/a><\/p>\n","protected":false},"author":2,"featured_media":0,"parent":224,"menu_order":0,"comment_status":"closed","ping_status":"closed","template":"","meta":[],"yoast_head":"<!-- This site is optimized with the Yoast SEO plugin v20.7 - https:\/\/yoast.com\/wordpress\/plugins\/seo\/ -->\n<title>Professionel tr\u00e6ning og tr\u00e6ningscentre - Active Tenerife - Tradekit<\/title>\n<meta name=\"robots\" content=\"index, follow, max-snippet:-1, max-image-preview:large, max-video-preview:-1\" \/>\n<link rel=\"canonical\" href=\"https:\/\/www.related.dk\/active-tenerife-tradekit\/aktive-oplevelser\/professionel-traening-og-traeningscentre\/\" \/>\n<meta property=\"og:locale\" content=\"da_DK\" \/>\n<meta property=\"og:type\" content=\"article\" \/>\n<meta property=\"og:title\" content=\"Professionel tr\u00e6ning og tr\u00e6ningscentre - Active Tenerife - Tradekit\" \/>\n<meta property=\"og:description\" content=\"PROFESSIONEL TR\u00c6NING&nbsp;Mange professionelle atleter tager til Tenerife for at tr\u00e6ne, fordi her er en gennemsnitstemperatur p\u00e5 23 grader hele \u00e5ret rundt.\u00d8en har to forskellige sportscentre:T3 Tenerife Top TrainingT3 Tenerife Top Training ligger i Caleta de Adeje p\u00e5 den sydlige del af \u00f8en og har nogle af de mest moderne faciliteter i Europa. Her findes et &hellip; L\u00e6s videre &quot;Professionel tr\u00e6ning og tr\u00e6ningscentre&quot;\" \/>\n<meta property=\"og:url\" content=\"https:\/\/www.related.dk\/active-tenerife-tradekit\/aktive-oplevelser\/professionel-traening-og-traeningscentre\/\" \/>\n<meta property=\"og:site_name\" content=\"Active Tenerife - Tradekit\" \/>\n<meta property=\"article:modified_time\" content=\"2020-02-10T10:38:53+00:00\" \/>\n<meta name=\"twitter:card\" content=\"summary_large_image\" \/>\n<meta name=\"twitter:label1\" content=\"Estimeret l\u00e6setid\" \/>\n\t<meta name=\"twitter:data1\" content=\"1 minut\" \/>\n<script type=\"application\/ld+json\" class=\"yoast-schema-graph\">{\"@context\":\"https:\/\/schema.org\",\"@graph\":[{\"@type\":\"WebPage\",\"@id\":\"https:\/\/www.related.dk\/active-tenerife-tradekit\/aktive-oplevelser\/professionel-traening-og-traeningscentre\/\",\"url\":\"https:\/\/www.related.dk\/active-tenerife-tradekit\/aktive-oplevelser\/professionel-traening-og-traeningscentre\/\",\"name\":\"Professionel tr\u00e6ning og tr\u00e6ningscentre - Active Tenerife - Tradekit\",\"isPartOf\":{\"@id\":\"https:\/\/www.related.dk\/active-tenerife-tradekit\/#website\"},\"datePublished\":\"2020-02-10T08:28:45+00:00\",\"dateModified\":\"2020-02-10T10:38:53+00:00\",\"breadcrumb\":{\"@id\":\"https:\/\/www.related.dk\/active-tenerife-tradekit\/aktive-oplevelser\/professionel-traening-og-traeningscentre\/#breadcrumb\"},\"inLanguage\":\"da-DK\",\"potentialAction\":[{\"@type\":\"ReadAction\",\"target\":[\"https:\/\/www.related.dk\/active-tenerife-tradekit\/aktive-oplevelser\/professionel-traening-og-traeningscentre\/\"]}]},{\"@type\":\"BreadcrumbList\",\"@id\":\"https:\/\/www.related.dk\/active-tenerife-tradekit\/aktive-oplevelser\/professionel-traening-og-traeningscentre\/#breadcrumb\",\"itemListElement\":[{\"@type\":\"ListItem\",\"position\":1,\"name\":\"Home\",\"item\":\"https:\/\/www.related.dk\/active-tenerife-tradekit\/\"},{\"@type\":\"ListItem\",\"position\":2,\"name\":\"Aktive oplevelser\",\"item\":\"https:\/\/www.related.dk\/active-tenerife-tradekit\/aktive-oplevelser\/\"},{\"@type\":\"ListItem\",\"position\":3,\"name\":\"Professionel tr\u00e6ning og tr\u00e6ningscentre\"}]},{\"@type\":\"WebSite\",\"@id\":\"https:\/\/www.related.dk\/active-tenerife-tradekit\/#website\",\"url\":\"https:\/\/www.related.dk\/active-tenerife-tradekit\/\",\"name\":\"Active Tenerife - Tradekit\",\"description\":\"\",\"potentialAction\":[{\"@type\":\"SearchAction\",\"target\":{\"@type\":\"EntryPoint\",\"urlTemplate\":\"https:\/\/www.related.dk\/active-tenerife-tradekit\/?s={search_term_string}\"},\"query-input\":\"required name=search_term_string\"}],\"inLanguage\":\"da-DK\"}]}<\/script>\n<!-- \/ Yoast SEO plugin. -->","yoast_head_json":{"title":"Professionel tr\u00e6ning og tr\u00e6ningscentre - Active Tenerife - Tradekit","robots":{"index":"index","follow":"follow","max-snippet":"max-snippet:-1","max-image-preview":"max-image-preview:large","max-video-preview":"max-video-preview:-1"},"canonical":"https:\/\/www.related.dk\/active-tenerife-tradekit\/aktive-oplevelser\/professionel-traening-og-traeningscentre\/","og_locale":"da_DK","og_type":"article","og_title":"Professionel tr\u00e6ning og tr\u00e6ningscentre - Active Tenerife - Tradekit","og_description":"PROFESSIONEL TR\u00c6NING&nbsp;Mange professionelle atleter tager til Tenerife for at tr\u00e6ne, fordi her er en gennemsnitstemperatur p\u00e5 23 grader hele \u00e5ret rundt.\u00d8en har to forskellige sportscentre:T3 Tenerife Top TrainingT3 Tenerife Top Training ligger i Caleta de Adeje p\u00e5 den sydlige del af \u00f8en og har nogle af de mest moderne faciliteter i Europa. Her findes et &hellip; L\u00e6s videre \"Professionel tr\u00e6ning og tr\u00e6ningscentre\"","og_url":"https:\/\/www.related.dk\/active-tenerife-tradekit\/aktive-oplevelser\/professionel-traening-og-traeningscentre\/","og_site_name":"Active Tenerife - Tradekit","article_modified_time":"2020-02-10T10:38:53+00:00","twitter_card":"summary_large_image","twitter_misc":{"Estimeret l\u00e6setid":"1 minut"},"schema":{"@context":"https:\/\/schema.org","@graph":[{"@type":"WebPage","@id":"https:\/\/www.related.dk\/active-tenerife-tradekit\/aktive-oplevelser\/professionel-traening-og-traeningscentre\/","url":"https:\/\/www.related.dk\/active-tenerife-tradekit\/aktive-oplevelser\/professionel-traening-og-traeningscentre\/","name":"Professionel tr\u00e6ning og tr\u00e6ningscentre - Active Tenerife - Tradekit","isPartOf":{"@id":"https:\/\/www.related.dk\/active-tenerife-tradekit\/#website"},"datePublished":"2020-02-10T08:28:45+00:00","dateModified":"2020-02-10T10:38:53+00:00","breadcrumb":{"@id":"https:\/\/www.related.dk\/active-tenerife-tradekit\/aktive-oplevelser\/professionel-traening-og-traeningscentre\/#breadcrumb"},"inLanguage":"da-DK","potentialAction":[{"@type":"ReadAction","target":["https:\/\/www.related.dk\/active-tenerife-tradekit\/aktive-oplevelser\/professionel-traening-og-traeningscentre\/"]}]},{"@type":"BreadcrumbList","@id":"https:\/\/www.related.dk\/active-tenerife-tradekit\/aktive-oplevelser\/professionel-traening-og-traeningscentre\/#breadcrumb","itemListElement":[{"@type":"ListItem","position":1,"name":"Home","item":"https:\/\/www.related.dk\/active-tenerife-tradekit\/"},{"@type":"ListItem","position":2,"name":"Aktive oplevelser","item":"https:\/\/www.related.dk\/active-tenerife-tradekit\/aktive-oplevelser\/"},{"@type":"ListItem","position":3,"name":"Professionel tr\u00e6ning og tr\u00e6ningscentre"}]},{"@type":"WebSite","@id":"https:\/\/www.related.dk\/active-tenerife-tradekit\/#website","url":"https:\/\/www.related.dk\/active-tenerife-tradekit\/","name":"Active Tenerife - Tradekit","description":"","potentialAction":[{"@type":"SearchAction","target":{"@type":"EntryPoint","urlTemplate":"https:\/\/www.related.dk\/active-tenerife-tradekit\/?s={search_term_string}"},"query-input":"required name=search_term_string"}],"inLanguage":"da-DK"}]}},"_links":{"self":[{"href":"https:\/\/www.related.dk\/active-tenerife-tradekit\/wp-json\/wp\/v2\/pages\/440"}],"collection":[{"href":"https:\/\/www.related.dk\/active-tenerife-tradekit\/wp-json\/wp\/v2\/pages"}],"about":[{"href":"https:\/\/www.related.dk\/active-tenerife-tradekit\/wp-json\/wp\/v2\/types\/page"}],"author":[{"embeddable":true,"href":"https:\/\/www.related.dk\/active-tenerife-tradekit\/wp-json\/wp\/v2\/users\/2"}],"replies":[{"embeddable":true,"href":"https:\/\/www.related.dk\/active-tenerife-tradekit\/wp-json\/wp\/v2\/comments?post=440"}],"version-history":[{"count":4,"href":"https:\/\/www.related.dk\/active-tenerife-tradekit\/wp-json\/wp\/v2\/pages\/440\/revisions"}],"predecessor-version":[{"id":573,"href":"https:\/\/www.related.dk\/active-tenerife-tradekit\/wp-json\/wp\/v2\/pages\/440\/revisions\/573"}],"up":[{"embeddable":true,"href":"https:\/\/www.related.dk\/active-tenerife-tradekit\/wp-json\/wp\/v2\/pages\/224"}],"wp:attachment":[{"href":"https:\/\/www.related.dk\/active-tenerife-tradekit\/wp-json\/wp\/v2\/media?parent=440"}],"curies":[{"name":"wp","href":"https:\/\/api.w.org\/{rel}","templated":true}]}}