{"id":414,"date":"2020-02-10T08:21:30","date_gmt":"2020-02-10T08:21:30","guid":{"rendered":"http:\/\/www.related.dk\/active-tenerife-tradekit\/?page_id=414"},"modified":"2020-02-10T08:21:42","modified_gmt":"2020-02-10T08:21:42","slug":"triatlon-duatlon-aquatlon","status":"publish","type":"page","link":"https:\/\/www.related.dk\/active-tenerife-tradekit\/aktive-oplevelser\/triatlon-duatlon-aquatlon\/","title":{"rendered":"Triatlon, duatlon &#038; aquatlon"},"content":{"rendered":"<div class=\"vce-row-container\"><div class=\"vce-row vce-row--col-gap-30 vce-row-columns--top vce-row-content--top\" id=\"el-911a957f\" data-vce-do-apply=\"all el-911a957f\"><div class=\"vce-row-content\" data-vce-element-content=\"true\"><div class=\"vce-col\" id=\"el-beab7552\"><div class=\"vce-col-inner\" data-vce-do-apply=\"border margin background  el-beab7552\"><div class=\"vce-col-content\" data-vce-element-content=\"true\" data-vce-do-apply=\"padding el-beab7552\"><section class=\"vce-hero-section-container vce-hero-section-media--xs vce-hero-section-media--sm vce-hero-section-media--md vce-hero-section-media--lg\"><div class=\"vce vce-hero-section vce-hero-section--alignment-start\" id=\"el-d7ae59cd\" data-vce-do-apply=\"margin background border  el-d7ae59cd\"><div class=\"vce-hero-section--wrap-row vce-hero-section--background-position-center-center\" style=\"background-image: url('https:\/\/www.related.dk\/active-tenerife-tradekit\/wp-content\/uploads\/2020\/02\/Active-experiences-multisport-races-11-vs2.jpg');\"><div class=\"vce-hero-section--wrap\"><div class=\"vce-hero-section--content\" data-vce-do-apply=\"padding el-d7ae59cd\"><div class=\"vce-hero-section--content-container\"><h1><strong>TRIATLON, DUATLON <br>&amp; AQUATLON<\/strong><\/h1><\/div><\/div><\/div><\/div><\/div><\/section><\/div><\/div><\/div><\/div><\/div><\/div><div class=\"vce-row-container\"><div class=\"vce-row vce-row--col-gap-30 vce-row-columns--top vce-row-content--top\" id=\"el-ba1c0ae0\" data-vce-do-apply=\"all el-ba1c0ae0\"><div class=\"vce-row-content\" data-vce-element-content=\"true\"><div class=\"vce-col\" id=\"el-8978d567\"><div class=\"vce-col-inner\" data-vce-do-apply=\"border margin background  el-8978d567\"><div class=\"vce-col-content\" data-vce-element-content=\"true\" data-vce-do-apply=\"padding el-8978d567\"><div class=\"vce-text-block\"><div class=\"vce-text-block-wrapper vce\" id=\"el-bf70a902\" data-vce-do-apply=\"all el-bf70a902\"><h2>Triathlon<\/h2><p>Tenerife er ideelt til triatlon pga. h\u00f8jden, det milde vejr og de varierede strande. Derfor afholdes her mange events, og b\u00e5de spanske og internationale atleter kommer hertil for at l\u00f8be op ad stejle baner, cykle op til 2.700 meter p\u00e5 El Teide og sv\u00f8mme gennem Atlanterhavets b\u00f8lger. Der er f\u00e5 andre steder, hvor man kan dyste i s\u00e5 natursk\u00f8nne omgivelser \u2013 med mulighed for virkelig at presse sin udholdenhed til gr\u00e6nsen.<\/p><h2>Duatlon<\/h2><p>Duatlon kombinerer l\u00f8b, cykling og l\u00f8b. Distancen for hver disciplin varierer, men det handler altid om at s\u00e6tte udholdenheden p\u00e5 pr\u00f8ve.<\/p><h2>Aquatlon<\/h2><p>Aquatlon er duatlons kusine \u2013 bare i vand. Her er cykling nemlig erstattet af sv\u00f8mning, s\u00e5 man kombinerer l\u00f8b, sv\u00f8mning og l\u00f8b. Typisk kombinerer man 2,5 kilometer l\u00f8b, 1.000 meter sv\u00f8mning og 2,5 kilometer l\u00f8b \u2013 s\u00e5 konkurrencen er relativt hurtigt overst\u00e5et.<\/p><p>Tenerife er popul\u00e6r til aquatlon pga. sine mange forskellige strande og kystomr\u00e5der, der g\u00f8r det nemt at tilrettel\u00e6gge udfordrende l\u00f8b.<\/p><\/div><\/div><\/div><\/div><\/div><\/div><\/div><\/div><div class=\"vce-row-container\"><div class=\"vce-row vce-row--col-gap-30 vce-row-columns--top vce-row-content--top\" id=\"el-bde71162\" data-vce-do-apply=\"all el-bde71162\"><div class=\"vce-row-content\" data-vce-element-content=\"true\"><div class=\"vce-col vce-col--md-auto vce-col--xs-1 vce-col--xs-last vce-col--xs-first vce-col--sm-last vce-col--sm-first vce-col--md-first vce-col--lg-first vce-col--xl-first\" id=\"el-04b76df1\"><div class=\"vce-col-inner\" data-vce-do-apply=\"border margin background  el-04b76df1\"><div class=\"vce-col-content\" data-vce-element-content=\"true\" data-vce-do-apply=\"padding el-04b76df1\"><div class=\"vce-single-image-container vce-single-image--align-left\"><div class=\"vce vce-single-image-wrapper\" id=\"el-37eddc76\" data-vce-do-apply=\"all el-37eddc76\"><figure><div class=\"vce-single-image-inner vce-single-image--absolute\" style=\"padding-bottom: 58.3333%; width: 600px;\"><img class=\"vce-single-image\" width=\"600\" height=\"350\"src=\"https:\/\/www.related.dk\/active-tenerife-tradekit\/wp-content\/uploads\/2020\/02\/Active-experiences-multisport-races-11-2-vs2-600x350.jpg\" srcset=\"https:\/\/www.related.dk\/active-tenerife-tradekit\/wp-content\/uploads\/2020\/02\/Active-experiences-multisport-races-11-2-vs2-320x187.jpg 320w,https:\/\/www.related.dk\/active-tenerife-tradekit\/wp-content\/uploads\/2020\/02\/Active-experiences-multisport-races-11-2-vs2-480x280.jpg 480w,https:\/\/www.related.dk\/active-tenerife-tradekit\/wp-content\/uploads\/2020\/02\/Active-experiences-multisport-races-11-2-vs2-600x350.jpg 600w\" data-img-src=\"https:\/\/www.related.dk\/active-tenerife-tradekit\/wp-content\/uploads\/2020\/02\/Active-experiences-multisport-races-11-2-vs2.jpg\" alt=\"\" title=\"Active experiences - multisport races - 11 (2) - vs2\"\/><\/div><\/figure><\/div><\/div><\/div><\/div><\/div><div class=\"vce-col vce-col--md-auto vce-col--xs-1 vce-col--xs-last vce-col--xs-first vce-col--sm-last vce-col--sm-first vce-col--md-last vce-col--lg-last vce-col--xl-last\" id=\"el-fd715abb\"><div class=\"vce-col-inner\" data-vce-do-apply=\"border margin background  el-fd715abb\"><div class=\"vce-col-content\" data-vce-element-content=\"true\" data-vce-do-apply=\"padding el-fd715abb\"><div class=\"vce-single-image-container vce-single-image--align-left\"><div class=\"vce vce-single-image-wrapper\" id=\"el-ba187f4a\" data-vce-do-apply=\"all el-ba187f4a\"><figure><div class=\"vce-single-image-inner vce-single-image--absolute\" style=\"padding-bottom: 58.3333%; width: 600px;\"><img class=\"vce-single-image\" width=\"600\" height=\"350\"src=\"https:\/\/www.related.dk\/active-tenerife-tradekit\/wp-content\/uploads\/2020\/02\/Active-experiences-Multisport-races-11-600x350.jpg\" srcset=\"https:\/\/www.related.dk\/active-tenerife-tradekit\/wp-content\/uploads\/2020\/02\/Active-experiences-Multisport-races-11-320x187.jpg 320w,https:\/\/www.related.dk\/active-tenerife-tradekit\/wp-content\/uploads\/2020\/02\/Active-experiences-Multisport-races-11-480x280.jpg 480w,https:\/\/www.related.dk\/active-tenerife-tradekit\/wp-content\/uploads\/2020\/02\/Active-experiences-Multisport-races-11-600x350.jpg 600w\" data-img-src=\"https:\/\/www.related.dk\/active-tenerife-tradekit\/wp-content\/uploads\/2020\/02\/Active-experiences-Multisport-races-11.jpg\" alt=\"\" title=\"Active experiences - Multisport races - 11\"\/><\/div><\/figure><\/div><\/div><\/div><\/div><\/div><\/div><\/div><\/div>\n","protected":false},"excerpt":{"rendered":"<p>TRIATLON, DUATLON &amp; AQUATLONTriathlonTenerife er ideelt til triatlon pga. h\u00f8jden, det milde vejr og de varierede strande. Derfor afholdes her mange events, og b\u00e5de spanske og internationale atleter kommer hertil for at l\u00f8be op ad stejle baner, cykle op til 2.700 meter p\u00e5 El Teide og sv\u00f8mme gennem Atlanterhavets b\u00f8lger. Der er f\u00e5 andre steder, &hellip; <\/p>\n<p class=\"link-more\"><a href=\"https:\/\/www.related.dk\/active-tenerife-tradekit\/aktive-oplevelser\/triatlon-duatlon-aquatlon\/\" class=\"more-link\">L\u00e6s videre<span class=\"screen-reader-text\"> &#8220;Triatlon, duatlon &#038; aquatlon&#8221;<\/span><\/a><\/p>\n","protected":false},"author":2,"featured_media":0,"parent":224,"menu_order":0,"comment_status":"closed","ping_status":"closed","template":"","meta":[],"yoast_head":"<!-- This site is optimized with the Yoast SEO plugin v20.7 - https:\/\/yoast.com\/wordpress\/plugins\/seo\/ -->\n<title>Triatlon, duatlon &amp; aquatlon - Active Tenerife - Tradekit<\/title>\n<meta name=\"robots\" content=\"index, follow, max-snippet:-1, max-image-preview:large, max-video-preview:-1\" \/>\n<link rel=\"canonical\" href=\"https:\/\/www.related.dk\/active-tenerife-tradekit\/aktive-oplevelser\/triatlon-duatlon-aquatlon\/\" \/>\n<meta property=\"og:locale\" content=\"da_DK\" \/>\n<meta property=\"og:type\" content=\"article\" \/>\n<meta property=\"og:title\" content=\"Triatlon, duatlon &amp; aquatlon - Active Tenerife - Tradekit\" \/>\n<meta property=\"og:description\" content=\"TRIATLON, DUATLON &amp; AQUATLONTriathlonTenerife er ideelt til triatlon pga. h\u00f8jden, det milde vejr og de varierede strande. Derfor afholdes her mange events, og b\u00e5de spanske og internationale atleter kommer hertil for at l\u00f8be op ad stejle baner, cykle op til 2.700 meter p\u00e5 El Teide og sv\u00f8mme gennem Atlanterhavets b\u00f8lger. Der er f\u00e5 andre steder, &hellip; L\u00e6s videre &quot;Triatlon, duatlon &#038; aquatlon&quot;\" \/>\n<meta property=\"og:url\" content=\"https:\/\/www.related.dk\/active-tenerife-tradekit\/aktive-oplevelser\/triatlon-duatlon-aquatlon\/\" \/>\n<meta property=\"og:site_name\" content=\"Active Tenerife - Tradekit\" \/>\n<meta property=\"article:modified_time\" content=\"2020-02-10T08:21:42+00:00\" \/>\n<meta name=\"twitter:card\" content=\"summary_large_image\" \/>\n<meta name=\"twitter:label1\" content=\"Estimeret l\u00e6setid\" \/>\n\t<meta name=\"twitter:data1\" content=\"1 minut\" \/>\n<script type=\"application\/ld+json\" class=\"yoast-schema-graph\">{\"@context\":\"https:\/\/schema.org\",\"@graph\":[{\"@type\":\"WebPage\",\"@id\":\"https:\/\/www.related.dk\/active-tenerife-tradekit\/aktive-oplevelser\/triatlon-duatlon-aquatlon\/\",\"url\":\"https:\/\/www.related.dk\/active-tenerife-tradekit\/aktive-oplevelser\/triatlon-duatlon-aquatlon\/\",\"name\":\"Triatlon, duatlon & aquatlon - Active Tenerife - Tradekit\",\"isPartOf\":{\"@id\":\"https:\/\/www.related.dk\/active-tenerife-tradekit\/#website\"},\"datePublished\":\"2020-02-10T08:21:30+00:00\",\"dateModified\":\"2020-02-10T08:21:42+00:00\",\"breadcrumb\":{\"@id\":\"https:\/\/www.related.dk\/active-tenerife-tradekit\/aktive-oplevelser\/triatlon-duatlon-aquatlon\/#breadcrumb\"},\"inLanguage\":\"da-DK\",\"potentialAction\":[{\"@type\":\"ReadAction\",\"target\":[\"https:\/\/www.related.dk\/active-tenerife-tradekit\/aktive-oplevelser\/triatlon-duatlon-aquatlon\/\"]}]},{\"@type\":\"BreadcrumbList\",\"@id\":\"https:\/\/www.related.dk\/active-tenerife-tradekit\/aktive-oplevelser\/triatlon-duatlon-aquatlon\/#breadcrumb\",\"itemListElement\":[{\"@type\":\"ListItem\",\"position\":1,\"name\":\"Home\",\"item\":\"https:\/\/www.related.dk\/active-tenerife-tradekit\/\"},{\"@type\":\"ListItem\",\"position\":2,\"name\":\"Aktive oplevelser\",\"item\":\"https:\/\/www.related.dk\/active-tenerife-tradekit\/aktive-oplevelser\/\"},{\"@type\":\"ListItem\",\"position\":3,\"name\":\"Triatlon, duatlon &#038; aquatlon\"}]},{\"@type\":\"WebSite\",\"@id\":\"https:\/\/www.related.dk\/active-tenerife-tradekit\/#website\",\"url\":\"https:\/\/www.related.dk\/active-tenerife-tradekit\/\",\"name\":\"Active Tenerife - Tradekit\",\"description\":\"\",\"potentialAction\":[{\"@type\":\"SearchAction\",\"target\":{\"@type\":\"EntryPoint\",\"urlTemplate\":\"https:\/\/www.related.dk\/active-tenerife-tradekit\/?s={search_term_string}\"},\"query-input\":\"required name=search_term_string\"}],\"inLanguage\":\"da-DK\"}]}<\/script>\n<!-- \/ Yoast SEO plugin. -->","yoast_head_json":{"title":"Triatlon, duatlon & aquatlon - Active Tenerife - Tradekit","robots":{"index":"index","follow":"follow","max-snippet":"max-snippet:-1","max-image-preview":"max-image-preview:large","max-video-preview":"max-video-preview:-1"},"canonical":"https:\/\/www.related.dk\/active-tenerife-tradekit\/aktive-oplevelser\/triatlon-duatlon-aquatlon\/","og_locale":"da_DK","og_type":"article","og_title":"Triatlon, duatlon & aquatlon - Active Tenerife - Tradekit","og_description":"TRIATLON, DUATLON &amp; AQUATLONTriathlonTenerife er ideelt til triatlon pga. h\u00f8jden, det milde vejr og de varierede strande. Derfor afholdes her mange events, og b\u00e5de spanske og internationale atleter kommer hertil for at l\u00f8be op ad stejle baner, cykle op til 2.700 meter p\u00e5 El Teide og sv\u00f8mme gennem Atlanterhavets b\u00f8lger. Der er f\u00e5 andre steder, &hellip; L\u00e6s videre \"Triatlon, duatlon &#038; aquatlon\"","og_url":"https:\/\/www.related.dk\/active-tenerife-tradekit\/aktive-oplevelser\/triatlon-duatlon-aquatlon\/","og_site_name":"Active Tenerife - Tradekit","article_modified_time":"2020-02-10T08:21:42+00:00","twitter_card":"summary_large_image","twitter_misc":{"Estimeret l\u00e6setid":"1 minut"},"schema":{"@context":"https:\/\/schema.org","@graph":[{"@type":"WebPage","@id":"https:\/\/www.related.dk\/active-tenerife-tradekit\/aktive-oplevelser\/triatlon-duatlon-aquatlon\/","url":"https:\/\/www.related.dk\/active-tenerife-tradekit\/aktive-oplevelser\/triatlon-duatlon-aquatlon\/","name":"Triatlon, duatlon & aquatlon - Active Tenerife - Tradekit","isPartOf":{"@id":"https:\/\/www.related.dk\/active-tenerife-tradekit\/#website"},"datePublished":"2020-02-10T08:21:30+00:00","dateModified":"2020-02-10T08:21:42+00:00","breadcrumb":{"@id":"https:\/\/www.related.dk\/active-tenerife-tradekit\/aktive-oplevelser\/triatlon-duatlon-aquatlon\/#breadcrumb"},"inLanguage":"da-DK","potentialAction":[{"@type":"ReadAction","target":["https:\/\/www.related.dk\/active-tenerife-tradekit\/aktive-oplevelser\/triatlon-duatlon-aquatlon\/"]}]},{"@type":"BreadcrumbList","@id":"https:\/\/www.related.dk\/active-tenerife-tradekit\/aktive-oplevelser\/triatlon-duatlon-aquatlon\/#breadcrumb","itemListElement":[{"@type":"ListItem","position":1,"name":"Home","item":"https:\/\/www.related.dk\/active-tenerife-tradekit\/"},{"@type":"ListItem","position":2,"name":"Aktive oplevelser","item":"https:\/\/www.related.dk\/active-tenerife-tradekit\/aktive-oplevelser\/"},{"@type":"ListItem","position":3,"name":"Triatlon, duatlon &#038; aquatlon"}]},{"@type":"WebSite","@id":"https:\/\/www.related.dk\/active-tenerife-tradekit\/#website","url":"https:\/\/www.related.dk\/active-tenerife-tradekit\/","name":"Active Tenerife - Tradekit","description":"","potentialAction":[{"@type":"SearchAction","target":{"@type":"EntryPoint","urlTemplate":"https:\/\/www.related.dk\/active-tenerife-tradekit\/?s={search_term_string}"},"query-input":"required name=search_term_string"}],"inLanguage":"da-DK"}]}},"_links":{"self":[{"href":"https:\/\/www.related.dk\/active-tenerife-tradekit\/wp-json\/wp\/v2\/pages\/414"}],"collection":[{"href":"https:\/\/www.related.dk\/active-tenerife-tradekit\/wp-json\/wp\/v2\/pages"}],"about":[{"href":"https:\/\/www.related.dk\/active-tenerife-tradekit\/wp-json\/wp\/v2\/types\/page"}],"author":[{"embeddable":true,"href":"https:\/\/www.related.dk\/active-tenerife-tradekit\/wp-json\/wp\/v2\/users\/2"}],"replies":[{"embeddable":true,"href":"https:\/\/www.related.dk\/active-tenerife-tradekit\/wp-json\/wp\/v2\/comments?post=414"}],"version-history":[{"count":2,"href":"https:\/\/www.related.dk\/active-tenerife-tradekit\/wp-json\/wp\/v2\/pages\/414\/revisions"}],"predecessor-version":[{"id":428,"href":"https:\/\/www.related.dk\/active-tenerife-tradekit\/wp-json\/wp\/v2\/pages\/414\/revisions\/428"}],"up":[{"embeddable":true,"href":"https:\/\/www.related.dk\/active-tenerife-tradekit\/wp-json\/wp\/v2\/pages\/224"}],"wp:attachment":[{"href":"https:\/\/www.related.dk\/active-tenerife-tradekit\/wp-json\/wp\/v2\/media?parent=414"}],"curies":[{"name":"wp","href":"https:\/\/api.w.org\/{rel}","templated":true}]}}