{"id":381,"date":"2020-02-10T07:52:12","date_gmt":"2020-02-10T07:52:12","guid":{"rendered":"http:\/\/www.related.dk\/active-tenerife-tradekit\/?page_id=381"},"modified":"2020-02-10T10:40:09","modified_gmt":"2020-02-10T10:40:09","slug":"sejlads-og-stand-up-paddle","status":"publish","type":"page","link":"https:\/\/www.related.dk\/active-tenerife-tradekit\/aktive-oplevelser\/sejlads-og-stand-up-paddle\/","title":{"rendered":"Sejlads &#038; stand-up paddle"},"content":{"rendered":"<div class=\"vce-row-container\"><div class=\"vce-row vce-row--col-gap-30 vce-row-columns--top vce-row-content--top\" id=\"el-bd5e3729\" data-vce-do-apply=\"all el-bd5e3729\"><div class=\"vce-row-content\" data-vce-element-content=\"true\"><div class=\"vce-col\" id=\"el-b04dde8b\"><div class=\"vce-col-inner\" data-vce-do-apply=\"border margin background  el-b04dde8b\"><div class=\"vce-col-content\" data-vce-element-content=\"true\" data-vce-do-apply=\"padding el-b04dde8b\"><section class=\"vce-hero-section-container vce-hero-section-media--xs vce-hero-section-media--sm vce-hero-section-media--md vce-hero-section-media--lg\"><div class=\"vce vce-hero-section vce-hero-section--alignment-start\" id=\"el-60df20d5\" data-vce-do-apply=\"margin background border  el-60df20d5\"><div class=\"vce-hero-section--wrap-row vce-hero-section--background-position-center-center\" style=\"background-image: url('https:\/\/www.related.dk\/active-tenerife-tradekit\/wp-content\/uploads\/2020\/02\/Active-experiences-sailing-vs3.jpg');\"><div class=\"vce-hero-section--wrap\"><div class=\"vce-hero-section--content\" data-vce-do-apply=\"padding el-60df20d5\"><div class=\"vce-hero-section--content-container\"><h1><strong>SEJLADS &amp; <br>STAND-UP PADDLE<\/strong><\/h1><\/div><\/div><\/div><\/div><\/div><\/section><\/div><\/div><\/div><\/div><\/div><\/div><div class=\"vce-row-container\"><div class=\"vce-row vce-row--col-gap-30 vce-row-columns--top vce-row-content--top\" id=\"el-6407fd90\" data-vce-do-apply=\"all el-6407fd90\"><div class=\"vce-row-content\" data-vce-element-content=\"true\"><div class=\"vce-col\" id=\"el-585732d2\"><div class=\"vce-col-inner\" data-vce-do-apply=\"border margin background  el-585732d2\"><div class=\"vce-col-content\" data-vce-element-content=\"true\" data-vce-do-apply=\"padding el-585732d2\"><div class=\"vce-text-block\"><div class=\"vce-text-block-wrapper vce\" id=\"el-34623cd6\" data-vce-do-apply=\"all el-34623cd6\"><h2>Sejlads<\/h2><p>Tenerifes lune vand og behagelige klima g\u00f8r ogs\u00e5 \u00f8en popul\u00e6r til sejlads. Der er i alt ni forskellige havne, hvor man kan l\u00e6gge til \u2013 s\u00e6rligt p\u00e5 den sydlige del af \u00f8en.<\/p><p><strong>Hvor?<\/strong><br>Man kan i princippet sejle hele \u00f8en rundt, men der er en del vind p\u00e5 den \u00f8stlige og syd\u00f8stlige del. Blandt de mest popul\u00e6re havne er Marina de San Miguel, der har 350 b\u00e5dpladser og en lang r\u00e6kke faciliteter. Marina del Sur Tenerife ligger i det charmerende havnemilj\u00f8 i Las Galletas, der er en by med en lang fisketradition \u2013 og hvor der derfor er en blanding af turister og lokale.<\/p><p><a href=\"https:\/\/www.webtenerife.co.uk\/what-to-do\/sports\/water\/sailing\/?tab=1\" target=\"_blank\" rel=\"noopener noreferrer\">L\u00e6s mere om stederne og mulighederne<\/a><\/p><p><strong>Hvorn\u00e5r?<\/strong><br>Sejlads er muligt p\u00e5 Tenerife hele \u00e5ret, men de fleste europ\u00e6ere kommer hertil i vinterhalv\u00e5ret. S\u00e6rligt september er popul\u00e6r, fordi vindene er meget milde.<\/p><h2>Stand-up paddle<\/h2><p>At st\u00e5 p\u00e5 paddleboard er for alle \u2013 og man kan pr\u00f8ve det mange forskellige steder p\u00e5 Tenerife. S\u00e6rligt i den \u00f8stlige og syd\u00f8stlige del er vandet roligt, og man kan nyde landskabet med klipper, grotter og bugter fra vandsiden undervejs.<\/p><p><strong>Hvor?<\/strong><br>Playa de las Teresitas - S\/C de Tenerife <br>Radazul - El Rosario <br>Las Galletas - Arona <br>El Palm-Mar - Arona <br>Los Cristianos - Arona <br>Caleta de Adeje \u2013 Adeje<br>Los Gigantes - Santiago del Teide<\/p><p><a href=\"https:\/\/www.webtenerife.co.uk\/what-to-do\/sports\/water\/stand-up-paddle\/?tab=1\" target=\"_blank\" rel=\"noopener noreferrer\">L\u00e6s mere om stederne og mulighederne<\/a><\/p><p><strong>Hvorn\u00e5r?<\/strong><br>\u00c5ret rundt.<\/p><\/div><\/div><\/div><\/div><\/div><\/div><\/div><\/div><div class=\"vce-row-container\"><div class=\"vce-row vce-row--col-gap-30 vce-row-columns--top vce-row-content--top\" id=\"el-7e043ce9\" data-vce-do-apply=\"all el-7e043ce9\"><div class=\"vce-row-content\" data-vce-element-content=\"true\"><div class=\"vce-col vce-col--md-auto vce-col--xs-1 vce-col--xs-last vce-col--xs-first vce-col--sm-last vce-col--sm-first vce-col--md-first vce-col--lg-first vce-col--xl-first\" id=\"el-3a07baac\"><div class=\"vce-col-inner\" data-vce-do-apply=\"border margin background  el-3a07baac\"><div class=\"vce-col-content\" data-vce-element-content=\"true\" data-vce-do-apply=\"padding el-3a07baac\"><div class=\"vce-single-image-container vce-single-image--align-left\"><div class=\"vce vce-single-image-wrapper\" id=\"el-e580088a\" data-vce-do-apply=\"all el-e580088a\"><figure><div class=\"vce-single-image-inner vce-single-image--absolute\" style=\"padding-bottom: 58.3333%; width: 600px;\"><img class=\"vce-single-image\" width=\"600\" height=\"350\"src=\"https:\/\/www.related.dk\/active-tenerife-tradekit\/wp-content\/uploads\/2020\/02\/Active-experiences-Sailing-9-600x350.jpg\" srcset=\"https:\/\/www.related.dk\/active-tenerife-tradekit\/wp-content\/uploads\/2020\/02\/Active-experiences-Sailing-9-320x187.jpg 320w,https:\/\/www.related.dk\/active-tenerife-tradekit\/wp-content\/uploads\/2020\/02\/Active-experiences-Sailing-9-480x280.jpg 480w,https:\/\/www.related.dk\/active-tenerife-tradekit\/wp-content\/uploads\/2020\/02\/Active-experiences-Sailing-9-600x350.jpg 600w\" data-img-src=\"https:\/\/www.related.dk\/active-tenerife-tradekit\/wp-content\/uploads\/2020\/02\/Active-experiences-Sailing-9.jpg\" alt=\"\" title=\"Active experiences - Sailing - 9\"\/><\/div><\/figure><\/div><\/div><\/div><\/div><\/div><div class=\"vce-col vce-col--md-auto vce-col--xs-1 vce-col--xs-last vce-col--xs-first vce-col--sm-last vce-col--sm-first vce-col--md-last vce-col--lg-last vce-col--xl-last\" id=\"el-a70c9220\"><div class=\"vce-col-inner\" data-vce-do-apply=\"border margin background  el-a70c9220\"><div class=\"vce-col-content\" data-vce-element-content=\"true\" data-vce-do-apply=\"padding el-a70c9220\"><div class=\"vce-single-image-container vce-single-image--align-left\"><div class=\"vce vce-single-image-wrapper\" id=\"el-99726128\" data-vce-do-apply=\"all el-99726128\"><figure><div class=\"vce-single-image-inner vce-single-image--absolute\" style=\"padding-bottom: 58.3333%; width: 600px;\"><img class=\"vce-single-image\" width=\"600\" height=\"350\"src=\"https:\/\/www.related.dk\/active-tenerife-tradekit\/wp-content\/uploads\/2020\/02\/Active-experiences-stand-up-paddle-9-vs2-600x350.jpg\" srcset=\"https:\/\/www.related.dk\/active-tenerife-tradekit\/wp-content\/uploads\/2020\/02\/Active-experiences-stand-up-paddle-9-vs2-320x187.jpg 320w,https:\/\/www.related.dk\/active-tenerife-tradekit\/wp-content\/uploads\/2020\/02\/Active-experiences-stand-up-paddle-9-vs2-480x280.jpg 480w,https:\/\/www.related.dk\/active-tenerife-tradekit\/wp-content\/uploads\/2020\/02\/Active-experiences-stand-up-paddle-9-vs2-600x350.jpg 600w\" data-img-src=\"https:\/\/www.related.dk\/active-tenerife-tradekit\/wp-content\/uploads\/2020\/02\/Active-experiences-stand-up-paddle-9-vs2.jpg\" alt=\"\" title=\"Active experiences - stand up paddle - 9 - vs2\"\/><\/div><\/figure><\/div><\/div><\/div><\/div><\/div><\/div><\/div><\/div>\n","protected":false},"excerpt":{"rendered":"<p>SEJLADS &amp; STAND-UP PADDLESejladsTenerifes lune vand og behagelige klima g\u00f8r ogs\u00e5 \u00f8en popul\u00e6r til sejlads. Der er i alt ni forskellige havne, hvor man kan l\u00e6gge til \u2013 s\u00e6rligt p\u00e5 den sydlige del af \u00f8en.Hvor?Man kan i princippet sejle hele \u00f8en rundt, men der er en del vind p\u00e5 den \u00f8stlige og syd\u00f8stlige del. Blandt &hellip; <\/p>\n<p class=\"link-more\"><a href=\"https:\/\/www.related.dk\/active-tenerife-tradekit\/aktive-oplevelser\/sejlads-og-stand-up-paddle\/\" class=\"more-link\">L\u00e6s videre<span class=\"screen-reader-text\"> &#8220;Sejlads &#038; stand-up paddle&#8221;<\/span><\/a><\/p>\n","protected":false},"author":2,"featured_media":0,"parent":224,"menu_order":0,"comment_status":"closed","ping_status":"closed","template":"","meta":[],"yoast_head":"<!-- This site is optimized with the Yoast SEO plugin v20.7 - https:\/\/yoast.com\/wordpress\/plugins\/seo\/ -->\n<title>Sejlads &amp; stand-up paddle - Active Tenerife - Tradekit<\/title>\n<meta name=\"robots\" content=\"index, follow, max-snippet:-1, max-image-preview:large, max-video-preview:-1\" \/>\n<link rel=\"canonical\" href=\"https:\/\/www.related.dk\/active-tenerife-tradekit\/aktive-oplevelser\/sejlads-og-stand-up-paddle\/\" \/>\n<meta property=\"og:locale\" content=\"da_DK\" \/>\n<meta property=\"og:type\" content=\"article\" \/>\n<meta property=\"og:title\" content=\"Sejlads &amp; stand-up paddle - Active Tenerife - Tradekit\" \/>\n<meta property=\"og:description\" content=\"SEJLADS &amp; STAND-UP PADDLESejladsTenerifes lune vand og behagelige klima g\u00f8r ogs\u00e5 \u00f8en popul\u00e6r til sejlads. Der er i alt ni forskellige havne, hvor man kan l\u00e6gge til \u2013 s\u00e6rligt p\u00e5 den sydlige del af \u00f8en.Hvor?Man kan i princippet sejle hele \u00f8en rundt, men der er en del vind p\u00e5 den \u00f8stlige og syd\u00f8stlige del. Blandt &hellip; L\u00e6s videre &quot;Sejlads &#038; stand-up paddle&quot;\" \/>\n<meta property=\"og:url\" content=\"https:\/\/www.related.dk\/active-tenerife-tradekit\/aktive-oplevelser\/sejlads-og-stand-up-paddle\/\" \/>\n<meta property=\"og:site_name\" content=\"Active Tenerife - Tradekit\" \/>\n<meta property=\"article:modified_time\" content=\"2020-02-10T10:40:09+00:00\" \/>\n<meta name=\"twitter:card\" content=\"summary_large_image\" \/>\n<meta name=\"twitter:label1\" content=\"Estimeret l\u00e6setid\" \/>\n\t<meta name=\"twitter:data1\" content=\"1 minut\" \/>\n<script type=\"application\/ld+json\" class=\"yoast-schema-graph\">{\"@context\":\"https:\/\/schema.org\",\"@graph\":[{\"@type\":\"WebPage\",\"@id\":\"https:\/\/www.related.dk\/active-tenerife-tradekit\/aktive-oplevelser\/sejlads-og-stand-up-paddle\/\",\"url\":\"https:\/\/www.related.dk\/active-tenerife-tradekit\/aktive-oplevelser\/sejlads-og-stand-up-paddle\/\",\"name\":\"Sejlads & stand-up paddle - Active Tenerife - Tradekit\",\"isPartOf\":{\"@id\":\"https:\/\/www.related.dk\/active-tenerife-tradekit\/#website\"},\"datePublished\":\"2020-02-10T07:52:12+00:00\",\"dateModified\":\"2020-02-10T10:40:09+00:00\",\"breadcrumb\":{\"@id\":\"https:\/\/www.related.dk\/active-tenerife-tradekit\/aktive-oplevelser\/sejlads-og-stand-up-paddle\/#breadcrumb\"},\"inLanguage\":\"da-DK\",\"potentialAction\":[{\"@type\":\"ReadAction\",\"target\":[\"https:\/\/www.related.dk\/active-tenerife-tradekit\/aktive-oplevelser\/sejlads-og-stand-up-paddle\/\"]}]},{\"@type\":\"BreadcrumbList\",\"@id\":\"https:\/\/www.related.dk\/active-tenerife-tradekit\/aktive-oplevelser\/sejlads-og-stand-up-paddle\/#breadcrumb\",\"itemListElement\":[{\"@type\":\"ListItem\",\"position\":1,\"name\":\"Home\",\"item\":\"https:\/\/www.related.dk\/active-tenerife-tradekit\/\"},{\"@type\":\"ListItem\",\"position\":2,\"name\":\"Aktive oplevelser\",\"item\":\"https:\/\/www.related.dk\/active-tenerife-tradekit\/aktive-oplevelser\/\"},{\"@type\":\"ListItem\",\"position\":3,\"name\":\"Sejlads &#038; stand-up paddle\"}]},{\"@type\":\"WebSite\",\"@id\":\"https:\/\/www.related.dk\/active-tenerife-tradekit\/#website\",\"url\":\"https:\/\/www.related.dk\/active-tenerife-tradekit\/\",\"name\":\"Active Tenerife - Tradekit\",\"description\":\"\",\"potentialAction\":[{\"@type\":\"SearchAction\",\"target\":{\"@type\":\"EntryPoint\",\"urlTemplate\":\"https:\/\/www.related.dk\/active-tenerife-tradekit\/?s={search_term_string}\"},\"query-input\":\"required name=search_term_string\"}],\"inLanguage\":\"da-DK\"}]}<\/script>\n<!-- \/ Yoast SEO plugin. -->","yoast_head_json":{"title":"Sejlads & stand-up paddle - Active Tenerife - Tradekit","robots":{"index":"index","follow":"follow","max-snippet":"max-snippet:-1","max-image-preview":"max-image-preview:large","max-video-preview":"max-video-preview:-1"},"canonical":"https:\/\/www.related.dk\/active-tenerife-tradekit\/aktive-oplevelser\/sejlads-og-stand-up-paddle\/","og_locale":"da_DK","og_type":"article","og_title":"Sejlads & stand-up paddle - Active Tenerife - Tradekit","og_description":"SEJLADS &amp; STAND-UP PADDLESejladsTenerifes lune vand og behagelige klima g\u00f8r ogs\u00e5 \u00f8en popul\u00e6r til sejlads. Der er i alt ni forskellige havne, hvor man kan l\u00e6gge til \u2013 s\u00e6rligt p\u00e5 den sydlige del af \u00f8en.Hvor?Man kan i princippet sejle hele \u00f8en rundt, men der er en del vind p\u00e5 den \u00f8stlige og syd\u00f8stlige del. Blandt &hellip; L\u00e6s videre \"Sejlads &#038; stand-up paddle\"","og_url":"https:\/\/www.related.dk\/active-tenerife-tradekit\/aktive-oplevelser\/sejlads-og-stand-up-paddle\/","og_site_name":"Active Tenerife - Tradekit","article_modified_time":"2020-02-10T10:40:09+00:00","twitter_card":"summary_large_image","twitter_misc":{"Estimeret l\u00e6setid":"1 minut"},"schema":{"@context":"https:\/\/schema.org","@graph":[{"@type":"WebPage","@id":"https:\/\/www.related.dk\/active-tenerife-tradekit\/aktive-oplevelser\/sejlads-og-stand-up-paddle\/","url":"https:\/\/www.related.dk\/active-tenerife-tradekit\/aktive-oplevelser\/sejlads-og-stand-up-paddle\/","name":"Sejlads & stand-up paddle - Active Tenerife - Tradekit","isPartOf":{"@id":"https:\/\/www.related.dk\/active-tenerife-tradekit\/#website"},"datePublished":"2020-02-10T07:52:12+00:00","dateModified":"2020-02-10T10:40:09+00:00","breadcrumb":{"@id":"https:\/\/www.related.dk\/active-tenerife-tradekit\/aktive-oplevelser\/sejlads-og-stand-up-paddle\/#breadcrumb"},"inLanguage":"da-DK","potentialAction":[{"@type":"ReadAction","target":["https:\/\/www.related.dk\/active-tenerife-tradekit\/aktive-oplevelser\/sejlads-og-stand-up-paddle\/"]}]},{"@type":"BreadcrumbList","@id":"https:\/\/www.related.dk\/active-tenerife-tradekit\/aktive-oplevelser\/sejlads-og-stand-up-paddle\/#breadcrumb","itemListElement":[{"@type":"ListItem","position":1,"name":"Home","item":"https:\/\/www.related.dk\/active-tenerife-tradekit\/"},{"@type":"ListItem","position":2,"name":"Aktive oplevelser","item":"https:\/\/www.related.dk\/active-tenerife-tradekit\/aktive-oplevelser\/"},{"@type":"ListItem","position":3,"name":"Sejlads &#038; stand-up paddle"}]},{"@type":"WebSite","@id":"https:\/\/www.related.dk\/active-tenerife-tradekit\/#website","url":"https:\/\/www.related.dk\/active-tenerife-tradekit\/","name":"Active Tenerife - Tradekit","description":"","potentialAction":[{"@type":"SearchAction","target":{"@type":"EntryPoint","urlTemplate":"https:\/\/www.related.dk\/active-tenerife-tradekit\/?s={search_term_string}"},"query-input":"required name=search_term_string"}],"inLanguage":"da-DK"}]}},"_links":{"self":[{"href":"https:\/\/www.related.dk\/active-tenerife-tradekit\/wp-json\/wp\/v2\/pages\/381"}],"collection":[{"href":"https:\/\/www.related.dk\/active-tenerife-tradekit\/wp-json\/wp\/v2\/pages"}],"about":[{"href":"https:\/\/www.related.dk\/active-tenerife-tradekit\/wp-json\/wp\/v2\/types\/page"}],"author":[{"embeddable":true,"href":"https:\/\/www.related.dk\/active-tenerife-tradekit\/wp-json\/wp\/v2\/users\/2"}],"replies":[{"embeddable":true,"href":"https:\/\/www.related.dk\/active-tenerife-tradekit\/wp-json\/wp\/v2\/comments?post=381"}],"version-history":[{"count":4,"href":"https:\/\/www.related.dk\/active-tenerife-tradekit\/wp-json\/wp\/v2\/pages\/381\/revisions"}],"predecessor-version":[{"id":578,"href":"https:\/\/www.related.dk\/active-tenerife-tradekit\/wp-json\/wp\/v2\/pages\/381\/revisions\/578"}],"up":[{"embeddable":true,"href":"https:\/\/www.related.dk\/active-tenerife-tradekit\/wp-json\/wp\/v2\/pages\/224"}],"wp:attachment":[{"href":"https:\/\/www.related.dk\/active-tenerife-tradekit\/wp-json\/wp\/v2\/media?parent=381"}],"curies":[{"name":"wp","href":"https:\/\/api.w.org\/{rel}","templated":true}]}}