{"id":360,"date":"2020-02-10T07:45:06","date_gmt":"2020-02-10T07:45:06","guid":{"rendered":"http:\/\/www.related.dk\/active-tenerife-tradekit\/?page_id=360"},"modified":"2020-02-10T07:46:22","modified_gmt":"2020-02-10T07:46:22","slug":"dykning_og_fridykning","status":"publish","type":"page","link":"https:\/\/www.related.dk\/active-tenerife-tradekit\/aktive-oplevelser\/dykning_og_fridykning\/","title":{"rendered":"Dykning og fridykning"},"content":{"rendered":"<div class=\"vce-row-container\"><div class=\"vce-row vce-row--col-gap-30 vce-row-columns--top vce-row-content--top\" id=\"el-f954c331\" data-vce-do-apply=\"all el-f954c331\"><div class=\"vce-row-content\" data-vce-element-content=\"true\"><div class=\"vce-col\" id=\"el-dad18e03\"><div class=\"vce-col-inner\" data-vce-do-apply=\"border margin background  el-dad18e03\"><div class=\"vce-col-content\" data-vce-element-content=\"true\" data-vce-do-apply=\"padding el-dad18e03\"><section class=\"vce-hero-section-container vce-hero-section-media--xs vce-hero-section-media--sm vce-hero-section-media--md vce-hero-section-media--lg\"><div class=\"vce vce-hero-section vce-hero-section--alignment-start\" id=\"el-04dbee95\" data-vce-do-apply=\"margin background border  el-04dbee95\"><div class=\"vce-hero-section--wrap-row vce-hero-section--background-position-center-center\" style=\"background-image: url('https:\/\/www.related.dk\/active-tenerife-tradekit\/wp-content\/uploads\/2020\/02\/Active-experiences-diving-8-vs2.jpg');\"><div class=\"vce-hero-section--wrap\"><div class=\"vce-hero-section--content\" data-vce-do-apply=\"padding el-04dbee95\"><div class=\"vce-hero-section--content-container\"><h1><strong>DYKNING &amp; FRIDYKNING<\/strong><\/h1><\/div><\/div><\/div><\/div><\/div><\/section><\/div><\/div><\/div><\/div><\/div><\/div><div class=\"vce-row-container\"><div class=\"vce-row vce-row--col-gap-30 vce-row-columns--top vce-row-content--top\" id=\"el-8e14ce5e\" data-vce-do-apply=\"all el-8e14ce5e\"><div class=\"vce-row-content\" data-vce-element-content=\"true\"><div class=\"vce-col\" id=\"el-f0454f6a\"><div class=\"vce-col-inner\" data-vce-do-apply=\"border margin background  el-f0454f6a\"><div class=\"vce-col-content\" data-vce-element-content=\"true\" data-vce-do-apply=\"padding el-f0454f6a\"><div class=\"vce-text-block\"><div class=\"vce-text-block-wrapper vce\" id=\"el-d2b8bcdc\" data-vce-do-apply=\"all el-d2b8bcdc\"><h2>Dykning<\/h2><p>Tenerife har 60 steder langs kysten, hvor man kan udforske livet under havoverfladen. Havbunden best\u00e5r af en blanding af sand, sten og vulkansk rev, og det krystalklare vand g\u00f8r, at solens str\u00e5ler kan n\u00e5 helt ned til 40 meters dybde.<\/p><p><strong>Hvor?<\/strong><br>Blandt de bedste dykker-steder er La Catedral i Puerto de la Cruz med en gennemsnitsdybde p\u00e5 35 meter. Sv\u00e6rhedsgraden er medium, og man kommer hertil med b\u00e5d. Her kan man se mange forskellige fisk \u2013 bl.a. papeg\u00f8jefisk. P\u00e5 havbunden er der desuden kolonier af r\u00f8de og gule s\u00f8tr\u00e6er. Nybegyndere kan bes\u00f8ge Barranco Seco i Los Gigantes, hvor gennemsnitsdybden er 20 meter. Her kan man bl.a. se dragehovedfisk, havkatte og trompetfisk. Et andet sted, der er v\u00e6rd at fremh\u00e6ve, er Radazul i La Cueva.<\/p><p><a href=\"https:\/\/www.webtenerife.co.uk\/what-to-do\/sports\/water\/diving\/?tab=1\" target=\"_blank\" rel=\"noopener noreferrer\">L\u00e6s mere om stederne og mulighederne<\/a><\/p><p><strong>Hvorn\u00e5r?<\/strong><br>Man kan dykke \u00e5ret rundt. Omst\u00e6ndighederne og sigtbarheden kan variere, men vandtemperaturen er konstant mellem 19 og 26 grader.<\/p><h2>Fridykning<\/h2><p>Man kan fridykke langs hele kysten, men s\u00e6rligt vestkysten er popul\u00e6r, da terr\u00e6net g\u00f8r temperaturen og str\u00f8mmene ideelle til fridykning. Der er kun sm\u00e5 variationer i havtemperaturen (\u00e9n grads forskel fra 0 til 50 meters dybde) og sigtbarhed p\u00e5 op til 20-25 meter.<\/p><p><strong>Hvor?<\/strong><br>Man kan selvf\u00f8lgelig altid hoppe i havet, men der er ogs\u00e5 mulighed for at f\u00e5 undervisning \u2013 uanset om man er komplet nybegynder eller man gerne vil forbedre sin teknik.<\/p><p><a href=\"https:\/\/www.webtenerife.co.uk\/what-to-do\/sports\/water\/apnea\/?tab=1\" target=\"_blank\" rel=\"noopener noreferrer\">L\u00e6s mere om stederne og mulighederne<\/a><\/p><p><strong>Hvorn\u00e5r?<\/strong><br>\u00c5ret rundt, men vinteren er den mest popul\u00e6re s\u00e6son for europ\u00e6iske dykkere, da temperaturen er stabil, og der ikke er noget springlag. <\/p><\/div><\/div><\/div><\/div><\/div><\/div><\/div><\/div><div class=\"vce-row-container\"><div class=\"vce-row vce-row--col-gap-30 vce-row-columns--top vce-row-content--top\" id=\"el-9621c408\" data-vce-do-apply=\"all el-9621c408\"><div class=\"vce-row-content\" data-vce-element-content=\"true\"><div class=\"vce-col vce-col--md-auto vce-col--xs-1 vce-col--xs-last vce-col--xs-first vce-col--sm-last vce-col--sm-first vce-col--md-first vce-col--lg-first vce-col--xl-first\" id=\"el-47b8344c\"><div class=\"vce-col-inner\" data-vce-do-apply=\"border margin background  el-47b8344c\"><div class=\"vce-col-content\" data-vce-element-content=\"true\" data-vce-do-apply=\"padding el-47b8344c\"><div class=\"vce-single-image-container vce-single-image--align-left\"><div class=\"vce vce-single-image-wrapper\" id=\"el-812f450c\" data-vce-do-apply=\"all el-812f450c\"><figure><div class=\"vce-single-image-inner vce-single-image--absolute\" style=\"padding-bottom: 58.3333%; width: 600px;\"><img class=\"vce-single-image\" width=\"600\" height=\"350\"src=\"https:\/\/www.related.dk\/active-tenerife-tradekit\/wp-content\/uploads\/2020\/02\/Active-experiences-diving-8-3-600x350.jpg\" srcset=\"https:\/\/www.related.dk\/active-tenerife-tradekit\/wp-content\/uploads\/2020\/02\/Active-experiences-diving-8-3-320x187.jpg 320w,https:\/\/www.related.dk\/active-tenerife-tradekit\/wp-content\/uploads\/2020\/02\/Active-experiences-diving-8-3-480x280.jpg 480w,https:\/\/www.related.dk\/active-tenerife-tradekit\/wp-content\/uploads\/2020\/02\/Active-experiences-diving-8-3-600x350.jpg 600w\" data-img-src=\"https:\/\/www.related.dk\/active-tenerife-tradekit\/wp-content\/uploads\/2020\/02\/Active-experiences-diving-8-3.jpg\" alt=\"\" title=\"Active experiences - diving - 8 (3)\"\/><\/div><\/figure><\/div><\/div><\/div><\/div><\/div><div class=\"vce-col vce-col--md-auto vce-col--xs-1 vce-col--xs-last vce-col--xs-first vce-col--sm-last vce-col--sm-first vce-col--md-last vce-col--lg-last vce-col--xl-last\" id=\"el-c980f63d\"><div class=\"vce-col-inner\" data-vce-do-apply=\"border margin background  el-c980f63d\"><div class=\"vce-col-content\" data-vce-element-content=\"true\" data-vce-do-apply=\"padding el-c980f63d\"><div class=\"vce-single-image-container vce-single-image--align-left\"><div class=\"vce vce-single-image-wrapper\" id=\"el-ec15476f\" data-vce-do-apply=\"all el-ec15476f\"><figure><div class=\"vce-single-image-inner vce-single-image--absolute\" style=\"padding-bottom: 58.3333%; width: 600px;\"><img class=\"vce-single-image\" width=\"600\" height=\"350\"src=\"https:\/\/www.related.dk\/active-tenerife-tradekit\/wp-content\/uploads\/2020\/02\/Active-experiences-diving-8-2-600x350.jpg\" srcset=\"https:\/\/www.related.dk\/active-tenerife-tradekit\/wp-content\/uploads\/2020\/02\/Active-experiences-diving-8-2-320x187.jpg 320w,https:\/\/www.related.dk\/active-tenerife-tradekit\/wp-content\/uploads\/2020\/02\/Active-experiences-diving-8-2-480x280.jpg 480w,https:\/\/www.related.dk\/active-tenerife-tradekit\/wp-content\/uploads\/2020\/02\/Active-experiences-diving-8-2-600x350.jpg 600w\" data-img-src=\"https:\/\/www.related.dk\/active-tenerife-tradekit\/wp-content\/uploads\/2020\/02\/Active-experiences-diving-8-2.jpg\" alt=\"\" title=\"Active experiences - diving - 8 (2)\"\/><\/div><\/figure><\/div><\/div><\/div><\/div><\/div><\/div><\/div><\/div>\n","protected":false},"excerpt":{"rendered":"<p>DYKNING &amp; FRIDYKNINGDykningTenerife har 60 steder langs kysten, hvor man kan udforske livet under havoverfladen. Havbunden best\u00e5r af en blanding af sand, sten og vulkansk rev, og det krystalklare vand g\u00f8r, at solens str\u00e5ler kan n\u00e5 helt ned til 40 meters dybde.Hvor?Blandt de bedste dykker-steder er La Catedral i Puerto de la Cruz med en &hellip; <\/p>\n<p class=\"link-more\"><a href=\"https:\/\/www.related.dk\/active-tenerife-tradekit\/aktive-oplevelser\/dykning_og_fridykning\/\" class=\"more-link\">L\u00e6s videre<span class=\"screen-reader-text\"> &#8220;Dykning og fridykning&#8221;<\/span><\/a><\/p>\n","protected":false},"author":2,"featured_media":0,"parent":224,"menu_order":0,"comment_status":"closed","ping_status":"closed","template":"","meta":[],"yoast_head":"<!-- This site is optimized with the Yoast SEO plugin v20.7 - https:\/\/yoast.com\/wordpress\/plugins\/seo\/ -->\n<title>Dykning og fridykning - Active Tenerife - Tradekit<\/title>\n<meta name=\"robots\" content=\"index, follow, max-snippet:-1, max-image-preview:large, max-video-preview:-1\" \/>\n<link rel=\"canonical\" href=\"https:\/\/www.related.dk\/active-tenerife-tradekit\/aktive-oplevelser\/dykning_og_fridykning\/\" \/>\n<meta property=\"og:locale\" content=\"da_DK\" \/>\n<meta property=\"og:type\" content=\"article\" \/>\n<meta property=\"og:title\" content=\"Dykning og fridykning - Active Tenerife - Tradekit\" \/>\n<meta property=\"og:description\" content=\"DYKNING &amp; FRIDYKNINGDykningTenerife har 60 steder langs kysten, hvor man kan udforske livet under havoverfladen. Havbunden best\u00e5r af en blanding af sand, sten og vulkansk rev, og det krystalklare vand g\u00f8r, at solens str\u00e5ler kan n\u00e5 helt ned til 40 meters dybde.Hvor?Blandt de bedste dykker-steder er La Catedral i Puerto de la Cruz med en &hellip; L\u00e6s videre &quot;Dykning og fridykning&quot;\" \/>\n<meta property=\"og:url\" content=\"https:\/\/www.related.dk\/active-tenerife-tradekit\/aktive-oplevelser\/dykning_og_fridykning\/\" \/>\n<meta property=\"og:site_name\" content=\"Active Tenerife - Tradekit\" \/>\n<meta property=\"article:modified_time\" content=\"2020-02-10T07:46:22+00:00\" \/>\n<meta name=\"twitter:card\" content=\"summary_large_image\" \/>\n<meta name=\"twitter:label1\" content=\"Estimeret l\u00e6setid\" \/>\n\t<meta name=\"twitter:data1\" content=\"1 minut\" \/>\n<script type=\"application\/ld+json\" class=\"yoast-schema-graph\">{\"@context\":\"https:\/\/schema.org\",\"@graph\":[{\"@type\":\"WebPage\",\"@id\":\"https:\/\/www.related.dk\/active-tenerife-tradekit\/aktive-oplevelser\/dykning_og_fridykning\/\",\"url\":\"https:\/\/www.related.dk\/active-tenerife-tradekit\/aktive-oplevelser\/dykning_og_fridykning\/\",\"name\":\"Dykning og fridykning - Active Tenerife - Tradekit\",\"isPartOf\":{\"@id\":\"https:\/\/www.related.dk\/active-tenerife-tradekit\/#website\"},\"datePublished\":\"2020-02-10T07:45:06+00:00\",\"dateModified\":\"2020-02-10T07:46:22+00:00\",\"breadcrumb\":{\"@id\":\"https:\/\/www.related.dk\/active-tenerife-tradekit\/aktive-oplevelser\/dykning_og_fridykning\/#breadcrumb\"},\"inLanguage\":\"da-DK\",\"potentialAction\":[{\"@type\":\"ReadAction\",\"target\":[\"https:\/\/www.related.dk\/active-tenerife-tradekit\/aktive-oplevelser\/dykning_og_fridykning\/\"]}]},{\"@type\":\"BreadcrumbList\",\"@id\":\"https:\/\/www.related.dk\/active-tenerife-tradekit\/aktive-oplevelser\/dykning_og_fridykning\/#breadcrumb\",\"itemListElement\":[{\"@type\":\"ListItem\",\"position\":1,\"name\":\"Home\",\"item\":\"https:\/\/www.related.dk\/active-tenerife-tradekit\/\"},{\"@type\":\"ListItem\",\"position\":2,\"name\":\"Aktive oplevelser\",\"item\":\"https:\/\/www.related.dk\/active-tenerife-tradekit\/aktive-oplevelser\/\"},{\"@type\":\"ListItem\",\"position\":3,\"name\":\"Dykning og fridykning\"}]},{\"@type\":\"WebSite\",\"@id\":\"https:\/\/www.related.dk\/active-tenerife-tradekit\/#website\",\"url\":\"https:\/\/www.related.dk\/active-tenerife-tradekit\/\",\"name\":\"Active Tenerife - Tradekit\",\"description\":\"\",\"potentialAction\":[{\"@type\":\"SearchAction\",\"target\":{\"@type\":\"EntryPoint\",\"urlTemplate\":\"https:\/\/www.related.dk\/active-tenerife-tradekit\/?s={search_term_string}\"},\"query-input\":\"required name=search_term_string\"}],\"inLanguage\":\"da-DK\"}]}<\/script>\n<!-- \/ Yoast SEO plugin. -->","yoast_head_json":{"title":"Dykning og fridykning - Active Tenerife - Tradekit","robots":{"index":"index","follow":"follow","max-snippet":"max-snippet:-1","max-image-preview":"max-image-preview:large","max-video-preview":"max-video-preview:-1"},"canonical":"https:\/\/www.related.dk\/active-tenerife-tradekit\/aktive-oplevelser\/dykning_og_fridykning\/","og_locale":"da_DK","og_type":"article","og_title":"Dykning og fridykning - Active Tenerife - Tradekit","og_description":"DYKNING &amp; FRIDYKNINGDykningTenerife har 60 steder langs kysten, hvor man kan udforske livet under havoverfladen. Havbunden best\u00e5r af en blanding af sand, sten og vulkansk rev, og det krystalklare vand g\u00f8r, at solens str\u00e5ler kan n\u00e5 helt ned til 40 meters dybde.Hvor?Blandt de bedste dykker-steder er La Catedral i Puerto de la Cruz med en &hellip; L\u00e6s videre \"Dykning og fridykning\"","og_url":"https:\/\/www.related.dk\/active-tenerife-tradekit\/aktive-oplevelser\/dykning_og_fridykning\/","og_site_name":"Active Tenerife - Tradekit","article_modified_time":"2020-02-10T07:46:22+00:00","twitter_card":"summary_large_image","twitter_misc":{"Estimeret l\u00e6setid":"1 minut"},"schema":{"@context":"https:\/\/schema.org","@graph":[{"@type":"WebPage","@id":"https:\/\/www.related.dk\/active-tenerife-tradekit\/aktive-oplevelser\/dykning_og_fridykning\/","url":"https:\/\/www.related.dk\/active-tenerife-tradekit\/aktive-oplevelser\/dykning_og_fridykning\/","name":"Dykning og fridykning - Active Tenerife - Tradekit","isPartOf":{"@id":"https:\/\/www.related.dk\/active-tenerife-tradekit\/#website"},"datePublished":"2020-02-10T07:45:06+00:00","dateModified":"2020-02-10T07:46:22+00:00","breadcrumb":{"@id":"https:\/\/www.related.dk\/active-tenerife-tradekit\/aktive-oplevelser\/dykning_og_fridykning\/#breadcrumb"},"inLanguage":"da-DK","potentialAction":[{"@type":"ReadAction","target":["https:\/\/www.related.dk\/active-tenerife-tradekit\/aktive-oplevelser\/dykning_og_fridykning\/"]}]},{"@type":"BreadcrumbList","@id":"https:\/\/www.related.dk\/active-tenerife-tradekit\/aktive-oplevelser\/dykning_og_fridykning\/#breadcrumb","itemListElement":[{"@type":"ListItem","position":1,"name":"Home","item":"https:\/\/www.related.dk\/active-tenerife-tradekit\/"},{"@type":"ListItem","position":2,"name":"Aktive oplevelser","item":"https:\/\/www.related.dk\/active-tenerife-tradekit\/aktive-oplevelser\/"},{"@type":"ListItem","position":3,"name":"Dykning og fridykning"}]},{"@type":"WebSite","@id":"https:\/\/www.related.dk\/active-tenerife-tradekit\/#website","url":"https:\/\/www.related.dk\/active-tenerife-tradekit\/","name":"Active Tenerife - Tradekit","description":"","potentialAction":[{"@type":"SearchAction","target":{"@type":"EntryPoint","urlTemplate":"https:\/\/www.related.dk\/active-tenerife-tradekit\/?s={search_term_string}"},"query-input":"required name=search_term_string"}],"inLanguage":"da-DK"}]}},"_links":{"self":[{"href":"https:\/\/www.related.dk\/active-tenerife-tradekit\/wp-json\/wp\/v2\/pages\/360"}],"collection":[{"href":"https:\/\/www.related.dk\/active-tenerife-tradekit\/wp-json\/wp\/v2\/pages"}],"about":[{"href":"https:\/\/www.related.dk\/active-tenerife-tradekit\/wp-json\/wp\/v2\/types\/page"}],"author":[{"embeddable":true,"href":"https:\/\/www.related.dk\/active-tenerife-tradekit\/wp-json\/wp\/v2\/users\/2"}],"replies":[{"embeddable":true,"href":"https:\/\/www.related.dk\/active-tenerife-tradekit\/wp-json\/wp\/v2\/comments?post=360"}],"version-history":[{"count":3,"href":"https:\/\/www.related.dk\/active-tenerife-tradekit\/wp-json\/wp\/v2\/pages\/360\/revisions"}],"predecessor-version":[{"id":375,"href":"https:\/\/www.related.dk\/active-tenerife-tradekit\/wp-json\/wp\/v2\/pages\/360\/revisions\/375"}],"up":[{"embeddable":true,"href":"https:\/\/www.related.dk\/active-tenerife-tradekit\/wp-json\/wp\/v2\/pages\/224"}],"wp:attachment":[{"href":"https:\/\/www.related.dk\/active-tenerife-tradekit\/wp-json\/wp\/v2\/media?parent=360"}],"curies":[{"name":"wp","href":"https:\/\/api.w.org\/{rel}","templated":true}]}}