{"id":345,"date":"2020-02-10T07:41:41","date_gmt":"2020-02-10T07:41:41","guid":{"rendered":"http:\/\/www.related.dk\/active-tenerife-tradekit\/?page_id=345"},"modified":"2020-02-14T07:49:41","modified_gmt":"2020-02-14T07:49:41","slug":"kajak","status":"publish","type":"page","link":"https:\/\/www.related.dk\/active-tenerife-tradekit\/aktive-oplevelser\/kajak\/","title":{"rendered":"Kajak"},"content":{"rendered":"<div class=\"vce-row-container\"><div class=\"vce-row vce-row--col-gap-30 vce-row-columns--top vce-row-content--top\" id=\"el-cf60012b\" data-vce-do-apply=\"all el-cf60012b\"><div class=\"vce-row-content\" data-vce-element-content=\"true\"><div class=\"vce-col\" id=\"el-64a8f1a9\"><div class=\"vce-col-inner\" data-vce-do-apply=\"border margin background  el-64a8f1a9\"><div class=\"vce-col-content\" data-vce-element-content=\"true\" data-vce-do-apply=\"padding el-64a8f1a9\"><section class=\"vce-hero-section-container vce-hero-section-media--xs vce-hero-section-media--sm vce-hero-section-media--md vce-hero-section-media--lg\"><div class=\"vce vce-hero-section vce-hero-section--alignment-start\" id=\"el-44d3dd08\" data-vce-do-apply=\"margin background border  el-44d3dd08\"><div class=\"vce-hero-section--wrap-row vce-hero-section--background-position-center-center\" style=\"background-image: url('https:\/\/www.related.dk\/active-tenerife-tradekit\/wp-content\/uploads\/2020\/02\/Active-experiences-kayaking-6-VS2.jpg');\"><div class=\"vce-hero-section--wrap\"><div class=\"vce-hero-section--content\" data-vce-do-apply=\"padding el-44d3dd08\"><div class=\"vce-hero-section--content-container\"><h1><strong>KAJAK<\/strong><\/h1><\/div><\/div><\/div><\/div><\/div><\/section><\/div><\/div><\/div><\/div><\/div><\/div><div class=\"vce-row-container\"><div class=\"vce-row vce-row--col-gap-30 vce-row-columns--top vce-row-content--top\" id=\"el-4ce822a1\" data-vce-do-apply=\"all el-4ce822a1\"><div class=\"vce-row-content\" data-vce-element-content=\"true\"><div class=\"vce-col\" id=\"el-7b1d317c\"><div class=\"vce-col-inner\" data-vce-do-apply=\"border margin background  el-7b1d317c\"><div class=\"vce-col-content\" data-vce-element-content=\"true\" data-vce-do-apply=\"padding el-7b1d317c\"><div class=\"vce-text-block\"><div class=\"vce-text-block-wrapper vce\" id=\"el-f031a610\" data-vce-do-apply=\"all el-f031a610\"><p>At sejle i kajak er den perfekte m\u00e5de at opleve nogle af kystens hemmelige perler, der kun kan n\u00e5s fra vandsiden. Aktiviteten er ideel b\u00e5de for individuelle og grupper, uanset erfaring \u2013 da det er nemt for nybegyndere at l\u00e6re. Efter flere \u00e5r med vulkanudbrud og p\u00e5virkning af vind og vejr, gemmer kysten p\u00e5 spektakul\u00e6re klipper, grotter og bugte. Man kan fx se de 600 meter h\u00f8je Los Gigantes-klipper. Her skal man huske sit kamera, da udsigten er helt fantastisk \u2013 og der er god mulighed for at f\u00e5 selskab af delfiner.<\/p><p><strong>Hvor?<\/strong><br>Der er flere forskellige steder p\u00e5 \u00f8en, der er egnede til at udforske i kajak. Nogle af dem er Playa de las Teresitas, Las Galletas, Los Cristianos, El Palm-Mar, Los Gigantes, Radazul og Caleta de Adeje.<\/p><p><a href=\"https:\/\/www.webtenerife.co.uk\/what-to-do\/sports\/water\/kayaking\/?tab=1\" target=\"_blank\" rel=\"noopener noreferrer\">L\u00e6s mere om stederne og mulighederne<\/a><\/p><p><strong>Hvorn\u00e5r?<\/strong><br>Man kan udforske kysten i kajak hele \u00e5ret rundt.<\/p><\/div><\/div><\/div><\/div><\/div><\/div><\/div><\/div><div class=\"vce-row-container\"><div class=\"vce-row vce-row--col-gap-30 vce-row-columns--top vce-row-content--top\" id=\"el-21765939\" data-vce-do-apply=\"all el-21765939\"><div class=\"vce-row-content\" data-vce-element-content=\"true\"><div class=\"vce-col vce-col--md-auto vce-col--xs-1 vce-col--xs-last vce-col--xs-first vce-col--sm-last vce-col--sm-first vce-col--md-first vce-col--lg-first vce-col--xl-first\" id=\"el-9a855f26\"><div class=\"vce-col-inner\" data-vce-do-apply=\"border margin background  el-9a855f26\"><div class=\"vce-col-content\" data-vce-element-content=\"true\" data-vce-do-apply=\"padding el-9a855f26\"><div class=\"vce-single-image-container vce-single-image--align-left\"><div class=\"vce vce-single-image-wrapper\" id=\"el-181cb3dc\" data-vce-do-apply=\"all el-181cb3dc\"><figure><div class=\"vce-single-image-inner vce-single-image--absolute\" style=\"padding-bottom: 66.6992%; width: 1024px;\"><img class=\"vce-single-image\" width=\"1024\" height=\"683\"src=\"https:\/\/www.related.dk\/active-tenerife-tradekit\/wp-content\/uploads\/2020\/02\/Active-experiences-kayaking-6-2-1024x683.jpg\" srcset=\"https:\/\/www.related.dk\/active-tenerife-tradekit\/wp-content\/uploads\/2020\/02\/Active-experiences-kayaking-6-2-320x213.jpg 320w,https:\/\/www.related.dk\/active-tenerife-tradekit\/wp-content\/uploads\/2020\/02\/Active-experiences-kayaking-6-2-480x320.jpg 480w,https:\/\/www.related.dk\/active-tenerife-tradekit\/wp-content\/uploads\/2020\/02\/Active-experiences-kayaking-6-2-800x534.jpg 800w,https:\/\/www.related.dk\/active-tenerife-tradekit\/wp-content\/uploads\/2020\/02\/Active-experiences-kayaking-6-2-1024x683.jpg 1024w\" data-img-src=\"https:\/\/www.related.dk\/active-tenerife-tradekit\/wp-content\/uploads\/2020\/02\/Active-experiences-kayaking-6-2.jpg\" alt=\"\" title=\"Active experiences - kayaking - 6 (2)\"\/><\/div><\/figure><\/div><\/div><\/div><\/div><\/div><div class=\"vce-col vce-col--md-auto vce-col--xs-1 vce-col--xs-last vce-col--xs-first vce-col--sm-last vce-col--sm-first vce-col--md-last vce-col--lg-last vce-col--xl-last\" id=\"el-5ce8c53f\"><div class=\"vce-col-inner\" data-vce-do-apply=\"border margin background  el-5ce8c53f\"><div class=\"vce-col-content\" data-vce-element-content=\"true\" data-vce-do-apply=\"padding el-5ce8c53f\"><div class=\"vce-single-image-container vce-single-image--align-left\"><div class=\"vce vce-single-image-wrapper\" id=\"el-5eb833b7\" data-vce-do-apply=\"all el-5eb833b7\"><figure><div class=\"vce-single-image-inner vce-single-image--absolute\" style=\"padding-bottom: 66.6992%; width: 1024px;\"><img class=\"vce-single-image\" width=\"1024\" height=\"683\"src=\"https:\/\/www.related.dk\/active-tenerife-tradekit\/wp-content\/uploads\/2020\/02\/Active-experiences-kayaking-6-1024x683.jpg\" srcset=\"https:\/\/www.related.dk\/active-tenerife-tradekit\/wp-content\/uploads\/2020\/02\/Active-experiences-kayaking-6-320x213.jpg 320w,https:\/\/www.related.dk\/active-tenerife-tradekit\/wp-content\/uploads\/2020\/02\/Active-experiences-kayaking-6-480x320.jpg 480w,https:\/\/www.related.dk\/active-tenerife-tradekit\/wp-content\/uploads\/2020\/02\/Active-experiences-kayaking-6-800x534.jpg 800w,https:\/\/www.related.dk\/active-tenerife-tradekit\/wp-content\/uploads\/2020\/02\/Active-experiences-kayaking-6-1024x683.jpg 1024w\" data-img-src=\"https:\/\/www.related.dk\/active-tenerife-tradekit\/wp-content\/uploads\/2020\/02\/Active-experiences-kayaking-6.jpg\" alt=\"\" title=\"Active experiences - kayaking - 6\"\/><\/div><\/figure><\/div><\/div><\/div><\/div><\/div><\/div><\/div><\/div>\n","protected":false},"excerpt":{"rendered":"<p>KAJAKAt sejle i kajak er den perfekte m\u00e5de at opleve nogle af kystens hemmelige perler, der kun kan n\u00e5s fra vandsiden. Aktiviteten er ideel b\u00e5de for individuelle og grupper, uanset erfaring \u2013 da det er nemt for nybegyndere at l\u00e6re. Efter flere \u00e5r med vulkanudbrud og p\u00e5virkning af vind og vejr, gemmer kysten p\u00e5 spektakul\u00e6re &hellip; <\/p>\n<p class=\"link-more\"><a href=\"https:\/\/www.related.dk\/active-tenerife-tradekit\/aktive-oplevelser\/kajak\/\" class=\"more-link\">L\u00e6s videre<span class=\"screen-reader-text\"> &#8220;Kajak&#8221;<\/span><\/a><\/p>\n","protected":false},"author":2,"featured_media":0,"parent":224,"menu_order":0,"comment_status":"closed","ping_status":"closed","template":"","meta":[],"yoast_head":"<!-- This site is optimized with the Yoast SEO plugin v20.7 - https:\/\/yoast.com\/wordpress\/plugins\/seo\/ -->\n<title>Kajak - Active Tenerife - Tradekit<\/title>\n<meta name=\"robots\" content=\"index, follow, max-snippet:-1, max-image-preview:large, max-video-preview:-1\" \/>\n<link rel=\"canonical\" href=\"https:\/\/www.related.dk\/active-tenerife-tradekit\/aktive-oplevelser\/kajak\/\" \/>\n<meta property=\"og:locale\" content=\"da_DK\" \/>\n<meta property=\"og:type\" content=\"article\" \/>\n<meta property=\"og:title\" content=\"Kajak - Active Tenerife - Tradekit\" \/>\n<meta property=\"og:description\" content=\"KAJAKAt sejle i kajak er den perfekte m\u00e5de at opleve nogle af kystens hemmelige perler, der kun kan n\u00e5s fra vandsiden. Aktiviteten er ideel b\u00e5de for individuelle og grupper, uanset erfaring \u2013 da det er nemt for nybegyndere at l\u00e6re. Efter flere \u00e5r med vulkanudbrud og p\u00e5virkning af vind og vejr, gemmer kysten p\u00e5 spektakul\u00e6re &hellip; L\u00e6s videre &quot;Kajak&quot;\" \/>\n<meta property=\"og:url\" content=\"https:\/\/www.related.dk\/active-tenerife-tradekit\/aktive-oplevelser\/kajak\/\" \/>\n<meta property=\"og:site_name\" content=\"Active Tenerife - Tradekit\" \/>\n<meta property=\"article:modified_time\" content=\"2020-02-14T07:49:41+00:00\" \/>\n<meta name=\"twitter:card\" content=\"summary_large_image\" \/>\n<meta name=\"twitter:label1\" content=\"Estimeret l\u00e6setid\" \/>\n\t<meta name=\"twitter:data1\" content=\"1 minut\" \/>\n<script type=\"application\/ld+json\" class=\"yoast-schema-graph\">{\"@context\":\"https:\/\/schema.org\",\"@graph\":[{\"@type\":\"WebPage\",\"@id\":\"https:\/\/www.related.dk\/active-tenerife-tradekit\/aktive-oplevelser\/kajak\/\",\"url\":\"https:\/\/www.related.dk\/active-tenerife-tradekit\/aktive-oplevelser\/kajak\/\",\"name\":\"Kajak - Active Tenerife - Tradekit\",\"isPartOf\":{\"@id\":\"https:\/\/www.related.dk\/active-tenerife-tradekit\/#website\"},\"datePublished\":\"2020-02-10T07:41:41+00:00\",\"dateModified\":\"2020-02-14T07:49:41+00:00\",\"breadcrumb\":{\"@id\":\"https:\/\/www.related.dk\/active-tenerife-tradekit\/aktive-oplevelser\/kajak\/#breadcrumb\"},\"inLanguage\":\"da-DK\",\"potentialAction\":[{\"@type\":\"ReadAction\",\"target\":[\"https:\/\/www.related.dk\/active-tenerife-tradekit\/aktive-oplevelser\/kajak\/\"]}]},{\"@type\":\"BreadcrumbList\",\"@id\":\"https:\/\/www.related.dk\/active-tenerife-tradekit\/aktive-oplevelser\/kajak\/#breadcrumb\",\"itemListElement\":[{\"@type\":\"ListItem\",\"position\":1,\"name\":\"Home\",\"item\":\"https:\/\/www.related.dk\/active-tenerife-tradekit\/\"},{\"@type\":\"ListItem\",\"position\":2,\"name\":\"Aktive oplevelser\",\"item\":\"https:\/\/www.related.dk\/active-tenerife-tradekit\/aktive-oplevelser\/\"},{\"@type\":\"ListItem\",\"position\":3,\"name\":\"Kajak\"}]},{\"@type\":\"WebSite\",\"@id\":\"https:\/\/www.related.dk\/active-tenerife-tradekit\/#website\",\"url\":\"https:\/\/www.related.dk\/active-tenerife-tradekit\/\",\"name\":\"Active Tenerife - Tradekit\",\"description\":\"\",\"potentialAction\":[{\"@type\":\"SearchAction\",\"target\":{\"@type\":\"EntryPoint\",\"urlTemplate\":\"https:\/\/www.related.dk\/active-tenerife-tradekit\/?s={search_term_string}\"},\"query-input\":\"required name=search_term_string\"}],\"inLanguage\":\"da-DK\"}]}<\/script>\n<!-- \/ Yoast SEO plugin. -->","yoast_head_json":{"title":"Kajak - Active Tenerife - Tradekit","robots":{"index":"index","follow":"follow","max-snippet":"max-snippet:-1","max-image-preview":"max-image-preview:large","max-video-preview":"max-video-preview:-1"},"canonical":"https:\/\/www.related.dk\/active-tenerife-tradekit\/aktive-oplevelser\/kajak\/","og_locale":"da_DK","og_type":"article","og_title":"Kajak - Active Tenerife - Tradekit","og_description":"KAJAKAt sejle i kajak er den perfekte m\u00e5de at opleve nogle af kystens hemmelige perler, der kun kan n\u00e5s fra vandsiden. Aktiviteten er ideel b\u00e5de for individuelle og grupper, uanset erfaring \u2013 da det er nemt for nybegyndere at l\u00e6re. Efter flere \u00e5r med vulkanudbrud og p\u00e5virkning af vind og vejr, gemmer kysten p\u00e5 spektakul\u00e6re &hellip; L\u00e6s videre \"Kajak\"","og_url":"https:\/\/www.related.dk\/active-tenerife-tradekit\/aktive-oplevelser\/kajak\/","og_site_name":"Active Tenerife - Tradekit","article_modified_time":"2020-02-14T07:49:41+00:00","twitter_card":"summary_large_image","twitter_misc":{"Estimeret l\u00e6setid":"1 minut"},"schema":{"@context":"https:\/\/schema.org","@graph":[{"@type":"WebPage","@id":"https:\/\/www.related.dk\/active-tenerife-tradekit\/aktive-oplevelser\/kajak\/","url":"https:\/\/www.related.dk\/active-tenerife-tradekit\/aktive-oplevelser\/kajak\/","name":"Kajak - Active Tenerife - Tradekit","isPartOf":{"@id":"https:\/\/www.related.dk\/active-tenerife-tradekit\/#website"},"datePublished":"2020-02-10T07:41:41+00:00","dateModified":"2020-02-14T07:49:41+00:00","breadcrumb":{"@id":"https:\/\/www.related.dk\/active-tenerife-tradekit\/aktive-oplevelser\/kajak\/#breadcrumb"},"inLanguage":"da-DK","potentialAction":[{"@type":"ReadAction","target":["https:\/\/www.related.dk\/active-tenerife-tradekit\/aktive-oplevelser\/kajak\/"]}]},{"@type":"BreadcrumbList","@id":"https:\/\/www.related.dk\/active-tenerife-tradekit\/aktive-oplevelser\/kajak\/#breadcrumb","itemListElement":[{"@type":"ListItem","position":1,"name":"Home","item":"https:\/\/www.related.dk\/active-tenerife-tradekit\/"},{"@type":"ListItem","position":2,"name":"Aktive oplevelser","item":"https:\/\/www.related.dk\/active-tenerife-tradekit\/aktive-oplevelser\/"},{"@type":"ListItem","position":3,"name":"Kajak"}]},{"@type":"WebSite","@id":"https:\/\/www.related.dk\/active-tenerife-tradekit\/#website","url":"https:\/\/www.related.dk\/active-tenerife-tradekit\/","name":"Active Tenerife - Tradekit","description":"","potentialAction":[{"@type":"SearchAction","target":{"@type":"EntryPoint","urlTemplate":"https:\/\/www.related.dk\/active-tenerife-tradekit\/?s={search_term_string}"},"query-input":"required name=search_term_string"}],"inLanguage":"da-DK"}]}},"_links":{"self":[{"href":"https:\/\/www.related.dk\/active-tenerife-tradekit\/wp-json\/wp\/v2\/pages\/345"}],"collection":[{"href":"https:\/\/www.related.dk\/active-tenerife-tradekit\/wp-json\/wp\/v2\/pages"}],"about":[{"href":"https:\/\/www.related.dk\/active-tenerife-tradekit\/wp-json\/wp\/v2\/types\/page"}],"author":[{"embeddable":true,"href":"https:\/\/www.related.dk\/active-tenerife-tradekit\/wp-json\/wp\/v2\/users\/2"}],"replies":[{"embeddable":true,"href":"https:\/\/www.related.dk\/active-tenerife-tradekit\/wp-json\/wp\/v2\/comments?post=345"}],"version-history":[{"count":6,"href":"https:\/\/www.related.dk\/active-tenerife-tradekit\/wp-json\/wp\/v2\/pages\/345\/revisions"}],"predecessor-version":[{"id":1323,"href":"https:\/\/www.related.dk\/active-tenerife-tradekit\/wp-json\/wp\/v2\/pages\/345\/revisions\/1323"}],"up":[{"embeddable":true,"href":"https:\/\/www.related.dk\/active-tenerife-tradekit\/wp-json\/wp\/v2\/pages\/224"}],"wp:attachment":[{"href":"https:\/\/www.related.dk\/active-tenerife-tradekit\/wp-json\/wp\/v2\/media?parent=345"}],"curies":[{"name":"wp","href":"https:\/\/api.w.org\/{rel}","templated":true}]}}