{"id":304,"date":"2020-02-10T07:24:44","date_gmt":"2020-02-10T07:24:44","guid":{"rendered":"http:\/\/www.related.dk\/active-tenerife-tradekit\/?page_id=304"},"modified":"2020-02-10T07:25:40","modified_gmt":"2020-02-10T07:25:40","slug":"paragliding","status":"publish","type":"page","link":"https:\/\/www.related.dk\/active-tenerife-tradekit\/aktive-oplevelser\/paragliding\/","title":{"rendered":"Paragliding"},"content":{"rendered":"<div class=\"vce-row-container\"><div class=\"vce-row vce-row--col-gap-30 vce-row-columns--top vce-row-content--top\" id=\"el-4269807c\" data-vce-do-apply=\"all el-4269807c\"><div class=\"vce-row-content\" data-vce-element-content=\"true\"><div class=\"vce-col\" id=\"el-9f2296d9\"><div class=\"vce-col-inner\" data-vce-do-apply=\"border margin background  el-9f2296d9\"><div class=\"vce-col-content\" data-vce-element-content=\"true\" data-vce-do-apply=\"padding el-9f2296d9\"><section class=\"vce-hero-section-container vce-hero-section-media--xs vce-hero-section-media--sm vce-hero-section-media--md vce-hero-section-media--lg\"><div class=\"vce vce-hero-section vce-hero-section--alignment-start\" id=\"el-78c986cd\" data-vce-do-apply=\"margin background border  el-78c986cd\"><div class=\"vce-hero-section--wrap-row vce-hero-section--background-position-center-center\" style=\"background-image: url('https:\/\/www.related.dk\/active-tenerife-tradekit\/wp-content\/uploads\/2020\/02\/Active-experiences-Paragliding-5-2-VS2.jpg');\"><div class=\"vce-hero-section--wrap\"><div class=\"vce-hero-section--content\" data-vce-do-apply=\"padding el-78c986cd\"><div class=\"vce-hero-section--content-container\"><h1><strong>PARAGLIDING<\/strong><\/h1><\/div><\/div><\/div><\/div><\/div><\/section><\/div><\/div><\/div><\/div><\/div><\/div><div class=\"vce-row-container\"><div class=\"vce-row vce-row--col-gap-30 vce-row-columns--top vce-row-content--top\" id=\"el-a1b54b00\" data-vce-do-apply=\"all el-a1b54b00\"><div class=\"vce-row-content\" data-vce-element-content=\"true\"><div class=\"vce-col\" id=\"el-4cdfab3e\"><div class=\"vce-col-inner\" data-vce-do-apply=\"border margin background  el-4cdfab3e\"><div class=\"vce-col-content\" data-vce-element-content=\"true\" data-vce-do-apply=\"padding el-4cdfab3e\"><div class=\"vce-text-block\"><div class=\"vce-text-block-wrapper vce\" id=\"el-92f85cde\" data-vce-do-apply=\"all el-92f85cde\"><p>Paragliding giver mulighed for at nyde Tenerifes landskab fra en ny vinkel. Fra luften kan man b\u00e5de se Mount Teide, pinjetr\u00e6er, dale med bananplantager og strande med sort sand. Der er i alt seks forskellige \u201dtake-off-steder\u201d og fem forskellige landingspladser p\u00e5 \u00f8en. Bl.a. er Anochez-banen ved G\u00fc\u00edmar for nylig renoveret og har nu polstring, non-slip-bel\u00e6gning og ramper med plads til sejlene. Startbanen er 420 kvadratmeter og har 170 meter ramper.<\/p><p><strong>Hvor?<\/strong><br>Syd\u00f8st, Taucho \u2013 fra september til maj<br>Nord, La Corona \u2013 efter\u00e5r, for\u00e5r og sommer<br>\u00d8st, Ladera de G\u00fc\u00edmar \u2013 fra efter\u00e5r til for\u00e5r og ofte ogs\u00e5 om sommeren<br>Cumbre de Iza\u00f1a \u2013 \u00e5ret rundt<\/p><p><a href=\"https:\/\/www.webtenerife.co.uk\/what-to-do\/sports\/air\/paragliding\/?tab=1\" target=\"_blank\" rel=\"noopener noreferrer\">L\u00e6s mere om stederne og mulighederne<\/a><\/p><p><strong>Hvorn\u00e5r?<\/strong><br>Paragliding er muligt hele \u00e5ret, om end det altid afh\u00e6nger af vejret p\u00e5 den givne dag i det givne omr\u00e5de. Generelt er oktober-maj popul\u00e6rt blandt de erfarne.<\/p><\/div><\/div><\/div><\/div><\/div><\/div><\/div><\/div><div class=\"vce-row-container\"><div class=\"vce-row vce-row--col-gap-30 vce-row-columns--top vce-row-content--top\" id=\"el-d375fe03\" data-vce-do-apply=\"all el-d375fe03\"><div class=\"vce-row-content\" data-vce-element-content=\"true\"><div class=\"vce-col vce-col--md-auto vce-col--xs-1 vce-col--xs-last vce-col--xs-first vce-col--sm-last vce-col--sm-first vce-col--md-first vce-col--lg-first vce-col--xl-first\" id=\"el-6a334eae\"><div class=\"vce-col-inner\" data-vce-do-apply=\"border margin background  el-6a334eae\"><div class=\"vce-col-content\" data-vce-element-content=\"true\" data-vce-do-apply=\"padding el-6a334eae\"><div class=\"vce-single-image-container vce-single-image--align-left\"><div class=\"vce vce-single-image-wrapper\" id=\"el-6e91fa5c\" data-vce-do-apply=\"all el-6e91fa5c\"><figure><div class=\"vce-single-image-inner vce-single-image--absolute\" style=\"padding-bottom: 58.3333%; width: 600px;\"><img class=\"vce-single-image\" width=\"600\" height=\"350\"src=\"https:\/\/www.related.dk\/active-tenerife-tradekit\/wp-content\/uploads\/2020\/02\/Active-Experiences-Paragliding-5-600x350.jpg\" srcset=\"https:\/\/www.related.dk\/active-tenerife-tradekit\/wp-content\/uploads\/2020\/02\/Active-Experiences-Paragliding-5-320x187.jpg 320w,https:\/\/www.related.dk\/active-tenerife-tradekit\/wp-content\/uploads\/2020\/02\/Active-Experiences-Paragliding-5-480x280.jpg 480w,https:\/\/www.related.dk\/active-tenerife-tradekit\/wp-content\/uploads\/2020\/02\/Active-Experiences-Paragliding-5-600x350.jpg 600w\" data-img-src=\"https:\/\/www.related.dk\/active-tenerife-tradekit\/wp-content\/uploads\/2020\/02\/Active-Experiences-Paragliding-5.jpg\" alt=\"\" title=\"Active Experiences - Paragliding - 5\"\/><\/div><\/figure><\/div><\/div><\/div><\/div><\/div><div class=\"vce-col vce-col--md-auto vce-col--xs-1 vce-col--xs-last vce-col--xs-first vce-col--sm-last vce-col--sm-first vce-col--md-last vce-col--lg-last vce-col--xl-last\" id=\"el-d7d2cb70\"><div class=\"vce-col-inner\" data-vce-do-apply=\"border margin background  el-d7d2cb70\"><div class=\"vce-col-content\" data-vce-element-content=\"true\" data-vce-do-apply=\"padding el-d7d2cb70\"><div class=\"vce-single-image-container vce-single-image--align-left\"><div class=\"vce vce-single-image-wrapper\" id=\"el-4af033aa\" data-vce-do-apply=\"all el-4af033aa\"><figure><div class=\"vce-single-image-inner vce-single-image--absolute\" style=\"padding-bottom: 58.3333%; width: 600px;\"><img class=\"vce-single-image\" width=\"600\" height=\"350\"src=\"https:\/\/www.related.dk\/active-tenerife-tradekit\/wp-content\/uploads\/2020\/02\/Active-experiences-Paragliding-5-VS2-600x350.jpg\" srcset=\"https:\/\/www.related.dk\/active-tenerife-tradekit\/wp-content\/uploads\/2020\/02\/Active-experiences-Paragliding-5-VS2-320x187.jpg 320w,https:\/\/www.related.dk\/active-tenerife-tradekit\/wp-content\/uploads\/2020\/02\/Active-experiences-Paragliding-5-VS2-480x280.jpg 480w,https:\/\/www.related.dk\/active-tenerife-tradekit\/wp-content\/uploads\/2020\/02\/Active-experiences-Paragliding-5-VS2-600x350.jpg 600w\" data-img-src=\"https:\/\/www.related.dk\/active-tenerife-tradekit\/wp-content\/uploads\/2020\/02\/Active-experiences-Paragliding-5-VS2.jpg\" alt=\"\" title=\"Active experiences - Paragliding - 5 - VS2\"\/><\/div><\/figure><\/div><\/div><\/div><\/div><\/div><\/div><\/div><\/div>\n","protected":false},"excerpt":{"rendered":"<p>PARAGLIDINGParagliding giver mulighed for at nyde Tenerifes landskab fra en ny vinkel. Fra luften kan man b\u00e5de se Mount Teide, pinjetr\u00e6er, dale med bananplantager og strande med sort sand. Der er i alt seks forskellige \u201dtake-off-steder\u201d og fem forskellige landingspladser p\u00e5 \u00f8en. Bl.a. er Anochez-banen ved G\u00fc\u00edmar for nylig renoveret og har nu polstring, non-slip-bel\u00e6gning &hellip; <\/p>\n<p class=\"link-more\"><a href=\"https:\/\/www.related.dk\/active-tenerife-tradekit\/aktive-oplevelser\/paragliding\/\" class=\"more-link\">L\u00e6s videre<span class=\"screen-reader-text\"> &#8220;Paragliding&#8221;<\/span><\/a><\/p>\n","protected":false},"author":2,"featured_media":0,"parent":224,"menu_order":0,"comment_status":"closed","ping_status":"closed","template":"","meta":[],"yoast_head":"<!-- This site is optimized with the Yoast SEO plugin v20.7 - https:\/\/yoast.com\/wordpress\/plugins\/seo\/ -->\n<title>Paragliding - Active Tenerife - Tradekit<\/title>\n<meta name=\"robots\" content=\"index, follow, max-snippet:-1, max-image-preview:large, max-video-preview:-1\" \/>\n<link rel=\"canonical\" href=\"https:\/\/www.related.dk\/active-tenerife-tradekit\/aktive-oplevelser\/paragliding\/\" \/>\n<meta property=\"og:locale\" content=\"da_DK\" \/>\n<meta property=\"og:type\" content=\"article\" \/>\n<meta property=\"og:title\" content=\"Paragliding - Active Tenerife - Tradekit\" \/>\n<meta property=\"og:description\" content=\"PARAGLIDINGParagliding giver mulighed for at nyde Tenerifes landskab fra en ny vinkel. Fra luften kan man b\u00e5de se Mount Teide, pinjetr\u00e6er, dale med bananplantager og strande med sort sand. Der er i alt seks forskellige \u201dtake-off-steder\u201d og fem forskellige landingspladser p\u00e5 \u00f8en. Bl.a. er Anochez-banen ved G\u00fc\u00edmar for nylig renoveret og har nu polstring, non-slip-bel\u00e6gning &hellip; L\u00e6s videre &quot;Paragliding&quot;\" \/>\n<meta property=\"og:url\" content=\"https:\/\/www.related.dk\/active-tenerife-tradekit\/aktive-oplevelser\/paragliding\/\" \/>\n<meta property=\"og:site_name\" content=\"Active Tenerife - Tradekit\" \/>\n<meta property=\"article:modified_time\" content=\"2020-02-10T07:25:40+00:00\" \/>\n<meta name=\"twitter:card\" content=\"summary_large_image\" \/>\n<meta name=\"twitter:label1\" content=\"Estimeret l\u00e6setid\" \/>\n\t<meta name=\"twitter:data1\" content=\"1 minut\" \/>\n<script type=\"application\/ld+json\" class=\"yoast-schema-graph\">{\"@context\":\"https:\/\/schema.org\",\"@graph\":[{\"@type\":\"WebPage\",\"@id\":\"https:\/\/www.related.dk\/active-tenerife-tradekit\/aktive-oplevelser\/paragliding\/\",\"url\":\"https:\/\/www.related.dk\/active-tenerife-tradekit\/aktive-oplevelser\/paragliding\/\",\"name\":\"Paragliding - Active Tenerife - Tradekit\",\"isPartOf\":{\"@id\":\"https:\/\/www.related.dk\/active-tenerife-tradekit\/#website\"},\"datePublished\":\"2020-02-10T07:24:44+00:00\",\"dateModified\":\"2020-02-10T07:25:40+00:00\",\"breadcrumb\":{\"@id\":\"https:\/\/www.related.dk\/active-tenerife-tradekit\/aktive-oplevelser\/paragliding\/#breadcrumb\"},\"inLanguage\":\"da-DK\",\"potentialAction\":[{\"@type\":\"ReadAction\",\"target\":[\"https:\/\/www.related.dk\/active-tenerife-tradekit\/aktive-oplevelser\/paragliding\/\"]}]},{\"@type\":\"BreadcrumbList\",\"@id\":\"https:\/\/www.related.dk\/active-tenerife-tradekit\/aktive-oplevelser\/paragliding\/#breadcrumb\",\"itemListElement\":[{\"@type\":\"ListItem\",\"position\":1,\"name\":\"Home\",\"item\":\"https:\/\/www.related.dk\/active-tenerife-tradekit\/\"},{\"@type\":\"ListItem\",\"position\":2,\"name\":\"Aktive oplevelser\",\"item\":\"https:\/\/www.related.dk\/active-tenerife-tradekit\/aktive-oplevelser\/\"},{\"@type\":\"ListItem\",\"position\":3,\"name\":\"Paragliding\"}]},{\"@type\":\"WebSite\",\"@id\":\"https:\/\/www.related.dk\/active-tenerife-tradekit\/#website\",\"url\":\"https:\/\/www.related.dk\/active-tenerife-tradekit\/\",\"name\":\"Active Tenerife - Tradekit\",\"description\":\"\",\"potentialAction\":[{\"@type\":\"SearchAction\",\"target\":{\"@type\":\"EntryPoint\",\"urlTemplate\":\"https:\/\/www.related.dk\/active-tenerife-tradekit\/?s={search_term_string}\"},\"query-input\":\"required name=search_term_string\"}],\"inLanguage\":\"da-DK\"}]}<\/script>\n<!-- \/ Yoast SEO plugin. -->","yoast_head_json":{"title":"Paragliding - Active Tenerife - Tradekit","robots":{"index":"index","follow":"follow","max-snippet":"max-snippet:-1","max-image-preview":"max-image-preview:large","max-video-preview":"max-video-preview:-1"},"canonical":"https:\/\/www.related.dk\/active-tenerife-tradekit\/aktive-oplevelser\/paragliding\/","og_locale":"da_DK","og_type":"article","og_title":"Paragliding - Active Tenerife - Tradekit","og_description":"PARAGLIDINGParagliding giver mulighed for at nyde Tenerifes landskab fra en ny vinkel. Fra luften kan man b\u00e5de se Mount Teide, pinjetr\u00e6er, dale med bananplantager og strande med sort sand. Der er i alt seks forskellige \u201dtake-off-steder\u201d og fem forskellige landingspladser p\u00e5 \u00f8en. Bl.a. er Anochez-banen ved G\u00fc\u00edmar for nylig renoveret og har nu polstring, non-slip-bel\u00e6gning &hellip; L\u00e6s videre \"Paragliding\"","og_url":"https:\/\/www.related.dk\/active-tenerife-tradekit\/aktive-oplevelser\/paragliding\/","og_site_name":"Active Tenerife - Tradekit","article_modified_time":"2020-02-10T07:25:40+00:00","twitter_card":"summary_large_image","twitter_misc":{"Estimeret l\u00e6setid":"1 minut"},"schema":{"@context":"https:\/\/schema.org","@graph":[{"@type":"WebPage","@id":"https:\/\/www.related.dk\/active-tenerife-tradekit\/aktive-oplevelser\/paragliding\/","url":"https:\/\/www.related.dk\/active-tenerife-tradekit\/aktive-oplevelser\/paragliding\/","name":"Paragliding - Active Tenerife - Tradekit","isPartOf":{"@id":"https:\/\/www.related.dk\/active-tenerife-tradekit\/#website"},"datePublished":"2020-02-10T07:24:44+00:00","dateModified":"2020-02-10T07:25:40+00:00","breadcrumb":{"@id":"https:\/\/www.related.dk\/active-tenerife-tradekit\/aktive-oplevelser\/paragliding\/#breadcrumb"},"inLanguage":"da-DK","potentialAction":[{"@type":"ReadAction","target":["https:\/\/www.related.dk\/active-tenerife-tradekit\/aktive-oplevelser\/paragliding\/"]}]},{"@type":"BreadcrumbList","@id":"https:\/\/www.related.dk\/active-tenerife-tradekit\/aktive-oplevelser\/paragliding\/#breadcrumb","itemListElement":[{"@type":"ListItem","position":1,"name":"Home","item":"https:\/\/www.related.dk\/active-tenerife-tradekit\/"},{"@type":"ListItem","position":2,"name":"Aktive oplevelser","item":"https:\/\/www.related.dk\/active-tenerife-tradekit\/aktive-oplevelser\/"},{"@type":"ListItem","position":3,"name":"Paragliding"}]},{"@type":"WebSite","@id":"https:\/\/www.related.dk\/active-tenerife-tradekit\/#website","url":"https:\/\/www.related.dk\/active-tenerife-tradekit\/","name":"Active Tenerife - Tradekit","description":"","potentialAction":[{"@type":"SearchAction","target":{"@type":"EntryPoint","urlTemplate":"https:\/\/www.related.dk\/active-tenerife-tradekit\/?s={search_term_string}"},"query-input":"required name=search_term_string"}],"inLanguage":"da-DK"}]}},"_links":{"self":[{"href":"https:\/\/www.related.dk\/active-tenerife-tradekit\/wp-json\/wp\/v2\/pages\/304"}],"collection":[{"href":"https:\/\/www.related.dk\/active-tenerife-tradekit\/wp-json\/wp\/v2\/pages"}],"about":[{"href":"https:\/\/www.related.dk\/active-tenerife-tradekit\/wp-json\/wp\/v2\/types\/page"}],"author":[{"embeddable":true,"href":"https:\/\/www.related.dk\/active-tenerife-tradekit\/wp-json\/wp\/v2\/users\/2"}],"replies":[{"embeddable":true,"href":"https:\/\/www.related.dk\/active-tenerife-tradekit\/wp-json\/wp\/v2\/comments?post=304"}],"version-history":[{"count":3,"href":"https:\/\/www.related.dk\/active-tenerife-tradekit\/wp-json\/wp\/v2\/pages\/304\/revisions"}],"predecessor-version":[{"id":323,"href":"https:\/\/www.related.dk\/active-tenerife-tradekit\/wp-json\/wp\/v2\/pages\/304\/revisions\/323"}],"up":[{"embeddable":true,"href":"https:\/\/www.related.dk\/active-tenerife-tradekit\/wp-json\/wp\/v2\/pages\/224"}],"wp:attachment":[{"href":"https:\/\/www.related.dk\/active-tenerife-tradekit\/wp-json\/wp\/v2\/media?parent=304"}],"curies":[{"name":"wp","href":"https:\/\/api.w.org\/{rel}","templated":true}]}}