{"id":289,"date":"2020-02-10T07:18:54","date_gmt":"2020-02-10T07:18:54","guid":{"rendered":"http:\/\/www.related.dk\/active-tenerife-tradekit\/?page_id=289"},"modified":"2020-02-10T07:19:45","modified_gmt":"2020-02-10T07:19:45","slug":"golf","status":"publish","type":"page","link":"https:\/\/www.related.dk\/active-tenerife-tradekit\/aktive-oplevelser\/golf\/","title":{"rendered":"Golf"},"content":{"rendered":"<div class=\"vce-row-container\"><div class=\"vce-row vce-row--col-gap-30 vce-row-columns--top vce-row-content--top\" id=\"el-339d34de\" data-vce-do-apply=\"all el-339d34de\"><div class=\"vce-row-content\" data-vce-element-content=\"true\"><div class=\"vce-col\" id=\"el-0f488a23\"><div class=\"vce-col-inner\" data-vce-do-apply=\"border margin background  el-0f488a23\"><div class=\"vce-col-content\" data-vce-element-content=\"true\" data-vce-do-apply=\"padding el-0f488a23\"><section class=\"vce-hero-section-container vce-hero-section-media--xs vce-hero-section-media--sm vce-hero-section-media--md vce-hero-section-media--lg\"><div class=\"vce vce-hero-section vce-hero-section--alignment-start\" id=\"el-8c5947fe\" data-vce-do-apply=\"margin background border  el-8c5947fe\"><div class=\"vce-hero-section--wrap-row vce-hero-section--background-position-center-center\" style=\"background-image: url('https:\/\/www.related.dk\/active-tenerife-tradekit\/wp-content\/uploads\/2020\/02\/Active-experiences-golf-7-VS2.jpg');\"><div class=\"vce-hero-section--wrap\"><div class=\"vce-hero-section--content\" data-vce-do-apply=\"padding el-8c5947fe\"><div class=\"vce-hero-section--content-container\"><h1><strong>GOLF<\/strong><\/h1><\/div><\/div><\/div><\/div><\/div><\/section><\/div><\/div><\/div><\/div><\/div><\/div><div class=\"vce-row-container\"><div class=\"vce-row vce-row--col-gap-30 vce-row-columns--top vce-row-content--top\" id=\"el-b4a31955\" data-vce-do-apply=\"all el-b4a31955\"><div class=\"vce-row-content\" data-vce-element-content=\"true\"><div class=\"vce-col\" id=\"el-141decb4\"><div class=\"vce-col-inner\" data-vce-do-apply=\"border margin background  el-141decb4\"><div class=\"vce-col-content\" data-vce-element-content=\"true\" data-vce-do-apply=\"padding el-141decb4\"><div class=\"vce-text-block\"><div class=\"vce-text-block-wrapper vce\" id=\"el-5216c456\" data-vce-do-apply=\"all el-5216c456\"><p>Der er i alt otte golfbaner og to pitch&amp;put-baner p\u00e5 Tenerife. Nogle af banerne er designet af kendte golfikoner som Severiano Ballesteros, John Jacobs og Donald Steel og har bl.a. sorte sandbunkere og imponerende vandforhindringer.<\/p><p><strong>Hvor?<\/strong><br>Golf Costa Adeje p\u00e5 den sydlige del af \u00f8en er kendt for sit atypiske design, der tager hensyn til de gamle stenterrasser mod havet. Banen har 27 huller og udsigt over havet, \u00f8en La Gomera og Adeje-bjergene. En anden bane, der er v\u00e6rd at fremh\u00e6ve, er Spaniens n\u00e6st\u00e6ldste golfbane Real Club de Golf de Tenerife, der blev grundlagt i 1932 og hvorfra man har en spektakul\u00e6r udsigt til vulkanen Teide.<\/p><p><a href=\"https:\/\/www.webtenerife.co.uk\/what-to-do\/sports\/land\/golf\/?tab=1\" target=\"_blank\" rel=\"noopener noreferrer\">L\u00e6s mere om steder, konkurrencer og hvem, der kan hj\u00e6lpe med at arrangere det<\/a><\/p><p><strong>Hvorn\u00e5r?<\/strong><br>Man kan spille golf hele \u00e5ret rundt. <\/p><\/div><\/div><\/div><\/div><\/div><\/div><\/div><\/div><div class=\"vce-row-container\"><div class=\"vce-row vce-row--col-gap-30 vce-row-columns--top vce-row-content--top\" id=\"el-75faeb8b\" data-vce-do-apply=\"all el-75faeb8b\"><div class=\"vce-row-content\" data-vce-element-content=\"true\"><div class=\"vce-col vce-col--md-auto vce-col--xs-1 vce-col--xs-last vce-col--xs-first vce-col--sm-last vce-col--sm-first vce-col--md-first vce-col--lg-first vce-col--xl-first\" id=\"el-54227e37\"><div class=\"vce-col-inner\" data-vce-do-apply=\"border margin background  el-54227e37\"><div class=\"vce-col-content\" data-vce-element-content=\"true\" data-vce-do-apply=\"padding el-54227e37\"><div class=\"vce-single-image-container vce-single-image--align-left\"><div class=\"vce vce-single-image-wrapper\" id=\"el-ef05822e\" data-vce-do-apply=\"all el-ef05822e\"><figure><div class=\"vce-single-image-inner vce-single-image--absolute\" style=\"padding-bottom: 58.3333%; width: 600px;\"><img class=\"vce-single-image\" width=\"600\" height=\"350\"src=\"https:\/\/www.related.dk\/active-tenerife-tradekit\/wp-content\/uploads\/2020\/02\/Active-experiences-golf-7-2-600x350.jpg\" srcset=\"https:\/\/www.related.dk\/active-tenerife-tradekit\/wp-content\/uploads\/2020\/02\/Active-experiences-golf-7-2-320x187.jpg 320w,https:\/\/www.related.dk\/active-tenerife-tradekit\/wp-content\/uploads\/2020\/02\/Active-experiences-golf-7-2-480x280.jpg 480w,https:\/\/www.related.dk\/active-tenerife-tradekit\/wp-content\/uploads\/2020\/02\/Active-experiences-golf-7-2-600x350.jpg 600w\" data-img-src=\"https:\/\/www.related.dk\/active-tenerife-tradekit\/wp-content\/uploads\/2020\/02\/Active-experiences-golf-7-2.jpg\" alt=\"\" title=\"Active experiences - golf - 7 (2)\"\/><\/div><\/figure><\/div><\/div><\/div><\/div><\/div><div class=\"vce-col vce-col--md-auto vce-col--xs-1 vce-col--xs-last vce-col--xs-first vce-col--sm-last vce-col--sm-first vce-col--md-last vce-col--lg-last vce-col--xl-last\" id=\"el-31c2c687\"><div class=\"vce-col-inner\" data-vce-do-apply=\"border margin background  el-31c2c687\"><div class=\"vce-col-content\" data-vce-element-content=\"true\" data-vce-do-apply=\"padding el-31c2c687\"><div class=\"vce-single-image-container vce-single-image--align-left\"><div class=\"vce vce-single-image-wrapper\" id=\"el-64da1f72\" data-vce-do-apply=\"all el-64da1f72\"><figure><div class=\"vce-single-image-inner vce-single-image--absolute\" style=\"padding-bottom: 58.3333%; width: 600px;\"><img class=\"vce-single-image\" width=\"600\" height=\"350\"src=\"https:\/\/www.related.dk\/active-tenerife-tradekit\/wp-content\/uploads\/2020\/02\/Active-experiences-golf-7-600x350.jpg\" srcset=\"https:\/\/www.related.dk\/active-tenerife-tradekit\/wp-content\/uploads\/2020\/02\/Active-experiences-golf-7-320x187.jpg 320w,https:\/\/www.related.dk\/active-tenerife-tradekit\/wp-content\/uploads\/2020\/02\/Active-experiences-golf-7-480x280.jpg 480w,https:\/\/www.related.dk\/active-tenerife-tradekit\/wp-content\/uploads\/2020\/02\/Active-experiences-golf-7-600x350.jpg 600w\" data-img-src=\"https:\/\/www.related.dk\/active-tenerife-tradekit\/wp-content\/uploads\/2020\/02\/Active-experiences-golf-7.jpg\" alt=\"\" title=\"Active experiences - golf - 7\"\/><\/div><\/figure><\/div><\/div><\/div><\/div><\/div><\/div><\/div><\/div>\n","protected":false},"excerpt":{"rendered":"<p>GOLFDer er i alt otte golfbaner og to pitch&amp;put-baner p\u00e5 Tenerife. Nogle af banerne er designet af kendte golfikoner som Severiano Ballesteros, John Jacobs og Donald Steel og har bl.a. sorte sandbunkere og imponerende vandforhindringer.Hvor?Golf Costa Adeje p\u00e5 den sydlige del af \u00f8en er kendt for sit atypiske design, der tager hensyn til de gamle &hellip; <\/p>\n<p class=\"link-more\"><a href=\"https:\/\/www.related.dk\/active-tenerife-tradekit\/aktive-oplevelser\/golf\/\" class=\"more-link\">L\u00e6s videre<span class=\"screen-reader-text\"> &#8220;Golf&#8221;<\/span><\/a><\/p>\n","protected":false},"author":2,"featured_media":0,"parent":224,"menu_order":0,"comment_status":"closed","ping_status":"closed","template":"","meta":[],"yoast_head":"<!-- This site is optimized with the Yoast SEO plugin v20.7 - https:\/\/yoast.com\/wordpress\/plugins\/seo\/ -->\n<title>Golf - Active Tenerife - Tradekit<\/title>\n<meta name=\"robots\" content=\"index, follow, max-snippet:-1, max-image-preview:large, max-video-preview:-1\" \/>\n<link rel=\"canonical\" href=\"https:\/\/www.related.dk\/active-tenerife-tradekit\/aktive-oplevelser\/golf\/\" \/>\n<meta property=\"og:locale\" content=\"da_DK\" \/>\n<meta property=\"og:type\" content=\"article\" \/>\n<meta property=\"og:title\" content=\"Golf - Active Tenerife - Tradekit\" \/>\n<meta property=\"og:description\" content=\"GOLFDer er i alt otte golfbaner og to pitch&amp;put-baner p\u00e5 Tenerife. Nogle af banerne er designet af kendte golfikoner som Severiano Ballesteros, John Jacobs og Donald Steel og har bl.a. sorte sandbunkere og imponerende vandforhindringer.Hvor?Golf Costa Adeje p\u00e5 den sydlige del af \u00f8en er kendt for sit atypiske design, der tager hensyn til de gamle &hellip; L\u00e6s videre &quot;Golf&quot;\" \/>\n<meta property=\"og:url\" content=\"https:\/\/www.related.dk\/active-tenerife-tradekit\/aktive-oplevelser\/golf\/\" \/>\n<meta property=\"og:site_name\" content=\"Active Tenerife - Tradekit\" \/>\n<meta property=\"article:modified_time\" content=\"2020-02-10T07:19:45+00:00\" \/>\n<meta name=\"twitter:card\" content=\"summary_large_image\" \/>\n<meta name=\"twitter:label1\" content=\"Estimeret l\u00e6setid\" \/>\n\t<meta name=\"twitter:data1\" content=\"1 minut\" \/>\n<script type=\"application\/ld+json\" class=\"yoast-schema-graph\">{\"@context\":\"https:\/\/schema.org\",\"@graph\":[{\"@type\":\"WebPage\",\"@id\":\"https:\/\/www.related.dk\/active-tenerife-tradekit\/aktive-oplevelser\/golf\/\",\"url\":\"https:\/\/www.related.dk\/active-tenerife-tradekit\/aktive-oplevelser\/golf\/\",\"name\":\"Golf - Active Tenerife - Tradekit\",\"isPartOf\":{\"@id\":\"https:\/\/www.related.dk\/active-tenerife-tradekit\/#website\"},\"datePublished\":\"2020-02-10T07:18:54+00:00\",\"dateModified\":\"2020-02-10T07:19:45+00:00\",\"breadcrumb\":{\"@id\":\"https:\/\/www.related.dk\/active-tenerife-tradekit\/aktive-oplevelser\/golf\/#breadcrumb\"},\"inLanguage\":\"da-DK\",\"potentialAction\":[{\"@type\":\"ReadAction\",\"target\":[\"https:\/\/www.related.dk\/active-tenerife-tradekit\/aktive-oplevelser\/golf\/\"]}]},{\"@type\":\"BreadcrumbList\",\"@id\":\"https:\/\/www.related.dk\/active-tenerife-tradekit\/aktive-oplevelser\/golf\/#breadcrumb\",\"itemListElement\":[{\"@type\":\"ListItem\",\"position\":1,\"name\":\"Home\",\"item\":\"https:\/\/www.related.dk\/active-tenerife-tradekit\/\"},{\"@type\":\"ListItem\",\"position\":2,\"name\":\"Aktive oplevelser\",\"item\":\"https:\/\/www.related.dk\/active-tenerife-tradekit\/aktive-oplevelser\/\"},{\"@type\":\"ListItem\",\"position\":3,\"name\":\"Golf\"}]},{\"@type\":\"WebSite\",\"@id\":\"https:\/\/www.related.dk\/active-tenerife-tradekit\/#website\",\"url\":\"https:\/\/www.related.dk\/active-tenerife-tradekit\/\",\"name\":\"Active Tenerife - Tradekit\",\"description\":\"\",\"potentialAction\":[{\"@type\":\"SearchAction\",\"target\":{\"@type\":\"EntryPoint\",\"urlTemplate\":\"https:\/\/www.related.dk\/active-tenerife-tradekit\/?s={search_term_string}\"},\"query-input\":\"required name=search_term_string\"}],\"inLanguage\":\"da-DK\"}]}<\/script>\n<!-- \/ Yoast SEO plugin. -->","yoast_head_json":{"title":"Golf - Active Tenerife - Tradekit","robots":{"index":"index","follow":"follow","max-snippet":"max-snippet:-1","max-image-preview":"max-image-preview:large","max-video-preview":"max-video-preview:-1"},"canonical":"https:\/\/www.related.dk\/active-tenerife-tradekit\/aktive-oplevelser\/golf\/","og_locale":"da_DK","og_type":"article","og_title":"Golf - Active Tenerife - Tradekit","og_description":"GOLFDer er i alt otte golfbaner og to pitch&amp;put-baner p\u00e5 Tenerife. Nogle af banerne er designet af kendte golfikoner som Severiano Ballesteros, John Jacobs og Donald Steel og har bl.a. sorte sandbunkere og imponerende vandforhindringer.Hvor?Golf Costa Adeje p\u00e5 den sydlige del af \u00f8en er kendt for sit atypiske design, der tager hensyn til de gamle &hellip; L\u00e6s videre \"Golf\"","og_url":"https:\/\/www.related.dk\/active-tenerife-tradekit\/aktive-oplevelser\/golf\/","og_site_name":"Active Tenerife - Tradekit","article_modified_time":"2020-02-10T07:19:45+00:00","twitter_card":"summary_large_image","twitter_misc":{"Estimeret l\u00e6setid":"1 minut"},"schema":{"@context":"https:\/\/schema.org","@graph":[{"@type":"WebPage","@id":"https:\/\/www.related.dk\/active-tenerife-tradekit\/aktive-oplevelser\/golf\/","url":"https:\/\/www.related.dk\/active-tenerife-tradekit\/aktive-oplevelser\/golf\/","name":"Golf - Active Tenerife - Tradekit","isPartOf":{"@id":"https:\/\/www.related.dk\/active-tenerife-tradekit\/#website"},"datePublished":"2020-02-10T07:18:54+00:00","dateModified":"2020-02-10T07:19:45+00:00","breadcrumb":{"@id":"https:\/\/www.related.dk\/active-tenerife-tradekit\/aktive-oplevelser\/golf\/#breadcrumb"},"inLanguage":"da-DK","potentialAction":[{"@type":"ReadAction","target":["https:\/\/www.related.dk\/active-tenerife-tradekit\/aktive-oplevelser\/golf\/"]}]},{"@type":"BreadcrumbList","@id":"https:\/\/www.related.dk\/active-tenerife-tradekit\/aktive-oplevelser\/golf\/#breadcrumb","itemListElement":[{"@type":"ListItem","position":1,"name":"Home","item":"https:\/\/www.related.dk\/active-tenerife-tradekit\/"},{"@type":"ListItem","position":2,"name":"Aktive oplevelser","item":"https:\/\/www.related.dk\/active-tenerife-tradekit\/aktive-oplevelser\/"},{"@type":"ListItem","position":3,"name":"Golf"}]},{"@type":"WebSite","@id":"https:\/\/www.related.dk\/active-tenerife-tradekit\/#website","url":"https:\/\/www.related.dk\/active-tenerife-tradekit\/","name":"Active Tenerife - Tradekit","description":"","potentialAction":[{"@type":"SearchAction","target":{"@type":"EntryPoint","urlTemplate":"https:\/\/www.related.dk\/active-tenerife-tradekit\/?s={search_term_string}"},"query-input":"required name=search_term_string"}],"inLanguage":"da-DK"}]}},"_links":{"self":[{"href":"https:\/\/www.related.dk\/active-tenerife-tradekit\/wp-json\/wp\/v2\/pages\/289"}],"collection":[{"href":"https:\/\/www.related.dk\/active-tenerife-tradekit\/wp-json\/wp\/v2\/pages"}],"about":[{"href":"https:\/\/www.related.dk\/active-tenerife-tradekit\/wp-json\/wp\/v2\/types\/page"}],"author":[{"embeddable":true,"href":"https:\/\/www.related.dk\/active-tenerife-tradekit\/wp-json\/wp\/v2\/users\/2"}],"replies":[{"embeddable":true,"href":"https:\/\/www.related.dk\/active-tenerife-tradekit\/wp-json\/wp\/v2\/comments?post=289"}],"version-history":[{"count":2,"href":"https:\/\/www.related.dk\/active-tenerife-tradekit\/wp-json\/wp\/v2\/pages\/289\/revisions"}],"predecessor-version":[{"id":303,"href":"https:\/\/www.related.dk\/active-tenerife-tradekit\/wp-json\/wp\/v2\/pages\/289\/revisions\/303"}],"up":[{"embeddable":true,"href":"https:\/\/www.related.dk\/active-tenerife-tradekit\/wp-json\/wp\/v2\/pages\/224"}],"wp:attachment":[{"href":"https:\/\/www.related.dk\/active-tenerife-tradekit\/wp-json\/wp\/v2\/media?parent=289"}],"curies":[{"name":"wp","href":"https:\/\/api.w.org\/{rel}","templated":true}]}}