{"id":255,"date":"2020-02-07T17:09:55","date_gmt":"2020-02-07T17:09:55","guid":{"rendered":"http:\/\/www.related.dk\/active-tenerife-tradekit\/?page_id=255"},"modified":"2020-02-11T11:51:54","modified_gmt":"2020-02-11T11:51:54","slug":"vandring-og-loeb","status":"publish","type":"page","link":"https:\/\/www.related.dk\/active-tenerife-tradekit\/aktive-oplevelser\/vandring-og-loeb\/","title":{"rendered":"Vandring &#038; l\u00f8b"},"content":{"rendered":"<div class=\"vce-row-container\"><div class=\"vce-row vce-row--col-gap-30 vce-row-columns--top vce-row-content--top\" id=\"el-afbeeb28\" data-vce-do-apply=\"all el-afbeeb28\"><div class=\"vce-row-content\" data-vce-element-content=\"true\"><div class=\"vce-col\" id=\"el-1f0d5097\"><div class=\"vce-col-inner\" data-vce-do-apply=\"border margin background  el-1f0d5097\"><div class=\"vce-col-content\" data-vce-element-content=\"true\" data-vce-do-apply=\"padding el-1f0d5097\"><section class=\"vce-hero-section-container vce-hero-section-media--xs vce-hero-section-media--sm vce-hero-section-media--md vce-hero-section-media--lg\"><div class=\"vce vce-hero-section vce-hero-section--alignment-start\" id=\"el-b5aa40a2\" data-vce-do-apply=\"margin background border  el-b5aa40a2\"><div class=\"vce-hero-section--wrap-row vce-hero-section--background-position-center-center\" style=\"background-image: url('https:\/\/www.related.dk\/active-tenerife-tradekit\/wp-content\/uploads\/2020\/02\/Active-Experiences-hiking-running-vs2.jpg');\"><div class=\"vce-hero-section--wrap\"><div class=\"vce-hero-section--content\" data-vce-do-apply=\"padding el-b5aa40a2\"><div class=\"vce-hero-section--content-container\"><h1><strong>VANDRING &amp; L\u00d8B<\/strong><\/h1><\/div><\/div><\/div><\/div><\/div><\/section><\/div><\/div><\/div><\/div><\/div><\/div><div class=\"vce-row-container\"><div class=\"vce-row vce-row--col-gap-30 vce-row-columns--top vce-row-content--top\" id=\"el-dffb3efe\" data-vce-do-apply=\"all el-dffb3efe\"><div class=\"vce-row-content\" data-vce-element-content=\"true\"><div class=\"vce-col\" id=\"el-bfd8395a\"><div class=\"vce-col-inner\" data-vce-do-apply=\"border margin background  el-bfd8395a\"><div class=\"vce-col-content\" data-vce-element-content=\"true\" data-vce-do-apply=\"padding el-bfd8395a\"><div class=\"vce-text-block\"><div class=\"vce-text-block-wrapper vce\" id=\"el-54c96862\" data-vce-do-apply=\"all el-54c96862\"><h2>Vandring<\/h2><p>Tenerife har kilometervis af velmarkerede og natursk\u00f8nne vandreruter, hvor man kan opleve f\u00f8lelsen af total frihed. Der er mange forskellige ruter af forskellig l\u00e6ngde og sv\u00e6rhedsgrad. Eksempelvis kan man vandre igennem stille fyrreskov for at n\u00e5 Spaniens h\u00f8jeste top 3.500 meter over havoverfladen. I alt er der omkring 1.500 kilometer vandrestier, der alle enten er officielt godkendte eller p\u00e5 vej til at blive det. Ruterne g\u00e5r igennem 43 beskyttede naturomr\u00e5der og d\u00e6kker 48 % af \u00f8ens areal.<\/p><p><strong>Hvor?<\/strong><br>Man kan fx vandre op p\u00e5 vulkanen El Teide, der med sine 3.718 meter er Spaniens h\u00f8jeste. V\u00e6r opm\u00e6rksom p\u00e5, at det kr\u00e6ver tilladelse p\u00e5 forh\u00e5nd. Turen er kun 600 meter lang, men p\u00e5 grund af de stejle skr\u00e5ninger, der nogle steder h\u00e6lder op til 60 %, er det en udfordrende tur. Vil man p\u00e5 en l\u00e6ngere vandretur, kan man vandre langs GR 131, der g\u00e5r gennem mange forskellige landskaber \u2013 og langs El Teide. Man kan ogs\u00e5 g\u00e5 den 10,4 kilometer lange PR-TF fra Cruz del Carmen til Punta del Hidalgo. Denne tur tager omkring fire timer og indeb\u00e6rer flere fantastiske udsigter. Det anbefales at v\u00e6re i god fysisk form, hvis man vandrer op i h\u00f8jderne.<\/p><p><a href=\"https:\/\/www.webtenerife.co.uk\/what-to-do\/nature\/hiking\/?tab=1\" target=\"_blank\" rel=\"noopener noreferrer\">L\u00e6s mere om omr\u00e5derne og mulighederne her<\/a><\/p><p><strong>Hvorn\u00e5r?<\/strong><br>I princippet kan man vandre p\u00e5 Tenerife \u00e5ret rundt, men p\u00e5 de enkelte vinterdage, hvor der er sne, b\u00f8r man ikke vandre \u2013 slet ikke i h\u00f8jderne \u2013 da vejret kan p\u00e5virke ruterne. Det anbefales altid at tjekke vejrprognosen, inden man begiver sig ud p\u00e5 sin vandretur.<\/p><\/div><\/div><\/div><\/div><\/div><\/div><\/div><\/div><div class=\"vce-row-container\"><div class=\"vce-row vce-row--col-gap-30 vce-row-columns--top vce-row-content--top\" id=\"el-b961ebde\" data-vce-do-apply=\"all el-b961ebde\"><div class=\"vce-row-content\" data-vce-element-content=\"true\"><div class=\"vce-col vce-col--md-auto vce-col--xs-1 vce-col--xs-last vce-col--xs-first vce-col--sm-last vce-col--sm-first vce-col--md-first vce-col--lg-first vce-col--xl-first\" id=\"el-5fd7e755\"><div class=\"vce-col-inner\" data-vce-do-apply=\"border margin background  el-5fd7e755\"><div class=\"vce-col-content\" data-vce-element-content=\"true\" data-vce-do-apply=\"padding el-5fd7e755\"><div class=\"vce-single-image-container vce-single-image--align-left\"><div class=\"vce vce-single-image-wrapper\" id=\"el-62b69a5f\" data-vce-do-apply=\"all el-62b69a5f\"><figure><div class=\"vce-single-image-inner vce-single-image--absolute\" style=\"padding-bottom: 58.3333%; width: 600px;\"><img class=\"vce-single-image\" width=\"600\" height=\"350\"src=\"https:\/\/www.related.dk\/active-tenerife-tradekit\/wp-content\/uploads\/2020\/02\/Active-experiences-Hiking-running-vs2-1-600x350.jpg\" srcset=\"https:\/\/www.related.dk\/active-tenerife-tradekit\/wp-content\/uploads\/2020\/02\/Active-experiences-Hiking-running-vs2-1-320x187.jpg 320w,https:\/\/www.related.dk\/active-tenerife-tradekit\/wp-content\/uploads\/2020\/02\/Active-experiences-Hiking-running-vs2-1-480x280.jpg 480w,https:\/\/www.related.dk\/active-tenerife-tradekit\/wp-content\/uploads\/2020\/02\/Active-experiences-Hiking-running-vs2-1-600x350.jpg 600w\" data-img-src=\"https:\/\/www.related.dk\/active-tenerife-tradekit\/wp-content\/uploads\/2020\/02\/Active-experiences-Hiking-running-vs2-1.jpg\" alt=\"\" title=\"Active experiences - Hiking &amp; running - vs2\"\/><\/div><\/figure><\/div><\/div><\/div><\/div><\/div><div class=\"vce-col vce-col--md-auto vce-col--xs-1 vce-col--xs-last vce-col--xs-first vce-col--sm-last vce-col--sm-first vce-col--md-last vce-col--lg-last vce-col--xl-last\" id=\"el-9a241bd9\"><div class=\"vce-col-inner\" data-vce-do-apply=\"border margin background  el-9a241bd9\"><div class=\"vce-col-content\" data-vce-element-content=\"true\" data-vce-do-apply=\"padding el-9a241bd9\"><div class=\"vce-single-image-container vce-single-image--align-left\"><div class=\"vce vce-single-image-wrapper\" id=\"el-f210a138\" data-vce-do-apply=\"all el-f210a138\"><figure><div class=\"vce-single-image-inner vce-single-image--absolute\" style=\"padding-bottom: 58.3333%; width: 600px;\"><img class=\"vce-single-image\" width=\"600\" height=\"350\"src=\"https:\/\/www.related.dk\/active-tenerife-tradekit\/wp-content\/uploads\/2020\/02\/Active-experiences-Hiking-Running-2-2-vs2-600x350.jpg\" srcset=\"https:\/\/www.related.dk\/active-tenerife-tradekit\/wp-content\/uploads\/2020\/02\/Active-experiences-Hiking-Running-2-2-vs2-320x187.jpg 320w,https:\/\/www.related.dk\/active-tenerife-tradekit\/wp-content\/uploads\/2020\/02\/Active-experiences-Hiking-Running-2-2-vs2-480x280.jpg 480w,https:\/\/www.related.dk\/active-tenerife-tradekit\/wp-content\/uploads\/2020\/02\/Active-experiences-Hiking-Running-2-2-vs2-600x350.jpg 600w\" data-img-src=\"https:\/\/www.related.dk\/active-tenerife-tradekit\/wp-content\/uploads\/2020\/02\/Active-experiences-Hiking-Running-2-2-vs2.jpg\" alt=\"\" title=\"Active experiences - Hiking &amp; Running - 2 (2) vs2\"\/><\/div><\/figure><\/div><\/div><\/div><\/div><\/div><\/div><\/div><\/div><div class=\"vce-row-container\"><div class=\"vce-row vce-row--col-gap-30 vce-row-columns--top vce-row-content--top\" id=\"el-94b401fb\" data-vce-do-apply=\"all el-94b401fb\"><div class=\"vce-row-content\" data-vce-element-content=\"true\"><div class=\"vce-col\" id=\"el-f90e83be\"><div class=\"vce-col-inner\" data-vce-do-apply=\"border margin background  el-f90e83be\"><div class=\"vce-col-content\" data-vce-element-content=\"true\" data-vce-do-apply=\"padding el-f90e83be\"><div class=\"vce-text-block\"><div class=\"vce-text-block-wrapper vce\" id=\"el-d297f8a0\" data-vce-do-apply=\"all el-d297f8a0\"><h2>L\u00f8b<\/h2><p>For l\u00f8bere findes der en lang liste af sportsevents hele \u00e5ret, hvoraf flere er \u00e5bne for l\u00f8bere p\u00e5 alle niveauer. Der er i alt 20 l\u00f8b for professionelle, ni halvmaratons, fem maratons, seks duatlons, fem cross-l\u00f8b og to cross-country-l\u00f8b. Der er selvf\u00f8lgelig ogs\u00e5 rig mulighed for at udforske \u00f8ens l\u00f8beruter p\u00e5 egen h\u00e5nd.<\/p><p><strong>Hvor?<\/strong><br>Man kan l\u00f8be over stort set hele \u00f8en og nemt skr\u00e6ddersy ruten til at matche eget niveau.<\/p><p><strong>Hvorn\u00e5r?<\/strong><br>Hele \u00e5ret rundt.<\/p><\/div><div class=\"vce-text-block-wrapper vce\" id=\"\" data-vce-do-apply=\"all el-d297f8a0\" style=\"height: 0px; width: 0px; overflow: hidden; position: fixed; bottom: 0px; right: 0px;\"><h2>L\u00f8b<\/h2><p>For l\u00f8bere findes der en lang liste af sportsevents hele \u00e5ret, hvoraf flere er \u00e5bne for l\u00f8bere p\u00e5 alle niveauer. Der er i alt 20 l\u00f8b for professionelle, ni halvmaratons, fem maratons, seks duatlons, fem cross-l\u00f8b og to cross-country-l\u00f8b. Der er selvf\u00f8lgelig ogs\u00e5 rig mulighed for at udforske \u00f8ens l\u00f8beruter p\u00e5 egen h\u00e5nd.<\/p><p><strong>Hvor?<\/strong><br>Man kan l\u00f8be over stort set hele \u00f8en og nemt skr\u00e6ddersy ruten til at matche eget niveau.<\/p><p><strong>Hvorn\u00e5r?<\/strong><br>Hele \u00e5ret rundt.<\/p><\/div><div class=\"vce-text-block-wrapper vce\" id=\"\" data-vce-do-apply=\"all el-d297f8a0\" style=\"height: 0px; width: 0px; overflow: hidden; position: fixed; bottom: 0px; right: 0px;\"><h2>L\u00f8b<\/h2><p>For l\u00f8bere findes der en lang liste af sportsevents hele \u00e5ret, hvoraf flere er \u00e5bne for l\u00f8bere p\u00e5 alle niveauer. Der er i alt 20 l\u00f8b for professionelle, ni halvmaratons, fem maratons, seks duatlons, fem cross-l\u00f8b og to cross-country-l\u00f8b. Der er selvf\u00f8lgelig ogs\u00e5 rig mulighed for at udforske \u00f8ens l\u00f8beruter p\u00e5 egen h\u00e5nd.<\/p><p><strong>Hvor?<\/strong><br>Man kan l\u00f8be over stort set hele \u00f8en og nemt skr\u00e6ddersy ruten til at matche eget niveau.<\/p><p><strong>Hvorn\u00e5r?<\/strong><br>Hele \u00e5ret rundt.<\/p><\/div><\/div><\/div><\/div><\/div><\/div><\/div><\/div>\n","protected":false},"excerpt":{"rendered":"<p>VANDRING &amp; L\u00d8BVandringTenerife har kilometervis af velmarkerede og natursk\u00f8nne vandreruter, hvor man kan opleve f\u00f8lelsen af total frihed. Der er mange forskellige ruter af forskellig l\u00e6ngde og sv\u00e6rhedsgrad. Eksempelvis kan man vandre igennem stille fyrreskov for at n\u00e5 Spaniens h\u00f8jeste top 3.500 meter over havoverfladen. I alt er der omkring 1.500 kilometer vandrestier, der alle &hellip; <\/p>\n<p class=\"link-more\"><a href=\"https:\/\/www.related.dk\/active-tenerife-tradekit\/aktive-oplevelser\/vandring-og-loeb\/\" class=\"more-link\">L\u00e6s videre<span class=\"screen-reader-text\"> &#8220;Vandring &#038; l\u00f8b&#8221;<\/span><\/a><\/p>\n","protected":false},"author":2,"featured_media":0,"parent":224,"menu_order":0,"comment_status":"closed","ping_status":"closed","template":"","meta":[],"yoast_head":"<!-- This site is optimized with the Yoast SEO plugin v20.7 - https:\/\/yoast.com\/wordpress\/plugins\/seo\/ -->\n<title>Vandring &amp; l\u00f8b - Active Tenerife - Tradekit<\/title>\n<meta name=\"robots\" content=\"index, follow, max-snippet:-1, max-image-preview:large, max-video-preview:-1\" \/>\n<link rel=\"canonical\" href=\"https:\/\/www.related.dk\/active-tenerife-tradekit\/aktive-oplevelser\/vandring-og-loeb\/\" \/>\n<meta property=\"og:locale\" content=\"da_DK\" \/>\n<meta property=\"og:type\" content=\"article\" \/>\n<meta property=\"og:title\" content=\"Vandring &amp; l\u00f8b - Active Tenerife - Tradekit\" \/>\n<meta property=\"og:description\" content=\"VANDRING &amp; L\u00d8BVandringTenerife har kilometervis af velmarkerede og natursk\u00f8nne vandreruter, hvor man kan opleve f\u00f8lelsen af total frihed. Der er mange forskellige ruter af forskellig l\u00e6ngde og sv\u00e6rhedsgrad. Eksempelvis kan man vandre igennem stille fyrreskov for at n\u00e5 Spaniens h\u00f8jeste top 3.500 meter over havoverfladen. I alt er der omkring 1.500 kilometer vandrestier, der alle &hellip; L\u00e6s videre &quot;Vandring &#038; l\u00f8b&quot;\" \/>\n<meta property=\"og:url\" content=\"https:\/\/www.related.dk\/active-tenerife-tradekit\/aktive-oplevelser\/vandring-og-loeb\/\" \/>\n<meta property=\"og:site_name\" content=\"Active Tenerife - Tradekit\" \/>\n<meta property=\"article:modified_time\" content=\"2020-02-11T11:51:54+00:00\" \/>\n<meta name=\"twitter:card\" content=\"summary_large_image\" \/>\n<meta name=\"twitter:label1\" content=\"Estimeret l\u00e6setid\" \/>\n\t<meta name=\"twitter:data1\" content=\"3 minutter\" \/>\n<script type=\"application\/ld+json\" class=\"yoast-schema-graph\">{\"@context\":\"https:\/\/schema.org\",\"@graph\":[{\"@type\":\"WebPage\",\"@id\":\"https:\/\/www.related.dk\/active-tenerife-tradekit\/aktive-oplevelser\/vandring-og-loeb\/\",\"url\":\"https:\/\/www.related.dk\/active-tenerife-tradekit\/aktive-oplevelser\/vandring-og-loeb\/\",\"name\":\"Vandring & l\u00f8b - Active Tenerife - Tradekit\",\"isPartOf\":{\"@id\":\"https:\/\/www.related.dk\/active-tenerife-tradekit\/#website\"},\"datePublished\":\"2020-02-07T17:09:55+00:00\",\"dateModified\":\"2020-02-11T11:51:54+00:00\",\"breadcrumb\":{\"@id\":\"https:\/\/www.related.dk\/active-tenerife-tradekit\/aktive-oplevelser\/vandring-og-loeb\/#breadcrumb\"},\"inLanguage\":\"da-DK\",\"potentialAction\":[{\"@type\":\"ReadAction\",\"target\":[\"https:\/\/www.related.dk\/active-tenerife-tradekit\/aktive-oplevelser\/vandring-og-loeb\/\"]}]},{\"@type\":\"BreadcrumbList\",\"@id\":\"https:\/\/www.related.dk\/active-tenerife-tradekit\/aktive-oplevelser\/vandring-og-loeb\/#breadcrumb\",\"itemListElement\":[{\"@type\":\"ListItem\",\"position\":1,\"name\":\"Home\",\"item\":\"https:\/\/www.related.dk\/active-tenerife-tradekit\/\"},{\"@type\":\"ListItem\",\"position\":2,\"name\":\"Aktive oplevelser\",\"item\":\"https:\/\/www.related.dk\/active-tenerife-tradekit\/aktive-oplevelser\/\"},{\"@type\":\"ListItem\",\"position\":3,\"name\":\"Vandring &#038; l\u00f8b\"}]},{\"@type\":\"WebSite\",\"@id\":\"https:\/\/www.related.dk\/active-tenerife-tradekit\/#website\",\"url\":\"https:\/\/www.related.dk\/active-tenerife-tradekit\/\",\"name\":\"Active Tenerife - Tradekit\",\"description\":\"\",\"potentialAction\":[{\"@type\":\"SearchAction\",\"target\":{\"@type\":\"EntryPoint\",\"urlTemplate\":\"https:\/\/www.related.dk\/active-tenerife-tradekit\/?s={search_term_string}\"},\"query-input\":\"required name=search_term_string\"}],\"inLanguage\":\"da-DK\"}]}<\/script>\n<!-- \/ Yoast SEO plugin. -->","yoast_head_json":{"title":"Vandring & l\u00f8b - Active Tenerife - Tradekit","robots":{"index":"index","follow":"follow","max-snippet":"max-snippet:-1","max-image-preview":"max-image-preview:large","max-video-preview":"max-video-preview:-1"},"canonical":"https:\/\/www.related.dk\/active-tenerife-tradekit\/aktive-oplevelser\/vandring-og-loeb\/","og_locale":"da_DK","og_type":"article","og_title":"Vandring & l\u00f8b - Active Tenerife - Tradekit","og_description":"VANDRING &amp; L\u00d8BVandringTenerife har kilometervis af velmarkerede og natursk\u00f8nne vandreruter, hvor man kan opleve f\u00f8lelsen af total frihed. Der er mange forskellige ruter af forskellig l\u00e6ngde og sv\u00e6rhedsgrad. Eksempelvis kan man vandre igennem stille fyrreskov for at n\u00e5 Spaniens h\u00f8jeste top 3.500 meter over havoverfladen. I alt er der omkring 1.500 kilometer vandrestier, der alle &hellip; L\u00e6s videre \"Vandring &#038; l\u00f8b\"","og_url":"https:\/\/www.related.dk\/active-tenerife-tradekit\/aktive-oplevelser\/vandring-og-loeb\/","og_site_name":"Active Tenerife - Tradekit","article_modified_time":"2020-02-11T11:51:54+00:00","twitter_card":"summary_large_image","twitter_misc":{"Estimeret l\u00e6setid":"3 minutter"},"schema":{"@context":"https:\/\/schema.org","@graph":[{"@type":"WebPage","@id":"https:\/\/www.related.dk\/active-tenerife-tradekit\/aktive-oplevelser\/vandring-og-loeb\/","url":"https:\/\/www.related.dk\/active-tenerife-tradekit\/aktive-oplevelser\/vandring-og-loeb\/","name":"Vandring & l\u00f8b - Active Tenerife - Tradekit","isPartOf":{"@id":"https:\/\/www.related.dk\/active-tenerife-tradekit\/#website"},"datePublished":"2020-02-07T17:09:55+00:00","dateModified":"2020-02-11T11:51:54+00:00","breadcrumb":{"@id":"https:\/\/www.related.dk\/active-tenerife-tradekit\/aktive-oplevelser\/vandring-og-loeb\/#breadcrumb"},"inLanguage":"da-DK","potentialAction":[{"@type":"ReadAction","target":["https:\/\/www.related.dk\/active-tenerife-tradekit\/aktive-oplevelser\/vandring-og-loeb\/"]}]},{"@type":"BreadcrumbList","@id":"https:\/\/www.related.dk\/active-tenerife-tradekit\/aktive-oplevelser\/vandring-og-loeb\/#breadcrumb","itemListElement":[{"@type":"ListItem","position":1,"name":"Home","item":"https:\/\/www.related.dk\/active-tenerife-tradekit\/"},{"@type":"ListItem","position":2,"name":"Aktive oplevelser","item":"https:\/\/www.related.dk\/active-tenerife-tradekit\/aktive-oplevelser\/"},{"@type":"ListItem","position":3,"name":"Vandring &#038; l\u00f8b"}]},{"@type":"WebSite","@id":"https:\/\/www.related.dk\/active-tenerife-tradekit\/#website","url":"https:\/\/www.related.dk\/active-tenerife-tradekit\/","name":"Active Tenerife - Tradekit","description":"","potentialAction":[{"@type":"SearchAction","target":{"@type":"EntryPoint","urlTemplate":"https:\/\/www.related.dk\/active-tenerife-tradekit\/?s={search_term_string}"},"query-input":"required name=search_term_string"}],"inLanguage":"da-DK"}]}},"_links":{"self":[{"href":"https:\/\/www.related.dk\/active-tenerife-tradekit\/wp-json\/wp\/v2\/pages\/255"}],"collection":[{"href":"https:\/\/www.related.dk\/active-tenerife-tradekit\/wp-json\/wp\/v2\/pages"}],"about":[{"href":"https:\/\/www.related.dk\/active-tenerife-tradekit\/wp-json\/wp\/v2\/types\/page"}],"author":[{"embeddable":true,"href":"https:\/\/www.related.dk\/active-tenerife-tradekit\/wp-json\/wp\/v2\/users\/2"}],"replies":[{"embeddable":true,"href":"https:\/\/www.related.dk\/active-tenerife-tradekit\/wp-json\/wp\/v2\/comments?post=255"}],"version-history":[{"count":4,"href":"https:\/\/www.related.dk\/active-tenerife-tradekit\/wp-json\/wp\/v2\/pages\/255\/revisions"}],"predecessor-version":[{"id":864,"href":"https:\/\/www.related.dk\/active-tenerife-tradekit\/wp-json\/wp\/v2\/pages\/255\/revisions\/864"}],"up":[{"embeddable":true,"href":"https:\/\/www.related.dk\/active-tenerife-tradekit\/wp-json\/wp\/v2\/pages\/224"}],"wp:attachment":[{"href":"https:\/\/www.related.dk\/active-tenerife-tradekit\/wp-json\/wp\/v2\/media?parent=255"}],"curies":[{"name":"wp","href":"https:\/\/api.w.org\/{rel}","templated":true}]}}