{"id":235,"date":"2020-02-07T16:59:03","date_gmt":"2020-02-07T16:59:03","guid":{"rendered":"http:\/\/www.related.dk\/active-tenerife-tradekit\/?page_id=235"},"modified":"2020-02-07T17:04:15","modified_gmt":"2020-02-07T17:04:15","slug":"cykling-og-mountainbiking","status":"publish","type":"page","link":"https:\/\/www.related.dk\/active-tenerife-tradekit\/aktive-oplevelser\/cykling-og-mountainbiking\/","title":{"rendered":"Cykling &#038; Mountainbiking"},"content":{"rendered":"<div class=\"vce-row-container\"><div class=\"vce-row vce-row--col-gap-30 vce-row-columns--top vce-row-content--top\" id=\"el-1df6a22f\" data-vce-do-apply=\"all el-1df6a22f\"><div class=\"vce-row-content\" data-vce-element-content=\"true\"><div class=\"vce-col\" id=\"el-0c0ec08e\"><div class=\"vce-col-inner\" data-vce-do-apply=\"border margin background  el-0c0ec08e\"><div class=\"vce-col-content\" data-vce-element-content=\"true\" data-vce-do-apply=\"padding el-0c0ec08e\"><section class=\"vce-hero-section-container vce-hero-section-media--xs vce-hero-section-media--sm vce-hero-section-media--md vce-hero-section-media--lg\"><div class=\"vce vce-hero-section vce-hero-section--alignment-start\" id=\"el-9aa03fc1\" data-vce-do-apply=\"margin background border  el-9aa03fc1\"><div class=\"vce-hero-section--wrap-row vce-hero-section--background-position-center-center\" style=\"background-image: url('https:\/\/www.related.dk\/active-tenerife-tradekit\/wp-content\/uploads\/2020\/02\/Active-Experiences-Cycling-1-1.jpg');\"><div class=\"vce-hero-section--wrap\"><div class=\"vce-hero-section--content\" data-vce-do-apply=\"padding el-9aa03fc1\"><div class=\"vce-hero-section--content-container\"><h1><strong>CYKLING &amp; MOUNTAINBIKING<\/strong><\/h1><\/div><\/div><\/div><\/div><\/div><\/section><\/div><\/div><\/div><\/div><\/div><\/div><div class=\"vce-row-container\"><div class=\"vce-row vce-row--col-gap-30 vce-row-columns--top vce-row-content--top\" id=\"el-5322ad8a\" data-vce-do-apply=\"all el-5322ad8a\"><div class=\"vce-row-content\" data-vce-element-content=\"true\"><div class=\"vce-col\" id=\"el-1a8f4d3f\"><div class=\"vce-col-inner\" data-vce-do-apply=\"border margin background  el-1a8f4d3f\"><div class=\"vce-col-content\" data-vce-element-content=\"true\" data-vce-do-apply=\"padding el-1a8f4d3f\"><div class=\"vce-text-block\"><div class=\"vce-text-block-wrapper vce\" id=\"el-79a96b51\" data-vce-do-apply=\"all el-79a96b51\"><h2>Cykling<\/h2><p>Takket v\u00e6re Tenerifes behagelige temperaturer \u00e5ret rundt og store udbud af cykelruter, er \u00f8en et popul\u00e6rt tr\u00e6ningssted for professionelle cyklister. Mange bes\u00f8ger \u00f8en for at tr\u00e6ne til store events som Tour de France, VM og OL. Tenerife har et stort netv\u00e6rk af veje, der er ideelle til cykling \u2013 og mange ligger i omr\u00e5der med meget lidt trafik. Man kan cykle i flere forskellige h\u00f8jder med ruter, der begynder i niveau med havoverfladen og g\u00e5r op til 2.000 meters h\u00f8jde. Man kan endda cykle for foden af vulkanen Teide. Uanset om man er nybegynder eller professionel, er der mange forskellige ruter at v\u00e6lge imellem \u2013 og man er aldrig langt v\u00e6k fra de forn\u00f8denheder, man beh\u00f8ver.<\/p><p><strong>Hvor?<\/strong><br>Der er mange forskellige ruter at v\u00e6lge imellem. En af dem er rute 1, der er 54 km lang og tager omkring tre timer at gennemf\u00f8re. Her cykler man fra havniveau og op til 1.107 meters h\u00f8jde og ruten er derfor for erfarne ryttere. Rute 6 er en cirkul\u00e6r rute, der begynder og slutter i turistomr\u00e5det Costa Adeje. Den 70 km lange rute ligger p\u00e5 den sydlige side af \u00f8en og g\u00e5r b\u00e5de langs kysten og igennem landet, s\u00e5 man vil opleve forskellige typer landskaber. Vil man krydse hele Tenerife, kan man v\u00e6lge rute 4. Her cykler man 75 km langs den nordlige kyst, fra \u00e9t \u201dhj\u00f8rne\u201d til et andet, og det er generelt et ret fladt terr\u00e6n. Turen tager omkring 3 timer og 25 minutter.<\/p><p><a href=\"https:\/\/www.webtenerife.co.uk\/what-to-do\/sports\/land\/cycling\/?tab=1\" target=\"_blank\" rel=\"noopener noreferrer\">L\u00e6s mere om omr\u00e5derne og mulighederne her<\/a><\/p><p><strong>Hvorn\u00e5r?<\/strong><br>Hele \u00e5ret rundt.<\/p><h2>Mountainbiking<\/h2><p>Vil man cykle mountainbike, har \u00f8en mere end 200 km skovstier, der blot venter p\u00e5 at blive udforsket. De fleste stier g\u00e5r hen over de h\u00f8je omr\u00e5der p\u00e5 \u00f8en, s\u00e6rligt Corona Forestal. Rutenetv\u00e6rket best\u00e5r af fire prim\u00e6re ruter, der d\u00e6kker hele \u00f8en, som kan kombineres og justeres som man vil, afh\u00e6ngig af hvilken distance og sv\u00e6rhedsgrad, man foretr\u00e6kker. Der er flere steder, man kan starte og stoppe cykelturen, hvad end man beh\u00f8ver en parkeringsplads til bilen eller kommer med offentlig transport.<\/p><p><strong>Hvor?<\/strong><br>Den l\u00e6ngste rute p\u00e5 \u00f8en er BC-1, der best\u00e5r af i alt 84 kilometer p\u00e5 den prim\u00e6re rute og 53 kilometer tilknyttede ruter. Ruten g\u00e5r langs \u00f8ens nordlige side og g\u00e5r forbi 15 byer og 6 af de beskyttede naturomr\u00e5der. Vil man op i h\u00f8jderne, kan man v\u00e6lge rute BC-5, der b\u00e5de g\u00e5r forbi en af Spaniens h\u00f8jest beliggende byer, Vilaflor, og igennem naturomr\u00e5det La Corona Forestal Nature Preserve. Blandt de kortere ruter er den 6,5 kilometer lange BC-2.<\/p><p><a href=\"https:\/\/www.webtenerife.co.uk\/what-to-do\/sports\/land\/mountain-biking\/?tab=1\" target=\"_blank\" rel=\"noopener noreferrer\">L\u00e6s mere om omr\u00e5derne og mulighederne her<\/a><\/p><p><strong>Hvorn\u00e5r?<\/strong><br>Hele \u00e5ret rundt.<\/p><\/div><\/div><\/div><\/div><\/div><\/div><\/div><\/div><div class=\"vce-row-container\"><div class=\"vce-row vce-row--col-gap-30 vce-row-columns--top vce-row-content--top\" id=\"el-bab90a0e\" data-vce-do-apply=\"all el-bab90a0e\"><div class=\"vce-row-content\" data-vce-element-content=\"true\"><div class=\"vce-col vce-col--md-auto vce-col--xs-1 vce-col--xs-last vce-col--xs-first vce-col--sm-last vce-col--sm-first vce-col--md-first vce-col--lg-first vce-col--xl-first\" id=\"el-25a28469\"><div class=\"vce-col-inner\" data-vce-do-apply=\"border margin background  el-25a28469\"><div class=\"vce-col-content\" data-vce-element-content=\"true\" data-vce-do-apply=\"padding el-25a28469\"><div class=\"vce-single-image-container vce-single-image--align-left\"><div class=\"vce vce-single-image-wrapper\" id=\"el-674b5b9a\" data-vce-do-apply=\"all el-674b5b9a\"><figure><div class=\"vce-single-image-inner vce-single-image--absolute\" style=\"padding-bottom: 58.3333%; width: 600px;\"><img class=\"vce-single-image\" width=\"600\" height=\"350\"src=\"https:\/\/www.related.dk\/active-tenerife-tradekit\/wp-content\/uploads\/2020\/02\/Active-experiences-cycling-1-2-600x350.jpg\" srcset=\"https:\/\/www.related.dk\/active-tenerife-tradekit\/wp-content\/uploads\/2020\/02\/Active-experiences-cycling-1-2-320x187.jpg 320w,https:\/\/www.related.dk\/active-tenerife-tradekit\/wp-content\/uploads\/2020\/02\/Active-experiences-cycling-1-2-480x280.jpg 480w,https:\/\/www.related.dk\/active-tenerife-tradekit\/wp-content\/uploads\/2020\/02\/Active-experiences-cycling-1-2-600x350.jpg 600w\" data-img-src=\"https:\/\/www.related.dk\/active-tenerife-tradekit\/wp-content\/uploads\/2020\/02\/Active-experiences-cycling-1-2.jpg\" alt=\"\" title=\"Active experiences - cycling - 1 (2)\"\/><\/div><\/figure><\/div><\/div><\/div><\/div><\/div><div class=\"vce-col vce-col--md-auto vce-col--xs-1 vce-col--xs-last vce-col--xs-first vce-col--sm-last vce-col--sm-first vce-col--md-last vce-col--lg-last vce-col--xl-last\" id=\"el-d7f726db\"><div class=\"vce-col-inner\" data-vce-do-apply=\"border margin background  el-d7f726db\"><div class=\"vce-col-content\" data-vce-element-content=\"true\" data-vce-do-apply=\"padding el-d7f726db\"><div class=\"vce-single-image-container vce-single-image--align-left\"><div class=\"vce vce-single-image-wrapper\" id=\"el-18559534\" data-vce-do-apply=\"all el-18559534\"><figure><div class=\"vce-single-image-inner vce-single-image--absolute\" style=\"padding-bottom: 58.3333%; width: 600px;\"><img class=\"vce-single-image\" width=\"600\" height=\"350\"src=\"https:\/\/www.related.dk\/active-tenerife-tradekit\/wp-content\/uploads\/2020\/02\/Active-experiences-Cycling-1-vs2-600x350.jpg\" srcset=\"https:\/\/www.related.dk\/active-tenerife-tradekit\/wp-content\/uploads\/2020\/02\/Active-experiences-Cycling-1-vs2-320x187.jpg 320w,https:\/\/www.related.dk\/active-tenerife-tradekit\/wp-content\/uploads\/2020\/02\/Active-experiences-Cycling-1-vs2-480x280.jpg 480w,https:\/\/www.related.dk\/active-tenerife-tradekit\/wp-content\/uploads\/2020\/02\/Active-experiences-Cycling-1-vs2-600x350.jpg 600w\" data-img-src=\"https:\/\/www.related.dk\/active-tenerife-tradekit\/wp-content\/uploads\/2020\/02\/Active-experiences-Cycling-1-vs2.jpg\" alt=\"\" title=\"Active experiences - Cycling - 1 vs2\"\/><\/div><\/figure><\/div><\/div><\/div><\/div><\/div><\/div><\/div><\/div>\n","protected":false},"excerpt":{"rendered":"<p>CYKLING &amp; MOUNTAINBIKINGCyklingTakket v\u00e6re Tenerifes behagelige temperaturer \u00e5ret rundt og store udbud af cykelruter, er \u00f8en et popul\u00e6rt tr\u00e6ningssted for professionelle cyklister. Mange bes\u00f8ger \u00f8en for at tr\u00e6ne til store events som Tour de France, VM og OL. Tenerife har et stort netv\u00e6rk af veje, der er ideelle til cykling \u2013 og mange ligger i &hellip; <\/p>\n<p class=\"link-more\"><a href=\"https:\/\/www.related.dk\/active-tenerife-tradekit\/aktive-oplevelser\/cykling-og-mountainbiking\/\" class=\"more-link\">L\u00e6s videre<span class=\"screen-reader-text\"> &#8220;Cykling &#038; Mountainbiking&#8221;<\/span><\/a><\/p>\n","protected":false},"author":2,"featured_media":0,"parent":224,"menu_order":0,"comment_status":"closed","ping_status":"closed","template":"","meta":[],"yoast_head":"<!-- This site is optimized with the Yoast SEO plugin v20.7 - https:\/\/yoast.com\/wordpress\/plugins\/seo\/ -->\n<title>Cykling &amp; Mountainbiking - Active Tenerife - Tradekit<\/title>\n<meta name=\"robots\" content=\"index, follow, max-snippet:-1, max-image-preview:large, max-video-preview:-1\" \/>\n<link rel=\"canonical\" href=\"https:\/\/www.related.dk\/active-tenerife-tradekit\/aktive-oplevelser\/cykling-og-mountainbiking\/\" \/>\n<meta property=\"og:locale\" content=\"da_DK\" \/>\n<meta property=\"og:type\" content=\"article\" \/>\n<meta property=\"og:title\" content=\"Cykling &amp; Mountainbiking - Active Tenerife - Tradekit\" \/>\n<meta property=\"og:description\" content=\"CYKLING &amp; MOUNTAINBIKINGCyklingTakket v\u00e6re Tenerifes behagelige temperaturer \u00e5ret rundt og store udbud af cykelruter, er \u00f8en et popul\u00e6rt tr\u00e6ningssted for professionelle cyklister. Mange bes\u00f8ger \u00f8en for at tr\u00e6ne til store events som Tour de France, VM og OL. Tenerife har et stort netv\u00e6rk af veje, der er ideelle til cykling \u2013 og mange ligger i &hellip; L\u00e6s videre &quot;Cykling &#038; Mountainbiking&quot;\" \/>\n<meta property=\"og:url\" content=\"https:\/\/www.related.dk\/active-tenerife-tradekit\/aktive-oplevelser\/cykling-og-mountainbiking\/\" \/>\n<meta property=\"og:site_name\" content=\"Active Tenerife - Tradekit\" \/>\n<meta property=\"article:modified_time\" content=\"2020-02-07T17:04:15+00:00\" \/>\n<meta name=\"twitter:card\" content=\"summary_large_image\" \/>\n<meta name=\"twitter:label1\" content=\"Estimeret l\u00e6setid\" \/>\n\t<meta name=\"twitter:data1\" content=\"2 minutter\" \/>\n<script type=\"application\/ld+json\" class=\"yoast-schema-graph\">{\"@context\":\"https:\/\/schema.org\",\"@graph\":[{\"@type\":\"WebPage\",\"@id\":\"https:\/\/www.related.dk\/active-tenerife-tradekit\/aktive-oplevelser\/cykling-og-mountainbiking\/\",\"url\":\"https:\/\/www.related.dk\/active-tenerife-tradekit\/aktive-oplevelser\/cykling-og-mountainbiking\/\",\"name\":\"Cykling & Mountainbiking - Active Tenerife - Tradekit\",\"isPartOf\":{\"@id\":\"https:\/\/www.related.dk\/active-tenerife-tradekit\/#website\"},\"datePublished\":\"2020-02-07T16:59:03+00:00\",\"dateModified\":\"2020-02-07T17:04:15+00:00\",\"breadcrumb\":{\"@id\":\"https:\/\/www.related.dk\/active-tenerife-tradekit\/aktive-oplevelser\/cykling-og-mountainbiking\/#breadcrumb\"},\"inLanguage\":\"da-DK\",\"potentialAction\":[{\"@type\":\"ReadAction\",\"target\":[\"https:\/\/www.related.dk\/active-tenerife-tradekit\/aktive-oplevelser\/cykling-og-mountainbiking\/\"]}]},{\"@type\":\"BreadcrumbList\",\"@id\":\"https:\/\/www.related.dk\/active-tenerife-tradekit\/aktive-oplevelser\/cykling-og-mountainbiking\/#breadcrumb\",\"itemListElement\":[{\"@type\":\"ListItem\",\"position\":1,\"name\":\"Home\",\"item\":\"https:\/\/www.related.dk\/active-tenerife-tradekit\/\"},{\"@type\":\"ListItem\",\"position\":2,\"name\":\"Aktive oplevelser\",\"item\":\"https:\/\/www.related.dk\/active-tenerife-tradekit\/aktive-oplevelser\/\"},{\"@type\":\"ListItem\",\"position\":3,\"name\":\"Cykling &#038; Mountainbiking\"}]},{\"@type\":\"WebSite\",\"@id\":\"https:\/\/www.related.dk\/active-tenerife-tradekit\/#website\",\"url\":\"https:\/\/www.related.dk\/active-tenerife-tradekit\/\",\"name\":\"Active Tenerife - Tradekit\",\"description\":\"\",\"potentialAction\":[{\"@type\":\"SearchAction\",\"target\":{\"@type\":\"EntryPoint\",\"urlTemplate\":\"https:\/\/www.related.dk\/active-tenerife-tradekit\/?s={search_term_string}\"},\"query-input\":\"required name=search_term_string\"}],\"inLanguage\":\"da-DK\"}]}<\/script>\n<!-- \/ Yoast SEO plugin. -->","yoast_head_json":{"title":"Cykling & Mountainbiking - Active Tenerife - Tradekit","robots":{"index":"index","follow":"follow","max-snippet":"max-snippet:-1","max-image-preview":"max-image-preview:large","max-video-preview":"max-video-preview:-1"},"canonical":"https:\/\/www.related.dk\/active-tenerife-tradekit\/aktive-oplevelser\/cykling-og-mountainbiking\/","og_locale":"da_DK","og_type":"article","og_title":"Cykling & Mountainbiking - Active Tenerife - Tradekit","og_description":"CYKLING &amp; MOUNTAINBIKINGCyklingTakket v\u00e6re Tenerifes behagelige temperaturer \u00e5ret rundt og store udbud af cykelruter, er \u00f8en et popul\u00e6rt tr\u00e6ningssted for professionelle cyklister. Mange bes\u00f8ger \u00f8en for at tr\u00e6ne til store events som Tour de France, VM og OL. Tenerife har et stort netv\u00e6rk af veje, der er ideelle til cykling \u2013 og mange ligger i &hellip; L\u00e6s videre \"Cykling &#038; Mountainbiking\"","og_url":"https:\/\/www.related.dk\/active-tenerife-tradekit\/aktive-oplevelser\/cykling-og-mountainbiking\/","og_site_name":"Active Tenerife - Tradekit","article_modified_time":"2020-02-07T17:04:15+00:00","twitter_card":"summary_large_image","twitter_misc":{"Estimeret l\u00e6setid":"2 minutter"},"schema":{"@context":"https:\/\/schema.org","@graph":[{"@type":"WebPage","@id":"https:\/\/www.related.dk\/active-tenerife-tradekit\/aktive-oplevelser\/cykling-og-mountainbiking\/","url":"https:\/\/www.related.dk\/active-tenerife-tradekit\/aktive-oplevelser\/cykling-og-mountainbiking\/","name":"Cykling & Mountainbiking - Active Tenerife - Tradekit","isPartOf":{"@id":"https:\/\/www.related.dk\/active-tenerife-tradekit\/#website"},"datePublished":"2020-02-07T16:59:03+00:00","dateModified":"2020-02-07T17:04:15+00:00","breadcrumb":{"@id":"https:\/\/www.related.dk\/active-tenerife-tradekit\/aktive-oplevelser\/cykling-og-mountainbiking\/#breadcrumb"},"inLanguage":"da-DK","potentialAction":[{"@type":"ReadAction","target":["https:\/\/www.related.dk\/active-tenerife-tradekit\/aktive-oplevelser\/cykling-og-mountainbiking\/"]}]},{"@type":"BreadcrumbList","@id":"https:\/\/www.related.dk\/active-tenerife-tradekit\/aktive-oplevelser\/cykling-og-mountainbiking\/#breadcrumb","itemListElement":[{"@type":"ListItem","position":1,"name":"Home","item":"https:\/\/www.related.dk\/active-tenerife-tradekit\/"},{"@type":"ListItem","position":2,"name":"Aktive oplevelser","item":"https:\/\/www.related.dk\/active-tenerife-tradekit\/aktive-oplevelser\/"},{"@type":"ListItem","position":3,"name":"Cykling &#038; Mountainbiking"}]},{"@type":"WebSite","@id":"https:\/\/www.related.dk\/active-tenerife-tradekit\/#website","url":"https:\/\/www.related.dk\/active-tenerife-tradekit\/","name":"Active Tenerife - Tradekit","description":"","potentialAction":[{"@type":"SearchAction","target":{"@type":"EntryPoint","urlTemplate":"https:\/\/www.related.dk\/active-tenerife-tradekit\/?s={search_term_string}"},"query-input":"required name=search_term_string"}],"inLanguage":"da-DK"}]}},"_links":{"self":[{"href":"https:\/\/www.related.dk\/active-tenerife-tradekit\/wp-json\/wp\/v2\/pages\/235"}],"collection":[{"href":"https:\/\/www.related.dk\/active-tenerife-tradekit\/wp-json\/wp\/v2\/pages"}],"about":[{"href":"https:\/\/www.related.dk\/active-tenerife-tradekit\/wp-json\/wp\/v2\/types\/page"}],"author":[{"embeddable":true,"href":"https:\/\/www.related.dk\/active-tenerife-tradekit\/wp-json\/wp\/v2\/users\/2"}],"replies":[{"embeddable":true,"href":"https:\/\/www.related.dk\/active-tenerife-tradekit\/wp-json\/wp\/v2\/comments?post=235"}],"version-history":[{"count":3,"href":"https:\/\/www.related.dk\/active-tenerife-tradekit\/wp-json\/wp\/v2\/pages\/235\/revisions"}],"predecessor-version":[{"id":254,"href":"https:\/\/www.related.dk\/active-tenerife-tradekit\/wp-json\/wp\/v2\/pages\/235\/revisions\/254"}],"up":[{"embeddable":true,"href":"https:\/\/www.related.dk\/active-tenerife-tradekit\/wp-json\/wp\/v2\/pages\/224"}],"wp:attachment":[{"href":"https:\/\/www.related.dk\/active-tenerife-tradekit\/wp-json\/wp\/v2\/media?parent=235"}],"curies":[{"name":"wp","href":"https:\/\/api.w.org\/{rel}","templated":true}]}}