{"id":130,"date":"2020-02-07T10:34:42","date_gmt":"2020-02-07T10:34:42","guid":{"rendered":"http:\/\/www.related.dk\/active-tenerife-tradekit\/?page_id=130"},"modified":"2020-02-11T11:54:40","modified_gmt":"2020-02-11T11:54:40","slug":"godt-at-vide","status":"publish","type":"page","link":"https:\/\/www.related.dk\/active-tenerife-tradekit\/om-tenerife\/godt-at-vide\/","title":{"rendered":"Godt at vide"},"content":{"rendered":"<div class=\"vce-row-container\"><div class=\"vce-row vce-row--col-gap-30 vce-row-columns--top vce-row-content--top\" id=\"el-424e2c9a\" data-vce-do-apply=\"all el-424e2c9a\"><div class=\"vce-row-content\" data-vce-element-content=\"true\"><div class=\"vce-col\" id=\"el-1aad1e19\"><div class=\"vce-col-inner\" data-vce-do-apply=\"border margin background  el-1aad1e19\"><div class=\"vce-col-content\" data-vce-element-content=\"true\" data-vce-do-apply=\"padding el-1aad1e19\"><section class=\"vce-hero-section-container vce-hero-section-media--xs vce-hero-section-media--sm vce-hero-section-media--md vce-hero-section-media--lg\"><div class=\"vce vce-hero-section vce-hero-section--alignment-start\" id=\"el-66cd0e01\" data-vce-do-apply=\"margin background border  el-66cd0e01\"><div class=\"vce-hero-section--wrap-row vce-hero-section--background-position-center-center\" style=\"background-image: url('https:\/\/www.related.dk\/active-tenerife-tradekit\/wp-content\/uploads\/2020\/02\/About-Tenerife-Good-to-know-5-VS2.jpg');\"><div class=\"vce-hero-section--wrap\"><div class=\"vce-hero-section--content\" data-vce-do-apply=\"padding el-66cd0e01\"><div class=\"vce-hero-section--content-container\"><h1><strong>GODT AT VIDE<\/strong><\/h1><\/div><\/div><\/div><\/div><\/div><\/section><\/div><\/div><\/div><\/div><\/div><\/div><div class=\"vce-row-container\"><div class=\"vce-row vce-row--col-gap-30 vce-row-columns--top vce-row-content--top\" id=\"el-931a4008\" data-vce-do-apply=\"all el-931a4008\"><div class=\"vce-row-content\" data-vce-element-content=\"true\"><div class=\"vce-col\" id=\"el-cdbf9187\"><div class=\"vce-col-inner\" data-vce-do-apply=\"border margin background  el-cdbf9187\"><div class=\"vce-col-content\" data-vce-element-content=\"true\" data-vce-do-apply=\"padding el-cdbf9187\"><div class=\"vce-text-block\"><div class=\"vce-text-block-wrapper vce\" id=\"el-b1462d85\" data-vce-do-apply=\"all el-b1462d85\"><p><strong>Betaling<\/strong><br>P\u00e5 Tenerife anvendes euro. De fleste butikker og restauranter accepterer forskellige typer kreditkort, typisk med et minimumsbel\u00f8b p\u00e5 6 euro.<\/p>\n<p><strong>Sygdom<\/strong><br>EU-indbyggere har ret til gratis medicinsk behandling og indl\u00e6ggelse p\u00e5 ferien, hvilket man kan g\u00f8re brug af p\u00e5 Tenerifes offentlige sundhedscentre. Det kr\u00e6ver et europ\u00e6isk sygesikringskort, som man skal ans\u00f8ge om og medbringe hjemmefra.<\/p>\n<p><strong>Moms<\/strong><br>Som p\u00e5 de \u00f8vrige Kanarie\u00f8er er der ikke moms i Tenerife, hvilket g\u00f8r, at du kan bede om at f\u00e5 det tilbagebetalt.<\/p>\n<p><strong>Tidsforskel<\/strong><br>N\u00e5r du ankommer fra Danmark, skal du s\u00e6tte uret en time tilbage.<\/p>\n<p><strong>Temperatur<\/strong><br>Gennemsnitstemperaturen p\u00e5 \u00f8en er 23 grader (varierer mellem 17 og 25 grader), men temperaturen kan skifte inden for bare f\u00e5 kilometer, hvilket er v\u00e6rd at have in mente, n\u00e5r man bes\u00f8ger \u00f8en. De pludselige temperaturskift skyldes mikroklimaet, der p\u00e5virkes af passatvindene og bjergene.<\/p>\n<p><strong>Drikkepenge<\/strong><br>P\u00e5 Tenerife anses det ikke som uh\u00f8fligt, hvis man ikke efterlader drikkepenge. Det er noget, man frivilligt giver, n\u00e5r betjeningen har v\u00e6ret god. P\u00e5 barer og restauranter giver man typisk 5-10 % i drikkepenge, afh\u00e6ngig af regningens st\u00f8rrelse. I taxier er det normalt at runde op til n\u00e6rmeste hele tal som en form for drikkepenge.<\/p><\/div><\/div><\/div><\/div><\/div><\/div><\/div><\/div>\n","protected":false},"excerpt":{"rendered":"<p>GODT AT VIDEBetalingP\u00e5 Tenerife anvendes euro. De fleste butikker og restauranter accepterer forskellige typer kreditkort, typisk med et minimumsbel\u00f8b p\u00e5 6 euro. SygdomEU-indbyggere har ret til gratis medicinsk behandling og indl\u00e6ggelse p\u00e5 ferien, hvilket man kan g\u00f8re brug af p\u00e5 Tenerifes offentlige sundhedscentre. Det kr\u00e6ver et europ\u00e6isk sygesikringskort, som man skal ans\u00f8ge om og medbringe &hellip; <\/p>\n<p class=\"link-more\"><a href=\"https:\/\/www.related.dk\/active-tenerife-tradekit\/om-tenerife\/godt-at-vide\/\" class=\"more-link\">L\u00e6s videre<span class=\"screen-reader-text\"> &#8220;Godt at vide&#8221;<\/span><\/a><\/p>\n","protected":false},"author":2,"featured_media":0,"parent":156,"menu_order":0,"comment_status":"closed","ping_status":"closed","template":"","meta":[],"yoast_head":"<!-- This site is optimized with the Yoast SEO plugin v20.7 - https:\/\/yoast.com\/wordpress\/plugins\/seo\/ -->\n<title>Godt at vide - Active Tenerife - Tradekit<\/title>\n<meta name=\"robots\" content=\"index, follow, max-snippet:-1, max-image-preview:large, max-video-preview:-1\" \/>\n<link rel=\"canonical\" href=\"https:\/\/www.related.dk\/active-tenerife-tradekit\/om-tenerife\/godt-at-vide\/\" \/>\n<meta property=\"og:locale\" content=\"da_DK\" \/>\n<meta property=\"og:type\" content=\"article\" \/>\n<meta property=\"og:title\" content=\"Godt at vide - Active Tenerife - Tradekit\" \/>\n<meta property=\"og:description\" content=\"GODT AT VIDEBetalingP\u00e5 Tenerife anvendes euro. De fleste butikker og restauranter accepterer forskellige typer kreditkort, typisk med et minimumsbel\u00f8b p\u00e5 6 euro. SygdomEU-indbyggere har ret til gratis medicinsk behandling og indl\u00e6ggelse p\u00e5 ferien, hvilket man kan g\u00f8re brug af p\u00e5 Tenerifes offentlige sundhedscentre. Det kr\u00e6ver et europ\u00e6isk sygesikringskort, som man skal ans\u00f8ge om og medbringe &hellip; L\u00e6s videre &quot;Godt at vide&quot;\" \/>\n<meta property=\"og:url\" content=\"https:\/\/www.related.dk\/active-tenerife-tradekit\/om-tenerife\/godt-at-vide\/\" \/>\n<meta property=\"og:site_name\" content=\"Active Tenerife - Tradekit\" \/>\n<meta property=\"article:modified_time\" content=\"2020-02-11T11:54:40+00:00\" \/>\n<meta name=\"twitter:card\" content=\"summary_large_image\" \/>\n<meta name=\"twitter:label1\" content=\"Estimeret l\u00e6setid\" \/>\n\t<meta name=\"twitter:data1\" content=\"1 minut\" \/>\n<script type=\"application\/ld+json\" class=\"yoast-schema-graph\">{\"@context\":\"https:\/\/schema.org\",\"@graph\":[{\"@type\":\"WebPage\",\"@id\":\"https:\/\/www.related.dk\/active-tenerife-tradekit\/om-tenerife\/godt-at-vide\/\",\"url\":\"https:\/\/www.related.dk\/active-tenerife-tradekit\/om-tenerife\/godt-at-vide\/\",\"name\":\"Godt at vide - Active Tenerife - Tradekit\",\"isPartOf\":{\"@id\":\"https:\/\/www.related.dk\/active-tenerife-tradekit\/#website\"},\"datePublished\":\"2020-02-07T10:34:42+00:00\",\"dateModified\":\"2020-02-11T11:54:40+00:00\",\"breadcrumb\":{\"@id\":\"https:\/\/www.related.dk\/active-tenerife-tradekit\/om-tenerife\/godt-at-vide\/#breadcrumb\"},\"inLanguage\":\"da-DK\",\"potentialAction\":[{\"@type\":\"ReadAction\",\"target\":[\"https:\/\/www.related.dk\/active-tenerife-tradekit\/om-tenerife\/godt-at-vide\/\"]}]},{\"@type\":\"BreadcrumbList\",\"@id\":\"https:\/\/www.related.dk\/active-tenerife-tradekit\/om-tenerife\/godt-at-vide\/#breadcrumb\",\"itemListElement\":[{\"@type\":\"ListItem\",\"position\":1,\"name\":\"Home\",\"item\":\"https:\/\/www.related.dk\/active-tenerife-tradekit\/\"},{\"@type\":\"ListItem\",\"position\":2,\"name\":\"Om Tenerife\",\"item\":\"https:\/\/www.related.dk\/active-tenerife-tradekit\/om-tenerife\/\"},{\"@type\":\"ListItem\",\"position\":3,\"name\":\"Godt at vide\"}]},{\"@type\":\"WebSite\",\"@id\":\"https:\/\/www.related.dk\/active-tenerife-tradekit\/#website\",\"url\":\"https:\/\/www.related.dk\/active-tenerife-tradekit\/\",\"name\":\"Active Tenerife - Tradekit\",\"description\":\"\",\"potentialAction\":[{\"@type\":\"SearchAction\",\"target\":{\"@type\":\"EntryPoint\",\"urlTemplate\":\"https:\/\/www.related.dk\/active-tenerife-tradekit\/?s={search_term_string}\"},\"query-input\":\"required name=search_term_string\"}],\"inLanguage\":\"da-DK\"}]}<\/script>\n<!-- \/ Yoast SEO plugin. -->","yoast_head_json":{"title":"Godt at vide - Active Tenerife - Tradekit","robots":{"index":"index","follow":"follow","max-snippet":"max-snippet:-1","max-image-preview":"max-image-preview:large","max-video-preview":"max-video-preview:-1"},"canonical":"https:\/\/www.related.dk\/active-tenerife-tradekit\/om-tenerife\/godt-at-vide\/","og_locale":"da_DK","og_type":"article","og_title":"Godt at vide - Active Tenerife - Tradekit","og_description":"GODT AT VIDEBetalingP\u00e5 Tenerife anvendes euro. De fleste butikker og restauranter accepterer forskellige typer kreditkort, typisk med et minimumsbel\u00f8b p\u00e5 6 euro. SygdomEU-indbyggere har ret til gratis medicinsk behandling og indl\u00e6ggelse p\u00e5 ferien, hvilket man kan g\u00f8re brug af p\u00e5 Tenerifes offentlige sundhedscentre. Det kr\u00e6ver et europ\u00e6isk sygesikringskort, som man skal ans\u00f8ge om og medbringe &hellip; L\u00e6s videre \"Godt at vide\"","og_url":"https:\/\/www.related.dk\/active-tenerife-tradekit\/om-tenerife\/godt-at-vide\/","og_site_name":"Active Tenerife - Tradekit","article_modified_time":"2020-02-11T11:54:40+00:00","twitter_card":"summary_large_image","twitter_misc":{"Estimeret l\u00e6setid":"1 minut"},"schema":{"@context":"https:\/\/schema.org","@graph":[{"@type":"WebPage","@id":"https:\/\/www.related.dk\/active-tenerife-tradekit\/om-tenerife\/godt-at-vide\/","url":"https:\/\/www.related.dk\/active-tenerife-tradekit\/om-tenerife\/godt-at-vide\/","name":"Godt at vide - Active Tenerife - Tradekit","isPartOf":{"@id":"https:\/\/www.related.dk\/active-tenerife-tradekit\/#website"},"datePublished":"2020-02-07T10:34:42+00:00","dateModified":"2020-02-11T11:54:40+00:00","breadcrumb":{"@id":"https:\/\/www.related.dk\/active-tenerife-tradekit\/om-tenerife\/godt-at-vide\/#breadcrumb"},"inLanguage":"da-DK","potentialAction":[{"@type":"ReadAction","target":["https:\/\/www.related.dk\/active-tenerife-tradekit\/om-tenerife\/godt-at-vide\/"]}]},{"@type":"BreadcrumbList","@id":"https:\/\/www.related.dk\/active-tenerife-tradekit\/om-tenerife\/godt-at-vide\/#breadcrumb","itemListElement":[{"@type":"ListItem","position":1,"name":"Home","item":"https:\/\/www.related.dk\/active-tenerife-tradekit\/"},{"@type":"ListItem","position":2,"name":"Om Tenerife","item":"https:\/\/www.related.dk\/active-tenerife-tradekit\/om-tenerife\/"},{"@type":"ListItem","position":3,"name":"Godt at vide"}]},{"@type":"WebSite","@id":"https:\/\/www.related.dk\/active-tenerife-tradekit\/#website","url":"https:\/\/www.related.dk\/active-tenerife-tradekit\/","name":"Active Tenerife - Tradekit","description":"","potentialAction":[{"@type":"SearchAction","target":{"@type":"EntryPoint","urlTemplate":"https:\/\/www.related.dk\/active-tenerife-tradekit\/?s={search_term_string}"},"query-input":"required name=search_term_string"}],"inLanguage":"da-DK"}]}},"_links":{"self":[{"href":"https:\/\/www.related.dk\/active-tenerife-tradekit\/wp-json\/wp\/v2\/pages\/130"}],"collection":[{"href":"https:\/\/www.related.dk\/active-tenerife-tradekit\/wp-json\/wp\/v2\/pages"}],"about":[{"href":"https:\/\/www.related.dk\/active-tenerife-tradekit\/wp-json\/wp\/v2\/types\/page"}],"author":[{"embeddable":true,"href":"https:\/\/www.related.dk\/active-tenerife-tradekit\/wp-json\/wp\/v2\/users\/2"}],"replies":[{"embeddable":true,"href":"https:\/\/www.related.dk\/active-tenerife-tradekit\/wp-json\/wp\/v2\/comments?post=130"}],"version-history":[{"count":3,"href":"https:\/\/www.related.dk\/active-tenerife-tradekit\/wp-json\/wp\/v2\/pages\/130\/revisions"}],"predecessor-version":[{"id":869,"href":"https:\/\/www.related.dk\/active-tenerife-tradekit\/wp-json\/wp\/v2\/pages\/130\/revisions\/869"}],"up":[{"embeddable":true,"href":"https:\/\/www.related.dk\/active-tenerife-tradekit\/wp-json\/wp\/v2\/pages\/156"}],"wp:attachment":[{"href":"https:\/\/www.related.dk\/active-tenerife-tradekit\/wp-json\/wp\/v2\/media?parent=130"}],"curies":[{"name":"wp","href":"https:\/\/api.w.org\/{rel}","templated":true}]}}