{"id":118,"date":"2020-02-07T10:21:43","date_gmt":"2020-02-07T10:21:43","guid":{"rendered":"http:\/\/www.related.dk\/active-tenerife-tradekit\/?page_id=118"},"modified":"2020-02-07T11:02:33","modified_gmt":"2020-02-07T11:02:33","slug":"fly-til-tenerife","status":"publish","type":"page","link":"https:\/\/www.related.dk\/active-tenerife-tradekit\/om-tenerife\/fly-til-tenerife\/","title":{"rendered":"Fly til Tenerife"},"content":{"rendered":"<div class=\"vce-row-container\"><div class=\"vce-row vce-row--col-gap-30 vce-row-columns--top vce-row-content--top\" id=\"el-28917c33\" data-vce-do-apply=\"all el-28917c33\"><div class=\"vce-row-content\" data-vce-element-content=\"true\"><div class=\"vce-col\" id=\"el-5f4edea6\"><div class=\"vce-col-inner\" data-vce-do-apply=\"border margin background  el-5f4edea6\"><div class=\"vce-col-content\" data-vce-element-content=\"true\" data-vce-do-apply=\"padding el-5f4edea6\"><section class=\"vce-hero-section-container vce-hero-section-media--xs vce-hero-section-media--sm vce-hero-section-media--md vce-hero-section-media--lg\"><div class=\"vce vce-hero-section vce-hero-section--alignment-start\" id=\"el-8d39b593\" data-vce-do-apply=\"margin background border  el-8d39b593\"><div class=\"vce-hero-section--wrap-row vce-hero-section--background-position-center-center\" style=\"background-image: url('https:\/\/www.related.dk\/active-tenerife-tradekit\/wp-content\/uploads\/2020\/02\/About-Tenerife-Transportation-4.jpg');\"><div class=\"vce-hero-section--wrap\"><div class=\"vce-hero-section--content\" data-vce-do-apply=\"padding el-8d39b593\"><div class=\"vce-hero-section--content-container\"><h1><strong>FLY TIL TENERIFE<\/strong><\/h1><\/div><\/div><\/div><\/div><\/div><\/section><\/div><\/div><\/div><\/div><\/div><\/div><div class=\"vce-row-container\"><div class=\"vce-row vce-row--col-gap-30 vce-row-columns--top vce-row-content--top\" id=\"el-f0fde5bf\" data-vce-do-apply=\"all el-f0fde5bf\"><div class=\"vce-row-content\" data-vce-element-content=\"true\"><div class=\"vce-col\" id=\"el-f8df2ae3\"><div class=\"vce-col-inner\" data-vce-do-apply=\"border margin background  el-f8df2ae3\"><div class=\"vce-col-content\" data-vce-element-content=\"true\" data-vce-do-apply=\"padding el-f8df2ae3\"><div class=\"vce-text-block\"><div class=\"vce-text-block-wrapper vce\" id=\"el-0c6eb2ec\" data-vce-do-apply=\"all el-0c6eb2ec\"><p>SAS og Norwegian har direkte fly fra K\u00f8benhavn til det sydlige Tenerife. Flyvetiden er omkring 5-5\u00bd timer.<\/p><p>Tenerife South-Reina Sof\u00eda ligger i Granadilla de Abona p\u00e5 den sydlige del af \u00f8en og er den st\u00f8rste af de to lufthavne p\u00e5 Tenerife. Det er Spaniens mest trafikerede lufthavn med mere end 150 flyselskaber, der flyver b\u00e5de udenrigs, indenrigs og mellem \u00f8erne. Lufthavnen har n\u00e6sten 9 millioner passagerer \u00e5rligt. Den ligger n\u00e6r turistomr\u00e5derne p\u00e5 sydkysten og kan tilg\u00e5s via TF-1-motorvejen.<\/p><p>Los Rodeos-Tenerife North har prim\u00e6rt indenrigsfly og fly mellem \u00f8erne og har 15 flyselskaber tilknyttet. Denne lufthavn ligger p\u00e5 den nordlige del af \u00f8en i omr\u00e5det La Laguna, der ligger omkring 10 km fra hovedstaden Santa Cruz de Tenerife. Her er omkring 4 millioner passagerer \u00e5rligt og man kommer hertil via TF-5-motorvejen. <\/p><\/div><\/div><\/div><\/div><\/div><\/div><\/div><\/div>\n","protected":false},"excerpt":{"rendered":"<p>FLY TIL TENERIFESAS og Norwegian har direkte fly fra K\u00f8benhavn til det sydlige Tenerife. Flyvetiden er omkring 5-5\u00bd timer.Tenerife South-Reina Sof\u00eda ligger i Granadilla de Abona p\u00e5 den sydlige del af \u00f8en og er den st\u00f8rste af de to lufthavne p\u00e5 Tenerife. Det er Spaniens mest trafikerede lufthavn med mere end 150 flyselskaber, der flyver &hellip; <\/p>\n<p class=\"link-more\"><a href=\"https:\/\/www.related.dk\/active-tenerife-tradekit\/om-tenerife\/fly-til-tenerife\/\" class=\"more-link\">L\u00e6s videre<span class=\"screen-reader-text\"> &#8220;Fly til Tenerife&#8221;<\/span><\/a><\/p>\n","protected":false},"author":2,"featured_media":0,"parent":156,"menu_order":0,"comment_status":"closed","ping_status":"closed","template":"","meta":[],"yoast_head":"<!-- This site is optimized with the Yoast SEO plugin v20.7 - https:\/\/yoast.com\/wordpress\/plugins\/seo\/ -->\n<title>Fly til Tenerife - Active Tenerife - Tradekit<\/title>\n<meta name=\"robots\" content=\"index, follow, max-snippet:-1, max-image-preview:large, max-video-preview:-1\" \/>\n<link rel=\"canonical\" href=\"https:\/\/www.related.dk\/active-tenerife-tradekit\/om-tenerife\/fly-til-tenerife\/\" \/>\n<meta property=\"og:locale\" content=\"da_DK\" \/>\n<meta property=\"og:type\" content=\"article\" \/>\n<meta property=\"og:title\" content=\"Fly til Tenerife - Active Tenerife - Tradekit\" \/>\n<meta property=\"og:description\" content=\"FLY TIL TENERIFESAS og Norwegian har direkte fly fra K\u00f8benhavn til det sydlige Tenerife. Flyvetiden er omkring 5-5\u00bd timer.Tenerife South-Reina Sof\u00eda ligger i Granadilla de Abona p\u00e5 den sydlige del af \u00f8en og er den st\u00f8rste af de to lufthavne p\u00e5 Tenerife. Det er Spaniens mest trafikerede lufthavn med mere end 150 flyselskaber, der flyver &hellip; L\u00e6s videre &quot;Fly til Tenerife&quot;\" \/>\n<meta property=\"og:url\" content=\"https:\/\/www.related.dk\/active-tenerife-tradekit\/om-tenerife\/fly-til-tenerife\/\" \/>\n<meta property=\"og:site_name\" content=\"Active Tenerife - Tradekit\" \/>\n<meta property=\"article:modified_time\" content=\"2020-02-07T11:02:33+00:00\" \/>\n<meta name=\"twitter:card\" content=\"summary_large_image\" \/>\n<meta name=\"twitter:label1\" content=\"Estimeret l\u00e6setid\" \/>\n\t<meta name=\"twitter:data1\" content=\"1 minut\" \/>\n<script type=\"application\/ld+json\" class=\"yoast-schema-graph\">{\"@context\":\"https:\/\/schema.org\",\"@graph\":[{\"@type\":\"WebPage\",\"@id\":\"https:\/\/www.related.dk\/active-tenerife-tradekit\/om-tenerife\/fly-til-tenerife\/\",\"url\":\"https:\/\/www.related.dk\/active-tenerife-tradekit\/om-tenerife\/fly-til-tenerife\/\",\"name\":\"Fly til Tenerife - Active Tenerife - Tradekit\",\"isPartOf\":{\"@id\":\"https:\/\/www.related.dk\/active-tenerife-tradekit\/#website\"},\"datePublished\":\"2020-02-07T10:21:43+00:00\",\"dateModified\":\"2020-02-07T11:02:33+00:00\",\"breadcrumb\":{\"@id\":\"https:\/\/www.related.dk\/active-tenerife-tradekit\/om-tenerife\/fly-til-tenerife\/#breadcrumb\"},\"inLanguage\":\"da-DK\",\"potentialAction\":[{\"@type\":\"ReadAction\",\"target\":[\"https:\/\/www.related.dk\/active-tenerife-tradekit\/om-tenerife\/fly-til-tenerife\/\"]}]},{\"@type\":\"BreadcrumbList\",\"@id\":\"https:\/\/www.related.dk\/active-tenerife-tradekit\/om-tenerife\/fly-til-tenerife\/#breadcrumb\",\"itemListElement\":[{\"@type\":\"ListItem\",\"position\":1,\"name\":\"Home\",\"item\":\"https:\/\/www.related.dk\/active-tenerife-tradekit\/\"},{\"@type\":\"ListItem\",\"position\":2,\"name\":\"Om Tenerife\",\"item\":\"https:\/\/www.related.dk\/active-tenerife-tradekit\/om-tenerife\/\"},{\"@type\":\"ListItem\",\"position\":3,\"name\":\"Fly til Tenerife\"}]},{\"@type\":\"WebSite\",\"@id\":\"https:\/\/www.related.dk\/active-tenerife-tradekit\/#website\",\"url\":\"https:\/\/www.related.dk\/active-tenerife-tradekit\/\",\"name\":\"Active Tenerife - Tradekit\",\"description\":\"\",\"potentialAction\":[{\"@type\":\"SearchAction\",\"target\":{\"@type\":\"EntryPoint\",\"urlTemplate\":\"https:\/\/www.related.dk\/active-tenerife-tradekit\/?s={search_term_string}\"},\"query-input\":\"required name=search_term_string\"}],\"inLanguage\":\"da-DK\"}]}<\/script>\n<!-- \/ Yoast SEO plugin. -->","yoast_head_json":{"title":"Fly til Tenerife - Active Tenerife - Tradekit","robots":{"index":"index","follow":"follow","max-snippet":"max-snippet:-1","max-image-preview":"max-image-preview:large","max-video-preview":"max-video-preview:-1"},"canonical":"https:\/\/www.related.dk\/active-tenerife-tradekit\/om-tenerife\/fly-til-tenerife\/","og_locale":"da_DK","og_type":"article","og_title":"Fly til Tenerife - Active Tenerife - Tradekit","og_description":"FLY TIL TENERIFESAS og Norwegian har direkte fly fra K\u00f8benhavn til det sydlige Tenerife. Flyvetiden er omkring 5-5\u00bd timer.Tenerife South-Reina Sof\u00eda ligger i Granadilla de Abona p\u00e5 den sydlige del af \u00f8en og er den st\u00f8rste af de to lufthavne p\u00e5 Tenerife. Det er Spaniens mest trafikerede lufthavn med mere end 150 flyselskaber, der flyver &hellip; L\u00e6s videre \"Fly til Tenerife\"","og_url":"https:\/\/www.related.dk\/active-tenerife-tradekit\/om-tenerife\/fly-til-tenerife\/","og_site_name":"Active Tenerife - Tradekit","article_modified_time":"2020-02-07T11:02:33+00:00","twitter_card":"summary_large_image","twitter_misc":{"Estimeret l\u00e6setid":"1 minut"},"schema":{"@context":"https:\/\/schema.org","@graph":[{"@type":"WebPage","@id":"https:\/\/www.related.dk\/active-tenerife-tradekit\/om-tenerife\/fly-til-tenerife\/","url":"https:\/\/www.related.dk\/active-tenerife-tradekit\/om-tenerife\/fly-til-tenerife\/","name":"Fly til Tenerife - Active Tenerife - Tradekit","isPartOf":{"@id":"https:\/\/www.related.dk\/active-tenerife-tradekit\/#website"},"datePublished":"2020-02-07T10:21:43+00:00","dateModified":"2020-02-07T11:02:33+00:00","breadcrumb":{"@id":"https:\/\/www.related.dk\/active-tenerife-tradekit\/om-tenerife\/fly-til-tenerife\/#breadcrumb"},"inLanguage":"da-DK","potentialAction":[{"@type":"ReadAction","target":["https:\/\/www.related.dk\/active-tenerife-tradekit\/om-tenerife\/fly-til-tenerife\/"]}]},{"@type":"BreadcrumbList","@id":"https:\/\/www.related.dk\/active-tenerife-tradekit\/om-tenerife\/fly-til-tenerife\/#breadcrumb","itemListElement":[{"@type":"ListItem","position":1,"name":"Home","item":"https:\/\/www.related.dk\/active-tenerife-tradekit\/"},{"@type":"ListItem","position":2,"name":"Om Tenerife","item":"https:\/\/www.related.dk\/active-tenerife-tradekit\/om-tenerife\/"},{"@type":"ListItem","position":3,"name":"Fly til Tenerife"}]},{"@type":"WebSite","@id":"https:\/\/www.related.dk\/active-tenerife-tradekit\/#website","url":"https:\/\/www.related.dk\/active-tenerife-tradekit\/","name":"Active Tenerife - Tradekit","description":"","potentialAction":[{"@type":"SearchAction","target":{"@type":"EntryPoint","urlTemplate":"https:\/\/www.related.dk\/active-tenerife-tradekit\/?s={search_term_string}"},"query-input":"required name=search_term_string"}],"inLanguage":"da-DK"}]}},"_links":{"self":[{"href":"https:\/\/www.related.dk\/active-tenerife-tradekit\/wp-json\/wp\/v2\/pages\/118"}],"collection":[{"href":"https:\/\/www.related.dk\/active-tenerife-tradekit\/wp-json\/wp\/v2\/pages"}],"about":[{"href":"https:\/\/www.related.dk\/active-tenerife-tradekit\/wp-json\/wp\/v2\/types\/page"}],"author":[{"embeddable":true,"href":"https:\/\/www.related.dk\/active-tenerife-tradekit\/wp-json\/wp\/v2\/users\/2"}],"replies":[{"embeddable":true,"href":"https:\/\/www.related.dk\/active-tenerife-tradekit\/wp-json\/wp\/v2\/comments?post=118"}],"version-history":[{"count":2,"href":"https:\/\/www.related.dk\/active-tenerife-tradekit\/wp-json\/wp\/v2\/pages\/118\/revisions"}],"predecessor-version":[{"id":121,"href":"https:\/\/www.related.dk\/active-tenerife-tradekit\/wp-json\/wp\/v2\/pages\/118\/revisions\/121"}],"up":[{"embeddable":true,"href":"https:\/\/www.related.dk\/active-tenerife-tradekit\/wp-json\/wp\/v2\/pages\/156"}],"wp:attachment":[{"href":"https:\/\/www.related.dk\/active-tenerife-tradekit\/wp-json\/wp\/v2\/media?parent=118"}],"curies":[{"name":"wp","href":"https:\/\/api.w.org\/{rel}","templated":true}]}}