{"id":115,"date":"2020-02-07T10:14:12","date_gmt":"2020-02-07T10:14:12","guid":{"rendered":"http:\/\/www.related.dk\/active-tenerife-tradekit\/?page_id=115"},"modified":"2020-02-10T13:23:30","modified_gmt":"2020-02-10T13:23:30","slug":"hvorfor-tenerife","status":"publish","type":"page","link":"https:\/\/www.related.dk\/active-tenerife-tradekit\/om-tenerife\/hvorfor-tenerife\/","title":{"rendered":"Hvorfor Tenerife?"},"content":{"rendered":"<div class=\"vce-row-container\"><div class=\"vce-row vce-row--col-gap-30 vce-row-columns--top vce-row-content--top\" id=\"el-8888335d\" data-vce-do-apply=\"all el-8888335d\"><div class=\"vce-row-content\" data-vce-element-content=\"true\"><div class=\"vce-col\" id=\"el-ccf67858\"><div class=\"vce-col-inner\" data-vce-do-apply=\"border margin background  el-ccf67858\"><div class=\"vce-col-content\" data-vce-element-content=\"true\" data-vce-do-apply=\"padding el-ccf67858\"><section class=\"vce-hero-section-container vce-hero-section-media--xs vce-hero-section-media--sm vce-hero-section-media--md vce-hero-section-media--lg\"><div class=\"vce vce-hero-section vce-hero-section--alignment-start\" id=\"el-efa56647\" data-vce-do-apply=\"margin background border  el-efa56647\"><div class=\"vce-hero-section--wrap-row vce-hero-section--background-position-center-center\" style=\"background-image: url('https:\/\/www.related.dk\/active-tenerife-tradekit\/wp-content\/uploads\/2020\/02\/About-Tenerife-why-tenerife-3-VS2.jpg');\"><div class=\"vce-hero-section--wrap\"><div class=\"vce-hero-section--content\" data-vce-do-apply=\"padding el-efa56647\"><div class=\"vce-hero-section--content-container\"><h1><strong>HVORFOR TENERIFE?<\/strong><\/h1><\/div><\/div><\/div><\/div><\/div><\/section><\/div><\/div><\/div><\/div><\/div><\/div><div class=\"vce-row-container\"><div class=\"vce-row vce-row--col-gap-30 vce-row-columns--top vce-row-content--top\" id=\"el-55303dff\" data-vce-do-apply=\"all el-55303dff\"><div class=\"vce-row-content\" data-vce-element-content=\"true\"><div class=\"vce-col\" id=\"el-93d434a1\"><div class=\"vce-col-inner\" data-vce-do-apply=\"border margin background  el-93d434a1\"><div class=\"vce-col-content\" data-vce-element-content=\"true\" data-vce-do-apply=\"padding el-93d434a1\"><div class=\"vce-text-block\"><div class=\"vce-text-block-wrapper vce\" id=\"el-97f0759d\" data-vce-do-apply=\"all el-97f0759d\"><p>Tenerife er blevet kendt som et sted, hvor man kan kombinere afslappende ferie med sports- og udend\u00f8rsaktiviteter. \u00d8en har et fantastisk klima med en \u00e5rlig gennemsnitstemperatur p\u00e5 23 grader og 3.000 timers sollys \u2013 perfekt til at v\u00e6re udend\u00f8rs \u00e5ret rundt.<\/p><p>Takket v\u00e6re \u00f8ens mikroklimaer kan bes\u00f8gende opleve mange forskellige landskaber uden at skulle g\u00e5 eller rejse langt, hvilket g\u00f8r det muligt eksempelvis at spille et slag golf for herefter at vandre over skyerne i den gr\u00f8nne skov Anaga og bestige Spaniens h\u00f8jeste bjerg. Foruden de mange aktiviteter gemmer Tenerife ogs\u00e5 p\u00e5 restauranter i verdensklasse, billedsk\u00f8nne byer og UNESCO-verdensarv. Fra Danmark er der direkte fly med flere forskellige flyselskaber.<\/p><\/div><\/div><\/div><\/div><\/div><\/div><\/div><\/div><div class=\"vce-row-container\"><div class=\"vce-row vce-row--col-gap-30 vce-row-columns--top vce-row-content--top\" id=\"el-d0d875bb\" data-vce-do-apply=\"all el-d0d875bb\"><div class=\"vce-row-content\" data-vce-element-content=\"true\"><div class=\"vce-col vce-col--md-auto vce-col--xs-1 vce-col--xs-last vce-col--xs-first vce-col--sm-last vce-col--sm-first vce-col--md-first vce-col--lg-first vce-col--xl-first\" id=\"el-0e33e532\"><div class=\"vce-col-inner\" data-vce-do-apply=\"border margin background  el-0e33e532\"><div class=\"vce-col-content\" data-vce-element-content=\"true\" data-vce-do-apply=\"padding el-0e33e532\"><div class=\"vce-single-image-container vce-single-image--align-left\"><div class=\"vce vce-single-image-wrapper\" id=\"el-09491ed1\" data-vce-do-apply=\"all el-09491ed1\"><figure><div class=\"vce-single-image-inner vce-single-image--absolute\" style=\"padding-bottom: 66.6016%; width: 1024px;\"><img class=\"vce-single-image\" width=\"1024\" height=\"682\"src=\"https:\/\/www.related.dk\/active-tenerife-tradekit\/wp-content\/uploads\/2020\/02\/Nature-experiences-Los-Gigantes-1024x682.jpg\" srcset=\"https:\/\/www.related.dk\/active-tenerife-tradekit\/wp-content\/uploads\/2020\/02\/Nature-experiences-Los-Gigantes-320x213.jpg 320w,https:\/\/www.related.dk\/active-tenerife-tradekit\/wp-content\/uploads\/2020\/02\/Nature-experiences-Los-Gigantes-480x320.jpg 480w,https:\/\/www.related.dk\/active-tenerife-tradekit\/wp-content\/uploads\/2020\/02\/Nature-experiences-Los-Gigantes-800x533.jpg 800w,https:\/\/www.related.dk\/active-tenerife-tradekit\/wp-content\/uploads\/2020\/02\/Nature-experiences-Los-Gigantes-1024x682.jpg 1024w\" data-img-src=\"https:\/\/www.related.dk\/active-tenerife-tradekit\/wp-content\/uploads\/2020\/02\/Nature-experiences-Los-Gigantes.jpg\" alt=\"\" title=\"Nature experiences - Los Gigantes\"\/><\/div><\/figure><\/div><\/div><\/div><\/div><\/div><div class=\"vce-col vce-col--md-auto vce-col--xs-1 vce-col--xs-last vce-col--xs-first vce-col--sm-last vce-col--sm-first\" id=\"el-4b870f45\"><div class=\"vce-col-inner\" data-vce-do-apply=\"border margin background  el-4b870f45\"><div class=\"vce-col-content\" data-vce-element-content=\"true\" data-vce-do-apply=\"padding el-4b870f45\"><div class=\"vce-single-image-container vce-single-image--align-left\"><div class=\"vce vce-single-image-wrapper\" id=\"el-260b8d76\" data-vce-do-apply=\"all el-260b8d76\"><figure><div class=\"vce-single-image-inner vce-single-image--absolute\" style=\"padding-bottom: 66.2109%; width: 1024px;\"><img class=\"vce-single-image\" width=\"1024\" height=\"678\"src=\"https:\/\/www.related.dk\/active-tenerife-tradekit\/wp-content\/uploads\/2020\/02\/mountainbike-3-1024x678.jpg\" srcset=\"https:\/\/www.related.dk\/active-tenerife-tradekit\/wp-content\/uploads\/2020\/02\/mountainbike-3-320x212.jpg 320w,https:\/\/www.related.dk\/active-tenerife-tradekit\/wp-content\/uploads\/2020\/02\/mountainbike-3-480x318.jpg 480w,https:\/\/www.related.dk\/active-tenerife-tradekit\/wp-content\/uploads\/2020\/02\/mountainbike-3-800x530.jpg 800w,https:\/\/www.related.dk\/active-tenerife-tradekit\/wp-content\/uploads\/2020\/02\/mountainbike-3-1024x678.jpg 1024w\" data-img-src=\"https:\/\/www.related.dk\/active-tenerife-tradekit\/wp-content\/uploads\/2020\/02\/mountainbike-3.jpg\" alt=\"\" title=\"mountainbike-3\"\/><\/div><\/figure><\/div><\/div><\/div><\/div><\/div><div class=\"vce-col vce-col--md-auto vce-col--xs-1 vce-col--xs-last vce-col--xs-first vce-col--sm-last vce-col--sm-first vce-col--md-last vce-col--lg-last vce-col--xl-last\" id=\"el-6acd0c03\"><div class=\"vce-col-inner\" data-vce-do-apply=\"border margin background  el-6acd0c03\"><div class=\"vce-col-content\" data-vce-element-content=\"true\" data-vce-do-apply=\"padding el-6acd0c03\"><div class=\"vce-single-image-container vce-single-image--align-left\"><div class=\"vce vce-single-image-wrapper\" id=\"el-542f3802\" data-vce-do-apply=\"all el-542f3802\"><figure><div class=\"vce-single-image-inner vce-single-image--absolute\" style=\"padding-bottom: 66.6992%; width: 1024px;\"><img class=\"vce-single-image\" width=\"1024\" height=\"683\"src=\"https:\/\/www.related.dk\/active-tenerife-tradekit\/wp-content\/uploads\/2020\/02\/Active-experiences-surfing-4-2-1024x683.jpg\" srcset=\"https:\/\/www.related.dk\/active-tenerife-tradekit\/wp-content\/uploads\/2020\/02\/Active-experiences-surfing-4-2-320x213.jpg 320w,https:\/\/www.related.dk\/active-tenerife-tradekit\/wp-content\/uploads\/2020\/02\/Active-experiences-surfing-4-2-480x320.jpg 480w,https:\/\/www.related.dk\/active-tenerife-tradekit\/wp-content\/uploads\/2020\/02\/Active-experiences-surfing-4-2-800x534.jpg 800w,https:\/\/www.related.dk\/active-tenerife-tradekit\/wp-content\/uploads\/2020\/02\/Active-experiences-surfing-4-2-1024x683.jpg 1024w\" data-img-src=\"https:\/\/www.related.dk\/active-tenerife-tradekit\/wp-content\/uploads\/2020\/02\/Active-experiences-surfing-4-2.jpg\" alt=\"\" title=\"Active experiences - surfing - 4 (2)\"\/><\/div><\/figure><\/div><\/div><\/div><\/div><\/div><\/div><\/div><\/div>\n","protected":false},"excerpt":{"rendered":"<p>HVORFOR TENERIFE?Tenerife er blevet kendt som et sted, hvor man kan kombinere afslappende ferie med sports- og udend\u00f8rsaktiviteter. \u00d8en har et fantastisk klima med en \u00e5rlig gennemsnitstemperatur p\u00e5 23 grader og 3.000 timers sollys \u2013 perfekt til at v\u00e6re udend\u00f8rs \u00e5ret rundt.Takket v\u00e6re \u00f8ens mikroklimaer kan bes\u00f8gende opleve mange forskellige landskaber uden at skulle g\u00e5 &hellip; <\/p>\n<p class=\"link-more\"><a href=\"https:\/\/www.related.dk\/active-tenerife-tradekit\/om-tenerife\/hvorfor-tenerife\/\" class=\"more-link\">L\u00e6s videre<span class=\"screen-reader-text\"> &#8220;Hvorfor Tenerife?&#8221;<\/span><\/a><\/p>\n","protected":false},"author":2,"featured_media":0,"parent":156,"menu_order":0,"comment_status":"closed","ping_status":"closed","template":"","meta":[],"yoast_head":"<!-- This site is optimized with the Yoast SEO plugin v20.7 - https:\/\/yoast.com\/wordpress\/plugins\/seo\/ -->\n<title>Hvorfor Tenerife? - Active Tenerife - Tradekit<\/title>\n<meta name=\"robots\" content=\"index, follow, max-snippet:-1, max-image-preview:large, max-video-preview:-1\" \/>\n<link rel=\"canonical\" href=\"https:\/\/www.related.dk\/active-tenerife-tradekit\/om-tenerife\/hvorfor-tenerife\/\" \/>\n<meta property=\"og:locale\" content=\"da_DK\" \/>\n<meta property=\"og:type\" content=\"article\" \/>\n<meta property=\"og:title\" content=\"Hvorfor Tenerife? - Active Tenerife - Tradekit\" \/>\n<meta property=\"og:description\" content=\"HVORFOR TENERIFE?Tenerife er blevet kendt som et sted, hvor man kan kombinere afslappende ferie med sports- og udend\u00f8rsaktiviteter. \u00d8en har et fantastisk klima med en \u00e5rlig gennemsnitstemperatur p\u00e5 23 grader og 3.000 timers sollys \u2013 perfekt til at v\u00e6re udend\u00f8rs \u00e5ret rundt.Takket v\u00e6re \u00f8ens mikroklimaer kan bes\u00f8gende opleve mange forskellige landskaber uden at skulle g\u00e5 &hellip; L\u00e6s videre &quot;Hvorfor Tenerife?&quot;\" \/>\n<meta property=\"og:url\" content=\"https:\/\/www.related.dk\/active-tenerife-tradekit\/om-tenerife\/hvorfor-tenerife\/\" \/>\n<meta property=\"og:site_name\" content=\"Active Tenerife - Tradekit\" \/>\n<meta property=\"article:modified_time\" content=\"2020-02-10T13:23:30+00:00\" \/>\n<meta name=\"twitter:card\" content=\"summary_large_image\" \/>\n<meta name=\"twitter:label1\" content=\"Estimeret l\u00e6setid\" \/>\n\t<meta name=\"twitter:data1\" content=\"1 minut\" \/>\n<script type=\"application\/ld+json\" class=\"yoast-schema-graph\">{\"@context\":\"https:\/\/schema.org\",\"@graph\":[{\"@type\":\"WebPage\",\"@id\":\"https:\/\/www.related.dk\/active-tenerife-tradekit\/om-tenerife\/hvorfor-tenerife\/\",\"url\":\"https:\/\/www.related.dk\/active-tenerife-tradekit\/om-tenerife\/hvorfor-tenerife\/\",\"name\":\"Hvorfor Tenerife? - Active Tenerife - Tradekit\",\"isPartOf\":{\"@id\":\"https:\/\/www.related.dk\/active-tenerife-tradekit\/#website\"},\"datePublished\":\"2020-02-07T10:14:12+00:00\",\"dateModified\":\"2020-02-10T13:23:30+00:00\",\"breadcrumb\":{\"@id\":\"https:\/\/www.related.dk\/active-tenerife-tradekit\/om-tenerife\/hvorfor-tenerife\/#breadcrumb\"},\"inLanguage\":\"da-DK\",\"potentialAction\":[{\"@type\":\"ReadAction\",\"target\":[\"https:\/\/www.related.dk\/active-tenerife-tradekit\/om-tenerife\/hvorfor-tenerife\/\"]}]},{\"@type\":\"BreadcrumbList\",\"@id\":\"https:\/\/www.related.dk\/active-tenerife-tradekit\/om-tenerife\/hvorfor-tenerife\/#breadcrumb\",\"itemListElement\":[{\"@type\":\"ListItem\",\"position\":1,\"name\":\"Home\",\"item\":\"https:\/\/www.related.dk\/active-tenerife-tradekit\/\"},{\"@type\":\"ListItem\",\"position\":2,\"name\":\"Om Tenerife\",\"item\":\"https:\/\/www.related.dk\/active-tenerife-tradekit\/om-tenerife\/\"},{\"@type\":\"ListItem\",\"position\":3,\"name\":\"Hvorfor Tenerife?\"}]},{\"@type\":\"WebSite\",\"@id\":\"https:\/\/www.related.dk\/active-tenerife-tradekit\/#website\",\"url\":\"https:\/\/www.related.dk\/active-tenerife-tradekit\/\",\"name\":\"Active Tenerife - Tradekit\",\"description\":\"\",\"potentialAction\":[{\"@type\":\"SearchAction\",\"target\":{\"@type\":\"EntryPoint\",\"urlTemplate\":\"https:\/\/www.related.dk\/active-tenerife-tradekit\/?s={search_term_string}\"},\"query-input\":\"required name=search_term_string\"}],\"inLanguage\":\"da-DK\"}]}<\/script>\n<!-- \/ Yoast SEO plugin. -->","yoast_head_json":{"title":"Hvorfor Tenerife? - Active Tenerife - Tradekit","robots":{"index":"index","follow":"follow","max-snippet":"max-snippet:-1","max-image-preview":"max-image-preview:large","max-video-preview":"max-video-preview:-1"},"canonical":"https:\/\/www.related.dk\/active-tenerife-tradekit\/om-tenerife\/hvorfor-tenerife\/","og_locale":"da_DK","og_type":"article","og_title":"Hvorfor Tenerife? - Active Tenerife - Tradekit","og_description":"HVORFOR TENERIFE?Tenerife er blevet kendt som et sted, hvor man kan kombinere afslappende ferie med sports- og udend\u00f8rsaktiviteter. \u00d8en har et fantastisk klima med en \u00e5rlig gennemsnitstemperatur p\u00e5 23 grader og 3.000 timers sollys \u2013 perfekt til at v\u00e6re udend\u00f8rs \u00e5ret rundt.Takket v\u00e6re \u00f8ens mikroklimaer kan bes\u00f8gende opleve mange forskellige landskaber uden at skulle g\u00e5 &hellip; L\u00e6s videre \"Hvorfor Tenerife?\"","og_url":"https:\/\/www.related.dk\/active-tenerife-tradekit\/om-tenerife\/hvorfor-tenerife\/","og_site_name":"Active Tenerife - Tradekit","article_modified_time":"2020-02-10T13:23:30+00:00","twitter_card":"summary_large_image","twitter_misc":{"Estimeret l\u00e6setid":"1 minut"},"schema":{"@context":"https:\/\/schema.org","@graph":[{"@type":"WebPage","@id":"https:\/\/www.related.dk\/active-tenerife-tradekit\/om-tenerife\/hvorfor-tenerife\/","url":"https:\/\/www.related.dk\/active-tenerife-tradekit\/om-tenerife\/hvorfor-tenerife\/","name":"Hvorfor Tenerife? - Active Tenerife - Tradekit","isPartOf":{"@id":"https:\/\/www.related.dk\/active-tenerife-tradekit\/#website"},"datePublished":"2020-02-07T10:14:12+00:00","dateModified":"2020-02-10T13:23:30+00:00","breadcrumb":{"@id":"https:\/\/www.related.dk\/active-tenerife-tradekit\/om-tenerife\/hvorfor-tenerife\/#breadcrumb"},"inLanguage":"da-DK","potentialAction":[{"@type":"ReadAction","target":["https:\/\/www.related.dk\/active-tenerife-tradekit\/om-tenerife\/hvorfor-tenerife\/"]}]},{"@type":"BreadcrumbList","@id":"https:\/\/www.related.dk\/active-tenerife-tradekit\/om-tenerife\/hvorfor-tenerife\/#breadcrumb","itemListElement":[{"@type":"ListItem","position":1,"name":"Home","item":"https:\/\/www.related.dk\/active-tenerife-tradekit\/"},{"@type":"ListItem","position":2,"name":"Om Tenerife","item":"https:\/\/www.related.dk\/active-tenerife-tradekit\/om-tenerife\/"},{"@type":"ListItem","position":3,"name":"Hvorfor Tenerife?"}]},{"@type":"WebSite","@id":"https:\/\/www.related.dk\/active-tenerife-tradekit\/#website","url":"https:\/\/www.related.dk\/active-tenerife-tradekit\/","name":"Active Tenerife - Tradekit","description":"","potentialAction":[{"@type":"SearchAction","target":{"@type":"EntryPoint","urlTemplate":"https:\/\/www.related.dk\/active-tenerife-tradekit\/?s={search_term_string}"},"query-input":"required name=search_term_string"}],"inLanguage":"da-DK"}]}},"_links":{"self":[{"href":"https:\/\/www.related.dk\/active-tenerife-tradekit\/wp-json\/wp\/v2\/pages\/115"}],"collection":[{"href":"https:\/\/www.related.dk\/active-tenerife-tradekit\/wp-json\/wp\/v2\/pages"}],"about":[{"href":"https:\/\/www.related.dk\/active-tenerife-tradekit\/wp-json\/wp\/v2\/types\/page"}],"author":[{"embeddable":true,"href":"https:\/\/www.related.dk\/active-tenerife-tradekit\/wp-json\/wp\/v2\/users\/2"}],"replies":[{"embeddable":true,"href":"https:\/\/www.related.dk\/active-tenerife-tradekit\/wp-json\/wp\/v2\/comments?post=115"}],"version-history":[{"count":3,"href":"https:\/\/www.related.dk\/active-tenerife-tradekit\/wp-json\/wp\/v2\/pages\/115\/revisions"}],"predecessor-version":[{"id":665,"href":"https:\/\/www.related.dk\/active-tenerife-tradekit\/wp-json\/wp\/v2\/pages\/115\/revisions\/665"}],"up":[{"embeddable":true,"href":"https:\/\/www.related.dk\/active-tenerife-tradekit\/wp-json\/wp\/v2\/pages\/156"}],"wp:attachment":[{"href":"https:\/\/www.related.dk\/active-tenerife-tradekit\/wp-json\/wp\/v2\/media?parent=115"}],"curies":[{"name":"wp","href":"https:\/\/api.w.org\/{rel}","templated":true}]}}