{"id":108,"date":"2020-02-07T10:07:00","date_gmt":"2020-02-07T10:07:00","guid":{"rendered":"http:\/\/www.related.dk\/active-tenerife-tradekit\/?page_id=108"},"modified":"2020-02-10T12:55:30","modified_gmt":"2020-02-10T12:55:30","slug":"klimaet","status":"publish","type":"page","link":"https:\/\/www.related.dk\/active-tenerife-tradekit\/om-tenerife\/klimaet\/","title":{"rendered":"Klimaet"},"content":{"rendered":"<div class=\"vce-row-container\"><div class=\"vce-row vce-row--col-gap-30 vce-row-columns--top vce-row-content--top\" id=\"el-88e2a182\" data-vce-do-apply=\"all el-88e2a182\"><div class=\"vce-row-content\" data-vce-element-content=\"true\"><div class=\"vce-col\" id=\"el-f0dde7db\"><div class=\"vce-col-inner\" data-vce-do-apply=\"border margin background  el-f0dde7db\"><div class=\"vce-col-content\" data-vce-element-content=\"true\" data-vce-do-apply=\"padding el-f0dde7db\"><section class=\"vce-hero-section-container vce-hero-section-media--xs vce-hero-section-media--sm vce-hero-section-media--md vce-hero-section-media--lg\"><div class=\"vce vce-hero-section vce-hero-section--alignment-start\" id=\"el-941d34d7\" data-vce-do-apply=\"margin background border  el-941d34d7\"><div class=\"vce-hero-section--wrap-row vce-hero-section--background-position-center-center\" style=\"background-image: url('https:\/\/www.related.dk\/active-tenerife-tradekit\/wp-content\/uploads\/2020\/02\/About-Tenerife-The-climate-2.jpg');\"><div class=\"vce-hero-section--wrap\"><div class=\"vce-hero-section--content\" data-vce-do-apply=\"padding el-941d34d7\"><div class=\"vce-hero-section--content-container\"><h1><strong>KLIMAET<\/strong><\/h1><\/div><\/div><\/div><\/div><\/div><\/section><\/div><\/div><\/div><\/div><\/div><\/div><div class=\"vce-row-container\"><div class=\"vce-row vce-row--col-gap-30 vce-row-columns--top vce-row-content--top\" id=\"el-f80252b3\" data-vce-do-apply=\"all el-f80252b3\"><div class=\"vce-row-content\" data-vce-element-content=\"true\"><div class=\"vce-col\" id=\"el-56ca30bc\"><div class=\"vce-col-inner\" data-vce-do-apply=\"border margin background  el-56ca30bc\"><div class=\"vce-col-content\" data-vce-element-content=\"true\" data-vce-do-apply=\"padding el-56ca30bc\"><div class=\"vce-text-block\"><div class=\"vce-text-block-wrapper vce\" id=\"el-01688d35\" data-vce-do-apply=\"all el-01688d35\"><p>P\u00e5 Tenerife er der for\u00e5r hele \u00e5ret. \u00d8en har en gennemsnitstemperatur p\u00e5 23 grader og omkring 300 dage med solskin og totalt 3.000 solskinstimer \u00e5rligt. Tenerife er kendt for sine milde somre og relativt varme vintre samt den konstante tilstedev\u00e6relse af sol \u2013 n\u00e6rmest hele \u00e5ret.<\/p><p>Vejret p\u00e5 Tenerife er resultatet af en kombination af kolde havst\u00f8mme, varmen fra krebsens vendekreds, passatvindene og \u00f8ens landskab \u2013 med temperaturer fra 17 grader om vinteren til 25 grader i de varmeste m\u00e5neder. De mange forskellige h\u00f8jdeforhold skaber varierende vejrforhold i de forskellige omr\u00e5der, s\u00e5 man kan lege i sne p\u00e5 El Teide om morgenen og solbade eller sv\u00f8mme p\u00e5 sydkysten om eftermiddagen.<\/p><p>Tenerifes milde klima tiltr\u00e6kker dem, der vil nyde sol og strand hele \u00e5ret, og klimaet har samtidig v\u00e6ret med til at skabe de charmerende landomr\u00e5der, fantastiske landskaber og frodig, gr\u00f8n skov. Den sydlige del af \u00f8en er mere t\u00f8r og har flere timers dagslys sammenlagt, mens der er mere regn p\u00e5 den nordlige del, hvor luften er mere fugtig. Derfor b\u00f8r man huske at pakke forskelligt t\u00f8j, afh\u00e6ngig af hvor p\u00e5 \u00f8en man skal bo \u2013 og om man planl\u00e6gger at v\u00e6re ved havet eller oppe i bjergene.<\/p><p>I naturomr\u00e5det Las Ca\u00f1adas del Teide, der ligger 2.700 meter over havoverfladen, er der desuden plantearter som kun findes p\u00e5 Tenerife, p\u00e5 grund af \u00f8ens unikke klima.<\/p><\/div><\/div><\/div><\/div><\/div><\/div><\/div><\/div><div class=\"vce-row-container\"><div class=\"vce-row vce-row--col-gap-30 vce-row-columns--top vce-row-content--top\" id=\"el-4fa64f29\" data-vce-do-apply=\"all el-4fa64f29\"><div class=\"vce-row-content\" data-vce-element-content=\"true\"><div class=\"vce-col vce-col--md-auto vce-col--xs-1 vce-col--xs-last vce-col--xs-first vce-col--sm-last vce-col--sm-first vce-col--md-first vce-col--lg-first vce-col--xl-first\" id=\"el-50938f81\"><div class=\"vce-col-inner\" data-vce-do-apply=\"border margin background  el-50938f81\"><div class=\"vce-col-content\" data-vce-element-content=\"true\" data-vce-do-apply=\"padding el-50938f81\"><div class=\"vce-single-image-container vce-single-image--align-left\"><div class=\"vce vce-single-image-wrapper\" id=\"el-87356798\" data-vce-do-apply=\"all el-87356798\"><figure><div class=\"vce-single-image-inner vce-single-image--absolute\" style=\"padding-bottom: 58.3333%; width: 600px;\"><img class=\"vce-single-image\" width=\"600\" height=\"350\"src=\"https:\/\/www.related.dk\/active-tenerife-tradekit\/wp-content\/uploads\/2020\/02\/About-Tenerife-Climate-600x350.jpg\" srcset=\"https:\/\/www.related.dk\/active-tenerife-tradekit\/wp-content\/uploads\/2020\/02\/About-Tenerife-Climate-320x187.jpg 320w,https:\/\/www.related.dk\/active-tenerife-tradekit\/wp-content\/uploads\/2020\/02\/About-Tenerife-Climate-480x280.jpg 480w,https:\/\/www.related.dk\/active-tenerife-tradekit\/wp-content\/uploads\/2020\/02\/About-Tenerife-Climate-600x350.jpg 600w\" data-img-src=\"https:\/\/www.related.dk\/active-tenerife-tradekit\/wp-content\/uploads\/2020\/02\/About-Tenerife-Climate.jpg\" alt=\"\" title=\"About Tenerife - Climate\"\/><\/div><\/figure><\/div><\/div><\/div><\/div><\/div><div class=\"vce-col vce-col--md-auto vce-col--xs-1 vce-col--xs-last vce-col--xs-first vce-col--sm-last vce-col--sm-first vce-col--md-last vce-col--lg-last vce-col--xl-last\" id=\"el-27949289\"><div class=\"vce-col-inner\" data-vce-do-apply=\"border margin background  el-27949289\"><div class=\"vce-col-content\" data-vce-element-content=\"true\" data-vce-do-apply=\"padding el-27949289\"><div class=\"vce-single-image-container vce-single-image--align-left\"><div class=\"vce vce-single-image-wrapper\" id=\"el-16aed194\" data-vce-do-apply=\"all el-16aed194\"><figure><div class=\"vce-single-image-inner vce-single-image--absolute\" style=\"padding-bottom: 58.3333%; width: 600px;\"><img class=\"vce-single-image\" width=\"600\" height=\"350\"src=\"https:\/\/www.related.dk\/active-tenerife-tradekit\/wp-content\/uploads\/2020\/02\/About-Tenerife-Climate-3-600x350.jpg\" srcset=\"https:\/\/www.related.dk\/active-tenerife-tradekit\/wp-content\/uploads\/2020\/02\/About-Tenerife-Climate-3-320x187.jpg 320w,https:\/\/www.related.dk\/active-tenerife-tradekit\/wp-content\/uploads\/2020\/02\/About-Tenerife-Climate-3-480x280.jpg 480w,https:\/\/www.related.dk\/active-tenerife-tradekit\/wp-content\/uploads\/2020\/02\/About-Tenerife-Climate-3-600x350.jpg 600w\" data-img-src=\"https:\/\/www.related.dk\/active-tenerife-tradekit\/wp-content\/uploads\/2020\/02\/About-Tenerife-Climate-3.jpg\" alt=\"\" title=\"About Tenerife - Climate (3)\"\/><\/div><\/figure><\/div><\/div><\/div><\/div><\/div><\/div><\/div><\/div>\n","protected":false},"excerpt":{"rendered":"<p>KLIMAETP\u00e5 Tenerife er der for\u00e5r hele \u00e5ret. \u00d8en har en gennemsnitstemperatur p\u00e5 23 grader og omkring 300 dage med solskin og totalt 3.000 solskinstimer \u00e5rligt. Tenerife er kendt for sine milde somre og relativt varme vintre samt den konstante tilstedev\u00e6relse af sol \u2013 n\u00e6rmest hele \u00e5ret.Vejret p\u00e5 Tenerife er resultatet af en kombination af kolde &hellip; <\/p>\n<p class=\"link-more\"><a href=\"https:\/\/www.related.dk\/active-tenerife-tradekit\/om-tenerife\/klimaet\/\" class=\"more-link\">L\u00e6s videre<span class=\"screen-reader-text\"> &#8220;Klimaet&#8221;<\/span><\/a><\/p>\n","protected":false},"author":2,"featured_media":0,"parent":156,"menu_order":0,"comment_status":"closed","ping_status":"closed","template":"","meta":[],"yoast_head":"<!-- This site is optimized with the Yoast SEO plugin v20.7 - https:\/\/yoast.com\/wordpress\/plugins\/seo\/ -->\n<title>Klimaet - Active Tenerife - Tradekit<\/title>\n<meta name=\"robots\" content=\"index, follow, max-snippet:-1, max-image-preview:large, max-video-preview:-1\" \/>\n<link rel=\"canonical\" href=\"https:\/\/www.related.dk\/active-tenerife-tradekit\/om-tenerife\/klimaet\/\" \/>\n<meta property=\"og:locale\" content=\"da_DK\" \/>\n<meta property=\"og:type\" content=\"article\" \/>\n<meta property=\"og:title\" content=\"Klimaet - Active Tenerife - Tradekit\" \/>\n<meta property=\"og:description\" content=\"KLIMAETP\u00e5 Tenerife er der for\u00e5r hele \u00e5ret. \u00d8en har en gennemsnitstemperatur p\u00e5 23 grader og omkring 300 dage med solskin og totalt 3.000 solskinstimer \u00e5rligt. Tenerife er kendt for sine milde somre og relativt varme vintre samt den konstante tilstedev\u00e6relse af sol \u2013 n\u00e6rmest hele \u00e5ret.Vejret p\u00e5 Tenerife er resultatet af en kombination af kolde &hellip; L\u00e6s videre &quot;Klimaet&quot;\" \/>\n<meta property=\"og:url\" content=\"https:\/\/www.related.dk\/active-tenerife-tradekit\/om-tenerife\/klimaet\/\" \/>\n<meta property=\"og:site_name\" content=\"Active Tenerife - Tradekit\" \/>\n<meta property=\"article:modified_time\" content=\"2020-02-10T12:55:30+00:00\" \/>\n<meta name=\"twitter:card\" content=\"summary_large_image\" \/>\n<meta name=\"twitter:label1\" content=\"Estimeret l\u00e6setid\" \/>\n\t<meta name=\"twitter:data1\" content=\"1 minut\" \/>\n<script type=\"application\/ld+json\" class=\"yoast-schema-graph\">{\"@context\":\"https:\/\/schema.org\",\"@graph\":[{\"@type\":\"WebPage\",\"@id\":\"https:\/\/www.related.dk\/active-tenerife-tradekit\/om-tenerife\/klimaet\/\",\"url\":\"https:\/\/www.related.dk\/active-tenerife-tradekit\/om-tenerife\/klimaet\/\",\"name\":\"Klimaet - Active Tenerife - Tradekit\",\"isPartOf\":{\"@id\":\"https:\/\/www.related.dk\/active-tenerife-tradekit\/#website\"},\"datePublished\":\"2020-02-07T10:07:00+00:00\",\"dateModified\":\"2020-02-10T12:55:30+00:00\",\"breadcrumb\":{\"@id\":\"https:\/\/www.related.dk\/active-tenerife-tradekit\/om-tenerife\/klimaet\/#breadcrumb\"},\"inLanguage\":\"da-DK\",\"potentialAction\":[{\"@type\":\"ReadAction\",\"target\":[\"https:\/\/www.related.dk\/active-tenerife-tradekit\/om-tenerife\/klimaet\/\"]}]},{\"@type\":\"BreadcrumbList\",\"@id\":\"https:\/\/www.related.dk\/active-tenerife-tradekit\/om-tenerife\/klimaet\/#breadcrumb\",\"itemListElement\":[{\"@type\":\"ListItem\",\"position\":1,\"name\":\"Home\",\"item\":\"https:\/\/www.related.dk\/active-tenerife-tradekit\/\"},{\"@type\":\"ListItem\",\"position\":2,\"name\":\"Om Tenerife\",\"item\":\"https:\/\/www.related.dk\/active-tenerife-tradekit\/om-tenerife\/\"},{\"@type\":\"ListItem\",\"position\":3,\"name\":\"Klimaet\"}]},{\"@type\":\"WebSite\",\"@id\":\"https:\/\/www.related.dk\/active-tenerife-tradekit\/#website\",\"url\":\"https:\/\/www.related.dk\/active-tenerife-tradekit\/\",\"name\":\"Active Tenerife - Tradekit\",\"description\":\"\",\"potentialAction\":[{\"@type\":\"SearchAction\",\"target\":{\"@type\":\"EntryPoint\",\"urlTemplate\":\"https:\/\/www.related.dk\/active-tenerife-tradekit\/?s={search_term_string}\"},\"query-input\":\"required name=search_term_string\"}],\"inLanguage\":\"da-DK\"}]}<\/script>\n<!-- \/ Yoast SEO plugin. -->","yoast_head_json":{"title":"Klimaet - Active Tenerife - Tradekit","robots":{"index":"index","follow":"follow","max-snippet":"max-snippet:-1","max-image-preview":"max-image-preview:large","max-video-preview":"max-video-preview:-1"},"canonical":"https:\/\/www.related.dk\/active-tenerife-tradekit\/om-tenerife\/klimaet\/","og_locale":"da_DK","og_type":"article","og_title":"Klimaet - Active Tenerife - Tradekit","og_description":"KLIMAETP\u00e5 Tenerife er der for\u00e5r hele \u00e5ret. \u00d8en har en gennemsnitstemperatur p\u00e5 23 grader og omkring 300 dage med solskin og totalt 3.000 solskinstimer \u00e5rligt. Tenerife er kendt for sine milde somre og relativt varme vintre samt den konstante tilstedev\u00e6relse af sol \u2013 n\u00e6rmest hele \u00e5ret.Vejret p\u00e5 Tenerife er resultatet af en kombination af kolde &hellip; L\u00e6s videre \"Klimaet\"","og_url":"https:\/\/www.related.dk\/active-tenerife-tradekit\/om-tenerife\/klimaet\/","og_site_name":"Active Tenerife - Tradekit","article_modified_time":"2020-02-10T12:55:30+00:00","twitter_card":"summary_large_image","twitter_misc":{"Estimeret l\u00e6setid":"1 minut"},"schema":{"@context":"https:\/\/schema.org","@graph":[{"@type":"WebPage","@id":"https:\/\/www.related.dk\/active-tenerife-tradekit\/om-tenerife\/klimaet\/","url":"https:\/\/www.related.dk\/active-tenerife-tradekit\/om-tenerife\/klimaet\/","name":"Klimaet - Active Tenerife - Tradekit","isPartOf":{"@id":"https:\/\/www.related.dk\/active-tenerife-tradekit\/#website"},"datePublished":"2020-02-07T10:07:00+00:00","dateModified":"2020-02-10T12:55:30+00:00","breadcrumb":{"@id":"https:\/\/www.related.dk\/active-tenerife-tradekit\/om-tenerife\/klimaet\/#breadcrumb"},"inLanguage":"da-DK","potentialAction":[{"@type":"ReadAction","target":["https:\/\/www.related.dk\/active-tenerife-tradekit\/om-tenerife\/klimaet\/"]}]},{"@type":"BreadcrumbList","@id":"https:\/\/www.related.dk\/active-tenerife-tradekit\/om-tenerife\/klimaet\/#breadcrumb","itemListElement":[{"@type":"ListItem","position":1,"name":"Home","item":"https:\/\/www.related.dk\/active-tenerife-tradekit\/"},{"@type":"ListItem","position":2,"name":"Om Tenerife","item":"https:\/\/www.related.dk\/active-tenerife-tradekit\/om-tenerife\/"},{"@type":"ListItem","position":3,"name":"Klimaet"}]},{"@type":"WebSite","@id":"https:\/\/www.related.dk\/active-tenerife-tradekit\/#website","url":"https:\/\/www.related.dk\/active-tenerife-tradekit\/","name":"Active Tenerife - Tradekit","description":"","potentialAction":[{"@type":"SearchAction","target":{"@type":"EntryPoint","urlTemplate":"https:\/\/www.related.dk\/active-tenerife-tradekit\/?s={search_term_string}"},"query-input":"required name=search_term_string"}],"inLanguage":"da-DK"}]}},"_links":{"self":[{"href":"https:\/\/www.related.dk\/active-tenerife-tradekit\/wp-json\/wp\/v2\/pages\/108"}],"collection":[{"href":"https:\/\/www.related.dk\/active-tenerife-tradekit\/wp-json\/wp\/v2\/pages"}],"about":[{"href":"https:\/\/www.related.dk\/active-tenerife-tradekit\/wp-json\/wp\/v2\/types\/page"}],"author":[{"embeddable":true,"href":"https:\/\/www.related.dk\/active-tenerife-tradekit\/wp-json\/wp\/v2\/users\/2"}],"replies":[{"embeddable":true,"href":"https:\/\/www.related.dk\/active-tenerife-tradekit\/wp-json\/wp\/v2\/comments?post=108"}],"version-history":[{"count":4,"href":"https:\/\/www.related.dk\/active-tenerife-tradekit\/wp-json\/wp\/v2\/pages\/108\/revisions"}],"predecessor-version":[{"id":630,"href":"https:\/\/www.related.dk\/active-tenerife-tradekit\/wp-json\/wp\/v2\/pages\/108\/revisions\/630"}],"up":[{"embeddable":true,"href":"https:\/\/www.related.dk\/active-tenerife-tradekit\/wp-json\/wp\/v2\/pages\/156"}],"wp:attachment":[{"href":"https:\/\/www.related.dk\/active-tenerife-tradekit\/wp-json\/wp\/v2\/media?parent=108"}],"curies":[{"name":"wp","href":"https:\/\/api.w.org\/{rel}","templated":true}]}}