{"id":1053,"date":"2020-02-12T12:51:05","date_gmt":"2020-02-12T12:51:05","guid":{"rendered":"http:\/\/www.related.dk\/active-tenerife-tradekit\/?page_id=1053"},"modified":"2020-02-12T12:52:09","modified_gmt":"2020-02-12T12:52:09","slug":"triatlon-duatlon-og-akvatlon","status":"publish","type":"page","link":"https:\/\/www.related.dk\/active-tenerife-tradekit\/aktive-opplevelser\/triatlon-duatlon-og-akvatlon\/","title":{"rendered":"Triatlon, duatlon og akvatlon"},"content":{"rendered":"<div class=\"vce-row-container\"><div class=\"vce-row vce-row--col-gap-30 vce-row-columns--top vce-row-content--top\" id=\"el-911a957f\" data-vce-do-apply=\"all el-911a957f\"><div class=\"vce-row-content\" data-vce-element-content=\"true\"><div class=\"vce-col\" id=\"el-beab7552\"><div class=\"vce-col-inner\" data-vce-do-apply=\"border margin background  el-beab7552\"><div class=\"vce-col-content\" data-vce-element-content=\"true\" data-vce-do-apply=\"padding el-beab7552\"><section class=\"vce-hero-section-container vce-hero-section-media--xs vce-hero-section-media--sm vce-hero-section-media--md vce-hero-section-media--lg\"><div class=\"vce vce-hero-section vce-hero-section--alignment-start\" id=\"el-d7ae59cd\" data-vce-do-apply=\"margin background border  el-d7ae59cd\"><div class=\"vce-hero-section--wrap-row vce-hero-section--background-position-center-center\" style=\"background-image: url('https:\/\/www.related.dk\/active-tenerife-tradekit\/wp-content\/uploads\/2020\/02\/Active-experiences-multisport-races-11-vs2.jpg');\"><div class=\"vce-hero-section--wrap\"><div class=\"vce-hero-section--content\" data-vce-do-apply=\"padding el-d7ae59cd\"><div class=\"vce-hero-section--content-container\"><h1><strong>TRIATLON, DUATLON <br>&amp; AKVATLON<\/strong><\/h1><\/div><\/div><\/div><\/div><\/div><\/section><\/div><\/div><\/div><\/div><\/div><\/div><div class=\"vce-row-container\"><div class=\"vce-row vce-row--col-gap-30 vce-row-columns--top vce-row-content--top\" id=\"el-ba1c0ae0\" data-vce-do-apply=\"all el-ba1c0ae0\"><div class=\"vce-row-content\" data-vce-element-content=\"true\"><div class=\"vce-col\" id=\"el-8978d567\"><div class=\"vce-col-inner\" data-vce-do-apply=\"border margin background  el-8978d567\"><div class=\"vce-col-content\" data-vce-element-content=\"true\" data-vce-do-apply=\"padding el-8978d567\"><div class=\"vce-text-block\"><div class=\"vce-text-block-wrapper vce\" id=\"el-bf70a902\" data-vce-do-apply=\"all el-bf70a902\"><h2>Triatlon <\/h2><p>Tenerife er et perfekt sted for alle som driver med triatlon. Man kan trene i h\u00f8yden, v\u00e6ret er mildt hele \u00e5ret, og strendene er vakre og varierte. Det arrangeres mange triatloner der, og de beste spanske og internasjonale ut\u00f8verne str\u00f8mmer til \u00f8ya for \u00e5 l\u00f8pe opp bratte bakker, sykle opp til 2700 meter p\u00e5 El Teide og sv\u00f8mme gjennom b\u00f8lgene i Atlanterhavet. Det er unikt \u00e5 kunne sette ny personlig rekord p\u00e5 et s\u00e5 fantastisk sted, der man kan presse seg til det ytterste uansett niv\u00e5 \u2013 b\u00e5de n\u00e5r det gjelder distanse og vanskelighetsgrad.<\/p><h2>Duatlon<\/h2><p>En duatlon best\u00e5r av l\u00f8ping, sykling og s\u00e5 l\u00f8ping igjen. Distansen for hver etappe varierer, men utfordringen er alltid \u00e5 sette sin egen utholdenhet p\u00e5 pr\u00f8ve. Det er verdt \u00e5 pr\u00f8ve for \u00e5 se hvor morsomt det kan v\u00e6re!<\/p><h2>Akvatlon<\/h2><p>Tenerife er det optimale reisem\u00e5let for akvatron-ut\u00f8vere, hovedsakelig p\u00e5 grunn av det fantastiske utvalget av strender og kystomr\u00e5der. Dette er duatlonens vannfetter, der sykling erstattes av sv\u00f8mming. Selv om distansene kan variere, er den vanlige kombinasjonen 2,5 kilometer l\u00f8ping etterfulgt av 1000 meters sv\u00f8mming og til slutt ytterligere 2,5 kilometer med l\u00f8ping. Tempoet i konkurransen er raskt og morsomt, og du kommer i m\u00e5l raskere enn du tror.<\/p><\/div><\/div><\/div><\/div><\/div><\/div><\/div><\/div><div class=\"vce-row-container\"><div class=\"vce-row vce-row--col-gap-30 vce-row-columns--top vce-row-content--top\" id=\"el-bde71162\" data-vce-do-apply=\"all el-bde71162\"><div class=\"vce-row-content\" data-vce-element-content=\"true\"><div class=\"vce-col vce-col--md-auto vce-col--xs-1 vce-col--xs-last vce-col--xs-first vce-col--sm-last vce-col--sm-first vce-col--md-first vce-col--lg-first vce-col--xl-first\" id=\"el-04b76df1\"><div class=\"vce-col-inner\" data-vce-do-apply=\"border margin background  el-04b76df1\"><div class=\"vce-col-content\" data-vce-element-content=\"true\" data-vce-do-apply=\"padding el-04b76df1\"><div class=\"vce-single-image-container vce-single-image--align-left\"><div class=\"vce vce-single-image-wrapper\" id=\"el-37eddc76\" data-vce-do-apply=\"all el-37eddc76\"><figure><div class=\"vce-single-image-inner vce-single-image--absolute\" style=\"padding-bottom: 58.3333%; width: 600px;\"><img class=\"vce-single-image\" width=\"600\" height=\"350\"src=\"https:\/\/www.related.dk\/active-tenerife-tradekit\/wp-content\/uploads\/2020\/02\/Active-experiences-multisport-races-11-2-vs2-600x350.jpg\" srcset=\"https:\/\/www.related.dk\/active-tenerife-tradekit\/wp-content\/uploads\/2020\/02\/Active-experiences-multisport-races-11-2-vs2-320x187.jpg 320w,https:\/\/www.related.dk\/active-tenerife-tradekit\/wp-content\/uploads\/2020\/02\/Active-experiences-multisport-races-11-2-vs2-480x280.jpg 480w,https:\/\/www.related.dk\/active-tenerife-tradekit\/wp-content\/uploads\/2020\/02\/Active-experiences-multisport-races-11-2-vs2-600x350.jpg 600w\" data-img-src=\"https:\/\/www.related.dk\/active-tenerife-tradekit\/wp-content\/uploads\/2020\/02\/Active-experiences-multisport-races-11-2-vs2.jpg\" alt=\"\" title=\"Active experiences - multisport races - 11 (2) - vs2\"\/><\/div><\/figure><\/div><\/div><\/div><\/div><\/div><div class=\"vce-col vce-col--md-auto vce-col--xs-1 vce-col--xs-last vce-col--xs-first vce-col--sm-last vce-col--sm-first vce-col--md-last vce-col--lg-last vce-col--xl-last\" id=\"el-fd715abb\"><div class=\"vce-col-inner\" data-vce-do-apply=\"border margin background  el-fd715abb\"><div class=\"vce-col-content\" data-vce-element-content=\"true\" data-vce-do-apply=\"padding el-fd715abb\"><div class=\"vce-single-image-container vce-single-image--align-left\"><div class=\"vce vce-single-image-wrapper\" id=\"el-ba187f4a\" data-vce-do-apply=\"all el-ba187f4a\"><figure><div class=\"vce-single-image-inner vce-single-image--absolute\" style=\"padding-bottom: 58.3333%; width: 600px;\"><img class=\"vce-single-image\" width=\"600\" height=\"350\"src=\"https:\/\/www.related.dk\/active-tenerife-tradekit\/wp-content\/uploads\/2020\/02\/Active-experiences-Multisport-races-11-600x350.jpg\" srcset=\"https:\/\/www.related.dk\/active-tenerife-tradekit\/wp-content\/uploads\/2020\/02\/Active-experiences-Multisport-races-11-320x187.jpg 320w,https:\/\/www.related.dk\/active-tenerife-tradekit\/wp-content\/uploads\/2020\/02\/Active-experiences-Multisport-races-11-480x280.jpg 480w,https:\/\/www.related.dk\/active-tenerife-tradekit\/wp-content\/uploads\/2020\/02\/Active-experiences-Multisport-races-11-600x350.jpg 600w\" data-img-src=\"https:\/\/www.related.dk\/active-tenerife-tradekit\/wp-content\/uploads\/2020\/02\/Active-experiences-Multisport-races-11.jpg\" alt=\"\" title=\"Active experiences - Multisport races - 11\"\/><\/div><\/figure><\/div><\/div><\/div><\/div><\/div><\/div><\/div><\/div>\n","protected":false},"excerpt":{"rendered":"<p>TRIATLON, DUATLON &amp; AKVATLONTriatlon Tenerife er et perfekt sted for alle som driver med triatlon. Man kan trene i h\u00f8yden, v\u00e6ret er mildt hele \u00e5ret, og strendene er vakre og varierte. Det arrangeres mange triatloner der, og de beste spanske og internasjonale ut\u00f8verne str\u00f8mmer til \u00f8ya for \u00e5 l\u00f8pe opp bratte bakker, sykle opp til &hellip; <\/p>\n<p class=\"link-more\"><a href=\"https:\/\/www.related.dk\/active-tenerife-tradekit\/aktive-opplevelser\/triatlon-duatlon-og-akvatlon\/\" class=\"more-link\">L\u00e6s videre<span class=\"screen-reader-text\"> &#8220;Triatlon, duatlon og akvatlon&#8221;<\/span><\/a><\/p>\n","protected":false},"author":2,"featured_media":0,"parent":1018,"menu_order":0,"comment_status":"closed","ping_status":"closed","template":"","meta":[],"yoast_head":"<!-- This site is optimized with the Yoast SEO plugin v20.7 - https:\/\/yoast.com\/wordpress\/plugins\/seo\/ -->\n<title>Triatlon, duatlon og akvatlon - Active Tenerife - Tradekit<\/title>\n<meta name=\"robots\" content=\"index, follow, max-snippet:-1, max-image-preview:large, max-video-preview:-1\" \/>\n<link rel=\"canonical\" href=\"https:\/\/www.related.dk\/active-tenerife-tradekit\/aktive-opplevelser\/triatlon-duatlon-og-akvatlon\/\" \/>\n<meta property=\"og:locale\" content=\"da_DK\" \/>\n<meta property=\"og:type\" content=\"article\" \/>\n<meta property=\"og:title\" content=\"Triatlon, duatlon og akvatlon - Active Tenerife - Tradekit\" \/>\n<meta property=\"og:description\" content=\"TRIATLON, DUATLON &amp; AKVATLONTriatlon Tenerife er et perfekt sted for alle som driver med triatlon. Man kan trene i h\u00f8yden, v\u00e6ret er mildt hele \u00e5ret, og strendene er vakre og varierte. Det arrangeres mange triatloner der, og de beste spanske og internasjonale ut\u00f8verne str\u00f8mmer til \u00f8ya for \u00e5 l\u00f8pe opp bratte bakker, sykle opp til &hellip; L\u00e6s videre &quot;Triatlon, duatlon og akvatlon&quot;\" \/>\n<meta property=\"og:url\" content=\"https:\/\/www.related.dk\/active-tenerife-tradekit\/aktive-opplevelser\/triatlon-duatlon-og-akvatlon\/\" \/>\n<meta property=\"og:site_name\" content=\"Active Tenerife - Tradekit\" \/>\n<meta property=\"article:modified_time\" content=\"2020-02-12T12:52:09+00:00\" \/>\n<meta name=\"twitter:card\" content=\"summary_large_image\" \/>\n<meta name=\"twitter:label1\" content=\"Estimeret l\u00e6setid\" \/>\n\t<meta name=\"twitter:data1\" content=\"1 minut\" \/>\n<script type=\"application\/ld+json\" class=\"yoast-schema-graph\">{\"@context\":\"https:\/\/schema.org\",\"@graph\":[{\"@type\":\"WebPage\",\"@id\":\"https:\/\/www.related.dk\/active-tenerife-tradekit\/aktive-opplevelser\/triatlon-duatlon-og-akvatlon\/\",\"url\":\"https:\/\/www.related.dk\/active-tenerife-tradekit\/aktive-opplevelser\/triatlon-duatlon-og-akvatlon\/\",\"name\":\"Triatlon, duatlon og akvatlon - Active Tenerife - Tradekit\",\"isPartOf\":{\"@id\":\"https:\/\/www.related.dk\/active-tenerife-tradekit\/#website\"},\"datePublished\":\"2020-02-12T12:51:05+00:00\",\"dateModified\":\"2020-02-12T12:52:09+00:00\",\"breadcrumb\":{\"@id\":\"https:\/\/www.related.dk\/active-tenerife-tradekit\/aktive-opplevelser\/triatlon-duatlon-og-akvatlon\/#breadcrumb\"},\"inLanguage\":\"da-DK\",\"potentialAction\":[{\"@type\":\"ReadAction\",\"target\":[\"https:\/\/www.related.dk\/active-tenerife-tradekit\/aktive-opplevelser\/triatlon-duatlon-og-akvatlon\/\"]}]},{\"@type\":\"BreadcrumbList\",\"@id\":\"https:\/\/www.related.dk\/active-tenerife-tradekit\/aktive-opplevelser\/triatlon-duatlon-og-akvatlon\/#breadcrumb\",\"itemListElement\":[{\"@type\":\"ListItem\",\"position\":1,\"name\":\"Home\",\"item\":\"https:\/\/www.related.dk\/active-tenerife-tradekit\/\"},{\"@type\":\"ListItem\",\"position\":2,\"name\":\"Aktive opplevelser\",\"item\":\"https:\/\/www.related.dk\/active-tenerife-tradekit\/aktive-opplevelser\/\"},{\"@type\":\"ListItem\",\"position\":3,\"name\":\"Triatlon, duatlon og akvatlon\"}]},{\"@type\":\"WebSite\",\"@id\":\"https:\/\/www.related.dk\/active-tenerife-tradekit\/#website\",\"url\":\"https:\/\/www.related.dk\/active-tenerife-tradekit\/\",\"name\":\"Active Tenerife - Tradekit\",\"description\":\"\",\"potentialAction\":[{\"@type\":\"SearchAction\",\"target\":{\"@type\":\"EntryPoint\",\"urlTemplate\":\"https:\/\/www.related.dk\/active-tenerife-tradekit\/?s={search_term_string}\"},\"query-input\":\"required name=search_term_string\"}],\"inLanguage\":\"da-DK\"}]}<\/script>\n<!-- \/ Yoast SEO plugin. -->","yoast_head_json":{"title":"Triatlon, duatlon og akvatlon - Active Tenerife - Tradekit","robots":{"index":"index","follow":"follow","max-snippet":"max-snippet:-1","max-image-preview":"max-image-preview:large","max-video-preview":"max-video-preview:-1"},"canonical":"https:\/\/www.related.dk\/active-tenerife-tradekit\/aktive-opplevelser\/triatlon-duatlon-og-akvatlon\/","og_locale":"da_DK","og_type":"article","og_title":"Triatlon, duatlon og akvatlon - Active Tenerife - Tradekit","og_description":"TRIATLON, DUATLON &amp; AKVATLONTriatlon Tenerife er et perfekt sted for alle som driver med triatlon. Man kan trene i h\u00f8yden, v\u00e6ret er mildt hele \u00e5ret, og strendene er vakre og varierte. Det arrangeres mange triatloner der, og de beste spanske og internasjonale ut\u00f8verne str\u00f8mmer til \u00f8ya for \u00e5 l\u00f8pe opp bratte bakker, sykle opp til &hellip; L\u00e6s videre \"Triatlon, duatlon og akvatlon\"","og_url":"https:\/\/www.related.dk\/active-tenerife-tradekit\/aktive-opplevelser\/triatlon-duatlon-og-akvatlon\/","og_site_name":"Active Tenerife - Tradekit","article_modified_time":"2020-02-12T12:52:09+00:00","twitter_card":"summary_large_image","twitter_misc":{"Estimeret l\u00e6setid":"1 minut"},"schema":{"@context":"https:\/\/schema.org","@graph":[{"@type":"WebPage","@id":"https:\/\/www.related.dk\/active-tenerife-tradekit\/aktive-opplevelser\/triatlon-duatlon-og-akvatlon\/","url":"https:\/\/www.related.dk\/active-tenerife-tradekit\/aktive-opplevelser\/triatlon-duatlon-og-akvatlon\/","name":"Triatlon, duatlon og akvatlon - Active Tenerife - Tradekit","isPartOf":{"@id":"https:\/\/www.related.dk\/active-tenerife-tradekit\/#website"},"datePublished":"2020-02-12T12:51:05+00:00","dateModified":"2020-02-12T12:52:09+00:00","breadcrumb":{"@id":"https:\/\/www.related.dk\/active-tenerife-tradekit\/aktive-opplevelser\/triatlon-duatlon-og-akvatlon\/#breadcrumb"},"inLanguage":"da-DK","potentialAction":[{"@type":"ReadAction","target":["https:\/\/www.related.dk\/active-tenerife-tradekit\/aktive-opplevelser\/triatlon-duatlon-og-akvatlon\/"]}]},{"@type":"BreadcrumbList","@id":"https:\/\/www.related.dk\/active-tenerife-tradekit\/aktive-opplevelser\/triatlon-duatlon-og-akvatlon\/#breadcrumb","itemListElement":[{"@type":"ListItem","position":1,"name":"Home","item":"https:\/\/www.related.dk\/active-tenerife-tradekit\/"},{"@type":"ListItem","position":2,"name":"Aktive opplevelser","item":"https:\/\/www.related.dk\/active-tenerife-tradekit\/aktive-opplevelser\/"},{"@type":"ListItem","position":3,"name":"Triatlon, duatlon og akvatlon"}]},{"@type":"WebSite","@id":"https:\/\/www.related.dk\/active-tenerife-tradekit\/#website","url":"https:\/\/www.related.dk\/active-tenerife-tradekit\/","name":"Active Tenerife - Tradekit","description":"","potentialAction":[{"@type":"SearchAction","target":{"@type":"EntryPoint","urlTemplate":"https:\/\/www.related.dk\/active-tenerife-tradekit\/?s={search_term_string}"},"query-input":"required name=search_term_string"}],"inLanguage":"da-DK"}]}},"_links":{"self":[{"href":"https:\/\/www.related.dk\/active-tenerife-tradekit\/wp-json\/wp\/v2\/pages\/1053"}],"collection":[{"href":"https:\/\/www.related.dk\/active-tenerife-tradekit\/wp-json\/wp\/v2\/pages"}],"about":[{"href":"https:\/\/www.related.dk\/active-tenerife-tradekit\/wp-json\/wp\/v2\/types\/page"}],"author":[{"embeddable":true,"href":"https:\/\/www.related.dk\/active-tenerife-tradekit\/wp-json\/wp\/v2\/users\/2"}],"replies":[{"embeddable":true,"href":"https:\/\/www.related.dk\/active-tenerife-tradekit\/wp-json\/wp\/v2\/comments?post=1053"}],"version-history":[{"count":2,"href":"https:\/\/www.related.dk\/active-tenerife-tradekit\/wp-json\/wp\/v2\/pages\/1053\/revisions"}],"predecessor-version":[{"id":1055,"href":"https:\/\/www.related.dk\/active-tenerife-tradekit\/wp-json\/wp\/v2\/pages\/1053\/revisions\/1055"}],"up":[{"embeddable":true,"href":"https:\/\/www.related.dk\/active-tenerife-tradekit\/wp-json\/wp\/v2\/pages\/1018"}],"wp:attachment":[{"href":"https:\/\/www.related.dk\/active-tenerife-tradekit\/wp-json\/wp\/v2\/media?parent=1053"}],"curies":[{"name":"wp","href":"https:\/\/api.w.org\/{rel}","templated":true}]}}