{"id":1050,"date":"2020-02-12T12:49:39","date_gmt":"2020-02-12T12:49:39","guid":{"rendered":"http:\/\/www.related.dk\/active-tenerife-tradekit\/?page_id=1050"},"modified":"2020-02-12T12:50:26","modified_gmt":"2020-02-12T12:50:26","slug":"paragliding","status":"publish","type":"page","link":"https:\/\/www.related.dk\/active-tenerife-tradekit\/aktive-opplevelser\/paragliding\/","title":{"rendered":"Paragliding"},"content":{"rendered":"<div class=\"vce-row-container\"><div class=\"vce-row vce-row--col-gap-30 vce-row-columns--top vce-row-content--top\" id=\"el-4269807c\" data-vce-do-apply=\"all el-4269807c\"><div class=\"vce-row-content\" data-vce-element-content=\"true\"><div class=\"vce-col\" id=\"el-9f2296d9\"><div class=\"vce-col-inner\" data-vce-do-apply=\"border margin background  el-9f2296d9\"><div class=\"vce-col-content\" data-vce-element-content=\"true\" data-vce-do-apply=\"padding el-9f2296d9\"><section class=\"vce-hero-section-container vce-hero-section-media--xs vce-hero-section-media--sm vce-hero-section-media--md vce-hero-section-media--lg\"><div class=\"vce vce-hero-section vce-hero-section--alignment-start\" id=\"el-78c986cd\" data-vce-do-apply=\"margin background border  el-78c986cd\"><div class=\"vce-hero-section--wrap-row vce-hero-section--background-position-center-center\" style=\"background-image: url('https:\/\/www.related.dk\/active-tenerife-tradekit\/wp-content\/uploads\/2020\/02\/Active-experiences-Paragliding-5-2-VS2.jpg');\"><div class=\"vce-hero-section--wrap\"><div class=\"vce-hero-section--content\" data-vce-do-apply=\"padding el-78c986cd\"><div class=\"vce-hero-section--content-container\"><h1><strong>PARAGLIDING<\/strong><\/h1><\/div><\/div><\/div><\/div><\/div><\/section><\/div><\/div><\/div><\/div><\/div><\/div><div class=\"vce-row-container\"><div class=\"vce-row vce-row--col-gap-30 vce-row-columns--top vce-row-content--top\" id=\"el-a1b54b00\" data-vce-do-apply=\"all el-a1b54b00\"><div class=\"vce-row-content\" data-vce-element-content=\"true\"><div class=\"vce-col\" id=\"el-4cdfab3e\"><div class=\"vce-col-inner\" data-vce-do-apply=\"border margin background  el-4cdfab3e\"><div class=\"vce-col-content\" data-vce-element-content=\"true\" data-vce-do-apply=\"padding el-4cdfab3e\"><div class=\"vce-text-block\"><div class=\"vce-text-block-wrapper vce\" id=\"el-92f85cde\" data-vce-do-apply=\"all el-92f85cde\"><p>Paragliding er en perfekt mulighet til \u00e5 nyte Tenerifes nydelige natur fra en annen synsvinkel. Bak deg ser du Teide, og n\u00e5r du titter ned, ser du de bratte bakkene med furutr\u00e6r, daler med bananplantasjer og vulkanske, svarte sandstrender du kan lande p\u00e5. Tenerife har seks omr\u00e5der \u00e5 starte fra og fem for \u00e5 lande p\u00e5. Anochez-banen, som ligger i skr\u00e5ningene i G\u00fc\u00edmar, er nylig gjort om og er n\u00e5 utstyrt med demping, sklisikker vei og ramper som gj\u00f8r at seilene kan slippes ut. Startbanen etterligner omgivelsene og er 420 m\u00b2 stor med 170 meters ramper.<\/p><p><strong>Hvor?<\/strong><br>S\u00f8r\u00f8st, Taucho \u2013 fra september til mai.<br>Nord, La Corona \u2013 h\u00f8st, v\u00e5r og sommer.<br>\u00d8st, Ladera de G\u00fc\u00edmar \u2013 fra h\u00f8st til v\u00e5r, og ofte om sommeren. <br>Cumbre de Iza\u00f1a \u2013 \u00e5ret rundt.<\/p><p><a href=\"https:\/\/www.webtenerife.co.uk\/what-to-do\/sports\/air\/paragliding\/?tab=1\" target=\"_blank\" rel=\"noopener noreferrer\">Les mer om steder \u00e5 bes\u00f8ke og hvilke foretak som kan hjelpe til<\/a><\/p><p><strong>N\u00e5r?<\/strong><br>Paragliding er mulig \u00e5ret rundt, s\u00e5 lenge v\u00e6ret i de ulike omr\u00e5dene tillater det den dagen. Den beste tiden p\u00e5 \u00e5ret for erfarne paraglidere er mellom oktober og mai.<\/p><\/div><\/div><\/div><\/div><\/div><\/div><\/div><\/div><div class=\"vce-row-container\"><div class=\"vce-row vce-row--col-gap-30 vce-row-columns--top vce-row-content--top\" id=\"el-d375fe03\" data-vce-do-apply=\"all el-d375fe03\"><div class=\"vce-row-content\" data-vce-element-content=\"true\"><div class=\"vce-col vce-col--md-auto vce-col--xs-1 vce-col--xs-last vce-col--xs-first vce-col--sm-last vce-col--sm-first vce-col--md-first vce-col--lg-first vce-col--xl-first\" id=\"el-6a334eae\"><div class=\"vce-col-inner\" data-vce-do-apply=\"border margin background  el-6a334eae\"><div class=\"vce-col-content\" data-vce-element-content=\"true\" data-vce-do-apply=\"padding el-6a334eae\"><div class=\"vce-single-image-container vce-single-image--align-left\"><div class=\"vce vce-single-image-wrapper\" id=\"el-6e91fa5c\" data-vce-do-apply=\"all el-6e91fa5c\"><figure><div class=\"vce-single-image-inner vce-single-image--absolute\" style=\"padding-bottom: 58.3333%; width: 600px;\"><img class=\"vce-single-image\" width=\"600\" height=\"350\"src=\"https:\/\/www.related.dk\/active-tenerife-tradekit\/wp-content\/uploads\/2020\/02\/Active-Experiences-Paragliding-5-600x350.jpg\" srcset=\"https:\/\/www.related.dk\/active-tenerife-tradekit\/wp-content\/uploads\/2020\/02\/Active-Experiences-Paragliding-5-320x187.jpg 320w,https:\/\/www.related.dk\/active-tenerife-tradekit\/wp-content\/uploads\/2020\/02\/Active-Experiences-Paragliding-5-480x280.jpg 480w,https:\/\/www.related.dk\/active-tenerife-tradekit\/wp-content\/uploads\/2020\/02\/Active-Experiences-Paragliding-5-600x350.jpg 600w\" data-img-src=\"https:\/\/www.related.dk\/active-tenerife-tradekit\/wp-content\/uploads\/2020\/02\/Active-Experiences-Paragliding-5.jpg\" alt=\"\" title=\"Active Experiences - Paragliding - 5\"\/><\/div><\/figure><\/div><\/div><\/div><\/div><\/div><div class=\"vce-col vce-col--md-auto vce-col--xs-1 vce-col--xs-last vce-col--xs-first vce-col--sm-last vce-col--sm-first vce-col--md-last vce-col--lg-last vce-col--xl-last\" id=\"el-d7d2cb70\"><div class=\"vce-col-inner\" data-vce-do-apply=\"border margin background  el-d7d2cb70\"><div class=\"vce-col-content\" data-vce-element-content=\"true\" data-vce-do-apply=\"padding el-d7d2cb70\"><div class=\"vce-single-image-container vce-single-image--align-left\"><div class=\"vce vce-single-image-wrapper\" id=\"el-4af033aa\" data-vce-do-apply=\"all el-4af033aa\"><figure><div class=\"vce-single-image-inner vce-single-image--absolute\" style=\"padding-bottom: 58.3333%; width: 600px;\"><img class=\"vce-single-image\" width=\"600\" height=\"350\"src=\"https:\/\/www.related.dk\/active-tenerife-tradekit\/wp-content\/uploads\/2020\/02\/Active-experiences-Paragliding-5-VS2-600x350.jpg\" srcset=\"https:\/\/www.related.dk\/active-tenerife-tradekit\/wp-content\/uploads\/2020\/02\/Active-experiences-Paragliding-5-VS2-320x187.jpg 320w,https:\/\/www.related.dk\/active-tenerife-tradekit\/wp-content\/uploads\/2020\/02\/Active-experiences-Paragliding-5-VS2-480x280.jpg 480w,https:\/\/www.related.dk\/active-tenerife-tradekit\/wp-content\/uploads\/2020\/02\/Active-experiences-Paragliding-5-VS2-600x350.jpg 600w\" data-img-src=\"https:\/\/www.related.dk\/active-tenerife-tradekit\/wp-content\/uploads\/2020\/02\/Active-experiences-Paragliding-5-VS2.jpg\" alt=\"\" title=\"Active experiences - Paragliding - 5 - VS2\"\/><\/div><\/figure><\/div><\/div><\/div><\/div><\/div><\/div><\/div><\/div>\n","protected":false},"excerpt":{"rendered":"<p>PARAGLIDINGParagliding er en perfekt mulighet til \u00e5 nyte Tenerifes nydelige natur fra en annen synsvinkel. Bak deg ser du Teide, og n\u00e5r du titter ned, ser du de bratte bakkene med furutr\u00e6r, daler med bananplantasjer og vulkanske, svarte sandstrender du kan lande p\u00e5. Tenerife har seks omr\u00e5der \u00e5 starte fra og fem for \u00e5 lande &hellip; <\/p>\n<p class=\"link-more\"><a href=\"https:\/\/www.related.dk\/active-tenerife-tradekit\/aktive-opplevelser\/paragliding\/\" class=\"more-link\">L\u00e6s videre<span class=\"screen-reader-text\"> &#8220;Paragliding&#8221;<\/span><\/a><\/p>\n","protected":false},"author":2,"featured_media":0,"parent":1018,"menu_order":0,"comment_status":"closed","ping_status":"closed","template":"","meta":[],"yoast_head":"<!-- This site is optimized with the Yoast SEO plugin v20.7 - https:\/\/yoast.com\/wordpress\/plugins\/seo\/ -->\n<title>Paragliding - Active Tenerife - Tradekit<\/title>\n<meta name=\"robots\" content=\"index, follow, max-snippet:-1, max-image-preview:large, max-video-preview:-1\" \/>\n<link rel=\"canonical\" href=\"https:\/\/www.related.dk\/active-tenerife-tradekit\/aktive-opplevelser\/paragliding\/\" \/>\n<meta property=\"og:locale\" content=\"da_DK\" \/>\n<meta property=\"og:type\" content=\"article\" \/>\n<meta property=\"og:title\" content=\"Paragliding - Active Tenerife - Tradekit\" \/>\n<meta property=\"og:description\" content=\"PARAGLIDINGParagliding er en perfekt mulighet til \u00e5 nyte Tenerifes nydelige natur fra en annen synsvinkel. Bak deg ser du Teide, og n\u00e5r du titter ned, ser du de bratte bakkene med furutr\u00e6r, daler med bananplantasjer og vulkanske, svarte sandstrender du kan lande p\u00e5. Tenerife har seks omr\u00e5der \u00e5 starte fra og fem for \u00e5 lande &hellip; L\u00e6s videre &quot;Paragliding&quot;\" \/>\n<meta property=\"og:url\" content=\"https:\/\/www.related.dk\/active-tenerife-tradekit\/aktive-opplevelser\/paragliding\/\" \/>\n<meta property=\"og:site_name\" content=\"Active Tenerife - Tradekit\" \/>\n<meta property=\"article:modified_time\" content=\"2020-02-12T12:50:26+00:00\" \/>\n<meta name=\"twitter:card\" content=\"summary_large_image\" \/>\n<meta name=\"twitter:label1\" content=\"Estimeret l\u00e6setid\" \/>\n\t<meta name=\"twitter:data1\" content=\"1 minut\" \/>\n<script type=\"application\/ld+json\" class=\"yoast-schema-graph\">{\"@context\":\"https:\/\/schema.org\",\"@graph\":[{\"@type\":\"WebPage\",\"@id\":\"https:\/\/www.related.dk\/active-tenerife-tradekit\/aktive-opplevelser\/paragliding\/\",\"url\":\"https:\/\/www.related.dk\/active-tenerife-tradekit\/aktive-opplevelser\/paragliding\/\",\"name\":\"Paragliding - Active Tenerife - Tradekit\",\"isPartOf\":{\"@id\":\"https:\/\/www.related.dk\/active-tenerife-tradekit\/#website\"},\"datePublished\":\"2020-02-12T12:49:39+00:00\",\"dateModified\":\"2020-02-12T12:50:26+00:00\",\"breadcrumb\":{\"@id\":\"https:\/\/www.related.dk\/active-tenerife-tradekit\/aktive-opplevelser\/paragliding\/#breadcrumb\"},\"inLanguage\":\"da-DK\",\"potentialAction\":[{\"@type\":\"ReadAction\",\"target\":[\"https:\/\/www.related.dk\/active-tenerife-tradekit\/aktive-opplevelser\/paragliding\/\"]}]},{\"@type\":\"BreadcrumbList\",\"@id\":\"https:\/\/www.related.dk\/active-tenerife-tradekit\/aktive-opplevelser\/paragliding\/#breadcrumb\",\"itemListElement\":[{\"@type\":\"ListItem\",\"position\":1,\"name\":\"Home\",\"item\":\"https:\/\/www.related.dk\/active-tenerife-tradekit\/\"},{\"@type\":\"ListItem\",\"position\":2,\"name\":\"Aktive opplevelser\",\"item\":\"https:\/\/www.related.dk\/active-tenerife-tradekit\/aktive-opplevelser\/\"},{\"@type\":\"ListItem\",\"position\":3,\"name\":\"Paragliding\"}]},{\"@type\":\"WebSite\",\"@id\":\"https:\/\/www.related.dk\/active-tenerife-tradekit\/#website\",\"url\":\"https:\/\/www.related.dk\/active-tenerife-tradekit\/\",\"name\":\"Active Tenerife - Tradekit\",\"description\":\"\",\"potentialAction\":[{\"@type\":\"SearchAction\",\"target\":{\"@type\":\"EntryPoint\",\"urlTemplate\":\"https:\/\/www.related.dk\/active-tenerife-tradekit\/?s={search_term_string}\"},\"query-input\":\"required name=search_term_string\"}],\"inLanguage\":\"da-DK\"}]}<\/script>\n<!-- \/ Yoast SEO plugin. -->","yoast_head_json":{"title":"Paragliding - Active Tenerife - Tradekit","robots":{"index":"index","follow":"follow","max-snippet":"max-snippet:-1","max-image-preview":"max-image-preview:large","max-video-preview":"max-video-preview:-1"},"canonical":"https:\/\/www.related.dk\/active-tenerife-tradekit\/aktive-opplevelser\/paragliding\/","og_locale":"da_DK","og_type":"article","og_title":"Paragliding - Active Tenerife - Tradekit","og_description":"PARAGLIDINGParagliding er en perfekt mulighet til \u00e5 nyte Tenerifes nydelige natur fra en annen synsvinkel. Bak deg ser du Teide, og n\u00e5r du titter ned, ser du de bratte bakkene med furutr\u00e6r, daler med bananplantasjer og vulkanske, svarte sandstrender du kan lande p\u00e5. Tenerife har seks omr\u00e5der \u00e5 starte fra og fem for \u00e5 lande &hellip; L\u00e6s videre \"Paragliding\"","og_url":"https:\/\/www.related.dk\/active-tenerife-tradekit\/aktive-opplevelser\/paragliding\/","og_site_name":"Active Tenerife - Tradekit","article_modified_time":"2020-02-12T12:50:26+00:00","twitter_card":"summary_large_image","twitter_misc":{"Estimeret l\u00e6setid":"1 minut"},"schema":{"@context":"https:\/\/schema.org","@graph":[{"@type":"WebPage","@id":"https:\/\/www.related.dk\/active-tenerife-tradekit\/aktive-opplevelser\/paragliding\/","url":"https:\/\/www.related.dk\/active-tenerife-tradekit\/aktive-opplevelser\/paragliding\/","name":"Paragliding - Active Tenerife - Tradekit","isPartOf":{"@id":"https:\/\/www.related.dk\/active-tenerife-tradekit\/#website"},"datePublished":"2020-02-12T12:49:39+00:00","dateModified":"2020-02-12T12:50:26+00:00","breadcrumb":{"@id":"https:\/\/www.related.dk\/active-tenerife-tradekit\/aktive-opplevelser\/paragliding\/#breadcrumb"},"inLanguage":"da-DK","potentialAction":[{"@type":"ReadAction","target":["https:\/\/www.related.dk\/active-tenerife-tradekit\/aktive-opplevelser\/paragliding\/"]}]},{"@type":"BreadcrumbList","@id":"https:\/\/www.related.dk\/active-tenerife-tradekit\/aktive-opplevelser\/paragliding\/#breadcrumb","itemListElement":[{"@type":"ListItem","position":1,"name":"Home","item":"https:\/\/www.related.dk\/active-tenerife-tradekit\/"},{"@type":"ListItem","position":2,"name":"Aktive opplevelser","item":"https:\/\/www.related.dk\/active-tenerife-tradekit\/aktive-opplevelser\/"},{"@type":"ListItem","position":3,"name":"Paragliding"}]},{"@type":"WebSite","@id":"https:\/\/www.related.dk\/active-tenerife-tradekit\/#website","url":"https:\/\/www.related.dk\/active-tenerife-tradekit\/","name":"Active Tenerife - Tradekit","description":"","potentialAction":[{"@type":"SearchAction","target":{"@type":"EntryPoint","urlTemplate":"https:\/\/www.related.dk\/active-tenerife-tradekit\/?s={search_term_string}"},"query-input":"required name=search_term_string"}],"inLanguage":"da-DK"}]}},"_links":{"self":[{"href":"https:\/\/www.related.dk\/active-tenerife-tradekit\/wp-json\/wp\/v2\/pages\/1050"}],"collection":[{"href":"https:\/\/www.related.dk\/active-tenerife-tradekit\/wp-json\/wp\/v2\/pages"}],"about":[{"href":"https:\/\/www.related.dk\/active-tenerife-tradekit\/wp-json\/wp\/v2\/types\/page"}],"author":[{"embeddable":true,"href":"https:\/\/www.related.dk\/active-tenerife-tradekit\/wp-json\/wp\/v2\/users\/2"}],"replies":[{"embeddable":true,"href":"https:\/\/www.related.dk\/active-tenerife-tradekit\/wp-json\/wp\/v2\/comments?post=1050"}],"version-history":[{"count":2,"href":"https:\/\/www.related.dk\/active-tenerife-tradekit\/wp-json\/wp\/v2\/pages\/1050\/revisions"}],"predecessor-version":[{"id":1052,"href":"https:\/\/www.related.dk\/active-tenerife-tradekit\/wp-json\/wp\/v2\/pages\/1050\/revisions\/1052"}],"up":[{"embeddable":true,"href":"https:\/\/www.related.dk\/active-tenerife-tradekit\/wp-json\/wp\/v2\/pages\/1018"}],"wp:attachment":[{"href":"https:\/\/www.related.dk\/active-tenerife-tradekit\/wp-json\/wp\/v2\/media?parent=1050"}],"curies":[{"name":"wp","href":"https:\/\/api.w.org\/{rel}","templated":true}]}}