{"id":1043,"date":"2020-02-12T12:45:29","date_gmt":"2020-02-12T12:45:29","guid":{"rendered":"http:\/\/www.related.dk\/active-tenerife-tradekit\/?page_id=1043"},"modified":"2020-02-12T12:47:19","modified_gmt":"2020-02-12T12:47:19","slug":"seiling-og-brettpadling","status":"publish","type":"page","link":"https:\/\/www.related.dk\/active-tenerife-tradekit\/aktive-opplevelser\/seiling-og-brettpadling\/","title":{"rendered":"Seiling og brettpadling"},"content":{"rendered":"<div class=\"vce-row-container\"><div class=\"vce-row vce-row--col-gap-30 vce-row-columns--top vce-row-content--top\" id=\"el-bd5e3729\" data-vce-do-apply=\"all el-bd5e3729\"><div class=\"vce-row-content\" data-vce-element-content=\"true\"><div class=\"vce-col\" id=\"el-b04dde8b\"><div class=\"vce-col-inner\" data-vce-do-apply=\"border margin background  el-b04dde8b\"><div class=\"vce-col-content\" data-vce-element-content=\"true\" data-vce-do-apply=\"padding el-b04dde8b\"><section class=\"vce-hero-section-container vce-hero-section-media--xs vce-hero-section-media--sm vce-hero-section-media--md vce-hero-section-media--lg\"><div class=\"vce vce-hero-section vce-hero-section--alignment-start\" id=\"el-60df20d5\" data-vce-do-apply=\"margin background border  el-60df20d5\"><div class=\"vce-hero-section--wrap-row vce-hero-section--background-position-center-center\" style=\"background-image: url('https:\/\/www.related.dk\/active-tenerife-tradekit\/wp-content\/uploads\/2020\/02\/Active-experiences-sailing-vs3.jpg');\"><div class=\"vce-hero-section--wrap\"><div class=\"vce-hero-section--content\" data-vce-do-apply=\"padding el-60df20d5\"><div class=\"vce-hero-section--content-container\"><h1><strong>SEILING OG BRETTPADLING<\/strong><\/h1><\/div><\/div><\/div><\/div><\/div><\/section><\/div><\/div><\/div><\/div><\/div><\/div><div class=\"vce-row-container\"><div class=\"vce-row vce-row--col-gap-30 vce-row-columns--top vce-row-content--top\" id=\"el-6407fd90\" data-vce-do-apply=\"all el-6407fd90\"><div class=\"vce-row-content\" data-vce-element-content=\"true\"><div class=\"vce-col\" id=\"el-585732d2\"><div class=\"vce-col-inner\" data-vce-do-apply=\"border margin background  el-585732d2\"><div class=\"vce-col-content\" data-vce-element-content=\"true\" data-vce-do-apply=\"padding el-585732d2\"><div class=\"vce-text-block\"><div class=\"vce-text-block-wrapper vce\" id=\"el-34623cd6\" data-vce-do-apply=\"all el-34623cd6\"><h2>Seiling<\/h2><p>Det rolige vannet p\u00e5 Tenerife og det behagelige klimaet gj\u00f8r \u00f8ya til det perfekte stedet for seiling. Det finnes ni havner \u00e5 legge til p\u00e5 i nord og spesielt p\u00e5 den s\u00f8rlige delen av \u00f8ya \u2013 noe som er enda en fordel for seileentusiaster.<\/p><p><strong>Hvor?<\/strong><br>Du kan seile rundt hele \u00f8ya, men det er mest vind p\u00e5 de \u00f8stlige og s\u00f8r\u00f8stlige delene av \u00f8ya. Du kan legge til ved \u00f8yas havner, for eksempel Marina de San Miguel, som ligger bare ti minutter fra Tenerife South Airport og har plass til 350 b\u00e5ter. De omfattende fasilitetene i havnen gj\u00f8r den til et perfekt sted for avslapping, klargj\u00f8ring og anskaffelse av forsyninger for en lang overfart over Atlanterhavet. En annen havn er Marina del Sur Tenerife, som ligger i et vakkert maritimt milj\u00f8 i Las Galletas, en landsby med en lang fisketradisjon der ferierende og lokalbefolkningen omg\u00e5s.<\/p><p><a href=\"https:\/\/www.webtenerife.co.uk\/what-to-do\/sports\/water\/sailing\/?tab=1\" target=\"_blank\" rel=\"noopener noreferrer\">Les mer om steder \u00e5 bes\u00f8ke og hvilke foretak som kan hjelpe til<\/a><\/p><p><strong>N\u00e5r?<\/strong><br>Det g\u00e5r an \u00e5 seile p\u00e5 Tenerife \u00e5ret rundt, men det er vanligvis vinteren som appellerer mest til europeere. September har med seg den s\u00e5kalte septemberroen, og da bl\u00e5ser det ikke s\u00e5 mye.<\/p><h2>Brettpadling<\/h2><p>Alle kan pr\u00f8ve seg p\u00e5 brettpadling, og det i forskjellige omr\u00e5der p\u00e5 den \u00f8stlige og s\u00f8r\u00f8stlige delen av Tenerife, siden det er rolig der. P\u00e5 grunn av vulkanutbrudd og vind- og sj\u00f8erosjon har omr\u00e5dene utrolige landskap med klipper, grotter og naturlige viker.<\/p><p><strong>Hvor?<\/strong><br>Playa de las Teresitas \u2013 S\/C de Tenerife <br>Radazul \u2013 El Rosario <br>Las Galletas \u2013 Arona <br>El Palm\u2013Mar \u2013 Arona <br>Los Cristianos \u2013 Arona <br>Caleta de Adeje \u2013 Adeje<br>Los Gigantes \u2013 Santiago del Teide<\/p><p><a href=\"https:\/\/www.webtenerife.co.uk\/what-to-do\/sports\/water\/stand-up-paddle\/?tab=1\" target=\"_blank\" rel=\"noopener noreferrer\">Les mer om steder \u00e5 bes\u00f8ke og hvilke foretak som kan hjelpe til<\/a><\/p><p><strong>N\u00e5r?<\/strong><br>\u00c5ret rundt.<\/p><\/div><\/div><\/div><\/div><\/div><\/div><\/div><\/div><div class=\"vce-row-container\"><div class=\"vce-row vce-row--col-gap-30 vce-row-columns--top vce-row-content--top\" id=\"el-7e043ce9\" data-vce-do-apply=\"all el-7e043ce9\"><div class=\"vce-row-content\" data-vce-element-content=\"true\"><div class=\"vce-col vce-col--md-auto vce-col--xs-1 vce-col--xs-last vce-col--xs-first vce-col--sm-last vce-col--sm-first vce-col--md-first vce-col--lg-first vce-col--xl-first\" id=\"el-3a07baac\"><div class=\"vce-col-inner\" data-vce-do-apply=\"border margin background  el-3a07baac\"><div class=\"vce-col-content\" data-vce-element-content=\"true\" data-vce-do-apply=\"padding el-3a07baac\"><div class=\"vce-single-image-container vce-single-image--align-left\"><div class=\"vce vce-single-image-wrapper\" id=\"el-e580088a\" data-vce-do-apply=\"all el-e580088a\"><figure><div class=\"vce-single-image-inner vce-single-image--absolute\" style=\"padding-bottom: 58.3333%; width: 600px;\"><img class=\"vce-single-image\" width=\"600\" height=\"350\"src=\"https:\/\/www.related.dk\/active-tenerife-tradekit\/wp-content\/uploads\/2020\/02\/Active-experiences-Sailing-9-600x350.jpg\" srcset=\"https:\/\/www.related.dk\/active-tenerife-tradekit\/wp-content\/uploads\/2020\/02\/Active-experiences-Sailing-9-320x187.jpg 320w,https:\/\/www.related.dk\/active-tenerife-tradekit\/wp-content\/uploads\/2020\/02\/Active-experiences-Sailing-9-480x280.jpg 480w,https:\/\/www.related.dk\/active-tenerife-tradekit\/wp-content\/uploads\/2020\/02\/Active-experiences-Sailing-9-600x350.jpg 600w\" data-img-src=\"https:\/\/www.related.dk\/active-tenerife-tradekit\/wp-content\/uploads\/2020\/02\/Active-experiences-Sailing-9.jpg\" alt=\"\" title=\"Active experiences - Sailing - 9\"\/><\/div><\/figure><\/div><\/div><\/div><\/div><\/div><div class=\"vce-col vce-col--md-auto vce-col--xs-1 vce-col--xs-last vce-col--xs-first vce-col--sm-last vce-col--sm-first vce-col--md-last vce-col--lg-last vce-col--xl-last\" id=\"el-a70c9220\"><div class=\"vce-col-inner\" data-vce-do-apply=\"border margin background  el-a70c9220\"><div class=\"vce-col-content\" data-vce-element-content=\"true\" data-vce-do-apply=\"padding el-a70c9220\"><div class=\"vce-single-image-container vce-single-image--align-left\"><div class=\"vce vce-single-image-wrapper\" id=\"el-99726128\" data-vce-do-apply=\"all el-99726128\"><figure><div class=\"vce-single-image-inner vce-single-image--absolute\" style=\"padding-bottom: 58.3333%; width: 600px;\"><img class=\"vce-single-image\" width=\"600\" height=\"350\"src=\"https:\/\/www.related.dk\/active-tenerife-tradekit\/wp-content\/uploads\/2020\/02\/Active-experiences-stand-up-paddle-9-vs2-600x350.jpg\" srcset=\"https:\/\/www.related.dk\/active-tenerife-tradekit\/wp-content\/uploads\/2020\/02\/Active-experiences-stand-up-paddle-9-vs2-320x187.jpg 320w,https:\/\/www.related.dk\/active-tenerife-tradekit\/wp-content\/uploads\/2020\/02\/Active-experiences-stand-up-paddle-9-vs2-480x280.jpg 480w,https:\/\/www.related.dk\/active-tenerife-tradekit\/wp-content\/uploads\/2020\/02\/Active-experiences-stand-up-paddle-9-vs2-600x350.jpg 600w\" data-img-src=\"https:\/\/www.related.dk\/active-tenerife-tradekit\/wp-content\/uploads\/2020\/02\/Active-experiences-stand-up-paddle-9-vs2.jpg\" alt=\"\" title=\"Active experiences - stand up paddle - 9 - vs2\"\/><\/div><\/figure><\/div><\/div><\/div><\/div><\/div><\/div><\/div><\/div>\n","protected":false},"excerpt":{"rendered":"<p>SEILING OG BRETTPADLINGSeilingDet rolige vannet p\u00e5 Tenerife og det behagelige klimaet gj\u00f8r \u00f8ya til det perfekte stedet for seiling. Det finnes ni havner \u00e5 legge til p\u00e5 i nord og spesielt p\u00e5 den s\u00f8rlige delen av \u00f8ya \u2013 noe som er enda en fordel for seileentusiaster.Hvor?Du kan seile rundt hele \u00f8ya, men det er mest &hellip; <\/p>\n<p class=\"link-more\"><a href=\"https:\/\/www.related.dk\/active-tenerife-tradekit\/aktive-opplevelser\/seiling-og-brettpadling\/\" class=\"more-link\">L\u00e6s videre<span class=\"screen-reader-text\"> &#8220;Seiling og brettpadling&#8221;<\/span><\/a><\/p>\n","protected":false},"author":2,"featured_media":0,"parent":1018,"menu_order":0,"comment_status":"closed","ping_status":"closed","template":"","meta":[],"yoast_head":"<!-- This site is optimized with the Yoast SEO plugin v20.7 - https:\/\/yoast.com\/wordpress\/plugins\/seo\/ -->\n<title>Seiling og brettpadling - Active Tenerife - Tradekit<\/title>\n<meta name=\"robots\" content=\"index, follow, max-snippet:-1, max-image-preview:large, max-video-preview:-1\" \/>\n<link rel=\"canonical\" href=\"https:\/\/www.related.dk\/active-tenerife-tradekit\/aktive-opplevelser\/seiling-og-brettpadling\/\" \/>\n<meta property=\"og:locale\" content=\"da_DK\" \/>\n<meta property=\"og:type\" content=\"article\" \/>\n<meta property=\"og:title\" content=\"Seiling og brettpadling - Active Tenerife - Tradekit\" \/>\n<meta property=\"og:description\" content=\"SEILING OG BRETTPADLINGSeilingDet rolige vannet p\u00e5 Tenerife og det behagelige klimaet gj\u00f8r \u00f8ya til det perfekte stedet for seiling. Det finnes ni havner \u00e5 legge til p\u00e5 i nord og spesielt p\u00e5 den s\u00f8rlige delen av \u00f8ya \u2013 noe som er enda en fordel for seileentusiaster.Hvor?Du kan seile rundt hele \u00f8ya, men det er mest &hellip; L\u00e6s videre &quot;Seiling og brettpadling&quot;\" \/>\n<meta property=\"og:url\" content=\"https:\/\/www.related.dk\/active-tenerife-tradekit\/aktive-opplevelser\/seiling-og-brettpadling\/\" \/>\n<meta property=\"og:site_name\" content=\"Active Tenerife - Tradekit\" \/>\n<meta property=\"article:modified_time\" content=\"2020-02-12T12:47:19+00:00\" \/>\n<meta name=\"twitter:card\" content=\"summary_large_image\" \/>\n<meta name=\"twitter:label1\" content=\"Estimeret l\u00e6setid\" \/>\n\t<meta name=\"twitter:data1\" content=\"1 minut\" \/>\n<script type=\"application\/ld+json\" class=\"yoast-schema-graph\">{\"@context\":\"https:\/\/schema.org\",\"@graph\":[{\"@type\":\"WebPage\",\"@id\":\"https:\/\/www.related.dk\/active-tenerife-tradekit\/aktive-opplevelser\/seiling-og-brettpadling\/\",\"url\":\"https:\/\/www.related.dk\/active-tenerife-tradekit\/aktive-opplevelser\/seiling-og-brettpadling\/\",\"name\":\"Seiling og brettpadling - Active Tenerife - Tradekit\",\"isPartOf\":{\"@id\":\"https:\/\/www.related.dk\/active-tenerife-tradekit\/#website\"},\"datePublished\":\"2020-02-12T12:45:29+00:00\",\"dateModified\":\"2020-02-12T12:47:19+00:00\",\"breadcrumb\":{\"@id\":\"https:\/\/www.related.dk\/active-tenerife-tradekit\/aktive-opplevelser\/seiling-og-brettpadling\/#breadcrumb\"},\"inLanguage\":\"da-DK\",\"potentialAction\":[{\"@type\":\"ReadAction\",\"target\":[\"https:\/\/www.related.dk\/active-tenerife-tradekit\/aktive-opplevelser\/seiling-og-brettpadling\/\"]}]},{\"@type\":\"BreadcrumbList\",\"@id\":\"https:\/\/www.related.dk\/active-tenerife-tradekit\/aktive-opplevelser\/seiling-og-brettpadling\/#breadcrumb\",\"itemListElement\":[{\"@type\":\"ListItem\",\"position\":1,\"name\":\"Home\",\"item\":\"https:\/\/www.related.dk\/active-tenerife-tradekit\/\"},{\"@type\":\"ListItem\",\"position\":2,\"name\":\"Aktive opplevelser\",\"item\":\"https:\/\/www.related.dk\/active-tenerife-tradekit\/aktive-opplevelser\/\"},{\"@type\":\"ListItem\",\"position\":3,\"name\":\"Seiling og brettpadling\"}]},{\"@type\":\"WebSite\",\"@id\":\"https:\/\/www.related.dk\/active-tenerife-tradekit\/#website\",\"url\":\"https:\/\/www.related.dk\/active-tenerife-tradekit\/\",\"name\":\"Active Tenerife - Tradekit\",\"description\":\"\",\"potentialAction\":[{\"@type\":\"SearchAction\",\"target\":{\"@type\":\"EntryPoint\",\"urlTemplate\":\"https:\/\/www.related.dk\/active-tenerife-tradekit\/?s={search_term_string}\"},\"query-input\":\"required name=search_term_string\"}],\"inLanguage\":\"da-DK\"}]}<\/script>\n<!-- \/ Yoast SEO plugin. -->","yoast_head_json":{"title":"Seiling og brettpadling - Active Tenerife - Tradekit","robots":{"index":"index","follow":"follow","max-snippet":"max-snippet:-1","max-image-preview":"max-image-preview:large","max-video-preview":"max-video-preview:-1"},"canonical":"https:\/\/www.related.dk\/active-tenerife-tradekit\/aktive-opplevelser\/seiling-og-brettpadling\/","og_locale":"da_DK","og_type":"article","og_title":"Seiling og brettpadling - Active Tenerife - Tradekit","og_description":"SEILING OG BRETTPADLINGSeilingDet rolige vannet p\u00e5 Tenerife og det behagelige klimaet gj\u00f8r \u00f8ya til det perfekte stedet for seiling. Det finnes ni havner \u00e5 legge til p\u00e5 i nord og spesielt p\u00e5 den s\u00f8rlige delen av \u00f8ya \u2013 noe som er enda en fordel for seileentusiaster.Hvor?Du kan seile rundt hele \u00f8ya, men det er mest &hellip; L\u00e6s videre \"Seiling og brettpadling\"","og_url":"https:\/\/www.related.dk\/active-tenerife-tradekit\/aktive-opplevelser\/seiling-og-brettpadling\/","og_site_name":"Active Tenerife - Tradekit","article_modified_time":"2020-02-12T12:47:19+00:00","twitter_card":"summary_large_image","twitter_misc":{"Estimeret l\u00e6setid":"1 minut"},"schema":{"@context":"https:\/\/schema.org","@graph":[{"@type":"WebPage","@id":"https:\/\/www.related.dk\/active-tenerife-tradekit\/aktive-opplevelser\/seiling-og-brettpadling\/","url":"https:\/\/www.related.dk\/active-tenerife-tradekit\/aktive-opplevelser\/seiling-og-brettpadling\/","name":"Seiling og brettpadling - Active Tenerife - Tradekit","isPartOf":{"@id":"https:\/\/www.related.dk\/active-tenerife-tradekit\/#website"},"datePublished":"2020-02-12T12:45:29+00:00","dateModified":"2020-02-12T12:47:19+00:00","breadcrumb":{"@id":"https:\/\/www.related.dk\/active-tenerife-tradekit\/aktive-opplevelser\/seiling-og-brettpadling\/#breadcrumb"},"inLanguage":"da-DK","potentialAction":[{"@type":"ReadAction","target":["https:\/\/www.related.dk\/active-tenerife-tradekit\/aktive-opplevelser\/seiling-og-brettpadling\/"]}]},{"@type":"BreadcrumbList","@id":"https:\/\/www.related.dk\/active-tenerife-tradekit\/aktive-opplevelser\/seiling-og-brettpadling\/#breadcrumb","itemListElement":[{"@type":"ListItem","position":1,"name":"Home","item":"https:\/\/www.related.dk\/active-tenerife-tradekit\/"},{"@type":"ListItem","position":2,"name":"Aktive opplevelser","item":"https:\/\/www.related.dk\/active-tenerife-tradekit\/aktive-opplevelser\/"},{"@type":"ListItem","position":3,"name":"Seiling og brettpadling"}]},{"@type":"WebSite","@id":"https:\/\/www.related.dk\/active-tenerife-tradekit\/#website","url":"https:\/\/www.related.dk\/active-tenerife-tradekit\/","name":"Active Tenerife - Tradekit","description":"","potentialAction":[{"@type":"SearchAction","target":{"@type":"EntryPoint","urlTemplate":"https:\/\/www.related.dk\/active-tenerife-tradekit\/?s={search_term_string}"},"query-input":"required name=search_term_string"}],"inLanguage":"da-DK"}]}},"_links":{"self":[{"href":"https:\/\/www.related.dk\/active-tenerife-tradekit\/wp-json\/wp\/v2\/pages\/1043"}],"collection":[{"href":"https:\/\/www.related.dk\/active-tenerife-tradekit\/wp-json\/wp\/v2\/pages"}],"about":[{"href":"https:\/\/www.related.dk\/active-tenerife-tradekit\/wp-json\/wp\/v2\/types\/page"}],"author":[{"embeddable":true,"href":"https:\/\/www.related.dk\/active-tenerife-tradekit\/wp-json\/wp\/v2\/users\/2"}],"replies":[{"embeddable":true,"href":"https:\/\/www.related.dk\/active-tenerife-tradekit\/wp-json\/wp\/v2\/comments?post=1043"}],"version-history":[{"count":3,"href":"https:\/\/www.related.dk\/active-tenerife-tradekit\/wp-json\/wp\/v2\/pages\/1043\/revisions"}],"predecessor-version":[{"id":1046,"href":"https:\/\/www.related.dk\/active-tenerife-tradekit\/wp-json\/wp\/v2\/pages\/1043\/revisions\/1046"}],"up":[{"embeddable":true,"href":"https:\/\/www.related.dk\/active-tenerife-tradekit\/wp-json\/wp\/v2\/pages\/1018"}],"wp:attachment":[{"href":"https:\/\/www.related.dk\/active-tenerife-tradekit\/wp-json\/wp\/v2\/media?parent=1043"}],"curies":[{"name":"wp","href":"https:\/\/api.w.org\/{rel}","templated":true}]}}