{"id":1037,"date":"2020-02-12T12:39:57","date_gmt":"2020-02-12T12:39:57","guid":{"rendered":"http:\/\/www.related.dk\/active-tenerife-tradekit\/?page_id=1037"},"modified":"2020-02-12T13:00:15","modified_gmt":"2020-02-12T13:00:15","slug":"dykking","status":"publish","type":"page","link":"https:\/\/www.related.dk\/active-tenerife-tradekit\/aktive-opplevelser\/dykking\/","title":{"rendered":"Dykking"},"content":{"rendered":"<div class=\"vce-row-container\"><div class=\"vce-row vce-row--col-gap-30 vce-row-columns--top vce-row-content--top\" id=\"el-f954c331\" data-vce-do-apply=\"all el-f954c331\"><div class=\"vce-row-content\" data-vce-element-content=\"true\"><div class=\"vce-col\" id=\"el-dad18e03\"><div class=\"vce-col-inner\" data-vce-do-apply=\"border margin background  el-dad18e03\"><div class=\"vce-col-content\" data-vce-element-content=\"true\" data-vce-do-apply=\"padding el-dad18e03\"><section class=\"vce-hero-section-container vce-hero-section-media--xs vce-hero-section-media--sm vce-hero-section-media--md vce-hero-section-media--lg\"><div class=\"vce vce-hero-section vce-hero-section--alignment-start\" id=\"el-04dbee95\" data-vce-do-apply=\"margin background border  el-04dbee95\"><div class=\"vce-hero-section--wrap-row vce-hero-section--background-position-center-center\" style=\"background-image: url('https:\/\/www.related.dk\/active-tenerife-tradekit\/wp-content\/uploads\/2020\/02\/Active-experiences-diving-8-vs2.jpg');\"><div class=\"vce-hero-section--wrap\"><div class=\"vce-hero-section--content\" data-vce-do-apply=\"padding el-04dbee95\"><div class=\"vce-hero-section--content-container\"><h1><strong>DYKKING<\/strong><\/h1><\/div><\/div><\/div><\/div><\/div><\/section><\/div><\/div><\/div><\/div><\/div><\/div><div class=\"vce-row-container\"><div class=\"vce-row vce-row--col-gap-30 vce-row-columns--top vce-row-content--top\" id=\"el-8e14ce5e\" data-vce-do-apply=\"all el-8e14ce5e\"><div class=\"vce-row-content\" data-vce-element-content=\"true\"><div class=\"vce-col\" id=\"el-f0454f6a\"><div class=\"vce-col-inner\" data-vce-do-apply=\"border margin background  el-f0454f6a\"><div class=\"vce-col-content\" data-vce-element-content=\"true\" data-vce-do-apply=\"padding el-f0454f6a\"><div class=\"vce-text-block\"><div class=\"vce-text-block-wrapper vce\" id=\"el-d2b8bcdc\" data-vce-do-apply=\"all el-d2b8bcdc\"><h2>Dykking<\/h2><p>Langs kysten av \u00f8ya er det 60 steder \u00e5 dykke p\u00e5, og havbunnen yrer av liv og best\u00e5r av en blanding av sand, stein og vulkanske rev. Det krystallklare vannet gj\u00f8r at solstr\u00e5lene trenger helt ned til 40 meter under vann.<\/p><p><strong>Hvor?<\/strong><br>Det er over 60 dykkesteder langs kysten, og blant de beste finner du La Catedral i Puerto de la Cruz med en gjennomsnittlig dybde p\u00e5 35 meter. Vanskelighetsgraden er middels, og stedet er tilgjengelig med b\u00e5t. Det er rikelig med papeg\u00f8yefisk, junkergylt, Thalassoma pavo, murener, catalufaer, pilkrabbe, havkarusser, seriola og taggmakrell der. P\u00e5 havbunnen finnes kolonier av det r\u00f8de og gule koralldyret gorgonia. Barranco Seco ligger i Los Gigantes med en gjennomsnittlig dybde p\u00e5 20 meter og lav vanskelighetsgrad. Stedet er tilgjengelig med b\u00e5t. Her finner du svart stein, hage\u00e5l og marulk, spesielt om sommeren. I grottene finnes det uer, reker, murener, catalufaer, stimer med gryntfisker, trompetfisk og havkarusser. Radazul i La Cueva har en gjennomsnittlig dybde p\u00e5 40 meter og h\u00f8yt vanskelighetsniv\u00e5. Stedet er tilgjengelig med b\u00e5t og fra kysten. Her kan du se papeg\u00f8yefisk, trompetfisk, catalufaer, fiskestimer, barracudaer, pilskater, seriola og torsk.<\/p><p><a href=\"https:\/\/www.webtenerife.co.uk\/what-to-do\/sports\/water\/diving\/?tab=1\" target=\"_blank\" rel=\"noopener noreferrer\">Les mer om steder \u00e5 bes\u00f8ke og hvilke foretak som kan hjelpe til<\/a><\/p><p><strong>N\u00e5r?<\/strong> <br>Du kan dykke hele \u00e5ret, med en sikt fra 10 til 30 meter. Forholdene for dykking kan variere, men vanntemperaturen ligger konstant p\u00e5 mellom 19 og 26 grader.<\/p><h2>Fridykking<\/h2><p>Det er mulig \u00e5 dykke over hele \u00f8ya, men spesielt vestkysten er bra takket v\u00e6re det unike terrenget som gj\u00f8r temperaturen, str\u00f8mningene og v\u00e6ret perfekt for alle typer fridykking. Havtemperaturen, som bare har sm\u00e5 variasjoner mellom 0 og 50 meters dyp (knapt en grad), og god sikt p\u00e5 opptil 20\u201325 meter er bare et par av de eksepsjonelle forholdene Tenerife har \u00e5 by p\u00e5.<\/p><p><strong>Hvor?<\/strong><br>I tillegg til havet finnes det sentre som tilbyr kurs for nybegynnere og dykkere som \u00f8nsker \u00e5 forbedre teknikken sin.<\/p><p><a href=\"https:\/\/www.webtenerife.co.uk\/what-to-do\/sports\/water\/apnea\/?tab=1\" target=\"_blank\" rel=\"noopener noreferrer\">Les mer om steder \u00e5 bes\u00f8ke og hvilke foretak som kan hjelpe til<\/a><\/p><p><strong>N\u00e5r?<\/strong><br>\u00c5ret rundt, men vinteren er den mest popul\u00e6re sesongen for europeiske dykkere, siden temperaturen er jevn og det ikke finnes noe termoklin.<\/p><\/div><\/div><\/div><\/div><\/div><\/div><\/div><\/div><div class=\"vce-row-container\"><div class=\"vce-row vce-row--col-gap-30 vce-row-columns--top vce-row-content--top\" id=\"el-9621c408\" data-vce-do-apply=\"all el-9621c408\"><div class=\"vce-row-content\" data-vce-element-content=\"true\"><div class=\"vce-col vce-col--md-auto vce-col--xs-1 vce-col--xs-last vce-col--xs-first vce-col--sm-last vce-col--sm-first vce-col--md-first vce-col--lg-first vce-col--xl-first\" id=\"el-47b8344c\"><div class=\"vce-col-inner\" data-vce-do-apply=\"border margin background  el-47b8344c\"><div class=\"vce-col-content\" data-vce-element-content=\"true\" data-vce-do-apply=\"padding el-47b8344c\"><div class=\"vce-single-image-container vce-single-image--align-left\"><div class=\"vce vce-single-image-wrapper\" id=\"el-812f450c\" data-vce-do-apply=\"all el-812f450c\"><figure><div class=\"vce-single-image-inner vce-single-image--absolute\" style=\"padding-bottom: 58.3333%; width: 600px;\"><img class=\"vce-single-image\" width=\"600\" height=\"350\"src=\"https:\/\/www.related.dk\/active-tenerife-tradekit\/wp-content\/uploads\/2020\/02\/Active-experiences-diving-8-3-600x350.jpg\" srcset=\"https:\/\/www.related.dk\/active-tenerife-tradekit\/wp-content\/uploads\/2020\/02\/Active-experiences-diving-8-3-320x187.jpg 320w,https:\/\/www.related.dk\/active-tenerife-tradekit\/wp-content\/uploads\/2020\/02\/Active-experiences-diving-8-3-480x280.jpg 480w,https:\/\/www.related.dk\/active-tenerife-tradekit\/wp-content\/uploads\/2020\/02\/Active-experiences-diving-8-3-600x350.jpg 600w\" data-img-src=\"https:\/\/www.related.dk\/active-tenerife-tradekit\/wp-content\/uploads\/2020\/02\/Active-experiences-diving-8-3.jpg\" alt=\"\" title=\"Active experiences - diving - 8 (3)\"\/><\/div><\/figure><\/div><\/div><\/div><\/div><\/div><div class=\"vce-col vce-col--md-auto vce-col--xs-1 vce-col--xs-last vce-col--xs-first vce-col--sm-last vce-col--sm-first vce-col--md-last vce-col--lg-last vce-col--xl-last\" id=\"el-c980f63d\"><div class=\"vce-col-inner\" data-vce-do-apply=\"border margin background  el-c980f63d\"><div class=\"vce-col-content\" data-vce-element-content=\"true\" data-vce-do-apply=\"padding el-c980f63d\"><div class=\"vce-single-image-container vce-single-image--align-left\"><div class=\"vce vce-single-image-wrapper\" id=\"el-ec15476f\" data-vce-do-apply=\"all el-ec15476f\"><figure><div class=\"vce-single-image-inner vce-single-image--absolute\" style=\"padding-bottom: 58.3333%; width: 600px;\"><img class=\"vce-single-image\" width=\"600\" height=\"350\"src=\"https:\/\/www.related.dk\/active-tenerife-tradekit\/wp-content\/uploads\/2020\/02\/Active-experiences-diving-8-2-600x350.jpg\" srcset=\"https:\/\/www.related.dk\/active-tenerife-tradekit\/wp-content\/uploads\/2020\/02\/Active-experiences-diving-8-2-320x187.jpg 320w,https:\/\/www.related.dk\/active-tenerife-tradekit\/wp-content\/uploads\/2020\/02\/Active-experiences-diving-8-2-480x280.jpg 480w,https:\/\/www.related.dk\/active-tenerife-tradekit\/wp-content\/uploads\/2020\/02\/Active-experiences-diving-8-2-600x350.jpg 600w\" data-img-src=\"https:\/\/www.related.dk\/active-tenerife-tradekit\/wp-content\/uploads\/2020\/02\/Active-experiences-diving-8-2.jpg\" alt=\"\" title=\"Active experiences - diving - 8 (2)\"\/><\/div><\/figure><\/div><\/div><\/div><\/div><\/div><\/div><\/div><\/div>\n","protected":false},"excerpt":{"rendered":"<p>DYKKINGDykkingLangs kysten av \u00f8ya er det 60 steder \u00e5 dykke p\u00e5, og havbunnen yrer av liv og best\u00e5r av en blanding av sand, stein og vulkanske rev. Det krystallklare vannet gj\u00f8r at solstr\u00e5lene trenger helt ned til 40 meter under vann.Hvor?Det er over 60 dykkesteder langs kysten, og blant de beste finner du La Catedral &hellip; <\/p>\n<p class=\"link-more\"><a href=\"https:\/\/www.related.dk\/active-tenerife-tradekit\/aktive-opplevelser\/dykking\/\" class=\"more-link\">L\u00e6s videre<span class=\"screen-reader-text\"> &#8220;Dykking&#8221;<\/span><\/a><\/p>\n","protected":false},"author":2,"featured_media":0,"parent":1018,"menu_order":0,"comment_status":"closed","ping_status":"closed","template":"","meta":[],"yoast_head":"<!-- This site is optimized with the Yoast SEO plugin v20.7 - https:\/\/yoast.com\/wordpress\/plugins\/seo\/ -->\n<title>Dykking - Active Tenerife - Tradekit<\/title>\n<meta name=\"robots\" content=\"index, follow, max-snippet:-1, max-image-preview:large, max-video-preview:-1\" \/>\n<link rel=\"canonical\" href=\"https:\/\/www.related.dk\/active-tenerife-tradekit\/aktive-opplevelser\/dykking\/\" \/>\n<meta property=\"og:locale\" content=\"da_DK\" \/>\n<meta property=\"og:type\" content=\"article\" \/>\n<meta property=\"og:title\" content=\"Dykking - Active Tenerife - Tradekit\" \/>\n<meta property=\"og:description\" content=\"DYKKINGDykkingLangs kysten av \u00f8ya er det 60 steder \u00e5 dykke p\u00e5, og havbunnen yrer av liv og best\u00e5r av en blanding av sand, stein og vulkanske rev. Det krystallklare vannet gj\u00f8r at solstr\u00e5lene trenger helt ned til 40 meter under vann.Hvor?Det er over 60 dykkesteder langs kysten, og blant de beste finner du La Catedral &hellip; L\u00e6s videre &quot;Dykking&quot;\" \/>\n<meta property=\"og:url\" content=\"https:\/\/www.related.dk\/active-tenerife-tradekit\/aktive-opplevelser\/dykking\/\" \/>\n<meta property=\"og:site_name\" content=\"Active Tenerife - Tradekit\" \/>\n<meta property=\"article:modified_time\" content=\"2020-02-12T13:00:15+00:00\" \/>\n<meta name=\"twitter:card\" content=\"summary_large_image\" \/>\n<meta name=\"twitter:label1\" content=\"Estimeret l\u00e6setid\" \/>\n\t<meta name=\"twitter:data1\" content=\"2 minutter\" \/>\n<script type=\"application\/ld+json\" class=\"yoast-schema-graph\">{\"@context\":\"https:\/\/schema.org\",\"@graph\":[{\"@type\":\"WebPage\",\"@id\":\"https:\/\/www.related.dk\/active-tenerife-tradekit\/aktive-opplevelser\/dykking\/\",\"url\":\"https:\/\/www.related.dk\/active-tenerife-tradekit\/aktive-opplevelser\/dykking\/\",\"name\":\"Dykking - Active Tenerife - Tradekit\",\"isPartOf\":{\"@id\":\"https:\/\/www.related.dk\/active-tenerife-tradekit\/#website\"},\"datePublished\":\"2020-02-12T12:39:57+00:00\",\"dateModified\":\"2020-02-12T13:00:15+00:00\",\"breadcrumb\":{\"@id\":\"https:\/\/www.related.dk\/active-tenerife-tradekit\/aktive-opplevelser\/dykking\/#breadcrumb\"},\"inLanguage\":\"da-DK\",\"potentialAction\":[{\"@type\":\"ReadAction\",\"target\":[\"https:\/\/www.related.dk\/active-tenerife-tradekit\/aktive-opplevelser\/dykking\/\"]}]},{\"@type\":\"BreadcrumbList\",\"@id\":\"https:\/\/www.related.dk\/active-tenerife-tradekit\/aktive-opplevelser\/dykking\/#breadcrumb\",\"itemListElement\":[{\"@type\":\"ListItem\",\"position\":1,\"name\":\"Home\",\"item\":\"https:\/\/www.related.dk\/active-tenerife-tradekit\/\"},{\"@type\":\"ListItem\",\"position\":2,\"name\":\"Aktive opplevelser\",\"item\":\"https:\/\/www.related.dk\/active-tenerife-tradekit\/aktive-opplevelser\/\"},{\"@type\":\"ListItem\",\"position\":3,\"name\":\"Dykking\"}]},{\"@type\":\"WebSite\",\"@id\":\"https:\/\/www.related.dk\/active-tenerife-tradekit\/#website\",\"url\":\"https:\/\/www.related.dk\/active-tenerife-tradekit\/\",\"name\":\"Active Tenerife - Tradekit\",\"description\":\"\",\"potentialAction\":[{\"@type\":\"SearchAction\",\"target\":{\"@type\":\"EntryPoint\",\"urlTemplate\":\"https:\/\/www.related.dk\/active-tenerife-tradekit\/?s={search_term_string}\"},\"query-input\":\"required name=search_term_string\"}],\"inLanguage\":\"da-DK\"}]}<\/script>\n<!-- \/ Yoast SEO plugin. -->","yoast_head_json":{"title":"Dykking - Active Tenerife - Tradekit","robots":{"index":"index","follow":"follow","max-snippet":"max-snippet:-1","max-image-preview":"max-image-preview:large","max-video-preview":"max-video-preview:-1"},"canonical":"https:\/\/www.related.dk\/active-tenerife-tradekit\/aktive-opplevelser\/dykking\/","og_locale":"da_DK","og_type":"article","og_title":"Dykking - Active Tenerife - Tradekit","og_description":"DYKKINGDykkingLangs kysten av \u00f8ya er det 60 steder \u00e5 dykke p\u00e5, og havbunnen yrer av liv og best\u00e5r av en blanding av sand, stein og vulkanske rev. Det krystallklare vannet gj\u00f8r at solstr\u00e5lene trenger helt ned til 40 meter under vann.Hvor?Det er over 60 dykkesteder langs kysten, og blant de beste finner du La Catedral &hellip; L\u00e6s videre \"Dykking\"","og_url":"https:\/\/www.related.dk\/active-tenerife-tradekit\/aktive-opplevelser\/dykking\/","og_site_name":"Active Tenerife - Tradekit","article_modified_time":"2020-02-12T13:00:15+00:00","twitter_card":"summary_large_image","twitter_misc":{"Estimeret l\u00e6setid":"2 minutter"},"schema":{"@context":"https:\/\/schema.org","@graph":[{"@type":"WebPage","@id":"https:\/\/www.related.dk\/active-tenerife-tradekit\/aktive-opplevelser\/dykking\/","url":"https:\/\/www.related.dk\/active-tenerife-tradekit\/aktive-opplevelser\/dykking\/","name":"Dykking - Active Tenerife - Tradekit","isPartOf":{"@id":"https:\/\/www.related.dk\/active-tenerife-tradekit\/#website"},"datePublished":"2020-02-12T12:39:57+00:00","dateModified":"2020-02-12T13:00:15+00:00","breadcrumb":{"@id":"https:\/\/www.related.dk\/active-tenerife-tradekit\/aktive-opplevelser\/dykking\/#breadcrumb"},"inLanguage":"da-DK","potentialAction":[{"@type":"ReadAction","target":["https:\/\/www.related.dk\/active-tenerife-tradekit\/aktive-opplevelser\/dykking\/"]}]},{"@type":"BreadcrumbList","@id":"https:\/\/www.related.dk\/active-tenerife-tradekit\/aktive-opplevelser\/dykking\/#breadcrumb","itemListElement":[{"@type":"ListItem","position":1,"name":"Home","item":"https:\/\/www.related.dk\/active-tenerife-tradekit\/"},{"@type":"ListItem","position":2,"name":"Aktive opplevelser","item":"https:\/\/www.related.dk\/active-tenerife-tradekit\/aktive-opplevelser\/"},{"@type":"ListItem","position":3,"name":"Dykking"}]},{"@type":"WebSite","@id":"https:\/\/www.related.dk\/active-tenerife-tradekit\/#website","url":"https:\/\/www.related.dk\/active-tenerife-tradekit\/","name":"Active Tenerife - Tradekit","description":"","potentialAction":[{"@type":"SearchAction","target":{"@type":"EntryPoint","urlTemplate":"https:\/\/www.related.dk\/active-tenerife-tradekit\/?s={search_term_string}"},"query-input":"required name=search_term_string"}],"inLanguage":"da-DK"}]}},"_links":{"self":[{"href":"https:\/\/www.related.dk\/active-tenerife-tradekit\/wp-json\/wp\/v2\/pages\/1037"}],"collection":[{"href":"https:\/\/www.related.dk\/active-tenerife-tradekit\/wp-json\/wp\/v2\/pages"}],"about":[{"href":"https:\/\/www.related.dk\/active-tenerife-tradekit\/wp-json\/wp\/v2\/types\/page"}],"author":[{"embeddable":true,"href":"https:\/\/www.related.dk\/active-tenerife-tradekit\/wp-json\/wp\/v2\/users\/2"}],"replies":[{"embeddable":true,"href":"https:\/\/www.related.dk\/active-tenerife-tradekit\/wp-json\/wp\/v2\/comments?post=1037"}],"version-history":[{"count":2,"href":"https:\/\/www.related.dk\/active-tenerife-tradekit\/wp-json\/wp\/v2\/pages\/1037\/revisions"}],"predecessor-version":[{"id":1039,"href":"https:\/\/www.related.dk\/active-tenerife-tradekit\/wp-json\/wp\/v2\/pages\/1037\/revisions\/1039"}],"up":[{"embeddable":true,"href":"https:\/\/www.related.dk\/active-tenerife-tradekit\/wp-json\/wp\/v2\/pages\/1018"}],"wp:attachment":[{"href":"https:\/\/www.related.dk\/active-tenerife-tradekit\/wp-json\/wp\/v2\/media?parent=1037"}],"curies":[{"name":"wp","href":"https:\/\/api.w.org\/{rel}","templated":true}]}}