{"id":1030,"date":"2020-02-12T12:33:09","date_gmt":"2020-02-12T12:33:09","guid":{"rendered":"http:\/\/www.related.dk\/active-tenerife-tradekit\/?page_id=1030"},"modified":"2020-02-12T13:03:34","modified_gmt":"2020-02-12T13:03:34","slug":"surfing","status":"publish","type":"page","link":"https:\/\/www.related.dk\/active-tenerife-tradekit\/aktive-opplevelser\/surfing\/","title":{"rendered":"Surfing"},"content":{"rendered":"<div class=\"vce-row-container\"><div class=\"vce-row vce-row--col-gap-30 vce-row-columns--top vce-row-content--top\" id=\"el-2ab28041\" data-vce-do-apply=\"all el-2ab28041\"><div class=\"vce-row-content\" data-vce-element-content=\"true\"><div class=\"vce-col\" id=\"el-29fd1dae\"><div class=\"vce-col-inner\" data-vce-do-apply=\"border margin background  el-29fd1dae\"><div class=\"vce-col-content\" data-vce-element-content=\"true\" data-vce-do-apply=\"padding el-29fd1dae\"><section class=\"vce-hero-section-container vce-hero-section-media--xs vce-hero-section-media--sm vce-hero-section-media--md vce-hero-section-media--lg\"><div class=\"vce vce-hero-section vce-hero-section--alignment-start\" id=\"el-3f2fb3f2\" data-vce-do-apply=\"margin background border  el-3f2fb3f2\"><div class=\"vce-hero-section--wrap-row vce-hero-section--background-position-center-center\" style=\"background-image: url('https:\/\/www.related.dk\/active-tenerife-tradekit\/wp-content\/uploads\/2020\/02\/Active-Experiences-Surfing-4-vs2.jpg');\"><div class=\"vce-hero-section--wrap\"><div class=\"vce-hero-section--content\" data-vce-do-apply=\"padding el-3f2fb3f2\"><div class=\"vce-hero-section--content-container\"><h1><strong>SURFING<\/strong><\/h1><\/div><\/div><\/div><\/div><\/div><\/section><\/div><\/div><\/div><\/div><\/div><\/div><div class=\"vce-row-container\"><div class=\"vce-row vce-row--col-gap-30 vce-row-columns--top vce-row-content--top\" id=\"el-e79ff64b\" data-vce-do-apply=\"all el-e79ff64b\"><div class=\"vce-row-content\" data-vce-element-content=\"true\"><div class=\"vce-col vce-col--md-auto vce-col--xs-1 vce-col--xs-last vce-col--xs-first vce-col--sm-last vce-col--sm-first vce-col--md-first vce-col--lg-first vce-col--xl-first\" id=\"el-cc36d83c\"><div class=\"vce-col-inner\" data-vce-do-apply=\"border margin background  el-cc36d83c\"><div class=\"vce-col-content\" data-vce-element-content=\"true\" data-vce-do-apply=\"padding el-cc36d83c\"><div class=\"vce-text-block\"><div class=\"vce-text-block-wrapper vce\" id=\"el-a8135145\" data-vce-do-apply=\"all el-a8135145\"><h2>Surfing og bodyboarding<\/h2><p>Tenerife er den perfekte \u00f8ya for surfere. Hvert tiende minutt finner du et egnet sted, og du kan velge mellom sand, stein, vulkanske rev eller en kombinasjon av dem som havbunn. B\u00f8lger som bryter over sand og stein, er gjerne lettere og passer derfor for nybegynnere og surfere med litt erfaring. Vulkanske rev er vanskeligere og derfor bedre for surfere med perfekt teknikk.<\/p><p><strong>Hvor?<\/strong><br>De st\u00f8rste b\u00f8lgene finner man i de nordlige og nordvestlige delene av \u00f8ya, mens b\u00f8lgende i s\u00f8r og s\u00f8r-\u00f8st er mindre intense. Havets styrke varierer derimot avhengig av \u00e5rstiden.<\/p><p><a href=\"https:\/\/www.webtenerife.co.uk\/what-to-do\/sports\/water\/surfing-bodyboarding\/?tab=1\" target=\"_blank\" rel=\"noopener noreferrer\">Les mer om steder \u00e5 bes\u00f8ke og hvilke foretak som kan hjelpe til<\/a><\/p><p><strong>N\u00e5r?<\/strong><br>P\u00e5 mange av stedene kan du kan surfe \u00e5ret rundt. Det atlantiske lavtrykkssystemet i regionen om vinteren (oktober til april) og p\u00e5virkningen fra passatvindene om sommeren (mai til september) gj\u00f8r Tenerife til det perfekte reisem\u00e5let for alle slags surfere.<\/p><\/div><\/div><\/div><\/div><\/div><div class=\"vce-col vce-col--md-auto vce-col--xs-1 vce-col--xs-last vce-col--xs-first vce-col--sm-last vce-col--sm-first vce-col--md-last vce-col--lg-last vce-col--xl-last\" id=\"el-ddf0a5cd\"><div class=\"vce-col-inner\" data-vce-do-apply=\"border margin background  el-ddf0a5cd\"><div class=\"vce-col-content\" data-vce-element-content=\"true\" data-vce-do-apply=\"padding el-ddf0a5cd\"><div class=\"vce-single-image-container vce-single-image--align-left\"><div class=\"vce vce-single-image-wrapper\" id=\"el-0ec60382\" data-vce-do-apply=\"all el-0ec60382\"><figure><div class=\"vce-single-image-inner vce-single-image--absolute\" style=\"padding-bottom: 66.6992%; width: 1024px;\"><img class=\"vce-single-image\" width=\"1024\" height=\"683\"src=\"https:\/\/www.related.dk\/active-tenerife-tradekit\/wp-content\/uploads\/2020\/02\/Active-experiences-surfing-4-1024x683.jpg\" srcset=\"https:\/\/www.related.dk\/active-tenerife-tradekit\/wp-content\/uploads\/2020\/02\/Active-experiences-surfing-4-320x213.jpg 320w,https:\/\/www.related.dk\/active-tenerife-tradekit\/wp-content\/uploads\/2020\/02\/Active-experiences-surfing-4-480x320.jpg 480w,https:\/\/www.related.dk\/active-tenerife-tradekit\/wp-content\/uploads\/2020\/02\/Active-experiences-surfing-4-800x534.jpg 800w,https:\/\/www.related.dk\/active-tenerife-tradekit\/wp-content\/uploads\/2020\/02\/Active-experiences-surfing-4-1024x683.jpg 1024w\" data-img-src=\"https:\/\/www.related.dk\/active-tenerife-tradekit\/wp-content\/uploads\/2020\/02\/Active-experiences-surfing-4.jpg\" alt=\"\" title=\"Active experiences - surfing - 4\"\/><\/div><\/figure><\/div><\/div><\/div><\/div><\/div><\/div><\/div><\/div><div class=\"vce-row-container\"><div class=\"vce-row vce-row--col-gap-30 vce-row-columns--top vce-row-content--top\" id=\"el-d56be952\" data-vce-do-apply=\"all el-d56be952\"><div class=\"vce-row-content\" data-vce-element-content=\"true\"><div class=\"vce-col vce-col--md-auto vce-col--xs-1 vce-col--xs-last vce-col--xs-first vce-col--sm-last vce-col--sm-first vce-col--md-first vce-col--lg-first vce-col--xl-first\" id=\"el-d17056c9\"><div class=\"vce-col-inner\" data-vce-do-apply=\"border margin background  el-d17056c9\"><div class=\"vce-col-content\" data-vce-element-content=\"true\" data-vce-do-apply=\"padding el-d17056c9\"><div class=\"vce-text-block\"><div class=\"vce-text-block-wrapper vce\" id=\"el-c7e1c639\" data-vce-do-apply=\"all el-c7e1c639\"><h2>Brettseiling<\/h2><p>I El M\u00e9dano kan du glede deg over 300 vinddager i \u00e5ret, og vannet er varmt b\u00e5de vinter og sommer. I dette omr\u00e5det p\u00e5 den s\u00f8rlige delen av \u00f8ya m\u00f8tes idrettsut\u00f8vere fra hele verden. Her arrangeres det nasjonale og internasjonale mesterskap, og det er en atmosf\u00e6re av ro og lidenskap for brettseiling p\u00e5 stedet, noe som gj\u00f8r det helt unikt.<\/p><p><strong>Hvor?<\/strong><br>Det mest kjente stedet for brettseiling p\u00e5 Tenerife er El M\u00e9dano, som er kjent over hele verden p\u00e5 grunn av de nasjonale og internasjonale konkurransene som avholdes der. I flere ti\u00e5r har det ogs\u00e5 v\u00e6rt et m\u00f8tepunkt for de beste vindsurferne i Europa. Andre strender er El Cabezo, La Tejita, Playa de Las Americas (Conquistador og Las Palmeras) og Playa de las Americas (Fitenia).<\/p><p><a href=\"https:\/\/www.webtenerife.co.uk\/what-to-do\/sports\/water\/windsurfing\/?tab=1\" target=\"_blank\" rel=\"noopener noreferrer\">Les mer om steder \u00e5 bes\u00f8ke og hvilke foretak som kan hjelpe til<\/a><\/p><p><strong>N\u00e5r?<\/strong><br>Du kan surfe \u00e5ret rundt. Vinden er vanligvis \u00f8stlig og nord\u00f8stlig. Avhengig av hvor sterk vinden er, er det to sesonger for vindsurfing \u2013 vinter (oktober til april) med en vind p\u00e5 rundt 10\u201325 knop, og sommer (mai til september) med vind p\u00e5 rundt 15\u201330 knop.<\/p><\/div><\/div><\/div><\/div><\/div><div class=\"vce-col vce-col--md-auto vce-col--xs-1 vce-col--xs-last vce-col--xs-first vce-col--sm-last vce-col--sm-first vce-col--md-last vce-col--lg-last vce-col--xl-last\" id=\"el-269cb0a9\"><div class=\"vce-col-inner\" data-vce-do-apply=\"border margin background  el-269cb0a9\"><div class=\"vce-col-content\" data-vce-element-content=\"true\" data-vce-do-apply=\"padding el-269cb0a9\"><div class=\"vce-single-image-container vce-single-image--align-left\"><div class=\"vce vce-single-image-wrapper\" id=\"el-2af39e48\" data-vce-do-apply=\"all el-2af39e48\"><figure><div class=\"vce-single-image-inner vce-single-image--absolute\" style=\"padding-bottom: 66.6992%; width: 1024px;\"><img class=\"vce-single-image\" width=\"1024\" height=\"683\"src=\"https:\/\/www.related.dk\/active-tenerife-tradekit\/wp-content\/uploads\/2020\/02\/Active-experiences-surfing-4-2-1024x683.jpg\" srcset=\"https:\/\/www.related.dk\/active-tenerife-tradekit\/wp-content\/uploads\/2020\/02\/Active-experiences-surfing-4-2-320x213.jpg 320w,https:\/\/www.related.dk\/active-tenerife-tradekit\/wp-content\/uploads\/2020\/02\/Active-experiences-surfing-4-2-480x320.jpg 480w,https:\/\/www.related.dk\/active-tenerife-tradekit\/wp-content\/uploads\/2020\/02\/Active-experiences-surfing-4-2-800x534.jpg 800w,https:\/\/www.related.dk\/active-tenerife-tradekit\/wp-content\/uploads\/2020\/02\/Active-experiences-surfing-4-2-1024x683.jpg 1024w\" data-img-src=\"https:\/\/www.related.dk\/active-tenerife-tradekit\/wp-content\/uploads\/2020\/02\/Active-experiences-surfing-4-2.jpg\" alt=\"\" title=\"Active experiences - surfing - 4 (2)\"\/><\/div><\/figure><\/div><\/div><\/div><\/div><\/div><\/div><\/div><\/div><div class=\"vce-row-container\"><div class=\"vce-row vce-row--col-gap-30 vce-row-columns--top vce-row-content--top\" id=\"el-fbf7e4ea\" data-vce-do-apply=\"all el-fbf7e4ea\"><div class=\"vce-row-content\" data-vce-element-content=\"true\"><div class=\"vce-col vce-col--md-auto vce-col--xs-1 vce-col--xs-last vce-col--xs-first vce-col--sm-last vce-col--sm-first vce-col--md-first vce-col--lg-first vce-col--xl-first\" id=\"el-436da6ba\"><div class=\"vce-col-inner\" data-vce-do-apply=\"border margin background  el-436da6ba\"><div class=\"vce-col-content\" data-vce-element-content=\"true\" data-vce-do-apply=\"padding el-436da6ba\"><div class=\"vce-text-block\"><div class=\"vce-text-block-wrapper vce\" id=\"el-71566b13\" data-vce-do-apply=\"all el-71566b13\"><h2>Kitesurfing<\/h2>\n<p>El M\u00e9dano-omr\u00e5det p\u00e5 Tenerife byr kitesurfere p\u00e5 300 dager med vind i \u00e5ret og en mild vanntemperatur. \u00d8ya er godt kjent blant kitesurfere over hele Europa p\u00e5 grunn av den fantastiske kystlinjen. Vinden er stort sett \u00f8stlig og nord\u00f8stlig.<\/p>\n<p><strong>Hvor?<\/strong><br>El M\u00e9dano er det mest kjente stedet, siden nasjonale og internasjonale mesterskapet arrangeres der. Andre strender er El Cabezo, La Tejita, Playa de Las Americas (Conquistador og Las Palmeras) og Playa de las Americas (Fitenia).<\/p>\n<p><a href=\"https:\/\/www.webtenerife.co.uk\/what-to-do\/sports\/water\/kitesurfing\/?tab=1\" target=\"_blank\" rel=\"noopener noreferrer\">Les mer om steder \u00e5 bes\u00f8ke og hvilke foretak som kan hjelpe til<\/a><\/p>\n<p><strong>N\u00e5r?<\/strong><br>\u00c5ret rundt, men \u00e5ret er delt inn i to perioder i henhold til vindens intensitet \u2013 vinter (oktober til april) med en vind p\u00e5 rundt 10\u201325 knop, og sommer (mai til september) med vind p\u00e5 rundt 15\u201330 knop.<\/p><\/div><\/div><\/div><\/div><\/div><div class=\"vce-col vce-col--md-auto vce-col--xs-1 vce-col--xs-last vce-col--xs-first vce-col--sm-last vce-col--sm-first vce-col--md-last vce-col--lg-last vce-col--xl-last\" id=\"el-c72dfee8\"><div class=\"vce-col-inner\" data-vce-do-apply=\"border margin background  el-c72dfee8\"><div class=\"vce-col-content\" data-vce-element-content=\"true\" data-vce-do-apply=\"padding el-c72dfee8\"><div class=\"vce-single-image-container vce-single-image--align-left\"><div class=\"vce vce-single-image-wrapper\" id=\"el-6461c0ff\" data-vce-do-apply=\"all el-6461c0ff\"><figure><div class=\"vce-single-image-inner vce-single-image--absolute\" style=\"padding-bottom: 58.3333%; width: 600px;\"><img class=\"vce-single-image\" width=\"600\" height=\"350\"src=\"https:\/\/www.related.dk\/active-tenerife-tradekit\/wp-content\/uploads\/2020\/02\/Active-experiences-Surfing-4-3-vs2-600x350.jpg\" srcset=\"https:\/\/www.related.dk\/active-tenerife-tradekit\/wp-content\/uploads\/2020\/02\/Active-experiences-Surfing-4-3-vs2-320x187.jpg 320w,https:\/\/www.related.dk\/active-tenerife-tradekit\/wp-content\/uploads\/2020\/02\/Active-experiences-Surfing-4-3-vs2-480x280.jpg 480w,https:\/\/www.related.dk\/active-tenerife-tradekit\/wp-content\/uploads\/2020\/02\/Active-experiences-Surfing-4-3-vs2-600x350.jpg 600w\" data-img-src=\"https:\/\/www.related.dk\/active-tenerife-tradekit\/wp-content\/uploads\/2020\/02\/Active-experiences-Surfing-4-3-vs2.jpg\" alt=\"\" title=\"Active experiences - Surfing - 4 (3) - vs2\"\/><\/div><\/figure><\/div><\/div><\/div><\/div><\/div><\/div><\/div><\/div>\n","protected":false},"excerpt":{"rendered":"<p>SURFINGSurfing og bodyboardingTenerife er den perfekte \u00f8ya for surfere. Hvert tiende minutt finner du et egnet sted, og du kan velge mellom sand, stein, vulkanske rev eller en kombinasjon av dem som havbunn. B\u00f8lger som bryter over sand og stein, er gjerne lettere og passer derfor for nybegynnere og surfere med litt erfaring. Vulkanske rev &hellip; <\/p>\n<p class=\"link-more\"><a href=\"https:\/\/www.related.dk\/active-tenerife-tradekit\/aktive-opplevelser\/surfing\/\" class=\"more-link\">L\u00e6s videre<span class=\"screen-reader-text\"> &#8220;Surfing&#8221;<\/span><\/a><\/p>\n","protected":false},"author":2,"featured_media":0,"parent":1018,"menu_order":0,"comment_status":"closed","ping_status":"closed","template":"","meta":[],"yoast_head":"<!-- This site is optimized with the Yoast SEO plugin v20.7 - https:\/\/yoast.com\/wordpress\/plugins\/seo\/ -->\n<title>Surfing - Active Tenerife - Tradekit<\/title>\n<meta name=\"robots\" content=\"index, follow, max-snippet:-1, max-image-preview:large, max-video-preview:-1\" \/>\n<link rel=\"canonical\" href=\"https:\/\/www.related.dk\/active-tenerife-tradekit\/aktive-opplevelser\/surfing\/\" \/>\n<meta property=\"og:locale\" content=\"da_DK\" \/>\n<meta property=\"og:type\" content=\"article\" \/>\n<meta property=\"og:title\" content=\"Surfing - Active Tenerife - Tradekit\" \/>\n<meta property=\"og:description\" content=\"SURFINGSurfing og bodyboardingTenerife er den perfekte \u00f8ya for surfere. Hvert tiende minutt finner du et egnet sted, og du kan velge mellom sand, stein, vulkanske rev eller en kombinasjon av dem som havbunn. B\u00f8lger som bryter over sand og stein, er gjerne lettere og passer derfor for nybegynnere og surfere med litt erfaring. Vulkanske rev &hellip; L\u00e6s videre &quot;Surfing&quot;\" \/>\n<meta property=\"og:url\" content=\"https:\/\/www.related.dk\/active-tenerife-tradekit\/aktive-opplevelser\/surfing\/\" \/>\n<meta property=\"og:site_name\" content=\"Active Tenerife - Tradekit\" \/>\n<meta property=\"article:modified_time\" content=\"2020-02-12T13:03:34+00:00\" \/>\n<meta name=\"twitter:card\" content=\"summary_large_image\" \/>\n<meta name=\"twitter:label1\" content=\"Estimeret l\u00e6setid\" \/>\n\t<meta name=\"twitter:data1\" content=\"2 minutter\" \/>\n<script type=\"application\/ld+json\" class=\"yoast-schema-graph\">{\"@context\":\"https:\/\/schema.org\",\"@graph\":[{\"@type\":\"WebPage\",\"@id\":\"https:\/\/www.related.dk\/active-tenerife-tradekit\/aktive-opplevelser\/surfing\/\",\"url\":\"https:\/\/www.related.dk\/active-tenerife-tradekit\/aktive-opplevelser\/surfing\/\",\"name\":\"Surfing - Active Tenerife - Tradekit\",\"isPartOf\":{\"@id\":\"https:\/\/www.related.dk\/active-tenerife-tradekit\/#website\"},\"datePublished\":\"2020-02-12T12:33:09+00:00\",\"dateModified\":\"2020-02-12T13:03:34+00:00\",\"breadcrumb\":{\"@id\":\"https:\/\/www.related.dk\/active-tenerife-tradekit\/aktive-opplevelser\/surfing\/#breadcrumb\"},\"inLanguage\":\"da-DK\",\"potentialAction\":[{\"@type\":\"ReadAction\",\"target\":[\"https:\/\/www.related.dk\/active-tenerife-tradekit\/aktive-opplevelser\/surfing\/\"]}]},{\"@type\":\"BreadcrumbList\",\"@id\":\"https:\/\/www.related.dk\/active-tenerife-tradekit\/aktive-opplevelser\/surfing\/#breadcrumb\",\"itemListElement\":[{\"@type\":\"ListItem\",\"position\":1,\"name\":\"Home\",\"item\":\"https:\/\/www.related.dk\/active-tenerife-tradekit\/\"},{\"@type\":\"ListItem\",\"position\":2,\"name\":\"Aktive opplevelser\",\"item\":\"https:\/\/www.related.dk\/active-tenerife-tradekit\/aktive-opplevelser\/\"},{\"@type\":\"ListItem\",\"position\":3,\"name\":\"Surfing\"}]},{\"@type\":\"WebSite\",\"@id\":\"https:\/\/www.related.dk\/active-tenerife-tradekit\/#website\",\"url\":\"https:\/\/www.related.dk\/active-tenerife-tradekit\/\",\"name\":\"Active Tenerife - Tradekit\",\"description\":\"\",\"potentialAction\":[{\"@type\":\"SearchAction\",\"target\":{\"@type\":\"EntryPoint\",\"urlTemplate\":\"https:\/\/www.related.dk\/active-tenerife-tradekit\/?s={search_term_string}\"},\"query-input\":\"required name=search_term_string\"}],\"inLanguage\":\"da-DK\"}]}<\/script>\n<!-- \/ Yoast SEO plugin. -->","yoast_head_json":{"title":"Surfing - Active Tenerife - Tradekit","robots":{"index":"index","follow":"follow","max-snippet":"max-snippet:-1","max-image-preview":"max-image-preview:large","max-video-preview":"max-video-preview:-1"},"canonical":"https:\/\/www.related.dk\/active-tenerife-tradekit\/aktive-opplevelser\/surfing\/","og_locale":"da_DK","og_type":"article","og_title":"Surfing - Active Tenerife - Tradekit","og_description":"SURFINGSurfing og bodyboardingTenerife er den perfekte \u00f8ya for surfere. Hvert tiende minutt finner du et egnet sted, og du kan velge mellom sand, stein, vulkanske rev eller en kombinasjon av dem som havbunn. B\u00f8lger som bryter over sand og stein, er gjerne lettere og passer derfor for nybegynnere og surfere med litt erfaring. Vulkanske rev &hellip; L\u00e6s videre \"Surfing\"","og_url":"https:\/\/www.related.dk\/active-tenerife-tradekit\/aktive-opplevelser\/surfing\/","og_site_name":"Active Tenerife - Tradekit","article_modified_time":"2020-02-12T13:03:34+00:00","twitter_card":"summary_large_image","twitter_misc":{"Estimeret l\u00e6setid":"2 minutter"},"schema":{"@context":"https:\/\/schema.org","@graph":[{"@type":"WebPage","@id":"https:\/\/www.related.dk\/active-tenerife-tradekit\/aktive-opplevelser\/surfing\/","url":"https:\/\/www.related.dk\/active-tenerife-tradekit\/aktive-opplevelser\/surfing\/","name":"Surfing - Active Tenerife - Tradekit","isPartOf":{"@id":"https:\/\/www.related.dk\/active-tenerife-tradekit\/#website"},"datePublished":"2020-02-12T12:33:09+00:00","dateModified":"2020-02-12T13:03:34+00:00","breadcrumb":{"@id":"https:\/\/www.related.dk\/active-tenerife-tradekit\/aktive-opplevelser\/surfing\/#breadcrumb"},"inLanguage":"da-DK","potentialAction":[{"@type":"ReadAction","target":["https:\/\/www.related.dk\/active-tenerife-tradekit\/aktive-opplevelser\/surfing\/"]}]},{"@type":"BreadcrumbList","@id":"https:\/\/www.related.dk\/active-tenerife-tradekit\/aktive-opplevelser\/surfing\/#breadcrumb","itemListElement":[{"@type":"ListItem","position":1,"name":"Home","item":"https:\/\/www.related.dk\/active-tenerife-tradekit\/"},{"@type":"ListItem","position":2,"name":"Aktive opplevelser","item":"https:\/\/www.related.dk\/active-tenerife-tradekit\/aktive-opplevelser\/"},{"@type":"ListItem","position":3,"name":"Surfing"}]},{"@type":"WebSite","@id":"https:\/\/www.related.dk\/active-tenerife-tradekit\/#website","url":"https:\/\/www.related.dk\/active-tenerife-tradekit\/","name":"Active Tenerife - Tradekit","description":"","potentialAction":[{"@type":"SearchAction","target":{"@type":"EntryPoint","urlTemplate":"https:\/\/www.related.dk\/active-tenerife-tradekit\/?s={search_term_string}"},"query-input":"required name=search_term_string"}],"inLanguage":"da-DK"}]}},"_links":{"self":[{"href":"https:\/\/www.related.dk\/active-tenerife-tradekit\/wp-json\/wp\/v2\/pages\/1030"}],"collection":[{"href":"https:\/\/www.related.dk\/active-tenerife-tradekit\/wp-json\/wp\/v2\/pages"}],"about":[{"href":"https:\/\/www.related.dk\/active-tenerife-tradekit\/wp-json\/wp\/v2\/types\/page"}],"author":[{"embeddable":true,"href":"https:\/\/www.related.dk\/active-tenerife-tradekit\/wp-json\/wp\/v2\/users\/2"}],"replies":[{"embeddable":true,"href":"https:\/\/www.related.dk\/active-tenerife-tradekit\/wp-json\/wp\/v2\/comments?post=1030"}],"version-history":[{"count":4,"href":"https:\/\/www.related.dk\/active-tenerife-tradekit\/wp-json\/wp\/v2\/pages\/1030\/revisions"}],"predecessor-version":[{"id":1080,"href":"https:\/\/www.related.dk\/active-tenerife-tradekit\/wp-json\/wp\/v2\/pages\/1030\/revisions\/1080"}],"up":[{"embeddable":true,"href":"https:\/\/www.related.dk\/active-tenerife-tradekit\/wp-json\/wp\/v2\/pages\/1018"}],"wp:attachment":[{"href":"https:\/\/www.related.dk\/active-tenerife-tradekit\/wp-json\/wp\/v2\/media?parent=1030"}],"curies":[{"name":"wp","href":"https:\/\/api.w.org\/{rel}","templated":true}]}}