{"id":1027,"date":"2020-02-12T12:29:57","date_gmt":"2020-02-12T12:29:57","guid":{"rendered":"http:\/\/www.related.dk\/active-tenerife-tradekit\/?page_id=1027"},"modified":"2020-02-12T16:07:25","modified_gmt":"2020-02-12T16:07:25","slug":"klatring","status":"publish","type":"page","link":"https:\/\/www.related.dk\/active-tenerife-tradekit\/aktive-opplevelser\/klatring\/","title":{"rendered":"Klatring"},"content":{"rendered":"<div class=\"vce-row-container\"><div class=\"vce-row vce-row--col-gap-30 vce-row-columns--top vce-row-content--top\" id=\"el-c341dc47\" data-vce-do-apply=\"all el-c341dc47\"><div class=\"vce-row-content\" data-vce-element-content=\"true\"><div class=\"vce-col\" id=\"el-83bb1f04\"><div class=\"vce-col-inner\" data-vce-do-apply=\"border margin background  el-83bb1f04\"><div class=\"vce-col-content\" data-vce-element-content=\"true\" data-vce-do-apply=\"padding el-83bb1f04\"><section class=\"vce-hero-section-container vce-hero-section-media--xs vce-hero-section-media--sm vce-hero-section-media--md vce-hero-section-media--lg\"><div class=\"vce vce-hero-section vce-hero-section--alignment-start\" id=\"el-e925d697\" data-vce-do-apply=\"margin background border  el-e925d697\"><div class=\"vce-hero-section--wrap-row vce-hero-section--background-position-center-center\" style=\"background-image: url('https:\/\/www.related.dk\/active-tenerife-tradekit\/wp-content\/uploads\/2020\/02\/Active-experiences-HEADLINE.jpg');\"><div class=\"vce-hero-section--wrap\"><div class=\"vce-hero-section--content\" data-vce-do-apply=\"padding el-e925d697\"><div class=\"vce-hero-section--content-container\"><h1><strong>KLATRING&nbsp;<\/strong><\/h1><\/div><\/div><\/div><\/div><\/div><\/section><\/div><\/div><\/div><\/div><\/div><\/div><div class=\"vce-row-container\"><div class=\"vce-row vce-row--col-gap-30 vce-row-columns--top vce-row-content--top\" id=\"el-dc7f6cf2\" data-vce-do-apply=\"all el-dc7f6cf2\"><div class=\"vce-row-content\" data-vce-element-content=\"true\"><div class=\"vce-col\" id=\"el-bffce895\"><div class=\"vce-col-inner\" data-vce-do-apply=\"border margin background  el-bffce895\"><div class=\"vce-col-content\" data-vce-element-content=\"true\" data-vce-do-apply=\"padding el-bffce895\"><div class=\"vce-text-block\"><div class=\"vce-text-block-wrapper vce\" id=\"el-ac09d331\" data-vce-do-apply=\"all el-ac09d331\"><h2>Klatring<\/h2><p>Tenerife er et paradis for klatreentusiaster, med mange forskjellige vulkanske fjellvegger. Noen passer for amat\u00f8rer, andre for eksperter.<\/p><p><strong>Hvor?<\/strong><br>Det er uendelige mange steder \u00e5 klatre p\u00e5, alle med ulik vanskelighetsgrad, men det anbefales \u00e5 kontakte selskaper som spesialiserer seg p\u00e5 klatring i omr\u00e5det for \u00e5 finne det beste stedet akkurat mens du er der.<\/p><p><a href=\"https:\/\/www.webtenerife.co.uk\/what-to-do\/sports\/land\/climbing\/\" target=\"_blank\" rel=\"noopener noreferrer\">Les mer om hvilke foretak som kan hjelpe til<\/a><\/p><p><strong>N\u00e5r?<\/strong> <br>P\u00e5 Tenerife kan du klatre hele \u00e5ret, men noen omr\u00e5der er avstengt i perioder n\u00e5r visse fuglearter bygger rede.<\/p><h2>Utforskning av grotter<\/h2><p>Hvis du er glad i grotter, kan du p\u00e5 Tenerife begi deg inn i en lavahule som ble skapt for over 27 000 \u00e5r siden. P\u00e5 Tenerife finnes det en unik grotte som ble skapt av en enorm lavatunge som raskt ble nedkj\u00f8lt p\u00e5 utsiden mens lavaen rant inni den. Dette etterlot en 17 kilometer lang tunnel i jorden, og den er Europas lengste vulkanske tunnel: Cueva del Viento. Utflukten tar omtrent to timer.<\/p><p><strong>Hvor?<\/strong><br>Du blir med en guide p\u00e5 en underjordisk spasertur i Icod de los Vinos og f\u00e5r se hva som er skjult i denne labyrintgrotten med passasjer fordelt p\u00e5 tre forskjellige niv\u00e5er.<\/p><p><a href=\"https:\/\/www.webtenerife.co.uk\/what-to-do\/sports\/land\/caving\/?tab=1\" target=\"_blank\" rel=\"noopener noreferrer\">Les mer om steder \u00e5 bes\u00f8ke og hvilke foretak som kan hjelpe til<\/a><\/p><h2>Juvvandring<\/h2><p>Tenerife har flere fantastiske juv som gj\u00f8r \u00f8ya til et perfekt reisem\u00e5l for alle som driver med den voksende idretten juving. Juvene har forskjellig dybde og mengde vegetasjon, noe som inneb\u00e6rer at det finnes alternativer for b\u00e5de nybegynnere og eksperter.<\/p><p><strong>Hvor?<\/strong><br>Flere forskjellige juv skj\u00e6rer gjennom Tenerife, men for \u00e5 finne ut hvilket sted som er best akkurat n\u00e5r du er der, anbefales det \u00e5 kontakte foretak som spesialiserer seg p\u00e5 dette.<\/p><p><strong>N\u00e5r?<\/strong><br>P\u00e5 Tenerife kan du drive med juving \u00e5ret rundt, men etter et regnskyll vil det renne vann gjennom juvene, noe som gj\u00f8r turen ekstra givende. Den beste tiden er mellom 1. september og 30. juni, men noen omr\u00e5der er avstengt i periodene hvor visse fuglearter bygger rede.<\/p><\/div><\/div><\/div><\/div><\/div><\/div><\/div><\/div><div class=\"vce-row-container\"><div class=\"vce-row vce-row--col-gap-30 vce-row-columns--top vce-row-content--top\" id=\"el-d32162a7\" data-vce-do-apply=\"all el-d32162a7\"><div class=\"vce-row-content\" data-vce-element-content=\"true\"><div class=\"vce-col vce-col--md-auto vce-col--xs-1 vce-col--xs-last vce-col--xs-first vce-col--sm-last vce-col--sm-first vce-col--md-first vce-col--lg-first vce-col--xl-first\" id=\"el-f447c096\"><div class=\"vce-col-inner\" data-vce-do-apply=\"border margin background  el-f447c096\"><div class=\"vce-col-content\" data-vce-element-content=\"true\" data-vce-do-apply=\"padding el-f447c096\"><div class=\"vce-single-image-container vce-single-image--align-left\"><div class=\"vce vce-single-image-wrapper\" id=\"el-6fb29754\" data-vce-do-apply=\"all el-6fb29754\"><figure><div class=\"vce-single-image-inner vce-single-image--absolute\" style=\"padding-bottom: 66.6992%; width: 1024px;\"><img class=\"vce-single-image\" width=\"1024\" height=\"683\"src=\"https:\/\/www.related.dk\/active-tenerife-tradekit\/wp-content\/uploads\/2020\/02\/Active-experiences-Climbing-Caving-Canyoning-3-2-1024x683.jpg\" srcset=\"https:\/\/www.related.dk\/active-tenerife-tradekit\/wp-content\/uploads\/2020\/02\/Active-experiences-Climbing-Caving-Canyoning-3-2-320x213.jpg 320w,https:\/\/www.related.dk\/active-tenerife-tradekit\/wp-content\/uploads\/2020\/02\/Active-experiences-Climbing-Caving-Canyoning-3-2-480x320.jpg 480w,https:\/\/www.related.dk\/active-tenerife-tradekit\/wp-content\/uploads\/2020\/02\/Active-experiences-Climbing-Caving-Canyoning-3-2-800x534.jpg 800w,https:\/\/www.related.dk\/active-tenerife-tradekit\/wp-content\/uploads\/2020\/02\/Active-experiences-Climbing-Caving-Canyoning-3-2-1024x683.jpg 1024w\" data-img-src=\"https:\/\/www.related.dk\/active-tenerife-tradekit\/wp-content\/uploads\/2020\/02\/Active-experiences-Climbing-Caving-Canyoning-3-2.jpg\" alt=\"\" title=\"Active experiences - Climbing, Caving &amp; Canyoning - 3 (2)\"\/><\/div><\/figure><\/div><\/div><\/div><\/div><\/div><div class=\"vce-col vce-col--md-auto vce-col--xs-1 vce-col--xs-last vce-col--xs-first vce-col--sm-last vce-col--sm-first vce-col--md-last vce-col--lg-last vce-col--xl-last\" id=\"el-0af5e98a\"><div class=\"vce-col-inner\" data-vce-do-apply=\"border margin background  el-0af5e98a\"><div class=\"vce-col-content\" data-vce-element-content=\"true\" data-vce-do-apply=\"padding el-0af5e98a\"><div class=\"vce-single-image-container vce-single-image--align-left\"><div class=\"vce vce-single-image-wrapper\" id=\"el-9dba0693\" data-vce-do-apply=\"all el-9dba0693\"><figure><div class=\"vce-single-image-inner vce-single-image--absolute\" style=\"padding-bottom: 66.6992%; width: 1024px;\"><img class=\"vce-single-image\" width=\"1024\" height=\"683\"src=\"https:\/\/www.related.dk\/active-tenerife-tradekit\/wp-content\/uploads\/2020\/02\/Active-experiences-Climbing-Caving-Canyoning-3-1-1024x683.jpg\" srcset=\"https:\/\/www.related.dk\/active-tenerife-tradekit\/wp-content\/uploads\/2020\/02\/Active-experiences-Climbing-Caving-Canyoning-3-1-320x213.jpg 320w,https:\/\/www.related.dk\/active-tenerife-tradekit\/wp-content\/uploads\/2020\/02\/Active-experiences-Climbing-Caving-Canyoning-3-1-480x320.jpg 480w,https:\/\/www.related.dk\/active-tenerife-tradekit\/wp-content\/uploads\/2020\/02\/Active-experiences-Climbing-Caving-Canyoning-3-1-800x534.jpg 800w,https:\/\/www.related.dk\/active-tenerife-tradekit\/wp-content\/uploads\/2020\/02\/Active-experiences-Climbing-Caving-Canyoning-3-1-1024x683.jpg 1024w\" data-img-src=\"https:\/\/www.related.dk\/active-tenerife-tradekit\/wp-content\/uploads\/2020\/02\/Active-experiences-Climbing-Caving-Canyoning-3-1.jpg\" alt=\"\" title=\"Active experiences - Climbing, Caving &amp; Canyoning - 3\"\/><\/div><\/figure><\/div><\/div><\/div><\/div><\/div><\/div><\/div><\/div>\n","protected":false},"excerpt":{"rendered":"<p>KLATRING&nbsp;KlatringTenerife er et paradis for klatreentusiaster, med mange forskjellige vulkanske fjellvegger. Noen passer for amat\u00f8rer, andre for eksperter.Hvor?Det er uendelige mange steder \u00e5 klatre p\u00e5, alle med ulik vanskelighetsgrad, men det anbefales \u00e5 kontakte selskaper som spesialiserer seg p\u00e5 klatring i omr\u00e5det for \u00e5 finne det beste stedet akkurat mens du er der.Les mer om &hellip; <\/p>\n<p class=\"link-more\"><a href=\"https:\/\/www.related.dk\/active-tenerife-tradekit\/aktive-opplevelser\/klatring\/\" class=\"more-link\">L\u00e6s videre<span class=\"screen-reader-text\"> &#8220;Klatring&#8221;<\/span><\/a><\/p>\n","protected":false},"author":2,"featured_media":0,"parent":1018,"menu_order":0,"comment_status":"closed","ping_status":"closed","template":"","meta":[],"yoast_head":"<!-- This site is optimized with the Yoast SEO plugin v20.7 - https:\/\/yoast.com\/wordpress\/plugins\/seo\/ -->\n<title>Klatring - Active Tenerife - Tradekit<\/title>\n<meta name=\"robots\" content=\"index, follow, max-snippet:-1, max-image-preview:large, max-video-preview:-1\" \/>\n<link rel=\"canonical\" href=\"https:\/\/www.related.dk\/active-tenerife-tradekit\/aktive-opplevelser\/klatring\/\" \/>\n<meta property=\"og:locale\" content=\"da_DK\" \/>\n<meta property=\"og:type\" content=\"article\" \/>\n<meta property=\"og:title\" content=\"Klatring - Active Tenerife - Tradekit\" \/>\n<meta property=\"og:description\" content=\"KLATRING&nbsp;KlatringTenerife er et paradis for klatreentusiaster, med mange forskjellige vulkanske fjellvegger. Noen passer for amat\u00f8rer, andre for eksperter.Hvor?Det er uendelige mange steder \u00e5 klatre p\u00e5, alle med ulik vanskelighetsgrad, men det anbefales \u00e5 kontakte selskaper som spesialiserer seg p\u00e5 klatring i omr\u00e5det for \u00e5 finne det beste stedet akkurat mens du er der.Les mer om &hellip; L\u00e6s videre &quot;Klatring&quot;\" \/>\n<meta property=\"og:url\" content=\"https:\/\/www.related.dk\/active-tenerife-tradekit\/aktive-opplevelser\/klatring\/\" \/>\n<meta property=\"og:site_name\" content=\"Active Tenerife - Tradekit\" \/>\n<meta property=\"article:modified_time\" content=\"2020-02-12T16:07:25+00:00\" \/>\n<meta name=\"twitter:card\" content=\"summary_large_image\" \/>\n<meta name=\"twitter:label1\" content=\"Estimeret l\u00e6setid\" \/>\n\t<meta name=\"twitter:data1\" content=\"2 minutter\" \/>\n<script type=\"application\/ld+json\" class=\"yoast-schema-graph\">{\"@context\":\"https:\/\/schema.org\",\"@graph\":[{\"@type\":\"WebPage\",\"@id\":\"https:\/\/www.related.dk\/active-tenerife-tradekit\/aktive-opplevelser\/klatring\/\",\"url\":\"https:\/\/www.related.dk\/active-tenerife-tradekit\/aktive-opplevelser\/klatring\/\",\"name\":\"Klatring - Active Tenerife - Tradekit\",\"isPartOf\":{\"@id\":\"https:\/\/www.related.dk\/active-tenerife-tradekit\/#website\"},\"datePublished\":\"2020-02-12T12:29:57+00:00\",\"dateModified\":\"2020-02-12T16:07:25+00:00\",\"breadcrumb\":{\"@id\":\"https:\/\/www.related.dk\/active-tenerife-tradekit\/aktive-opplevelser\/klatring\/#breadcrumb\"},\"inLanguage\":\"da-DK\",\"potentialAction\":[{\"@type\":\"ReadAction\",\"target\":[\"https:\/\/www.related.dk\/active-tenerife-tradekit\/aktive-opplevelser\/klatring\/\"]}]},{\"@type\":\"BreadcrumbList\",\"@id\":\"https:\/\/www.related.dk\/active-tenerife-tradekit\/aktive-opplevelser\/klatring\/#breadcrumb\",\"itemListElement\":[{\"@type\":\"ListItem\",\"position\":1,\"name\":\"Home\",\"item\":\"https:\/\/www.related.dk\/active-tenerife-tradekit\/\"},{\"@type\":\"ListItem\",\"position\":2,\"name\":\"Aktive opplevelser\",\"item\":\"https:\/\/www.related.dk\/active-tenerife-tradekit\/aktive-opplevelser\/\"},{\"@type\":\"ListItem\",\"position\":3,\"name\":\"Klatring\"}]},{\"@type\":\"WebSite\",\"@id\":\"https:\/\/www.related.dk\/active-tenerife-tradekit\/#website\",\"url\":\"https:\/\/www.related.dk\/active-tenerife-tradekit\/\",\"name\":\"Active Tenerife - Tradekit\",\"description\":\"\",\"potentialAction\":[{\"@type\":\"SearchAction\",\"target\":{\"@type\":\"EntryPoint\",\"urlTemplate\":\"https:\/\/www.related.dk\/active-tenerife-tradekit\/?s={search_term_string}\"},\"query-input\":\"required name=search_term_string\"}],\"inLanguage\":\"da-DK\"}]}<\/script>\n<!-- \/ Yoast SEO plugin. -->","yoast_head_json":{"title":"Klatring - Active Tenerife - Tradekit","robots":{"index":"index","follow":"follow","max-snippet":"max-snippet:-1","max-image-preview":"max-image-preview:large","max-video-preview":"max-video-preview:-1"},"canonical":"https:\/\/www.related.dk\/active-tenerife-tradekit\/aktive-opplevelser\/klatring\/","og_locale":"da_DK","og_type":"article","og_title":"Klatring - Active Tenerife - Tradekit","og_description":"KLATRING&nbsp;KlatringTenerife er et paradis for klatreentusiaster, med mange forskjellige vulkanske fjellvegger. Noen passer for amat\u00f8rer, andre for eksperter.Hvor?Det er uendelige mange steder \u00e5 klatre p\u00e5, alle med ulik vanskelighetsgrad, men det anbefales \u00e5 kontakte selskaper som spesialiserer seg p\u00e5 klatring i omr\u00e5det for \u00e5 finne det beste stedet akkurat mens du er der.Les mer om &hellip; L\u00e6s videre \"Klatring\"","og_url":"https:\/\/www.related.dk\/active-tenerife-tradekit\/aktive-opplevelser\/klatring\/","og_site_name":"Active Tenerife - Tradekit","article_modified_time":"2020-02-12T16:07:25+00:00","twitter_card":"summary_large_image","twitter_misc":{"Estimeret l\u00e6setid":"2 minutter"},"schema":{"@context":"https:\/\/schema.org","@graph":[{"@type":"WebPage","@id":"https:\/\/www.related.dk\/active-tenerife-tradekit\/aktive-opplevelser\/klatring\/","url":"https:\/\/www.related.dk\/active-tenerife-tradekit\/aktive-opplevelser\/klatring\/","name":"Klatring - Active Tenerife - Tradekit","isPartOf":{"@id":"https:\/\/www.related.dk\/active-tenerife-tradekit\/#website"},"datePublished":"2020-02-12T12:29:57+00:00","dateModified":"2020-02-12T16:07:25+00:00","breadcrumb":{"@id":"https:\/\/www.related.dk\/active-tenerife-tradekit\/aktive-opplevelser\/klatring\/#breadcrumb"},"inLanguage":"da-DK","potentialAction":[{"@type":"ReadAction","target":["https:\/\/www.related.dk\/active-tenerife-tradekit\/aktive-opplevelser\/klatring\/"]}]},{"@type":"BreadcrumbList","@id":"https:\/\/www.related.dk\/active-tenerife-tradekit\/aktive-opplevelser\/klatring\/#breadcrumb","itemListElement":[{"@type":"ListItem","position":1,"name":"Home","item":"https:\/\/www.related.dk\/active-tenerife-tradekit\/"},{"@type":"ListItem","position":2,"name":"Aktive opplevelser","item":"https:\/\/www.related.dk\/active-tenerife-tradekit\/aktive-opplevelser\/"},{"@type":"ListItem","position":3,"name":"Klatring"}]},{"@type":"WebSite","@id":"https:\/\/www.related.dk\/active-tenerife-tradekit\/#website","url":"https:\/\/www.related.dk\/active-tenerife-tradekit\/","name":"Active Tenerife - Tradekit","description":"","potentialAction":[{"@type":"SearchAction","target":{"@type":"EntryPoint","urlTemplate":"https:\/\/www.related.dk\/active-tenerife-tradekit\/?s={search_term_string}"},"query-input":"required name=search_term_string"}],"inLanguage":"da-DK"}]}},"_links":{"self":[{"href":"https:\/\/www.related.dk\/active-tenerife-tradekit\/wp-json\/wp\/v2\/pages\/1027"}],"collection":[{"href":"https:\/\/www.related.dk\/active-tenerife-tradekit\/wp-json\/wp\/v2\/pages"}],"about":[{"href":"https:\/\/www.related.dk\/active-tenerife-tradekit\/wp-json\/wp\/v2\/types\/page"}],"author":[{"embeddable":true,"href":"https:\/\/www.related.dk\/active-tenerife-tradekit\/wp-json\/wp\/v2\/users\/2"}],"replies":[{"embeddable":true,"href":"https:\/\/www.related.dk\/active-tenerife-tradekit\/wp-json\/wp\/v2\/comments?post=1027"}],"version-history":[{"count":5,"href":"https:\/\/www.related.dk\/active-tenerife-tradekit\/wp-json\/wp\/v2\/pages\/1027\/revisions"}],"predecessor-version":[{"id":1110,"href":"https:\/\/www.related.dk\/active-tenerife-tradekit\/wp-json\/wp\/v2\/pages\/1027\/revisions\/1110"}],"up":[{"embeddable":true,"href":"https:\/\/www.related.dk\/active-tenerife-tradekit\/wp-json\/wp\/v2\/pages\/1018"}],"wp:attachment":[{"href":"https:\/\/www.related.dk\/active-tenerife-tradekit\/wp-json\/wp\/v2\/media?parent=1027"}],"curies":[{"name":"wp","href":"https:\/\/api.w.org\/{rel}","templated":true}]}}