{"id":1024,"date":"2020-02-12T12:27:39","date_gmt":"2020-02-12T12:27:39","guid":{"rendered":"http:\/\/www.related.dk\/active-tenerife-tradekit\/?page_id=1024"},"modified":"2020-02-12T13:00:39","modified_gmt":"2020-02-12T13:00:39","slug":"fotturer-og-loeping","status":"publish","type":"page","link":"https:\/\/www.related.dk\/active-tenerife-tradekit\/aktive-opplevelser\/fotturer-og-loeping\/","title":{"rendered":"Fotturer og l\u00f8ping"},"content":{"rendered":"<div class=\"vce-row-container\"><div class=\"vce-row vce-row--col-gap-30 vce-row-columns--top vce-row-content--top\" id=\"el-afbeeb28\" data-vce-do-apply=\"all el-afbeeb28\"><div class=\"vce-row-content\" data-vce-element-content=\"true\"><div class=\"vce-col\" id=\"el-1f0d5097\"><div class=\"vce-col-inner\" data-vce-do-apply=\"border margin background  el-1f0d5097\"><div class=\"vce-col-content\" data-vce-element-content=\"true\" data-vce-do-apply=\"padding el-1f0d5097\"><section class=\"vce-hero-section-container vce-hero-section-media--xs vce-hero-section-media--sm vce-hero-section-media--md vce-hero-section-media--lg\"><div class=\"vce vce-hero-section vce-hero-section--alignment-start\" id=\"el-b5aa40a2\" data-vce-do-apply=\"margin background border  el-b5aa40a2\"><div class=\"vce-hero-section--wrap-row vce-hero-section--background-position-center-center\" style=\"background-image: url('https:\/\/www.related.dk\/active-tenerife-tradekit\/wp-content\/uploads\/2020\/02\/Active-Experiences-hiking-running-vs2.jpg');\"><div class=\"vce-hero-section--wrap\"><div class=\"vce-hero-section--content\" data-vce-do-apply=\"padding el-b5aa40a2\"><div class=\"vce-hero-section--content-container\"><h1><strong>FOTTURER OG L\u00d8PING<\/strong><\/h1><\/div><\/div><\/div><\/div><\/div><\/section><\/div><\/div><\/div><\/div><\/div><\/div><div class=\"vce-row-container\"><div class=\"vce-row vce-row--col-gap-30 vce-row-columns--top vce-row-content--top\" id=\"el-dffb3efe\" data-vce-do-apply=\"all el-dffb3efe\"><div class=\"vce-row-content\" data-vce-element-content=\"true\"><div class=\"vce-col\" id=\"el-bfd8395a\"><div class=\"vce-col-inner\" data-vce-do-apply=\"border margin background  el-bfd8395a\"><div class=\"vce-col-content\" data-vce-element-content=\"true\" data-vce-do-apply=\"padding el-bfd8395a\"><div class=\"vce-text-block\"><div class=\"vce-text-block-wrapper vce\" id=\"el-54c96862\" data-vce-do-apply=\"all el-54c96862\"><h2>Fotturer<\/h2><p>Tenerife har kilometer etter kilometer med utrolige \u2013 og godt skiltede \u2013 turstier der man kan oppleve absolutt frihet i frisk uteluft. Du kan velge mellom mange forskjellige turstier i ulike lengder og vanskelighetsniv\u00e5er. Gleden ved \u00e5 klatre gjennom stille furuskog p\u00e5 vei mot Spanias h\u00f8yeste topp, som er 3500 meter h\u00f8y, er en opplevelse man bare kan ha her. \u00d8ya har rundt 1500 kilometer med turstier som enten er offisielt godkjente eller i ferd med \u00e5 bli det. Turstiene g\u00e5r gjennom 43 beskyttede naturomr\u00e5der p\u00e5 Tenerife, noe som utgj\u00f8r nesten halvparten av omr\u00e5det: 48 %. Alle omr\u00e5dene har sine helt unike turstier.<\/p><p><strong>Hvor?<\/strong><br>En dr\u00f8m for mange turg\u00e5ere er \u00e5 n\u00e5 den h\u00f8yeste toppen i Spania \u2013 El Teide p\u00e5 3718 meter. For sikkerhetens skyld og for \u00e5 bevare omr\u00e5det trenger turg\u00e5ere tillatelse for \u00e5 ta seg til topps. Den siste etappen er en 600 meter lang tursti som starter ved La Rambleta p\u00e5 3550 meter. Stien er i god stand, s\u00e5 den st\u00f8rste utfordringen ligger i de bratte bakkene, som kan ha en helling p\u00e5 inntil 60 %. En av de mest spektakul\u00e6re stiene er GR 131 (en del av E-7), som begynner i Europa og krysser \u00f8ya fra nord til s\u00f8r i en 83 kilometer lang trase som er innom mange ulike landskap, inkludert El Teide. En annen rute er den 10,4 kilometer lange PR-TF 10 fra Cruz del Carmen til Punta del Hidalgo, med en minsteh\u00f8yde p\u00e5 10 meter og en maksimal h\u00f8yde p\u00e5 949 meter. Ruten tar omtrent fire timer og gir deg utsikt over ville landskap og imponerende stup som vaskes av Atlanterhavets b\u00f8lger. For \u00e5 f\u00f8lge turstier med bratte bakker m\u00e5 du v\u00e6re i god fysisk form og ta hensyn til h\u00f8ydeforskjeller.<\/p><p><a href=\"https:\/\/www.webtenerife.co.uk\/what-to-do\/nature\/hiking\/?tab=1\" target=\"_blank\" rel=\"noopener noreferrer\">Les mer om steder \u00e5 bes\u00f8ke og hvilke foretak som kan hjelpe til<\/a><\/p><p><strong>N\u00e5r?<\/strong><br>Du kan g\u00e5 fotturer p\u00e5 Tenerife 365 dager i \u00e5ret, bortsett fra n\u00e5r det sn\u00f8r om vinteren, siden sn\u00f8en p\u00e5virker rutene som g\u00e5r i st\u00f8rst h\u00f8yde. Du b\u00f8r ogs\u00e5 holde deg hjemme hvis v\u00e6rforholdene er d\u00e5rlige. Husk \u00e5 sjekke v\u00e6rmeldingen f\u00f8r du starter turen.<\/p><\/div><\/div><\/div><\/div><\/div><\/div><\/div><\/div><div class=\"vce-row-container\"><div class=\"vce-row vce-row--col-gap-30 vce-row-columns--top vce-row-content--top\" id=\"el-b961ebde\" data-vce-do-apply=\"all el-b961ebde\"><div class=\"vce-row-content\" data-vce-element-content=\"true\"><div class=\"vce-col vce-col--md-auto vce-col--xs-1 vce-col--xs-last vce-col--xs-first vce-col--sm-last vce-col--sm-first vce-col--md-first vce-col--lg-first vce-col--xl-first\" id=\"el-5fd7e755\"><div class=\"vce-col-inner\" data-vce-do-apply=\"border margin background  el-5fd7e755\"><div class=\"vce-col-content\" data-vce-element-content=\"true\" data-vce-do-apply=\"padding el-5fd7e755\"><div class=\"vce-single-image-container vce-single-image--align-left\"><div class=\"vce vce-single-image-wrapper\" id=\"el-62b69a5f\" data-vce-do-apply=\"all el-62b69a5f\"><figure><div class=\"vce-single-image-inner vce-single-image--absolute\" style=\"padding-bottom: 58.3333%; width: 600px;\"><img class=\"vce-single-image\" width=\"600\" height=\"350\"src=\"https:\/\/www.related.dk\/active-tenerife-tradekit\/wp-content\/uploads\/2020\/02\/Active-experiences-Hiking-running-vs2-1-600x350.jpg\" srcset=\"https:\/\/www.related.dk\/active-tenerife-tradekit\/wp-content\/uploads\/2020\/02\/Active-experiences-Hiking-running-vs2-1-320x187.jpg 320w,https:\/\/www.related.dk\/active-tenerife-tradekit\/wp-content\/uploads\/2020\/02\/Active-experiences-Hiking-running-vs2-1-480x280.jpg 480w,https:\/\/www.related.dk\/active-tenerife-tradekit\/wp-content\/uploads\/2020\/02\/Active-experiences-Hiking-running-vs2-1-600x350.jpg 600w\" data-img-src=\"https:\/\/www.related.dk\/active-tenerife-tradekit\/wp-content\/uploads\/2020\/02\/Active-experiences-Hiking-running-vs2-1.jpg\" alt=\"\" title=\"Active experiences - Hiking &amp; running - vs2\"\/><\/div><\/figure><\/div><\/div><\/div><\/div><\/div><div class=\"vce-col vce-col--md-auto vce-col--xs-1 vce-col--xs-last vce-col--xs-first vce-col--sm-last vce-col--sm-first vce-col--md-last vce-col--lg-last vce-col--xl-last\" id=\"el-9a241bd9\"><div class=\"vce-col-inner\" data-vce-do-apply=\"border margin background  el-9a241bd9\"><div class=\"vce-col-content\" data-vce-element-content=\"true\" data-vce-do-apply=\"padding el-9a241bd9\"><div class=\"vce-single-image-container vce-single-image--align-left\"><div class=\"vce vce-single-image-wrapper\" id=\"el-f210a138\" data-vce-do-apply=\"all el-f210a138\"><figure><div class=\"vce-single-image-inner vce-single-image--absolute\" style=\"padding-bottom: 58.3333%; width: 600px;\"><img class=\"vce-single-image\" width=\"600\" height=\"350\"src=\"https:\/\/www.related.dk\/active-tenerife-tradekit\/wp-content\/uploads\/2020\/02\/Active-experiences-Hiking-Running-2-2-vs2-600x350.jpg\" srcset=\"https:\/\/www.related.dk\/active-tenerife-tradekit\/wp-content\/uploads\/2020\/02\/Active-experiences-Hiking-Running-2-2-vs2-320x187.jpg 320w,https:\/\/www.related.dk\/active-tenerife-tradekit\/wp-content\/uploads\/2020\/02\/Active-experiences-Hiking-Running-2-2-vs2-480x280.jpg 480w,https:\/\/www.related.dk\/active-tenerife-tradekit\/wp-content\/uploads\/2020\/02\/Active-experiences-Hiking-Running-2-2-vs2-600x350.jpg 600w\" data-img-src=\"https:\/\/www.related.dk\/active-tenerife-tradekit\/wp-content\/uploads\/2020\/02\/Active-experiences-Hiking-Running-2-2-vs2.jpg\" alt=\"\" title=\"Active experiences - Hiking &amp; Running - 2 (2) vs2\"\/><\/div><\/figure><\/div><\/div><\/div><\/div><\/div><\/div><\/div><\/div><div class=\"vce-row-container\"><div class=\"vce-row vce-row--col-gap-30 vce-row-columns--top vce-row-content--top\" id=\"el-94b401fb\" data-vce-do-apply=\"all el-94b401fb\"><div class=\"vce-row-content\" data-vce-element-content=\"true\"><div class=\"vce-col\" id=\"el-f90e83be\"><div class=\"vce-col-inner\" data-vce-do-apply=\"border margin background  el-f90e83be\"><div class=\"vce-col-content\" data-vce-element-content=\"true\" data-vce-do-apply=\"padding el-f90e83be\"><div class=\"vce-text-block\"><div class=\"vce-text-block-wrapper vce\" id=\"el-d297f8a0\" data-vce-do-apply=\"all el-d297f8a0\"><h2>L\u00f8ping<\/h2><p>L\u00f8pere har en lang liste med idrettsarrangementer \u00e5 velge mellom \u00e5ret rundt, hvorav noen er \u00e5pne for amat\u00f8rer i alle aldre og niv\u00e5er. Det er 20 profesjonelle konkurranser, ni halvmaratoner, fem maratoner, seks duatloner og flere terrengl\u00f8p. Selvf\u00f8lgelig er det ogs\u00e5 mulig \u00e5 l\u00f8pe langs stier og veier p\u00e5 \u00f8ya p\u00e5 egen h\u00e5nd.<\/p><p><strong>Hvor?<\/strong><br>Overalt p\u00e5 \u00f8ya kan ruter skreddersys etter personlige preferanser n\u00e5r det gjelder lengde og vanskelighetsgrad.<\/p><p><strong>N\u00e5r?<\/strong><br>\u00c5ret rundt.<\/p><\/div><\/div><\/div><\/div><\/div><\/div><\/div><\/div>\n","protected":false},"excerpt":{"rendered":"<p>FOTTURER OG L\u00d8PINGFotturerTenerife har kilometer etter kilometer med utrolige \u2013 og godt skiltede \u2013 turstier der man kan oppleve absolutt frihet i frisk uteluft. Du kan velge mellom mange forskjellige turstier i ulike lengder og vanskelighetsniv\u00e5er. Gleden ved \u00e5 klatre gjennom stille furuskog p\u00e5 vei mot Spanias h\u00f8yeste topp, som er 3500 meter h\u00f8y, er &hellip; <\/p>\n<p class=\"link-more\"><a href=\"https:\/\/www.related.dk\/active-tenerife-tradekit\/aktive-opplevelser\/fotturer-og-loeping\/\" class=\"more-link\">L\u00e6s videre<span class=\"screen-reader-text\"> &#8220;Fotturer og l\u00f8ping&#8221;<\/span><\/a><\/p>\n","protected":false},"author":2,"featured_media":0,"parent":1018,"menu_order":0,"comment_status":"closed","ping_status":"closed","template":"","meta":[],"yoast_head":"<!-- This site is optimized with the Yoast SEO plugin v20.7 - https:\/\/yoast.com\/wordpress\/plugins\/seo\/ -->\n<title>Fotturer og l\u00f8ping - Active Tenerife - Tradekit<\/title>\n<meta name=\"robots\" content=\"index, follow, max-snippet:-1, max-image-preview:large, max-video-preview:-1\" \/>\n<link rel=\"canonical\" href=\"https:\/\/www.related.dk\/active-tenerife-tradekit\/aktive-opplevelser\/fotturer-og-loeping\/\" \/>\n<meta property=\"og:locale\" content=\"da_DK\" \/>\n<meta property=\"og:type\" content=\"article\" \/>\n<meta property=\"og:title\" content=\"Fotturer og l\u00f8ping - Active Tenerife - Tradekit\" \/>\n<meta property=\"og:description\" content=\"FOTTURER OG L\u00d8PINGFotturerTenerife har kilometer etter kilometer med utrolige \u2013 og godt skiltede \u2013 turstier der man kan oppleve absolutt frihet i frisk uteluft. Du kan velge mellom mange forskjellige turstier i ulike lengder og vanskelighetsniv\u00e5er. Gleden ved \u00e5 klatre gjennom stille furuskog p\u00e5 vei mot Spanias h\u00f8yeste topp, som er 3500 meter h\u00f8y, er &hellip; L\u00e6s videre &quot;Fotturer og l\u00f8ping&quot;\" \/>\n<meta property=\"og:url\" content=\"https:\/\/www.related.dk\/active-tenerife-tradekit\/aktive-opplevelser\/fotturer-og-loeping\/\" \/>\n<meta property=\"og:site_name\" content=\"Active Tenerife - Tradekit\" \/>\n<meta property=\"article:modified_time\" content=\"2020-02-12T13:00:39+00:00\" \/>\n<meta name=\"twitter:card\" content=\"summary_large_image\" \/>\n<meta name=\"twitter:label1\" content=\"Estimeret l\u00e6setid\" \/>\n\t<meta name=\"twitter:data1\" content=\"2 minutter\" \/>\n<script type=\"application\/ld+json\" class=\"yoast-schema-graph\">{\"@context\":\"https:\/\/schema.org\",\"@graph\":[{\"@type\":\"WebPage\",\"@id\":\"https:\/\/www.related.dk\/active-tenerife-tradekit\/aktive-opplevelser\/fotturer-og-loeping\/\",\"url\":\"https:\/\/www.related.dk\/active-tenerife-tradekit\/aktive-opplevelser\/fotturer-og-loeping\/\",\"name\":\"Fotturer og l\u00f8ping - Active Tenerife - Tradekit\",\"isPartOf\":{\"@id\":\"https:\/\/www.related.dk\/active-tenerife-tradekit\/#website\"},\"datePublished\":\"2020-02-12T12:27:39+00:00\",\"dateModified\":\"2020-02-12T13:00:39+00:00\",\"breadcrumb\":{\"@id\":\"https:\/\/www.related.dk\/active-tenerife-tradekit\/aktive-opplevelser\/fotturer-og-loeping\/#breadcrumb\"},\"inLanguage\":\"da-DK\",\"potentialAction\":[{\"@type\":\"ReadAction\",\"target\":[\"https:\/\/www.related.dk\/active-tenerife-tradekit\/aktive-opplevelser\/fotturer-og-loeping\/\"]}]},{\"@type\":\"BreadcrumbList\",\"@id\":\"https:\/\/www.related.dk\/active-tenerife-tradekit\/aktive-opplevelser\/fotturer-og-loeping\/#breadcrumb\",\"itemListElement\":[{\"@type\":\"ListItem\",\"position\":1,\"name\":\"Home\",\"item\":\"https:\/\/www.related.dk\/active-tenerife-tradekit\/\"},{\"@type\":\"ListItem\",\"position\":2,\"name\":\"Aktive opplevelser\",\"item\":\"https:\/\/www.related.dk\/active-tenerife-tradekit\/aktive-opplevelser\/\"},{\"@type\":\"ListItem\",\"position\":3,\"name\":\"Fotturer og l\u00f8ping\"}]},{\"@type\":\"WebSite\",\"@id\":\"https:\/\/www.related.dk\/active-tenerife-tradekit\/#website\",\"url\":\"https:\/\/www.related.dk\/active-tenerife-tradekit\/\",\"name\":\"Active Tenerife - Tradekit\",\"description\":\"\",\"potentialAction\":[{\"@type\":\"SearchAction\",\"target\":{\"@type\":\"EntryPoint\",\"urlTemplate\":\"https:\/\/www.related.dk\/active-tenerife-tradekit\/?s={search_term_string}\"},\"query-input\":\"required name=search_term_string\"}],\"inLanguage\":\"da-DK\"}]}<\/script>\n<!-- \/ Yoast SEO plugin. -->","yoast_head_json":{"title":"Fotturer og l\u00f8ping - Active Tenerife - Tradekit","robots":{"index":"index","follow":"follow","max-snippet":"max-snippet:-1","max-image-preview":"max-image-preview:large","max-video-preview":"max-video-preview:-1"},"canonical":"https:\/\/www.related.dk\/active-tenerife-tradekit\/aktive-opplevelser\/fotturer-og-loeping\/","og_locale":"da_DK","og_type":"article","og_title":"Fotturer og l\u00f8ping - Active Tenerife - Tradekit","og_description":"FOTTURER OG L\u00d8PINGFotturerTenerife har kilometer etter kilometer med utrolige \u2013 og godt skiltede \u2013 turstier der man kan oppleve absolutt frihet i frisk uteluft. Du kan velge mellom mange forskjellige turstier i ulike lengder og vanskelighetsniv\u00e5er. Gleden ved \u00e5 klatre gjennom stille furuskog p\u00e5 vei mot Spanias h\u00f8yeste topp, som er 3500 meter h\u00f8y, er &hellip; L\u00e6s videre \"Fotturer og l\u00f8ping\"","og_url":"https:\/\/www.related.dk\/active-tenerife-tradekit\/aktive-opplevelser\/fotturer-og-loeping\/","og_site_name":"Active Tenerife - Tradekit","article_modified_time":"2020-02-12T13:00:39+00:00","twitter_card":"summary_large_image","twitter_misc":{"Estimeret l\u00e6setid":"2 minutter"},"schema":{"@context":"https:\/\/schema.org","@graph":[{"@type":"WebPage","@id":"https:\/\/www.related.dk\/active-tenerife-tradekit\/aktive-opplevelser\/fotturer-og-loeping\/","url":"https:\/\/www.related.dk\/active-tenerife-tradekit\/aktive-opplevelser\/fotturer-og-loeping\/","name":"Fotturer og l\u00f8ping - Active Tenerife - Tradekit","isPartOf":{"@id":"https:\/\/www.related.dk\/active-tenerife-tradekit\/#website"},"datePublished":"2020-02-12T12:27:39+00:00","dateModified":"2020-02-12T13:00:39+00:00","breadcrumb":{"@id":"https:\/\/www.related.dk\/active-tenerife-tradekit\/aktive-opplevelser\/fotturer-og-loeping\/#breadcrumb"},"inLanguage":"da-DK","potentialAction":[{"@type":"ReadAction","target":["https:\/\/www.related.dk\/active-tenerife-tradekit\/aktive-opplevelser\/fotturer-og-loeping\/"]}]},{"@type":"BreadcrumbList","@id":"https:\/\/www.related.dk\/active-tenerife-tradekit\/aktive-opplevelser\/fotturer-og-loeping\/#breadcrumb","itemListElement":[{"@type":"ListItem","position":1,"name":"Home","item":"https:\/\/www.related.dk\/active-tenerife-tradekit\/"},{"@type":"ListItem","position":2,"name":"Aktive opplevelser","item":"https:\/\/www.related.dk\/active-tenerife-tradekit\/aktive-opplevelser\/"},{"@type":"ListItem","position":3,"name":"Fotturer og l\u00f8ping"}]},{"@type":"WebSite","@id":"https:\/\/www.related.dk\/active-tenerife-tradekit\/#website","url":"https:\/\/www.related.dk\/active-tenerife-tradekit\/","name":"Active Tenerife - Tradekit","description":"","potentialAction":[{"@type":"SearchAction","target":{"@type":"EntryPoint","urlTemplate":"https:\/\/www.related.dk\/active-tenerife-tradekit\/?s={search_term_string}"},"query-input":"required name=search_term_string"}],"inLanguage":"da-DK"}]}},"_links":{"self":[{"href":"https:\/\/www.related.dk\/active-tenerife-tradekit\/wp-json\/wp\/v2\/pages\/1024"}],"collection":[{"href":"https:\/\/www.related.dk\/active-tenerife-tradekit\/wp-json\/wp\/v2\/pages"}],"about":[{"href":"https:\/\/www.related.dk\/active-tenerife-tradekit\/wp-json\/wp\/v2\/types\/page"}],"author":[{"embeddable":true,"href":"https:\/\/www.related.dk\/active-tenerife-tradekit\/wp-json\/wp\/v2\/users\/2"}],"replies":[{"embeddable":true,"href":"https:\/\/www.related.dk\/active-tenerife-tradekit\/wp-json\/wp\/v2\/comments?post=1024"}],"version-history":[{"count":3,"href":"https:\/\/www.related.dk\/active-tenerife-tradekit\/wp-json\/wp\/v2\/pages\/1024\/revisions"}],"predecessor-version":[{"id":1076,"href":"https:\/\/www.related.dk\/active-tenerife-tradekit\/wp-json\/wp\/v2\/pages\/1024\/revisions\/1076"}],"up":[{"embeddable":true,"href":"https:\/\/www.related.dk\/active-tenerife-tradekit\/wp-json\/wp\/v2\/pages\/1018"}],"wp:attachment":[{"href":"https:\/\/www.related.dk\/active-tenerife-tradekit\/wp-json\/wp\/v2\/media?parent=1024"}],"curies":[{"name":"wp","href":"https:\/\/api.w.org\/{rel}","templated":true}]}}