{"id":1021,"date":"2020-02-12T12:24:22","date_gmt":"2020-02-12T12:24:22","guid":{"rendered":"http:\/\/www.related.dk\/active-tenerife-tradekit\/?page_id=1021"},"modified":"2020-02-12T13:04:05","modified_gmt":"2020-02-12T13:04:05","slug":"sykling-og-terrengsykling","status":"publish","type":"page","link":"https:\/\/www.related.dk\/active-tenerife-tradekit\/aktive-opplevelser\/sykling-og-terrengsykling\/","title":{"rendered":"Sykling og terrengsykling"},"content":{"rendered":"<div class=\"vce-row-container\"><div class=\"vce-row vce-row--col-gap-30 vce-row-columns--top vce-row-content--top\" id=\"el-1df6a22f\" data-vce-do-apply=\"all el-1df6a22f\"><div class=\"vce-row-content\" data-vce-element-content=\"true\"><div class=\"vce-col\" id=\"el-0c0ec08e\"><div class=\"vce-col-inner\" data-vce-do-apply=\"border margin background  el-0c0ec08e\"><div class=\"vce-col-content\" data-vce-element-content=\"true\" data-vce-do-apply=\"padding el-0c0ec08e\"><section class=\"vce-hero-section-container vce-hero-section-media--xs vce-hero-section-media--sm vce-hero-section-media--md vce-hero-section-media--lg\"><div class=\"vce vce-hero-section vce-hero-section--alignment-start\" id=\"el-9aa03fc1\" data-vce-do-apply=\"margin background border  el-9aa03fc1\"><div class=\"vce-hero-section--wrap-row vce-hero-section--background-position-center-center\" style=\"background-image: url('https:\/\/www.related.dk\/active-tenerife-tradekit\/wp-content\/uploads\/2020\/02\/Active-Experiences-Cycling-1-1.jpg');\"><div class=\"vce-hero-section--wrap\"><div class=\"vce-hero-section--content\" data-vce-do-apply=\"padding el-9aa03fc1\"><div class=\"vce-hero-section--content-container\"><h1><strong>SYKLING OG TERRENGSYKLING<\/strong><\/h1><\/div><\/div><\/div><\/div><\/div><\/section><\/div><\/div><\/div><\/div><\/div><\/div><div class=\"vce-row-container\"><div class=\"vce-row vce-row--col-gap-30 vce-row-columns--top vce-row-content--top\" id=\"el-5322ad8a\" data-vce-do-apply=\"all el-5322ad8a\"><div class=\"vce-row-content\" data-vce-element-content=\"true\"><div class=\"vce-col\" id=\"el-1a8f4d3f\"><div class=\"vce-col-inner\" data-vce-do-apply=\"border margin background  el-1a8f4d3f\"><div class=\"vce-col-content\" data-vce-element-content=\"true\" data-vce-do-apply=\"padding el-1a8f4d3f\"><div class=\"vce-text-block\"><div class=\"vce-text-block-wrapper vce\" id=\"el-79a96b51\" data-vce-do-apply=\"all el-79a96b51\"><h2>Sykling<\/h2><p>Takket v\u00e6re fantastiske temperaturer \u00e5ret rundt og et mangfold av ulike ruter er Tenerife et glimrende treningssted for profesjonelle syklister, og mange tar \u00e5rlig turen innom for \u00e5 lade opp til konkurranser som Tour de France, verdensmesterskapet og OL. Tenerife byr p\u00e5 et stort nettverk av godt vedlikeholdte veier som er velegnet for sykling, siden mange befinner seg i omr\u00e5der med lite trafikk. Det er mulig \u00e5 sykle i forskjellige h\u00f8yder, med ruter som starter p\u00e5 niv\u00e5 med havet og fortsetter til 2000 meters h\u00f8yde. Noen av rutene g\u00e5r p\u00e5 veier ved foten av Teide. Enten du er nybegynner eller proff, s\u00e5 har du mange ruter \u00e5 velge mellom, og tjenestene som tilbys, kan skreddersys etter dine behov. Og du er aldri langt fra forsyninger om du skulle trenge noe.<\/p><p><strong>Hvor?<\/strong><br>Syklister har mange rutealternativer \u00e5 velge mellom, for eksempel \u00abrute 1\u00bb, som er 54 kilometer lang og tar omtrent tre timer \u00e5 sykle. Ruten starter ved havet og fortsetter opp til 1107 meter. Ruten tar syklistene fra Garachico, gjennom Erjos, Santiago del Teide, Masca, Buenavista og tilbake til Garachico med h\u00f8y vanskelighetsgrad. Rute 6 er en sirkul\u00e6r rute som starter og slutter i turistomr\u00e5det Costa Adeje. Dette er en lett rute som ansl\u00e5s \u00e5 ta tre timer og ti minutter. Den omfattende ruten g\u00e5r langs s\u00f8rsiden av \u00f8ya og har b\u00e5de strekninger langt kysten og inne i landet. Dette betyr at du f\u00e5r se forskjellige typer omgivelser i l\u00f8pet av de 70 kilometerne. M\u00e5let med rute 4 er \u00e5 krysse hele Tenerife, fra det ene hj\u00f8rnet til det andre. Ruten f\u00f8lger nordkysten, langs generelt flatt terreng med relativt liten kumulativ stigning. Det er en tilgjengelig rute gjennom variert landskap med en total distanse p\u00e5 75 kilometer og en estimert tid p\u00e5 tre timer og 25 minutter.<\/p><p><a href=\"https:\/\/www.webtenerife.co.uk\/what-to-do\/sports\/land\/cycling\/?tab=1\" target=\"_blank\" rel=\"noopener noreferrer\">Les mer om steder \u00e5 bes\u00f8ke og hvilke foretak som kan hjelpe til<\/a><\/p><p><strong>N\u00e5r?<\/strong><br>\u00c5ret rundt.<\/p><h2>Terrengsykling<\/h2><p>Hvis du liker \u00e5 sykle p\u00e5 terrengsykkel, har du over 200 kilometer med skogsveier \u00e5 gled deg over. De fleste av veiene leder syklistene over de h\u00f8ye omr\u00e5dene p\u00e5 \u00f8ya, spesielt Corona Forestal. Nettverket forbinder det meste av den nordlige delen med Tacoronte-omr\u00e5det og den s\u00f8rlige delen av \u00f8ya, noe som betyr at du kan starte og avslutte p\u00e5 et sted med alle n\u00f8dvendige fasiliteter, ofte med offentlig transport og parkering. Nettverket best\u00e5r av fire hovedruter som dekker hele \u00f8ya, og disse kan du kombinere som du \u00f8nsker. Det er mulig \u00e5 lage sin egen personlige rute, med ulik lengde og vanskelighetsniv\u00e5 utfra hva slags landskap man ser etter.<\/p><p><strong>Hvor?<\/strong><br>For dere som foretrekker terrengsykkel, finnes det mange rutevarianter \u00e5 velge mellom. Den lengste ruten p\u00e5 \u00f8ya er BC-1, som har til sammen 84 kilometer med hovedrute og 53 kilometer med avstikkere og varianter \u2013 13 totalt. Ruten g\u00e5r langs nordsiden og er tilknyttet den viktigste infrastrukturen for offentlig bruk i skogsomr\u00e5dene. Ruten passerer 15 byer p\u00e5 den nordlige og vestlige delen av \u00f8ya, og seks av de viktigste beskyttede naturomr\u00e5dene. Ruten starter i Las Ra\u00edces i Las Lagunetas og ender i Arenas Negras-omr\u00e5det, nordvest p\u00e5 \u00f8ya. Ruten BC-5 dekker det meste av Vilaflor, en av de h\u00f8yest beliggende byene i Spania, og er innom La Corona Forestal Nature Preserve, som er en av de viktigste furuskogene. For de som \u00f8nsker seg en kortere rute, er BC-2 et alternativ. Den er 6,5 kilometer lang, og alle strekningene er innenfor det beskyttede omr\u00e5det Las Lagunetas og forbundet med Las Ra\u00edces.<\/p><p><a href=\"https:\/\/www.webtenerife.co.uk\/what-to-do\/sports\/land\/mountain-biking\/?tab=1\" target=\"_blank\" rel=\"noopener noreferrer\">Les mer om steder \u00e5 bes\u00f8ke og hvilke foretak som kan hjelpe til<\/a><\/p><p><strong>N\u00e5r?<\/strong><br>\u00c5ret rundt.<\/p><\/div><\/div><\/div><\/div><\/div><\/div><\/div><\/div><div class=\"vce-row-container\"><div class=\"vce-row vce-row--col-gap-30 vce-row-columns--top vce-row-content--top\" id=\"el-bab90a0e\" data-vce-do-apply=\"all el-bab90a0e\"><div class=\"vce-row-content\" data-vce-element-content=\"true\"><div class=\"vce-col vce-col--md-auto vce-col--xs-1 vce-col--xs-last vce-col--xs-first vce-col--sm-last vce-col--sm-first vce-col--md-first vce-col--lg-first vce-col--xl-first\" id=\"el-25a28469\"><div class=\"vce-col-inner\" data-vce-do-apply=\"border margin background  el-25a28469\"><div class=\"vce-col-content\" data-vce-element-content=\"true\" data-vce-do-apply=\"padding el-25a28469\"><div class=\"vce-single-image-container vce-single-image--align-left\"><div class=\"vce vce-single-image-wrapper\" id=\"el-674b5b9a\" data-vce-do-apply=\"all el-674b5b9a\"><figure><div class=\"vce-single-image-inner vce-single-image--absolute\" style=\"padding-bottom: 58.3333%; width: 600px;\"><img class=\"vce-single-image\" width=\"600\" height=\"350\"src=\"https:\/\/www.related.dk\/active-tenerife-tradekit\/wp-content\/uploads\/2020\/02\/Active-experiences-cycling-1-2-600x350.jpg\" srcset=\"https:\/\/www.related.dk\/active-tenerife-tradekit\/wp-content\/uploads\/2020\/02\/Active-experiences-cycling-1-2-320x187.jpg 320w,https:\/\/www.related.dk\/active-tenerife-tradekit\/wp-content\/uploads\/2020\/02\/Active-experiences-cycling-1-2-480x280.jpg 480w,https:\/\/www.related.dk\/active-tenerife-tradekit\/wp-content\/uploads\/2020\/02\/Active-experiences-cycling-1-2-600x350.jpg 600w\" data-img-src=\"https:\/\/www.related.dk\/active-tenerife-tradekit\/wp-content\/uploads\/2020\/02\/Active-experiences-cycling-1-2.jpg\" alt=\"\" title=\"Active experiences - cycling - 1 (2)\"\/><\/div><\/figure><\/div><\/div><\/div><\/div><\/div><div class=\"vce-col vce-col--md-auto vce-col--xs-1 vce-col--xs-last vce-col--xs-first vce-col--sm-last vce-col--sm-first vce-col--md-last vce-col--lg-last vce-col--xl-last\" id=\"el-d7f726db\"><div class=\"vce-col-inner\" data-vce-do-apply=\"border margin background  el-d7f726db\"><div class=\"vce-col-content\" data-vce-element-content=\"true\" data-vce-do-apply=\"padding el-d7f726db\"><div class=\"vce-single-image-container vce-single-image--align-left\"><div class=\"vce vce-single-image-wrapper\" id=\"el-18559534\" data-vce-do-apply=\"all el-18559534\"><figure><div class=\"vce-single-image-inner vce-single-image--absolute\" style=\"padding-bottom: 58.3333%; width: 600px;\"><img class=\"vce-single-image\" width=\"600\" height=\"350\"src=\"https:\/\/www.related.dk\/active-tenerife-tradekit\/wp-content\/uploads\/2020\/02\/Active-experiences-Cycling-1-vs2-600x350.jpg\" srcset=\"https:\/\/www.related.dk\/active-tenerife-tradekit\/wp-content\/uploads\/2020\/02\/Active-experiences-Cycling-1-vs2-320x187.jpg 320w,https:\/\/www.related.dk\/active-tenerife-tradekit\/wp-content\/uploads\/2020\/02\/Active-experiences-Cycling-1-vs2-480x280.jpg 480w,https:\/\/www.related.dk\/active-tenerife-tradekit\/wp-content\/uploads\/2020\/02\/Active-experiences-Cycling-1-vs2-600x350.jpg 600w\" data-img-src=\"https:\/\/www.related.dk\/active-tenerife-tradekit\/wp-content\/uploads\/2020\/02\/Active-experiences-Cycling-1-vs2.jpg\" alt=\"\" title=\"Active experiences - Cycling - 1 vs2\"\/><\/div><\/figure><\/div><\/div><\/div><\/div><\/div><\/div><\/div><\/div>\n","protected":false},"excerpt":{"rendered":"<p>SYKLING OG TERRENGSYKLINGSyklingTakket v\u00e6re fantastiske temperaturer \u00e5ret rundt og et mangfold av ulike ruter er Tenerife et glimrende treningssted for profesjonelle syklister, og mange tar \u00e5rlig turen innom for \u00e5 lade opp til konkurranser som Tour de France, verdensmesterskapet og OL. Tenerife byr p\u00e5 et stort nettverk av godt vedlikeholdte veier som er velegnet for &hellip; <\/p>\n<p class=\"link-more\"><a href=\"https:\/\/www.related.dk\/active-tenerife-tradekit\/aktive-opplevelser\/sykling-og-terrengsykling\/\" class=\"more-link\">L\u00e6s videre<span class=\"screen-reader-text\"> &#8220;Sykling og terrengsykling&#8221;<\/span><\/a><\/p>\n","protected":false},"author":2,"featured_media":0,"parent":1018,"menu_order":0,"comment_status":"closed","ping_status":"closed","template":"","meta":[],"yoast_head":"<!-- This site is optimized with the Yoast SEO plugin v20.7 - https:\/\/yoast.com\/wordpress\/plugins\/seo\/ -->\n<title>Sykling og terrengsykling - Active Tenerife - Tradekit<\/title>\n<meta name=\"robots\" content=\"index, follow, max-snippet:-1, max-image-preview:large, max-video-preview:-1\" \/>\n<link rel=\"canonical\" href=\"https:\/\/www.related.dk\/active-tenerife-tradekit\/aktive-opplevelser\/sykling-og-terrengsykling\/\" \/>\n<meta property=\"og:locale\" content=\"da_DK\" \/>\n<meta property=\"og:type\" content=\"article\" \/>\n<meta property=\"og:title\" content=\"Sykling og terrengsykling - Active Tenerife - Tradekit\" \/>\n<meta property=\"og:description\" content=\"SYKLING OG TERRENGSYKLINGSyklingTakket v\u00e6re fantastiske temperaturer \u00e5ret rundt og et mangfold av ulike ruter er Tenerife et glimrende treningssted for profesjonelle syklister, og mange tar \u00e5rlig turen innom for \u00e5 lade opp til konkurranser som Tour de France, verdensmesterskapet og OL. Tenerife byr p\u00e5 et stort nettverk av godt vedlikeholdte veier som er velegnet for &hellip; L\u00e6s videre &quot;Sykling og terrengsykling&quot;\" \/>\n<meta property=\"og:url\" content=\"https:\/\/www.related.dk\/active-tenerife-tradekit\/aktive-opplevelser\/sykling-og-terrengsykling\/\" \/>\n<meta property=\"og:site_name\" content=\"Active Tenerife - Tradekit\" \/>\n<meta property=\"article:modified_time\" content=\"2020-02-12T13:04:05+00:00\" \/>\n<meta name=\"twitter:card\" content=\"summary_large_image\" \/>\n<meta name=\"twitter:label1\" content=\"Estimeret l\u00e6setid\" \/>\n\t<meta name=\"twitter:data1\" content=\"3 minutter\" \/>\n<script type=\"application\/ld+json\" class=\"yoast-schema-graph\">{\"@context\":\"https:\/\/schema.org\",\"@graph\":[{\"@type\":\"WebPage\",\"@id\":\"https:\/\/www.related.dk\/active-tenerife-tradekit\/aktive-opplevelser\/sykling-og-terrengsykling\/\",\"url\":\"https:\/\/www.related.dk\/active-tenerife-tradekit\/aktive-opplevelser\/sykling-og-terrengsykling\/\",\"name\":\"Sykling og terrengsykling - Active Tenerife - Tradekit\",\"isPartOf\":{\"@id\":\"https:\/\/www.related.dk\/active-tenerife-tradekit\/#website\"},\"datePublished\":\"2020-02-12T12:24:22+00:00\",\"dateModified\":\"2020-02-12T13:04:05+00:00\",\"breadcrumb\":{\"@id\":\"https:\/\/www.related.dk\/active-tenerife-tradekit\/aktive-opplevelser\/sykling-og-terrengsykling\/#breadcrumb\"},\"inLanguage\":\"da-DK\",\"potentialAction\":[{\"@type\":\"ReadAction\",\"target\":[\"https:\/\/www.related.dk\/active-tenerife-tradekit\/aktive-opplevelser\/sykling-og-terrengsykling\/\"]}]},{\"@type\":\"BreadcrumbList\",\"@id\":\"https:\/\/www.related.dk\/active-tenerife-tradekit\/aktive-opplevelser\/sykling-og-terrengsykling\/#breadcrumb\",\"itemListElement\":[{\"@type\":\"ListItem\",\"position\":1,\"name\":\"Home\",\"item\":\"https:\/\/www.related.dk\/active-tenerife-tradekit\/\"},{\"@type\":\"ListItem\",\"position\":2,\"name\":\"Aktive opplevelser\",\"item\":\"https:\/\/www.related.dk\/active-tenerife-tradekit\/aktive-opplevelser\/\"},{\"@type\":\"ListItem\",\"position\":3,\"name\":\"Sykling og terrengsykling\"}]},{\"@type\":\"WebSite\",\"@id\":\"https:\/\/www.related.dk\/active-tenerife-tradekit\/#website\",\"url\":\"https:\/\/www.related.dk\/active-tenerife-tradekit\/\",\"name\":\"Active Tenerife - Tradekit\",\"description\":\"\",\"potentialAction\":[{\"@type\":\"SearchAction\",\"target\":{\"@type\":\"EntryPoint\",\"urlTemplate\":\"https:\/\/www.related.dk\/active-tenerife-tradekit\/?s={search_term_string}\"},\"query-input\":\"required name=search_term_string\"}],\"inLanguage\":\"da-DK\"}]}<\/script>\n<!-- \/ Yoast SEO plugin. -->","yoast_head_json":{"title":"Sykling og terrengsykling - Active Tenerife - Tradekit","robots":{"index":"index","follow":"follow","max-snippet":"max-snippet:-1","max-image-preview":"max-image-preview:large","max-video-preview":"max-video-preview:-1"},"canonical":"https:\/\/www.related.dk\/active-tenerife-tradekit\/aktive-opplevelser\/sykling-og-terrengsykling\/","og_locale":"da_DK","og_type":"article","og_title":"Sykling og terrengsykling - Active Tenerife - Tradekit","og_description":"SYKLING OG TERRENGSYKLINGSyklingTakket v\u00e6re fantastiske temperaturer \u00e5ret rundt og et mangfold av ulike ruter er Tenerife et glimrende treningssted for profesjonelle syklister, og mange tar \u00e5rlig turen innom for \u00e5 lade opp til konkurranser som Tour de France, verdensmesterskapet og OL. Tenerife byr p\u00e5 et stort nettverk av godt vedlikeholdte veier som er velegnet for &hellip; L\u00e6s videre \"Sykling og terrengsykling\"","og_url":"https:\/\/www.related.dk\/active-tenerife-tradekit\/aktive-opplevelser\/sykling-og-terrengsykling\/","og_site_name":"Active Tenerife - Tradekit","article_modified_time":"2020-02-12T13:04:05+00:00","twitter_card":"summary_large_image","twitter_misc":{"Estimeret l\u00e6setid":"3 minutter"},"schema":{"@context":"https:\/\/schema.org","@graph":[{"@type":"WebPage","@id":"https:\/\/www.related.dk\/active-tenerife-tradekit\/aktive-opplevelser\/sykling-og-terrengsykling\/","url":"https:\/\/www.related.dk\/active-tenerife-tradekit\/aktive-opplevelser\/sykling-og-terrengsykling\/","name":"Sykling og terrengsykling - Active Tenerife - Tradekit","isPartOf":{"@id":"https:\/\/www.related.dk\/active-tenerife-tradekit\/#website"},"datePublished":"2020-02-12T12:24:22+00:00","dateModified":"2020-02-12T13:04:05+00:00","breadcrumb":{"@id":"https:\/\/www.related.dk\/active-tenerife-tradekit\/aktive-opplevelser\/sykling-og-terrengsykling\/#breadcrumb"},"inLanguage":"da-DK","potentialAction":[{"@type":"ReadAction","target":["https:\/\/www.related.dk\/active-tenerife-tradekit\/aktive-opplevelser\/sykling-og-terrengsykling\/"]}]},{"@type":"BreadcrumbList","@id":"https:\/\/www.related.dk\/active-tenerife-tradekit\/aktive-opplevelser\/sykling-og-terrengsykling\/#breadcrumb","itemListElement":[{"@type":"ListItem","position":1,"name":"Home","item":"https:\/\/www.related.dk\/active-tenerife-tradekit\/"},{"@type":"ListItem","position":2,"name":"Aktive opplevelser","item":"https:\/\/www.related.dk\/active-tenerife-tradekit\/aktive-opplevelser\/"},{"@type":"ListItem","position":3,"name":"Sykling og terrengsykling"}]},{"@type":"WebSite","@id":"https:\/\/www.related.dk\/active-tenerife-tradekit\/#website","url":"https:\/\/www.related.dk\/active-tenerife-tradekit\/","name":"Active Tenerife - Tradekit","description":"","potentialAction":[{"@type":"SearchAction","target":{"@type":"EntryPoint","urlTemplate":"https:\/\/www.related.dk\/active-tenerife-tradekit\/?s={search_term_string}"},"query-input":"required name=search_term_string"}],"inLanguage":"da-DK"}]}},"_links":{"self":[{"href":"https:\/\/www.related.dk\/active-tenerife-tradekit\/wp-json\/wp\/v2\/pages\/1021"}],"collection":[{"href":"https:\/\/www.related.dk\/active-tenerife-tradekit\/wp-json\/wp\/v2\/pages"}],"about":[{"href":"https:\/\/www.related.dk\/active-tenerife-tradekit\/wp-json\/wp\/v2\/types\/page"}],"author":[{"embeddable":true,"href":"https:\/\/www.related.dk\/active-tenerife-tradekit\/wp-json\/wp\/v2\/users\/2"}],"replies":[{"embeddable":true,"href":"https:\/\/www.related.dk\/active-tenerife-tradekit\/wp-json\/wp\/v2\/comments?post=1021"}],"version-history":[{"count":3,"href":"https:\/\/www.related.dk\/active-tenerife-tradekit\/wp-json\/wp\/v2\/pages\/1021\/revisions"}],"predecessor-version":[{"id":1081,"href":"https:\/\/www.related.dk\/active-tenerife-tradekit\/wp-json\/wp\/v2\/pages\/1021\/revisions\/1081"}],"up":[{"embeddable":true,"href":"https:\/\/www.related.dk\/active-tenerife-tradekit\/wp-json\/wp\/v2\/pages\/1018"}],"wp:attachment":[{"href":"https:\/\/www.related.dk\/active-tenerife-tradekit\/wp-json\/wp\/v2\/media?parent=1021"}],"curies":[{"name":"wp","href":"https:\/\/api.w.org\/{rel}","templated":true}]}}